{"id":615,"date":"2017-06-02T09:45:35","date_gmt":"2017-06-02T07:45:35","guid":{"rendered":"http:\/\/posta-logistics.com\/es\/?page_id=615"},"modified":"2018-11-13T12:06:31","modified_gmt":"2018-11-13T12:06:31","slug":"legal","status":"publish","type":"page","link":"https:\/\/posta-logistics.com\/en\/legal\/","title":{"rendered":"Legal"},"content":{"rendered":"<div class=\"entry\">\n<p><strong>AVISO LEGAL<\/strong><\/p>\n<p>Este apartado incluye informaci\u00f3n relativa a las condiciones generales de acceso y uso del sitio web www.posta-logistics.com, que deben ser conocidas por el usuario, a los efectos previstos en la Ley Espa\u00f1ola 34\/2002, de 11 de julio, de Servicios de la Sociedad de la Informaci\u00f3n y de Comercio Electr\u00f3nico.<\/p>\n<p><strong>1\u00ba.- Datos del titular del sitio web www.posta-logistics.com<\/strong><\/p>\n<p>Titular: POSTA LOGISTICS, S.L.<br \/>\nCIF: B66972266<br \/>\nDomicilio: c.Jaume I,10, local 6, \u00a008206, Sabadell, Espa\u00f1a<br \/>\nE-mail: info@posta-logistics.com<br \/>\nTel\u00e9fono: +34\u00a0934 079 735<\/p>\n<p><strong>2\u00ba.- Propiedad intelectual e industrial<\/strong><\/p>\n<p>Todos los contenidos del sitio web (incluidos, sin car\u00e1cter limitativo, bases de datos, im\u00e1genes, dibujos, gr\u00e1ficos, archivos de texto, mapas, marcos, banners, software y sus distintos c\u00f3digos fuente, audio y v\u00eddeo), as\u00ed como el mismo sitio web como presentaci\u00f3n visual, son propiedad de POSTA LOGISTICS, S.L, quedando prohibida la reproducci\u00f3n, modificaci\u00f3n, distribuci\u00f3n o manipulaci\u00f3n de dichos contenidos.<\/p>\n<p><strong>3\u00ba.- Uso de cookies<\/strong><\/p>\n<p>El sitio web www.posta-logistics.com \u00fanicamente utiliza cookies para facilitar la navegaci\u00f3n del usuario. Exactamente se utilizan Cookies de Sesi\u00f3n. Se utilizan s\u00f3lo durante la navegaci\u00f3n del visitante en la p\u00e1gina web para la prestaci\u00f3n del servicio durante ese tiempo.<br \/>\nEstas cookies no necesitan el consentimiento del usuario.<\/p>\n<p><strong>4\u00ba.- Enlaces a terceros<\/strong><\/p>\n<p>En el sitio web no se han incluido enlaces a otras p\u00e1ginas web de entidades ajenas a POSTA LOGISTICS, S.L.<\/p>\n<p><strong>5\u00ba.- Enlaces a www.posta-logistics.com<\/strong><\/p>\n<p>Queda terminantemente prohibido que el usuario lleve a cabo alteraciones en este sitio web que puedan afectar a su contenido, como v\u00ednculos (o enlaces) y similares.<\/p>\n<p>Tambi\u00e9n se proh\u00edben los enlaces a este sitio web desde p\u00e1ginas web, u otros medios, contrarios a la ley, a la moral, al orden p\u00fablico o que atenten contra el buen nombre o la imagen de POSTA LOGISTICS, S.L. o de cualquiera de sus signos distintivos.<\/p>\n<p>Los enlaces a alguna de las p\u00e1ginas de este sitio web que no contravengan las prohibiciones mencionadas deber\u00e1n cumplir lo siguiente:<\/p>\n<p>El usuario deber\u00e1 saber que est\u00e1 accediendo a este sitio web y, adem\u00e1s, en su navegador deber\u00e1 aparecer la URL correspondiente a la p\u00e1gina con la que enlaza.<\/p>\n<p><strong>6\u00ba.- Legislaci\u00f3n y jurisdicci\u00f3n<\/strong><\/p>\n<p>Las condiciones generales de este aviso legal y de cualquier otro texto con car\u00e1cter contractual de este sitio web se regula por lo que dispone la legislaci\u00f3n espa\u00f1ola.<\/p>\n<p>Cualquier controversia que se derive del acceso y el uso de este sitio web y sus contenidos y servicios, as\u00ed como de la interpretaci\u00f3n y el cumplimiento de las presentes condiciones generales y de cualquier otro texto con car\u00e1cter contractual de este sitio web, las partes, con renuncia expresa a cualquier otro fuero que les pudiera corresponder, se someten expresamente a los juzgados y los tribunales de la ciudad de Barcelona (Espa\u00f1a).<\/p>\n<p style=\"padding: 30px 0 0 0;\">\u00a9 2018 POSTA LOGISTICS, S.L.<\/p>\n<\/div>\n","protected":false},"excerpt":{"rendered":"<p>AVISO LEGAL Este apartado incluye informaci\u00f3n relativa a las condiciones generales de acceso y uso del sitio web www.posta-logistics.com, que deben ser conocidas por el usuario, a los efectos previstos en la Ley Espa\u00f1ola 34\/2002, de 11 de julio, de Servicios de la Sociedad de la Informaci\u00f3n y de Comercio Electr\u00f3nico. 1\u00ba.- Datos del titular &#8230;<\/p>\n","protected":false},"author":1,"featured_media":0,"parent":0,"menu_order":0,"comment_status":"closed","ping_status":"closed","template":"","meta":{"footnotes":""},"aioseo_notices":[],"_links":{"self":[{"href":"https:\/\/posta-logistics.com\/en\/wp-json\/wp\/v2\/pages\/615"}],"collection":[{"href":"https:\/\/posta-logistics.com\/en\/wp-json\/wp\/v2\/pages"}],"about":[{"href":"https:\/\/posta-logistics.com\/en\/wp-json\/wp\/v2\/types\/page"}],"author":[{"embeddable":true,"href":"https:\/\/posta-logistics.com\/en\/wp-json\/wp\/v2\/users\/1"}],"replies":[{"embeddable":true,"href":"https:\/\/posta-logistics.com\/en\/wp-json\/wp\/v2\/comments?post=615"}],"version-history":[{"count":2,"href":"https:\/\/posta-logistics.com\/en\/wp-json\/wp\/v2\/pages\/615\/revisions"}],"predecessor-version":[{"id":1369,"href":"https:\/\/posta-logistics.com\/en\/wp-json\/wp\/v2\/pages\/615\/revisions\/1369"}],"wp:attachment":[{"href":"https:\/\/posta-logistics.com\/en\/wp-json\/wp\/v2\/media?parent=615"}],"curies":[{"name":"wp","href":"https:\/\/api.w.org\/{rel}","templated":true}]}}