{"id":100,"date":"2017-04-04T16:40:28","date_gmt":"2017-04-04T14:40:28","guid":{"rendered":"http:\/\/posta-logistics.com\/wordpress\/?page_id=100"},"modified":"2017-08-14T18:08:50","modified_gmt":"2017-08-14T16:08:50","slug":"transportes-especiales-y-excepcionales","status":"publish","type":"page","link":"https:\/\/posta-logistics.com\/es\/transportes-especiales-y-excepcionales\/","title":{"rendered":"Transportes especiales y excepcionales"},"content":{"rendered":"<div class=\"entry\">\n<p><img loading=\"lazy\" decoding=\"async\" class=\"alignleft\" src=\"http:\/\/posta-logistics.com\/images\/icons\/cargaExtra.png\" alt=\"null\" width=\"169\" height=\"170\" \/>Transportes especiales y excepcionales.<\/p>\n<p>En nuestra trayectoria profesional llevamos bastantes viajes de transportes especiales.<\/p>\n<p>La mayor parte de transportes excepcionales efectuadas desde Espa\u00f1a y Portugal eran de exportaci\u00f3n a Rusia, Bielorrusia, Ucrania, Kazakhistan, Turqu\u00eda. Aunque contamos con viajes de transportes especiales de importaci\u00f3n tambi\u00e9n.<\/p>\n<p>Sabemos perfectamente normas y exigencias para el <strong>transporte especial<\/strong> de mercanc\u00edas por carretera de cada pa\u00eds europeo ademas de las normas de Rusia, Bielorrusia, Ucrania, Kazajist\u00e1n, Kirguist\u00e1n, Uzbekist\u00e1n, Turkmenist\u00e1n, Georgia, Armenia, Azerbaiy\u00e1n, Moldavia, Lituania, Letonia, Estonia, Escandinavia, Grecia, Turqu\u00eda, Ir\u00e1n.<\/p>\n<p>Podemos destacar transportes de silos, reactores, maquinaria de obra publica, veh\u00edculos militares, partes de construcciones, vigas, transformadores, prensas, moldes, ejes, elementos de ingenier\u00eda naval, e\u00f3lica, qu\u00edmica y petrol\u00edfera, embarcaciones, yates e incluso traslado de fabricas y lineas de producci\u00f3n.<\/p>\n<p>Entre la cantidad de empresas europeas que se dedican a Cargo Project Logistic nos destaca \u00a0que en Posta Logistics, S.L. ofrecemos no solo servicios de transportes excepcionales dentro de Europa sino por tierra llegamos hasta Asia y Oriente Pr\u00f3ximo.<\/p>\n<p>En combinaci\u00f3n con transporte mar\u00edtimo llegamos a cualquier punto del mundo para entregar cargas pesadas y\/o sobredimencionadas de nuestros clientes.<\/p>\n<p>Sea cual sea el peso y dimensiones de su carga Posta Logistics, S.L. le ofrecer\u00e1 la optima soluci\u00f3n de transporte. Dado que ofrecemos soluciones integrales: cargas, descargas, transportes, embalaje, sujeci\u00f3n y fijaci\u00f3n de cargas, transbordos.<\/p>\n<p>Hacer una consulta sobre transporte especial o pedir precio pueden desde nuestra pagina <a href=\"http:\/\/posta-logistics.com\/es\/contacto\">CONTACTO<\/a>.<\/p>\n<\/div>\n","protected":false},"excerpt":{"rendered":"<p>Transportes especiales y excepcionales. En nuestra trayectoria profesional llevamos bastantes viajes de transportes especiales. La mayor parte de transportes excepcionales efectuadas desde Espa\u00f1a y Portugal eran de exportaci\u00f3n a Rusia, Bielorrusia, Ucrania, Kazakhistan, Turqu\u00eda. Aunque contamos con viajes de transportes especiales de importaci\u00f3n tambi\u00e9n. Sabemos perfectamente normas y exigencias para el transporte especial de mercanc\u00edas &#8230;<\/p>\n","protected":false},"author":1,"featured_media":0,"parent":304,"menu_order":10,"comment_status":"closed","ping_status":"closed","template":"","meta":{"_monsterinsights_skip_tracking":false,"_monsterinsights_sitenote_active":false,"_monsterinsights_sitenote_note":"","_monsterinsights_sitenote_category":0,"footnotes":""},"class_list":["post-100","page","type-page","status-publish"],"aioseo_notices":[],"_links":{"self":[{"href":"https:\/\/posta-logistics.com\/es\/wp-json\/wp\/v2\/pages\/100","targetHints":{"allow":["GET"]}}],"collection":[{"href":"https:\/\/posta-logistics.com\/es\/wp-json\/wp\/v2\/pages"}],"about":[{"href":"https:\/\/posta-logistics.com\/es\/wp-json\/wp\/v2\/types\/page"}],"author":[{"embeddable":true,"href":"https:\/\/posta-logistics.com\/es\/wp-json\/wp\/v2\/users\/1"}],"replies":[{"embeddable":true,"href":"https:\/\/posta-logistics.com\/es\/wp-json\/wp\/v2\/comments?post=100"}],"version-history":[{"count":7,"href":"https:\/\/posta-logistics.com\/es\/wp-json\/wp\/v2\/pages\/100\/revisions"}],"predecessor-version":[{"id":807,"href":"https:\/\/posta-logistics.com\/es\/wp-json\/wp\/v2\/pages\/100\/revisions\/807"}],"up":[{"embeddable":true,"href":"https:\/\/posta-logistics.com\/es\/wp-json\/wp\/v2\/pages\/304"}],"wp:attachment":[{"href":"https:\/\/posta-logistics.com\/es\/wp-json\/wp\/v2\/media?parent=100"}],"curies":[{"name":"wp","href":"https:\/\/api.w.org\/{rel}","templated":true}]}}