{"id":102,"date":"2017-04-04T16:42:10","date_gmt":"2017-04-04T14:42:10","guid":{"rendered":"http:\/\/posta-logistics.com\/wordpress\/?page_id=102"},"modified":"2017-08-31T10:30:59","modified_gmt":"2017-08-31T08:30:59","slug":"logistica-de-ropa-calzado-y-accesorios","status":"publish","type":"page","link":"https:\/\/posta-logistics.com\/es\/logistica-de-ropa-calzado-y-accesorios","title":{"rendered":"Log\u00edstica de ropa, calzado y accesorios"},"content":{"rendered":"<div class=\"entry\">\n<p><img loading=\"lazy\" decoding=\"async\" class=\"alignleft\" src=\"http:\/\/posta-logistics.com\/images\/icons\/ropa.png\" alt=\"null\" width=\"124\" height=\"103\" \/>Log\u00edstica de ropa, calzado y accesorios.<\/p>\n<p>Transporte de ropa, calzado, bisuter\u00eda y accesorios para las tiendas tiene sus particularidades.<\/p>\n<p>Personal de Posta Logistics, S.L. cuenta con a\u00f1os de experiencia en transporte de este tipo de mercanc\u00edas desde Espa\u00f1a, Portugal, Francia, Italia y Alemania a Pa\u00edses del Este (Rusia, <a href=\"http:\/\/posta-logistics.com\/es\/transporte-terrestre-a-bielorrusia\">Bielorrusia<\/a>, Ucrania, Polonia, etc), Asia Central (Kazajist\u00e1n, Uzbekist\u00e1n, Turkmenist\u00e1n, Tayikist\u00e1n, Kirguist\u00e1n), C\u00e1ucaso (Armenia, Azerbaiy\u00e1n, Georgia), Turqu\u00eda e Iran.<\/p>\n<p>Organizaci\u00f3n de nuestro trabajo nos permite en tiempo de transito muy limitado <strong>consolidar mercanc\u00eda<\/strong> de cualquier punto de la Pen\u00ednsula Ib\u00e9rica en nuestro almac\u00e9n en El Prat de Llobregat.\u00a0Tenemos amplia experiencia en \u00a0despacho de ropa, calzado, accesorios para las tiendas y bisuter\u00eda. Dado que la mercanc\u00eda sale fuera de la Comunidad Europea y pasa las fronteras comprobamos con el destinatario toda la documentaci\u00f3n para evitar demoras en la frontera o la aduana del destino.<\/p>\n<p>Para exportadores ofrecemos servicio de <strong>despacho de importaci\u00f3n<\/strong> en <a href=\"http:\/\/posta-logistics.com\/es\/transporte-terrestre-a-rusia\">Rusia<\/a>, Bielorrusia y Kazakistan. Esta opci\u00f3n es interesante para los exportadores dado que libera sus clientes en pa\u00edses de destino de los tramites aduaneros.<\/p>\n<p>Con nuestras <strong>lineas regulares<\/strong> desde Barcelona podemos enviar tanto partidas peque\u00f1as de unas cajas de muestras como vol\u00famenes grandes en trenes de carretera a Rusia, Bielorrusia, <a href=\"http:\/\/posta-logistics.com\/es\/transporte-terrestre-a-ucrania\">Ucrania<\/a>, Polonia, Kazajist\u00e1n, Uzbekist\u00e1n, Turkmenist\u00e1n, Tayikist\u00e1n, Kirguist\u00e1n, Armenia, Azerbaiy\u00e1n, Georgia, Turqu\u00eda.<\/p>\n<p>Consultar precio de un env\u00edo o solicitar informaci\u00f3n pueden desde la pagina <a href=\"http:\/\/posta-logistics.com\/es\/contacto\">CONTACTO<\/a> de nuestra web.<\/p>\n<\/div>\n","protected":false},"excerpt":{"rendered":"<p>Log\u00edstica de ropa, calzado y accesorios. Transporte de ropa, calzado, bisuter\u00eda y accesorios para las tiendas tiene sus particularidades. Personal de Posta Logistics, S.L. cuenta con a\u00f1os de experiencia en transporte de este tipo de mercanc\u00edas desde Espa\u00f1a, Portugal, Francia, Italia y Alemania a Pa\u00edses del Este (Rusia, Bielorrusia, Ucrania, Polonia, etc), Asia Central (Kazajist\u00e1n, &#8230;<\/p>\n","protected":false},"author":1,"featured_media":0,"parent":304,"menu_order":3,"comment_status":"closed","ping_status":"closed","template":"","meta":{"_monsterinsights_skip_tracking":false,"_monsterinsights_sitenote_active":false,"_monsterinsights_sitenote_note":"","_monsterinsights_sitenote_category":0,"footnotes":""},"class_list":["post-102","page","type-page","status-publish"],"aioseo_notices":[],"_links":{"self":[{"href":"https:\/\/posta-logistics.com\/es\/wp-json\/wp\/v2\/pages\/102","targetHints":{"allow":["GET"]}}],"collection":[{"href":"https:\/\/posta-logistics.com\/es\/wp-json\/wp\/v2\/pages"}],"about":[{"href":"https:\/\/posta-logistics.com\/es\/wp-json\/wp\/v2\/types\/page"}],"author":[{"embeddable":true,"href":"https:\/\/posta-logistics.com\/es\/wp-json\/wp\/v2\/users\/1"}],"replies":[{"embeddable":true,"href":"https:\/\/posta-logistics.com\/es\/wp-json\/wp\/v2\/comments?post=102"}],"version-history":[{"count":8,"href":"https:\/\/posta-logistics.com\/es\/wp-json\/wp\/v2\/pages\/102\/revisions"}],"predecessor-version":[{"id":805,"href":"https:\/\/posta-logistics.com\/es\/wp-json\/wp\/v2\/pages\/102\/revisions\/805"}],"up":[{"embeddable":true,"href":"https:\/\/posta-logistics.com\/es\/wp-json\/wp\/v2\/pages\/304"}],"wp:attachment":[{"href":"https:\/\/posta-logistics.com\/es\/wp-json\/wp\/v2\/media?parent=102"}],"curies":[{"name":"wp","href":"https:\/\/api.w.org\/{rel}","templated":true}]}}