{"id":104,"date":"2017-04-04T16:43:39","date_gmt":"2017-04-04T14:43:39","guid":{"rendered":"http:\/\/posta-logistics.com\/wordpress\/?page_id=104"},"modified":"2017-06-22T21:46:28","modified_gmt":"2017-06-22T19:46:28","slug":"almacenaje","status":"publish","type":"page","link":"https:\/\/posta-logistics.com\/es\/servicios\/almacenaje\/","title":{"rendered":"Almacenaje"},"content":{"rendered":"<div class=\"entry\">\n<p><img loading=\"lazy\" decoding=\"async\" class=\"wp-image-886 alignleft\" src=\"http:\/\/posta-logistics.com\/wordpress\/wp-content\/uploads\/2017\/04\/\u0421\u043d\u0438\u043c\u043e\u043a-\u044d\u043a\u0440\u0430\u043d\u0430-2017-05-25-\u0432-16.27.35-300x247.png\" alt=\"\" width=\"206\" height=\"170\" \/>Las principales instalaciones de almacenamiento de Posta Logistics est\u00e1n en Barcelona ZAL II.<br \/>\nZonas Log\u00edsticas ZAL y ZAL II &#8211; son territorios especiales enormes creados para dar cabida a los operadores de log\u00edstica y transporte. Est\u00e1n ubicados en las proximidades de los lugares clave, tales como el puerto mar\u00edtimo  y el aeropuerto de Barcelona, aduana de autom\u00f3viles, el punto de inspecci\u00f3n fronterizo de Barcelona (PIF), las principales autopistas y el centro de la ciudad.<br \/>\nHay muy buenas conexiones de transporte con nuestros complejos de almacenamiento.<br \/>\nProximidad de aduanas nos permite recibir a un oficial de aduanas muy r\u00e1pidamente en caso de necesidad de alg\u00fan control aduanero.<\/p>\n<p>Tenemos varios tipos de instalaciones de almacenamiento:<br \/>\n&#8211;\talmacenes para carga convencional<br \/>\n&#8211;\talmacenes para mercanc\u00edas peligrosas ADR<br \/>\n&#8211;\talmacenes para mercanc\u00edas que requieren control de temperatura<\/p>\n<p>Nuestros almacenes est\u00e1n completamente equipados para proporcionar todo tipo de servicios de almacenamiento:<br \/>\n&#8211;\tcarga\/descarga trasera de camiones est\u00e1ndar, contenedores, veh\u00edculos peque\u00f1os y de mediano tonelaje, minivans<br \/>\n&#8211;\tcarga\/descarga lateral, incluyendo carretillas elevadoras con capacidad de 5 toneladas<br \/>\n&#8211;\tcarga\/descarga por la parte superior, incluyendo las cargas sobredimensionadas con la ayuda de gr\u00faas de todas las capacidades<br \/>\n&#8211;\ttransbordo de carga de un cami\u00f3n a otro<br \/>\n&#8211;\toptimizaci\u00f3n de la ubicaci\u00f3n de la carga en el cami\u00f3n<br \/>\n&#8211;\tcarga y descarga de mercanc\u00edas con una carretilla elevadora, transpalet, incluyendo la carga de forma manual (cajas, rollos, placas, tubos, sacos, etc.)<br \/>\n&#8211;\tclasificaci\u00f3n de cargas<br \/>\n&#8211;\tpaletizaci\u00f3n<br \/>\n&#8211;\tenvoltorio con una pel\u00edcula protectora<br \/>\n&#8211;\tembalaje con materiales de aislamiento t\u00e9rmico<br \/>\n&#8211;\tetiquetaje<br \/>\n&#8211;\tinspecci\u00f3n y el control de los contenidos<br \/>\n&#8211;\talmacenamiento de las cargas<\/p>\n<p>Todos nuestros almacenes est\u00e1n equipados con modernos sistemas de seguridad, incluyendo contraincendios, sistemas de control autom\u00e1ticos y poseen todos los certificados y permisos necesarios.<\/p>\n<p>Adem\u00e1s proporcionamos todos estos servicios log\u00edsticos en Fr\u00e1ncfort del Meno en Alemania, Milano en Italia, en Varsovia en Polonia y Vilnius en Lituania en los almacenes de nuestros corresponsales.<\/p>\n<p>Para obtener m\u00e1s detalles sobre estos servicios puedes contactar con nosotros desde la p\u00e1gina de <a href=\"http:\/\/posta-logistics.com\/es\/contacto\/\">Contacto<\/a>.<\/p>\n<\/div>\n","protected":false},"excerpt":{"rendered":"<p>Las principales instalaciones de almacenamiento de Posta Logistics est\u00e1n en Barcelona ZAL II. Zonas Log\u00edsticas ZAL y ZAL II &#8211; son territorios especiales enormes creados para dar cabida a los operadores de log\u00edstica y transporte. Est\u00e1n ubicados en las proximidades de los lugares clave, tales como el puerto mar\u00edtimo y el aeropuerto de Barcelona, aduana &#8230;<\/p>\n","protected":false},"author":1,"featured_media":0,"parent":524,"menu_order":7,"comment_status":"closed","ping_status":"closed","template":"","meta":{"_monsterinsights_skip_tracking":false,"_monsterinsights_sitenote_active":false,"_monsterinsights_sitenote_note":"","_monsterinsights_sitenote_category":0,"footnotes":""},"class_list":["post-104","page","type-page","status-publish"],"aioseo_notices":[],"_links":{"self":[{"href":"https:\/\/posta-logistics.com\/es\/wp-json\/wp\/v2\/pages\/104","targetHints":{"allow":["GET"]}}],"collection":[{"href":"https:\/\/posta-logistics.com\/es\/wp-json\/wp\/v2\/pages"}],"about":[{"href":"https:\/\/posta-logistics.com\/es\/wp-json\/wp\/v2\/types\/page"}],"author":[{"embeddable":true,"href":"https:\/\/posta-logistics.com\/es\/wp-json\/wp\/v2\/users\/1"}],"replies":[{"embeddable":true,"href":"https:\/\/posta-logistics.com\/es\/wp-json\/wp\/v2\/comments?post=104"}],"version-history":[{"count":5,"href":"https:\/\/posta-logistics.com\/es\/wp-json\/wp\/v2\/pages\/104\/revisions"}],"predecessor-version":[{"id":698,"href":"https:\/\/posta-logistics.com\/es\/wp-json\/wp\/v2\/pages\/104\/revisions\/698"}],"up":[{"embeddable":true,"href":"https:\/\/posta-logistics.com\/es\/wp-json\/wp\/v2\/pages\/524"}],"wp:attachment":[{"href":"https:\/\/posta-logistics.com\/es\/wp-json\/wp\/v2\/media?parent=104"}],"curies":[{"name":"wp","href":"https:\/\/api.w.org\/{rel}","templated":true}]}}