{"id":1080,"date":"2017-09-05T12:35:53","date_gmt":"2017-09-05T10:35:53","guid":{"rendered":"http:\/\/posta-logistics.com\/es\/?page_id=1080"},"modified":"2020-04-23T14:19:27","modified_gmt":"2020-04-23T12:19:27","slug":"transporte-terrestre-a-eslovaquia","status":"publish","type":"page","link":"https:\/\/posta-logistics.com\/es\/transporte-terrestre-a-eslovaquia","title":{"rendered":"Transporte terrestre a Eslovaquia"},"content":{"rendered":"<div class=\"entry\">\n<p>En Posta Logistics, S.L. somos especialistas en el <strong>transporte terrestre a Eslovaquia<\/strong>.<\/p>\n<p>Eslovaquia o Rep\u00fablica Eslovaca es un pa\u00eds soberano miembro de la Uni\u00f3n Europea (desde el a\u00f1o 2004). Situado en Europa Central, limita al norte con Polonia, al este con <a href=\"http:\/\/posta-logistics.com\/es\/transporte-terrestre-a-ucrania\">Ucrania<\/a>, al sur con <a href=\"http:\/\/posta-logistics.com\/es\/transporte-terrestre-a-hungria\">Hungr\u00eda<\/a>, al oeste con <a href=\"http:\/\/posta-logistics.com\/es\/transporte-terrestre-a-austria\">Austria<\/a> y al noroeste con <a href=\"http:\/\/posta-logistics.com\/es\/transporte-terrestre-a-republica-checa\">Rep\u00fablica Checa<\/a>. Tiene una poblaci\u00f3n de 5 389 180 habitantes y su capital es Bratislava con 425 155 habitantes. Los Montes C\u00e1rpatos ocupan toda la zona septentrional del pa\u00eds. Conocemos perfectamente requis\u00edtos especificos y particularidades tanto de <strong>transporte terrestre a Eslovaquia<\/strong> como <strong>transporte desde Eslovaquia<\/strong>.<\/p>\n<p>En transporte <a href=\"http:\/\/posta-logistics.com\/es\/transporte-internacional\">internacional terrestre a Eslovaquia<\/a> ofrecemos:<br \/>\n&#8211; <a href=\"http:\/\/posta-logistics.com\/es\/transporte-terrestre-de-productos-farmaceuticos-a-eslovaquia\">transporte de productos farmac\u00e9uticos a Eslovaquia (BPD)<\/a>;<br \/>\n\u2013 <strong>transporte a Eslovaquia de cargas completas (FTL) en camiones lonas o camiones frigorificos con temperatura controlada<\/strong>;<br \/>\n\u2013 transporte a Eslovaquia de grupaje (LTL);<br \/>\n\u2013 transporte urgente a Eslovaquia (express delivery);<br \/>\n\u2013 <a href=\"http:\/\/posta-logistics.com\/es\/transporte-urgente-entregas-express-desde-espana-a-eslovaquia\">transporte urgente a Eslovaquia<\/a> (express delivery) con temperatura controlada;<br \/>\n\u2013 transporte a Eslovaquia de mercanc\u00eda peligrosa (ADR) tanto de cargas completas como grupajes;<br \/>\n\u2013 transportes especiales y excepcionales a Eslovaquia;<br \/>\n\u2013 transporte de convoy de camiones con destino a Eslovaquia (cuando la mercanc\u00eda cargada en varios camiones viaja con la misma documentaci\u00f3n \u2013 lineas de producci\u00f3n, traslado de fabricas, imprentas, etc);<br \/>\n\u2013 seguro de mercanc\u00edas destinadas para la exportaci\u00f3n a Eslovaquia.<\/p>\n<p>En <strong>transporte internacional terrestre a Eslovaquia<\/strong> ofrecemos tanto para cargas completas (FTL) como para grupajes (LTL) entregas en cualquier lugar de Eslovaquia incluyendo ciudades principales: Bratislava, Ko\u0161ice, Pre\u0161ov, \u017dilina, Nitra, Bansk\u00e1 Bystrica, Trnava, Tren\u010d\u00edn, Martin, Poprad, Prievidza, Zvolen, Pova\u017esk\u00e1 Bystrica, Nov\u00e9 Z\u00e1mky, Michalovce, Spi\u0161sk\u00e1 Nov\u00e1 Ves, Kom\u00e1rno, Levice, Humenn\u00e9, Bardejov, Liptovsk\u00fd Mikul\u00e1\u0161, Ru\u017eomberok, Pie\u0161\u0165any, Topo\u013e\u010dany, Lu\u010denec, \u010cadca, Dubnica nad V\u00e1hom, Rimavsk\u00e1 Sobota, Partiz\u00e1nske, \u0160a\u013ea, Dunajsk\u00e1 Streda, Trebi\u0161ov, Vranov nad Top\u013eou, Hlohovec, Brezno, Snina, Pezinok, Senica, Nov\u00e9 Mesto nad V\u00e1hom, B\u00e1novce nad Bebravou, Doln\u00fd Kub\u00edn, \u017diar nad Hronom, Ro\u017e\u0148ava, P\u00fachov, Malacky, Handlov\u00e1, Sere\u010f, Ke\u017emarok, Kysuck\u00e9 Nov\u00e9 Mesto, Star\u00e1 \u013dubov\u0148a, Galanta, Senec, Detva, Skalica, Levo\u010da, Ve\u013ek\u00fd Krt\u00ed\u0161, Zlat\u00e9 Moravce, Rev\u00faca, Myjava, \u0160amor\u00edn, Sabinov, Svidn\u00edk, Nov\u00e1 Dubnica, Byt\u010da, Hol\u00ed\u010d, \u0160t\u00farovo, Stropkov, Bansk\u00e1 \u0160tiavnica, Kol\u00e1rovo, \u0160urany, Fi\u013eakovo, Star\u00e1 Tur\u00e1, Moldava nad Bodvou, Ve\u013ek\u00e9 Kapu\u0161any, Vr\u00e1ble, Tvrdo\u0161\u00edn, Ve\u013ek\u00fd Meder, Krompachy, Modra, Stupava, N\u00e1mestovo, Hurbanovo, Hri\u0148ov\u00e1, Torna\u013ea, \u0160ahy, Kr\u00e1\u013eovsk\u00fd Chlmec, Se\u010dovce, Krupina, Liptovsk\u00fd Hr\u00e1dok, Turzovka, Trsten\u00e1, Svit, \u017deliezovce, Hn\u00fa\u0161\u0165a, Nov\u00e1 Ba\u0148a, Vr\u00fatky, Kr\u00e1sno nad Kysucou, Tur\u010dianske Teplice, Medzilaborce, \u017darnovica, Lipany, Vrbov\u00e9, Sobrance, Spi\u0161sk\u00e1 Bel\u00e1, Nem\u0161ov\u00e1, Gelnica, Rajec, Polt\u00e1r, Sl\u00e1dkovi\u010dovo, Kremnica, Brezov\u00e1 pod Bradlom, Ilava, Gbely, Dob\u0161in\u00e1, \u0160a\u0161t\u00edn-Str\u00e1\u017ee, Bojnice, Sv\u00e4t\u00fd Jur, Slia\u010d, Vysok\u00e9 Tatry, Str\u00e1\u017eske, Ve\u013ek\u00fd \u0160ari\u0161, Nov\u00e1ky, Tren\u010dianske Teplice, \u010cierna nad Tisou, Giraltovce, Tlma\u010de, Leopoldov, Tisovec, Spi\u0161sk\u00e9 Podhradie, Medzev, Hanu\u0161ovce nad Top\u013eou, Spi\u0161sk\u00e9 Vlachy, Podol\u00ednec, Jel\u0161ava, Rajeck\u00e9 Teplice, Spi\u0161sk\u00e1 Star\u00e1 Ves, Dudince, Modr\u00fd Kame\u0148.<\/p>\n<p>La ruta de transporte de cargas completas (FTL) desde Espa\u00f1a a Eslovaquia es: Espa\u00f1a- Francia- <a href=\"http:\/\/posta-logistics.com\/es\/transporte-terrestre-a-italia\">Italia<\/a>&#8211; Austria- Eslovaquia.<br \/>\nLa ruta de transporte de grupajes (LTL) y carga paletizada desde Espa\u00f1a a Eslovaquia es: Espa\u00f1a- Francia- Italia- <a href=\"http:\/\/posta-logistics.com\/es\/transporte-terrestre-a-austria\">Austria<\/a>&#8211; Eslovaquia.<\/p>\n<p>Nuestros servicios de transporte internacional terrestre desde Eslovaquia (importaci\u00f3n) son:<br \/>\n\u2013 transporte desde Eslovaquia de cargas completas (FTL) en camiones lonas o camiones frigorificos con temperatura controlada;<br \/>\n\u2013 para traer mercanc\u00eda desde Eslovaquia ofrecemos transporte desde Eslovaquia de grupaje (LTL);<br \/>\n\u2013 transporte urgente desde Eslovaquia (express delivery);<br \/>\n\u2013 transporte urgente desde Eslovaquia (express delivery) con temperatura controlada;<br \/>\n\u2013 <strong>transporte desde Eslovaquia de mercanc\u00eda peligrosa (ADR) tanto de cargas completas como grupajes<\/strong>;<br \/>\n\u2013 transportes especiales y excepcionales desde Eslovaquia;<br \/>\n\u2013 seguro de mercanc\u00edas importadas desde Eslovaquia.<\/p>\n<p>En Posta Logistics, S.L. le ofrecemos <a href=\"http:\/\/posta-logistics.com\/es\">salidas regulares con destino a Eslovaquia<\/a>.<\/p>\n<p>Para consultar d\u00edas de salida, tiempo de transito a Eslovaquia y precio de un env\u00edo no duden en <a href=\"http:\/\/posta-logistics.com\/es\/contacto\">contactar con nosotros<\/a>.<\/p>\n<\/div>\n","protected":false},"excerpt":{"rendered":"<p>En Posta Logistics, S.L. somos especialistas en el transporte terrestre a Eslovaquia. Eslovaquia o Rep\u00fablica Eslovaca es un pa\u00eds soberano miembro de la Uni\u00f3n Europea (desde el a\u00f1o 2004). Situado en Europa Central, limita al norte con Polonia, al este con Ucrania, al sur con Hungr\u00eda, al oeste con Austria y al noroeste con Rep\u00fablica &#8230;<\/p>\n","protected":false},"author":3,"featured_media":0,"parent":0,"menu_order":0,"comment_status":"closed","ping_status":"closed","template":"page-country.php","meta":{"_monsterinsights_skip_tracking":false,"_monsterinsights_sitenote_active":false,"_monsterinsights_sitenote_note":"","_monsterinsights_sitenote_category":0,"footnotes":""},"class_list":["post-1080","page","type-page","status-publish"],"aioseo_notices":[],"_links":{"self":[{"href":"https:\/\/posta-logistics.com\/es\/wp-json\/wp\/v2\/pages\/1080","targetHints":{"allow":["GET"]}}],"collection":[{"href":"https:\/\/posta-logistics.com\/es\/wp-json\/wp\/v2\/pages"}],"about":[{"href":"https:\/\/posta-logistics.com\/es\/wp-json\/wp\/v2\/types\/page"}],"author":[{"embeddable":true,"href":"https:\/\/posta-logistics.com\/es\/wp-json\/wp\/v2\/users\/3"}],"replies":[{"embeddable":true,"href":"https:\/\/posta-logistics.com\/es\/wp-json\/wp\/v2\/comments?post=1080"}],"version-history":[{"count":5,"href":"https:\/\/posta-logistics.com\/es\/wp-json\/wp\/v2\/pages\/1080\/revisions"}],"predecessor-version":[{"id":1608,"href":"https:\/\/posta-logistics.com\/es\/wp-json\/wp\/v2\/pages\/1080\/revisions\/1608"}],"wp:attachment":[{"href":"https:\/\/posta-logistics.com\/es\/wp-json\/wp\/v2\/media?parent=1080"}],"curies":[{"name":"wp","href":"https:\/\/api.w.org\/{rel}","templated":true}]}}