{"id":1114,"date":"2017-12-01T14:29:16","date_gmt":"2017-12-01T12:29:16","guid":{"rendered":"http:\/\/posta-logistics.com\/es\/?page_id=1114"},"modified":"2020-04-23T14:03:58","modified_gmt":"2020-04-23T12:03:58","slug":"transporte-a-malta","status":"publish","type":"page","link":"https:\/\/posta-logistics.com\/es\/transporte-a-malta","title":{"rendered":"Transporte a Malta"},"content":{"rendered":"<div class=\"entry\">\n<p>En Posta Logistics, S.L. somos especialistas en <strong>transporte a Malta<\/strong>.<\/p>\n<p>La Rep\u00fablica de Malta es un pa\u00eds insular miembro de la Uni\u00f3n Europea, densamente poblado, compuesto por un archipi\u00e9lago y situado en el centro del Mediterr\u00e1neo, al sur de <a href=\"http:\/\/posta-logistics.com\/es\/transporte-terrestre-a-italia\">Italia<\/a>, al oriente de T\u00fanez y al norte de Libia. Debido a su situaci\u00f3n estrat\u00e9gica, ha sido gobernado y disputado por diversas potencias en el transcurso de los siglos. Desde 1964 es independiente y en 2004 se adhiri\u00f3 a la Uni\u00f3n Europea. Conocemos perfectamente requis\u00edtos especificos y particularidades tanto de <strong>transporte terrestre a Malta<\/strong> como <strong>transporte desde Malta<\/strong>.<\/p>\n<p>En transporte internacional terrestre a Malta ofrecemos:<br \/>\n&#8211; <a href=\"http:\/\/posta-logistics.com\/es\/transporte-terrestre-de-productos-farmaceuticos-a-malta\">transporte de productos farmac\u00e9uticos a Malta (BPD)<\/a>;<br \/>\n\u2013 transporte a Malta de cargas completas (FTL) en camiones lonas o camiones frigorificos con temperatura controlada;<br \/>\n\u2013 transporte a Malta de grupaje (LTL);<br \/>\n\u2013 <strong>transporte urgente (express delivery) a Malta<\/strong>;<br \/>\n\u2013 <a href=\"http:\/\/posta-logistics.com\/es\/transporte-urgente-entregas-express-desde-espana-a-malta\">transporte urgente a Malta con temperatura controlada<\/a> (express delivery);<br \/>\n\u2013 transporte a Malta de mercanc\u00eda peligrosa (ADR) tanto de cargas completas como grupajes;<br \/>\n\u2013 transportes especiales y excepcionales a Malta;<br \/>\n\u2013 seguro de mercanc\u00edas destinadas para la exportaci\u00f3n a Malta.<\/p>\n<p>En transporte internacional a Malta ofrecemos tanto para cargas completas (FTL) como para grupajes (LTL) entregas en cualquier lugar de Malta incluyendo ciudades principales: Birgu; Bormla; Dingli; La Valeta; Luqa; Marsaxlokk; Mdina; Mgarr; Mosta; Paola; Qormi; Rabat; San Pawl; Senglea; Si\u0121\u0121iewi; Sliema; Valletta; \u017babbar; \u017bebbu\u0121; \u017bejtun.<\/p>\n<p>Nuestros servicios de <strong>transporte internacional desde Malta<\/strong> (importaci\u00f3n) son:<br \/>\n\u2013 transporte desde Malta de cargas completas (FTL) en camiones lonas o camiones frigorificos con temperatura controlada;<br \/>\n\u2013 para traer mercanc\u00eda desde Malta ofrecemos transporte desde Malta de grupaje (LTL);<br \/>\n\u2013 transporte urgente desde Malta (express delivery);<br \/>\n\u2013 transporte urgente desde Malta (express delivery) con temperatura controlada;<br \/>\n\u2013 transporte desde Malta de mercanc\u00eda peligrosa (ADR) tanto de cargas completas como grupajes;<br \/>\n\u2013 transportes especiales y excepcionales desde Malta;<br \/>\n\u2013 seguro de mercanc\u00edas importadas desde Malta.<\/p>\n<p>En Posta Logistics, S.L. le ofrecemos salidas regulares con destino a Malta.<\/p>\n<p>Para consultar d\u00edas de salida, <strong>tiempo de transito a Malta<\/strong> y precio de un env\u00edo no duden en <a href=\"http:\/\/posta-logistics.com\/es\/contacto\">contactar con nosotros<\/a>.<\/p>\n<\/div>\n","protected":false},"excerpt":{"rendered":"<p>En Posta Logistics, S.L. somos especialistas en transporte a Malta. La Rep\u00fablica de Malta es un pa\u00eds insular miembro de la Uni\u00f3n Europea, densamente poblado, compuesto por un archipi\u00e9lago y situado en el centro del Mediterr\u00e1neo, al sur de Italia, al oriente de T\u00fanez y al norte de Libia. Debido a su situaci\u00f3n estrat\u00e9gica, ha &#8230;<\/p>\n","protected":false},"author":3,"featured_media":0,"parent":0,"menu_order":0,"comment_status":"closed","ping_status":"closed","template":"page-country.php","meta":{"_monsterinsights_skip_tracking":false,"_monsterinsights_sitenote_active":false,"_monsterinsights_sitenote_note":"","_monsterinsights_sitenote_category":0,"footnotes":""},"class_list":["post-1114","page","type-page","status-publish"],"aioseo_notices":[],"_links":{"self":[{"href":"https:\/\/posta-logistics.com\/es\/wp-json\/wp\/v2\/pages\/1114","targetHints":{"allow":["GET"]}}],"collection":[{"href":"https:\/\/posta-logistics.com\/es\/wp-json\/wp\/v2\/pages"}],"about":[{"href":"https:\/\/posta-logistics.com\/es\/wp-json\/wp\/v2\/types\/page"}],"author":[{"embeddable":true,"href":"https:\/\/posta-logistics.com\/es\/wp-json\/wp\/v2\/users\/3"}],"replies":[{"embeddable":true,"href":"https:\/\/posta-logistics.com\/es\/wp-json\/wp\/v2\/comments?post=1114"}],"version-history":[{"count":6,"href":"https:\/\/posta-logistics.com\/es\/wp-json\/wp\/v2\/pages\/1114\/revisions"}],"predecessor-version":[{"id":1593,"href":"https:\/\/posta-logistics.com\/es\/wp-json\/wp\/v2\/pages\/1114\/revisions\/1593"}],"wp:attachment":[{"href":"https:\/\/posta-logistics.com\/es\/wp-json\/wp\/v2\/media?parent=1114"}],"curies":[{"name":"wp","href":"https:\/\/api.w.org\/{rel}","templated":true}]}}