{"id":1118,"date":"2017-12-01T19:01:10","date_gmt":"2017-12-01T17:01:10","guid":{"rendered":"http:\/\/posta-logistics.com\/es\/?page_id=1118"},"modified":"2020-04-23T14:03:00","modified_gmt":"2020-04-23T12:03:00","slug":"transporte-a-chipre","status":"publish","type":"page","link":"https:\/\/posta-logistics.com\/es\/transporte-a-chipre","title":{"rendered":"Transporte a Chipre"},"content":{"rendered":"<div class=\"entry\">\n<p>En Posta Logistics, S.L. somos especialistas en <strong>transporte a Chipre<\/strong>.<\/p>\n<p>Chipre, oficialmente la Rep\u00fablica de Chipre, es un Estado miembro de la Uni\u00f3n Europea situado en la isla hom\u00f3nima, cuya forma de gobierno es la rep\u00fablica presidencialista. Su territorio est\u00e1 organizado en seis distritos administrativos. Su capital es Nicosia.<br \/>\nEsta rep\u00fablica es un Estado internacionalmente reconocido, pero s\u00f3lo controla dos tercios de la isla. El tercio restante (el norte de la isla) fue ocupado por Turqu\u00eda en 1974, instaurando la Rep\u00fablica Turca del Norte de Chipre. A este \u00faltimo territorio lo reconoce s\u00f3lo la <a href=\"http:\/\/posta-logistics.com\/es\/transporte-terrestre-a-turquia\">Rep\u00fablica de Turqu\u00eda<\/a>.<br \/>\nLa isla de Chipre est\u00e1 situada en el mar Mediterr\u00e1neo, 113 km al sur de Turqu\u00eda, 120 km al oeste de Siria, y 150 km. al este de la isla griega de Kastell\u00f3rizo. Chipre ingres\u00f3 como miembro de las Naciones Unidas el 20 de septiembre de 1960.<\/p>\n<p>En <strong>transporte internacional terrestre a Chipre<\/strong> ofrecemos:<br \/>\n\u2013 <a href=\"http:\/\/posta-logistics.com\/es\/transporte-terrestre-de-productos-farmaceuticos-a-chipre\">transporte de productos farmac\u00e9uticos a Chipre (BPD)<\/a>;<br \/>\n\u2013 transporte a Chipre de cargas completas (FTL) en camiones lonas o camiones frigorificos con temperatura controlada;<br \/>\n\u2013 transporte a Chipre de grupaje (LTL);<br \/>\n\u2013 transporte urgente a Chipre (express delivery);<br \/>\n\u2013 <a href=\"http:\/\/posta-logistics.com\/es\/transporte-urgente-entregas-express-desde-espana-a-chipre\">transporte urgente a Chipre<\/a> (express delivery) con temperatura controlada;<br \/>\n\u2013 transporte a Chipre de mercanc\u00eda peligrosa (ADR) tanto de cargas completas como grupajes;<br \/>\n\u2013 transportes especiales y excepcionales a Chipre;<br \/>\n\u2013 seguro de mercanc\u00edas destinadas para la exportaci\u00f3n a Chipre.<\/p>\n<p>En <strong>transporte internacional a Chipre<\/strong> ofrecemos tanto para cargas completas (FTL) como para grupajes (LTL) entregas en cualquier lugar de Chipre incluyendo ciudades principales: Famagusta; Kyrenia; Limassol; Larnaca; Nicosia; Paphos; Achna; Aglandjia; Agros; Akaki; Akanthou; Amargeti; Akrotiri; Amathous; Anarita; Apostolos Andreas; Argaki; Arminou; Athienou; Assia; Asinou; Askas; Astromeritis; Ayia Marina; Ayia Marinouda; Ayia Napa; Ayia Varvara; Ayia Trias; Ayioi Trimithias; Ayios Dometios; Ayios Sozomenos; Bellapais; Buffavento; Kalo Chorio; Chirokitia; Chloraka; Dali; Dasaki tis Achnas; Deryneia; Drousia; Dheftera; Dhekelia; Episkopi; Ergates; Evrychou; Galata; Gerakies; Geri; Gerolakkos; Geroskipou; Gialousa; Giolou; Idalium; Inia; Kaimakli; Kakopetria; Kalavasos; Kalopanagiotis; Kampia; Kambos; Kantou; Kapedes; Kato Lefkara; Kelia; Kelokedara; Kilani; Kissonerga; Kiti; Kophinou; Kokkina; Kormakitis; Kornos; Kornokipos; Kouklia; Kythrea; Kyperounta; Lagoudera; Lambousa; Lapithos; Latsia; Lefka; Lefkoniko; Leonarisso; Louroujina; Limnitis; Lythrangomi; Lythrodontas; Malounta; Mammari; Mandria; Maroni; Mathiatis; Meniko; Melini; Mia Milia; Milia; Milikouri; Miliou; Morphou; Moutoullas; Nata; Oikos; Omorphita; Ormidia; Oroklini; Orounta; Pachna; Palaichori; Panagia; Pano Lefkara; Paralimni; Pedoulas; Pegeia; Pera Orinis; Pera Pedi; Pera Chorio; Peristerona; Phyti; Pissouri; Platanistasa; Platres; Polis; Politiko; Polystipos; Pomos; Potamos tou Kambou; Protaras; Psimolofou; Pyla; Pyrgos; Rizokarpaso; Silikou; Sotira; Strovolos; Templos; Trikomo; Troulloi; Tsakistra; Tseri; Tymvou; Xeros; Xylofagou; Xylotymbou; Vasilikos; Varosha; Vavla; Vouni; Vretsia; Vrysoules; Zodia; Zygi.<\/p>\n<p>Nuestros servicios de transporte internacional terrestre desde Chipre (importaci\u00f3n) son:<br \/>\n\u2013 transporte desde Chipre de cargas completas (FTL) en camiones lonas o camiones frigorificos con temperatura controlada;<br \/>\n\u2013 para traer mercanc\u00eda desde Chipre ofrecemos transporte desde Chipre de grupaje (LTL);<br \/>\n\u2013 transporte urgente desde Chipre (express delivery);<br \/>\n\u2013 transporte urgente desde Chipre (express delivery) con temperatura controlada;<br \/>\n\u2013 transporte desde Chipre de mercanc\u00eda peligrosa (ADR) tanto de cargas completas como grupajes;<br \/>\n\u2013 transportes especiales y excepcionales desde Chipre;<br \/>\n\u2013 seguro de mercanc\u00edas importadas desde Chipre.<\/p>\n<p>En Posta Logistics, S.L. le ofrecemos salidas regulares con destino a Chipre.<\/p>\n<p>Para consultar d\u00edas de salida, tiempo de transito a Chipre y precio de un env\u00edo no duden en <a href=\"http:\/\/posta-logistics.com\/es\/contacto\">contactar con nosotros<\/a>.<\/p>\n<\/div>\n","protected":false},"excerpt":{"rendered":"<p>En Posta Logistics, S.L. somos especialistas en transporte a Chipre. Chipre, oficialmente la Rep\u00fablica de Chipre, es un Estado miembro de la Uni\u00f3n Europea situado en la isla hom\u00f3nima, cuya forma de gobierno es la rep\u00fablica presidencialista. Su territorio est\u00e1 organizado en seis distritos administrativos. Su capital es Nicosia. Esta rep\u00fablica es un Estado internacionalmente &#8230;<\/p>\n","protected":false},"author":3,"featured_media":0,"parent":0,"menu_order":0,"comment_status":"closed","ping_status":"closed","template":"page-country.php","meta":{"_monsterinsights_skip_tracking":false,"_monsterinsights_sitenote_active":false,"_monsterinsights_sitenote_note":"","_monsterinsights_sitenote_category":0,"footnotes":""},"class_list":["post-1118","page","type-page","status-publish"],"aioseo_notices":[],"_links":{"self":[{"href":"https:\/\/posta-logistics.com\/es\/wp-json\/wp\/v2\/pages\/1118","targetHints":{"allow":["GET"]}}],"collection":[{"href":"https:\/\/posta-logistics.com\/es\/wp-json\/wp\/v2\/pages"}],"about":[{"href":"https:\/\/posta-logistics.com\/es\/wp-json\/wp\/v2\/types\/page"}],"author":[{"embeddable":true,"href":"https:\/\/posta-logistics.com\/es\/wp-json\/wp\/v2\/users\/3"}],"replies":[{"embeddable":true,"href":"https:\/\/posta-logistics.com\/es\/wp-json\/wp\/v2\/comments?post=1118"}],"version-history":[{"count":5,"href":"https:\/\/posta-logistics.com\/es\/wp-json\/wp\/v2\/pages\/1118\/revisions"}],"predecessor-version":[{"id":1592,"href":"https:\/\/posta-logistics.com\/es\/wp-json\/wp\/v2\/pages\/1118\/revisions\/1592"}],"wp:attachment":[{"href":"https:\/\/posta-logistics.com\/es\/wp-json\/wp\/v2\/media?parent=1118"}],"curies":[{"name":"wp","href":"https:\/\/api.w.org\/{rel}","templated":true}]}}