{"id":1121,"date":"2018-04-30T12:31:49","date_gmt":"2018-04-30T10:31:49","guid":{"rendered":"http:\/\/posta-logistics.com\/es\/?page_id=1121"},"modified":"2018-05-30T16:49:20","modified_gmt":"2018-05-30T14:49:20","slug":"transporte-urgente-entregas-express-a-portugal","status":"publish","type":"page","link":"https:\/\/posta-logistics.com\/es\/transporte-urgente-entregas-express-desde-espana-a-portugal","title":{"rendered":"Transporte urgente (entregas express) desde Espa\u00f1a a Portugal"},"content":{"rendered":"<div class=\"entry\">\n<p>Transporte urgente (entregas express) desde Espa\u00f1a a Portugal<\/p>\n<p><strong><em>Siempre tenemos un veh\u00edculo que puede cargar en cualquier punto de Espa\u00f1a y entregar la mercanc\u00eda en menos de 24 horas en Portugal.<\/em><\/strong> Pueden <a href=\"http:\/\/posta-logistics.com\/es\/contacto\">contactar directamente<\/a>.<\/p>\n<p>Tenemos servicio excelente de <em><strong>transporte urgente desde Espa\u00f1a a Portugal<\/strong><\/em> para los clientes que tienen necesidad de hacer entrega urgente de mercanc\u00eda. En casos necesarios cargando y\/o descargando la mercanc\u00eda fuera de los horarios habituales.<\/p>\n<p>Para las entregas urgentes en Portugal contamos con amplia flota de veh\u00edculos:<br \/>\n\u2013 camiones minitir lona hasta 1,2 toneladas con permisos ADR (8 europalets);<br \/>\n\u2013 camiones minitir frigor\u00edfico hasta 1,2 toneladas con permisos ADR (8 europalets);<br \/>\n&#8211; camiones minitir lona hasta 3,5 toneladas con permisos ADR;<br \/>\n&#8211; camiones minitir caja cerrada hasta 3,5 toneladas con permisos ADR;<br \/>\n&#8211; camiones minitir frigor\u00edfico hasta 3,5 toneladas con permisos ADR;<br \/>\n&#8211; camiones lona hasta 6 toneladas con permisos ADR;<br \/>\n&#8211; camiones caja cerrada hasta 6 toneladas con permisos ADR;<br \/>\n&#8211; camiones lona hasta 24 toneladas con permisos ADR y dos choferes;<br \/>\n&#8211; camiones frigor\u00edficos hasta 24 toneladas con permisos ADR y dos choferes.<\/p>\n<p>Entre amplia gama de cargas entregadas urgente en Portugal se puede destacar:<br \/>\nTransporte terrestre urgente (entrega express) desde Espa\u00f1a a Portugal de material de automoci\u00f3n;<br \/>\n<a href=\"http:\/\/posta-logistics.com\/es\/transporte-terrestre-a-portugal\">Transporte terrestre urgente (entrega express) desde Espa\u00f1a a Portugal<\/a> de productos farmac\u00e9uticos con temperatura controlada;<br \/>\nTransporte terrestre urgente (entrega express) desde Espa\u00f1a a Portugal de material para las ferias y exposiciones;<br \/>\nTransporte urgente (entrega express) desde Espa\u00f1a a Portugal de material para eventos;<br \/>\nTransporte urgente (entrega express) desde Espa\u00f1a a Portugal de productos congelados;<br \/>\nTransporte urgente (entrega express) desde Espa\u00f1a a Portugal de productos materiales para los ensayos m\u00e9dicos e biologicos;<br \/>\nTransporte urgente (entrega express) desde Espa\u00f1a a Portugal de cualquier otro tipo de material, producto, mercanc\u00eda.<\/p>\n<p><a href=\"http:\/\/posta-logistics.com\">Posta Logistics, S.L.<\/a> siempre puede ofrecer al cliente una soluci\u00f3n \u00f3ptima y adecuada para necesidad de transporte urgente terrestre desde Espa\u00f1a a Portugal. Nuestros servicios de entregas urgentes en Portugal seguros, garantizados, siempre a tiempo.<\/p>\n<p>A solicitud de nuestro cliente para el transporte terrestre urgente (entrega express) desde Espa\u00f1a a Portugal posicionamos veh\u00edculo al lugar de carga en un tiempo muy reducido en cualquier punto de Espa\u00f1a (\u00c1lava (Araba), Albacete, Alicante, Almer\u00eda, Asturias, \u00c1vila, Badajoz, Barcelona, Burgos, C\u00e1ceres, C\u00e1diz, Cantabria, Castell\u00f3n, Ciudad Real, C\u00f3rdoba, Cuenca, Gerona (Girona), Granada, Guadalajara, Guip\u00fazcoa (Gipuzkoa), Huelva, Huesca, Islas Baleares, Ja\u00e9n, La Coru\u00f1a (A Coru\u00f1a), La Rioja, Las Palmas, Le\u00f3n, L\u00e9rida (Lleida), Lugo, Madrid, M\u00e1laga, Murcia, Navarra, Orense, Palencia, Pontevedra, Salamanca, Segovia, Sevilla, Soria, Tarragona, Tenerife, Teruel, Toledo, Valencia, Valladolid, Vizcaya, Zamora, Zaragoza) para entregar la carga en cualquier punto de Portugal incluyendo ciudades principales Lisboa, Braga, Coimbra, Oporto, Viseu, Lamego, Lisboa, \u00c9vora, Guarda, Silves, Bragan\u00e7a, Funchal, Elvas, Tavira, Beja, Angra do Hero\u00edsmo, Faro, Leiria, Miranda do Douro, Ponta Delgada, Portalegre, Lagos, Aveiro, Penafiel, Pinhel, Castelo Branco, Horta, Tomar, Viana do Castelo, Guimar\u00e3es, Set\u00fabal, Santar\u00e9m, Covilh\u00e3, Figueira da Foz, Abrantes, Portim\u00e3o, Vila Real, Estremoz, Caldas da Rainha, Barcelos, Chaves, Almada, P\u00f3voa de Varzim, Espinho, Torres Vedras, Amadora, Praia da Vit\u00f3ria, Ribeira Grande, Barreiro, Vila Franca de Xira, Vila Nova de Gaia, S\u00e3o Jo\u00e3o da Madeira, Oliveira de Azem\u00e9is, Ovar, Matosinhos, Mirandela, Rio Maior, Montijo, Olh\u00e3o da Restaura\u00e7\u00e3o, Peso da R\u00e9gua, Ponte de Sor, Santa Maria da Feira, Torres Novas, Santo Tirso, Vila Nova de Famalic\u00e3o, Amarante, \u00c1gueda, Seia, Maia, Albufeira, Fafe, Moura, Peniche, Gouveia, Tondela, Vila do Conde, Loul\u00e9, Montemor-o-Novo, Fund\u00e3o, Marinha Grande, Vila Real de Santo Ant\u00f3nio, Alverca do Ribatejo, Ermesinde, Felgueiras, \u00cdlhavo, Loures, Odivelas, Valongo, Almeirim, Cantanhede, Entroncamento, Gondomar, Our\u00e9m, Paredes, Pombal, Santiago do Cac\u00e9m, Amora, Esmoriz, Marco de Canaveses, Oliveira do Hospital, Esposende, Pa\u00e7os de Ferreira, Seixal, Trofa, Vale de Cambra, Vendas Novas, Rio Tinto, Alcoba\u00e7a, Cartaxo, Lixa, C\u00e2mara de Lobos, Machico, Vila Baleira, Santa Cruz, Alc\u00e1cer do Sal, F\u00e1tima, Queluz, Sines, Vila Nova de Foz C\u00f4a, Sacav\u00e9m, Vizela, Macedo de Cavaleiros, P\u00f3voa de Santa Iria, Quarteira, Santa Comba D\u00e3o, Valpa\u00e7os, Fi\u00e3es, Freamunde, Lagoa, Gafanha da Nazar\u00e9, Mangualde, Lourosa, Santana, S\u00e3o Mamede de Infesta, Agualva-Cac\u00e9m, Mealhada, Oliveira do Bairro, Gandra, S\u00e3o Salvador de Lordelo, Rebordosa, Vila Nova de Santo Andr\u00e9, Serpa, Estarreja, Anadia, Costa da Caparica, Tarouca, M\u00eada, Valbom, Trancoso, Reguengos de Monsaraz, Sabugal, Cani\u00e7o, Albergaria-a-Velha, Alfena, Borba, Valen\u00e7a, Senhora da Hora, S\u00e3o Pedro do Sul, Samora Correia, Lagoa.<\/p>\n<p>Para solicitar informaci\u00f3n o transporte desde Espa\u00f1a a Portugal pueden <a href=\"http:\/\/posta-logistics.com\/es\/contacto\">contactar con Posta Logistics, S.L.<\/a><\/p>\n<\/div>\n","protected":false},"excerpt":{"rendered":"<p>Transporte urgente (entregas express) desde Espa\u00f1a a Portugal Siempre tenemos un veh\u00edculo que puede cargar en cualquier punto de Espa\u00f1a y entregar la mercanc\u00eda en menos de 24 horas en Portugal. Pueden contactar directamente. Tenemos servicio excelente de transporte urgente desde Espa\u00f1a a Portugal para los clientes que tienen necesidad de hacer entrega urgente de &#8230;<\/p>\n","protected":false},"author":3,"featured_media":0,"parent":0,"menu_order":0,"comment_status":"closed","ping_status":"closed","template":"","meta":{"_monsterinsights_skip_tracking":false,"_monsterinsights_sitenote_active":false,"_monsterinsights_sitenote_note":"","_monsterinsights_sitenote_category":0,"footnotes":""},"class_list":["post-1121","page","type-page","status-publish"],"aioseo_notices":[],"_links":{"self":[{"href":"https:\/\/posta-logistics.com\/es\/wp-json\/wp\/v2\/pages\/1121","targetHints":{"allow":["GET"]}}],"collection":[{"href":"https:\/\/posta-logistics.com\/es\/wp-json\/wp\/v2\/pages"}],"about":[{"href":"https:\/\/posta-logistics.com\/es\/wp-json\/wp\/v2\/types\/page"}],"author":[{"embeddable":true,"href":"https:\/\/posta-logistics.com\/es\/wp-json\/wp\/v2\/users\/3"}],"replies":[{"embeddable":true,"href":"https:\/\/posta-logistics.com\/es\/wp-json\/wp\/v2\/comments?post=1121"}],"version-history":[{"count":7,"href":"https:\/\/posta-logistics.com\/es\/wp-json\/wp\/v2\/pages\/1121\/revisions"}],"predecessor-version":[{"id":1142,"href":"https:\/\/posta-logistics.com\/es\/wp-json\/wp\/v2\/pages\/1121\/revisions\/1142"}],"wp:attachment":[{"href":"https:\/\/posta-logistics.com\/es\/wp-json\/wp\/v2\/media?parent=1121"}],"curies":[{"name":"wp","href":"https:\/\/api.w.org\/{rel}","templated":true}]}}