{"id":1126,"date":"2018-05-03T10:29:45","date_gmt":"2018-05-03T08:29:45","guid":{"rendered":"http:\/\/posta-logistics.com\/es\/?page_id=1126"},"modified":"2018-05-30T14:46:22","modified_gmt":"2018-05-30T12:46:22","slug":"transporte-urgente-entregas-express-desde-espana-a-grecia","status":"publish","type":"page","link":"https:\/\/posta-logistics.com\/es\/transporte-urgente-entregas-express-desde-espana-a-grecia","title":{"rendered":"Transporte urgente (entregas express) desde Espa\u00f1a a Grecia"},"content":{"rendered":"<div class=\"entry\">\n<p>Transporte urgente (entregas express) desde Espa\u00f1a a Grecia<\/p>\n<p><strong>Siempre tenemos un veh\u00edculo que puede cargar en cualquier punto de Espa\u00f1a y entregar la mercanc\u00eda en 48 horas en Grecia.<\/strong> Pueden <a href=\"http:\/\/posta-logistics.com\/es\/contacto\">contactar directamente<\/a>.<\/p>\n<p>Tenemos servicio excelente de <strong>transporte urgente desde Espa\u00f1a a Grecia<\/strong> para los clientes que tienen necesidad de hacer entrega urgente de mercanc\u00eda. En casos necesarios cargando y\/o descargando la mercanc\u00eda fuera de los horarios habituales tanto en Espa\u00f1a como en Grecia.<\/p>\n<p>Para las entregas urgentes de mercanc\u00eda en Grecia contamos con amplia flota de veh\u00edculos:<br \/>\n\u2013 camiones minitir lona hasta 1,2 toneladas con permisos ADR (8 europalets);<br \/>\n\u2013 camiones minitir frigor\u00edfico hasta 1,2 toneladas con permisos ADR (8 europalets);<br \/>\n\u2013 camiones minitir lona hasta 3,5 toneladas con permisos ADR;<br \/>\n\u2013 camiones minitir caja cerrada hasta 3,5 toneladas con permisos ADR;<br \/>\n\u2013 camiones minitir frigor\u00edfico hasta 3,5 toneladas con permisos ADR;<br \/>\n\u2013 camiones lona hasta 6 toneladas con permisos ADR;<br \/>\n\u2013 camiones caja cerrada hasta 6 toneladas con permisos ADR;<br \/>\n\u2013 camiones lona hasta 24 toneladas con permisos ADR y dos choferes;<br \/>\n\u2013 camiones frigor\u00edficos hasta 24 toneladas con permisos ADR y dos choferes.<\/p>\n<p>Entre amplia gama de cargas entregadas urgente en Grecia se puede destacar:<br \/>\nTransporte terrestre urgente (entrega express) desde Espa\u00f1a a Grecia de material de automoci\u00f3n;<br \/>\nTransporte terrestre urgente (entrega express) desde Espa\u00f1a a Grecia de productos farmac\u00e9uticos con temperatura controlada;<br \/>\nTransporte terrestre urgente (entrega express) desde Espa\u00f1a a Grecia de material para las ferias y exposiciones;<br \/>\nTransporte urgente (entrega express) desde Espa\u00f1a a Grecia de material para eventos;<br \/>\nTransporte urgente (entrega express) desde Espa\u00f1a a Grecia de productos congelados;<br \/>\nTransporte urgente (entrega express) desde Espa\u00f1a a Grecia de productos materiales para los ensayos m\u00e9dicos e biologicos;<br \/>\n<a href=\"http:\/\/posta-logistics.com\/es\/transporte-terrestre-a-grecia\">Transporte urgente (entrega express) desde Espa\u00f1a a Grecia<\/a> de cualquier otro tipo de material, producto, mercanc\u00eda.<\/p>\n<p><a href=\"http:\/\/posta-logistics.com\/es\">Posta Logistics, S.L.<\/a> siempre puede ofrecer al cliente una soluci\u00f3n \u00f3ptima y adecuada para necesidad de <strong>transporte urgente terrestre desde Espa\u00f1a a Grecia<\/strong>. Nuestros servicios de entregas urgentes en Grecia seguros, garantizados, siempre a tiempo.<\/p>\n<p>A solicitud de nuestro cliente para el transporte terrestre urgente (entrega express) desde Espa\u00f1a a Grecia posicionamos veh\u00edculo al lugar de carga muchas veces en un tiempo de menos de una hora en cualquier punto de Espa\u00f1a (\u00c1lava (Araba), Albacete, Alicante, Almer\u00eda, Asturias, \u00c1vila, Badajoz, Barcelona, Burgos, C\u00e1ceres, C\u00e1diz, Cantabria, Castell\u00f3n, Ciudad Real, C\u00f3rdoba, Cuenca, Gerona (Girona), Granada, Guadalajara, Guip\u00fazcoa (Gipuzkoa), Huelva, Huesca, Islas Baleares, Ja\u00e9n, La Coru\u00f1a (A Coru\u00f1a), La Rioja, Las Palmas, Le\u00f3n, L\u00e9rida (Lleida), Lugo, Madrid, M\u00e1laga, Murcia, Navarra, Orense, Palencia, Pontevedra, Salamanca, Segovia, Sevilla, Soria, Tarragona, Tenerife, Teruel, Toledo, Valencia, Valladolid, Vizcaya, Zamora, Zaragoza) para entregar la carga en cualquier punto de Grecia incluyendo ciudades principales Atenas, Tesal\u00f3nica, Patras, El Pireo, Larissa, Heraklion, Peristeri, Kallithea, Acarnas, Kalamaria, N\u00edkea, Glifada, Volos, \u00cdlion, Heli\u00f3polis, Keratsini, \u00c9vosmo, Calandria, Nea Smyrni, Marousi, Agios Dimitrios, Zografou, Egaleo, Nea Ionia, Io\u00e1nina, Paleo F\u00e1liro, Korydallos, Trikala, Vyronas, Agia Paraskevi, Galatsi, Calcidia, Petr\u00f3polis, Serres, Alejandr\u00f3polis, Xanthi, Katerini, Kalamata, Kavala, La Canea, Lam\u00eda, Komotini, Irakleio, Rodas, Kifissia, Agrinio, Stavroupoli, Chaidari, Drama, Veria, Alimos, Kozani, Polichni, Karditsa, Sykies, Ampelokipoi, Pylaia, Agioi Anargyroi, Argyroupoli, Ano Liosia, Nea Ionia, R\u00e9tino, Ptolemaida, Tr\u00edpoli, Cholargos, Vrilissia, Aspropyrgos, Corinto, Gerakas, Metamorfosi, Giannitsa, Voula, Kamatero, Mitilene, Ne\u00e1polis, Eleftherio-Kordelio, Qu\u00edos, Agia Varvara, Kaisariani, Nea Filadelfeia, Moschato, Perama, Salamina, Eleusina, Corfu, Pirgos, Megara, Kilk\u00eds, Dafni, Tebas, Melissia, Argos, Arta, Artemis, Lebadea, Pefki, Oraiokastro, Aigio, Cos, Koropi, Preveza, Nausa, Orestiada, Peraia, \u00c9dessa, Fl\u00f3rina, Panorama, Nea Erythraia, Ellinikon, Amaliada, Pallini, Esparta, Agios Ioannis Rentis, Thermi, Vari, Nea Makri, Tavros, Alexandria, Menemeni, Paiania, Kalyvia Thorikou, Nauplia, Drapetsona, Efkarpia, Papagou, Nafpaktos, Kastori\u00e1, Greven\u00e1, Pefka, Nea Alikarnassos, Missolonghi, Gazi, Ierapetra, Pothia, Rafina, Loutraki, \u00c1gios Nikolaos, Ermoupoli, Ialysos, Mandra, Tyrnavos, Glyka Nera, Ymittos, Neo Psychiko.<\/p>\n<p>Para solicitar informaci\u00f3n o transporte desde Espa\u00f1a a Grecia pueden <a href=\"http:\/\/posta-logistics.com\/es\/contacto\">contactar con Posta Logistics, S.L.<\/a><\/p>\n<\/div>\n","protected":false},"excerpt":{"rendered":"<p>Transporte urgente (entregas express) desde Espa\u00f1a a Grecia Siempre tenemos un veh\u00edculo que puede cargar en cualquier punto de Espa\u00f1a y entregar la mercanc\u00eda en 48 horas en Grecia. Pueden contactar directamente. Tenemos servicio excelente de transporte urgente desde Espa\u00f1a a Grecia para los clientes que tienen necesidad de hacer entrega urgente de mercanc\u00eda. En &#8230;<\/p>\n","protected":false},"author":3,"featured_media":0,"parent":0,"menu_order":0,"comment_status":"closed","ping_status":"closed","template":"","meta":{"_monsterinsights_skip_tracking":false,"_monsterinsights_sitenote_active":false,"_monsterinsights_sitenote_note":"","_monsterinsights_sitenote_category":0,"footnotes":""},"class_list":["post-1126","page","type-page","status-publish"],"aioseo_notices":[],"_links":{"self":[{"href":"https:\/\/posta-logistics.com\/es\/wp-json\/wp\/v2\/pages\/1126","targetHints":{"allow":["GET"]}}],"collection":[{"href":"https:\/\/posta-logistics.com\/es\/wp-json\/wp\/v2\/pages"}],"about":[{"href":"https:\/\/posta-logistics.com\/es\/wp-json\/wp\/v2\/types\/page"}],"author":[{"embeddable":true,"href":"https:\/\/posta-logistics.com\/es\/wp-json\/wp\/v2\/users\/3"}],"replies":[{"embeddable":true,"href":"https:\/\/posta-logistics.com\/es\/wp-json\/wp\/v2\/comments?post=1126"}],"version-history":[{"count":2,"href":"https:\/\/posta-logistics.com\/es\/wp-json\/wp\/v2\/pages\/1126\/revisions"}],"predecessor-version":[{"id":1140,"href":"https:\/\/posta-logistics.com\/es\/wp-json\/wp\/v2\/pages\/1126\/revisions\/1140"}],"wp:attachment":[{"href":"https:\/\/posta-logistics.com\/es\/wp-json\/wp\/v2\/media?parent=1126"}],"curies":[{"name":"wp","href":"https:\/\/api.w.org\/{rel}","templated":true}]}}