{"id":1144,"date":"2018-05-30T16:59:37","date_gmt":"2018-05-30T14:59:37","guid":{"rendered":"http:\/\/posta-logistics.com\/es\/?page_id=1144"},"modified":"2018-06-04T15:52:43","modified_gmt":"2018-06-04T13:52:43","slug":"transporte-urgente-entregas-express-desde-espana-a-alemania","status":"publish","type":"page","link":"https:\/\/posta-logistics.com\/es\/transporte-urgente-entregas-express-desde-espana-a-alemania","title":{"rendered":"Transporte urgente (entregas express) desde Espa\u00f1a a Alemania"},"content":{"rendered":"<div class=\"entry\">\n<p>Transporte urgente (entregas express) desde Espa\u00f1a a Alemania<\/p>\n<p>Siempre tenemos veh\u00edculos disponibles en cualquier punto de Espa\u00f1a. Podemos entregar la mercanc\u00eda en menos de 24- 36 horas en Alemania. Pueden <a href=\"http:\/\/posta-logistics.com\/es\/contacto\">contactar con nosotros directamente<\/a>.<\/p>\n<p>Tenemos servicio excelente de<em><strong> transporte urgente desde Espa\u00f1a a Alemania<\/strong><\/em> para los clientes que tienen necesidad de hacer <a href=\"http:\/\/posta-logistics.com\/es\/transporte-urgente-express-delivery\">entrega urgente de mercanc\u00eda<\/a>. En casos necesarios cargando y\/o descargando la mercanc\u00eda fuera de los horarios habituales.<\/p>\n<p>Para las entregas urgentes en Alemania contamos con amplia flota de veh\u00edculos:<br \/>\n\u2013 camiones minitir lona hasta 1,2 toneladas con permisos ADR (8 europalets);<br \/>\n\u2013 camiones minitir frigor\u00edfico hasta 1,2 toneladas con permisos ADR (8 europalets);<br \/>\n\u2013 camiones minitir lona hasta 3,5 toneladas con permisos ADR;<br \/>\n\u2013 camiones minitir caja cerrada hasta 3,5 toneladas con permisos ADR;<br \/>\n\u2013 camiones minitir frigor\u00edfico hasta 3,5 toneladas con permisos ADR;<br \/>\n\u2013 camiones lona hasta 6 toneladas con permisos ADR;<br \/>\n\u2013 camiones caja cerrada hasta 6 toneladas con permisos ADR;<br \/>\n\u2013 camiones lona hasta 24 toneladas con permisos ADR y dos choferes;<br \/>\n\u2013 camiones frigor\u00edficos hasta 24 toneladas con permisos ADR y dos choferes.<\/p>\n<p>Entre amplia gama de cargas entregadas urgente en Alemania se puede destacar:<br \/>\nTransporte terrestre urgente (entrega express) desde Espa\u00f1a a Alemania de material de automoci\u00f3n;<br \/>\nTransporte terrestre urgente (entrega express) desde Espa\u00f1a a Alemania de productos farmac\u00e9uticos con temperatura controlada;<br \/>\nTransporte terrestre urgente (entrega express) desde Espa\u00f1a a Alemania de material para las ferias y exposiciones;<br \/>\nTransporte urgente (entrega express) desde Espa\u00f1a a Alemania de material para eventos;<br \/>\nTransporte urgente (entrega express) desde Espa\u00f1a a Alemania de productos congelados;<br \/>\nTransporte urgente (entrega express) desde Espa\u00f1a a Alemania de productos materiales para los ensayos m\u00e9dicos e biologicos;<br \/>\nTransporte urgente (entrega express) desde Espa\u00f1a a Alemania de cualquier otro tipo de material, producto, mercanc\u00eda.<\/p>\n<p><a href=\"http:\/\/posta-logistics.com\/es\">Posta Logistics, S.L.<\/a> siempre puede ofrecer al cliente una soluci\u00f3n \u00f3ptima y adecuada para necesidad de transporte urgente terrestre desde Espa\u00f1a a Alemania. Nuestros servicios de <em><strong>entregas urgentes en Alemania<\/strong><\/em> seguros, garantizados, siempre a tiempo.<\/p>\n<p>A solicitud de nuestro cliente para el transporte terrestre urgente (entrega express) desde Espa\u00f1a a Alemania posicionamos veh\u00edculo al lugar de carga muchas veces en un tiempo de menos de una hora en cualquier punto de Espa\u00f1a \u00c1lava, Albacete, Alicante, Almer\u00eda, Asturias, \u00c1vila, Badajoz, Barcelona, Burgos, C\u00e1ceres, C\u00e1diz, Cantabria, Castell\u00f3n, Ciudad Real, C\u00f3rdoba, Cuenca, Gerona (Girona), Granada, Guadalajara, Guip\u00fazcoa (Gipuzkoa), Huelva, Huesca, Islas Baleares, Ja\u00e9n, La Coru\u00f1a (A Coru\u00f1a), La Rioja, Las Palmas, Le\u00f3n, L\u00e9rida (Lleida), Lugo, Madrid, M\u00e1laga, Murcia, Navarra, Orense, Palencia, Pontevedra, Salamanca, Segovia, Sevilla, Soria, Tarragona, Tenerife, Teruel, Toledo, Valencia, Valladolid, Vizcaya, Zamora, Zaragoza) para entregar la carga en cualquier punto de Alemania incluyendo ciudades principales: Berl\u00edn, Hamburgo, M\u00fanich, Colonia, Fr\u00e1ncfort, Stuttgart, D\u00fcsseldorf, Dortmund, Essen, Bremen, Dresden, Leipzig, Hanover, N\u00faremberg, Duisburgo, Bochum, Wuppertal, Bonn, Bielefeld, Mannheim, Karlsruhe, M\u00fcnster, Wiesbaden, Augsburgo, Aquisgr\u00e1n, M\u00f6nchengladbach, Gelsenkirchen, Brunswick, Chemnitz, Kiel, Krefeld, Halle, Magdeburgo, Friburgo de Brisgovia, Oberhausen, Lubeca, Erfurt, Rostock, Maguncia, Kassel, Hagen, Hamm, Saarbr\u00fccken, M\u00fclheim, Herne, Ludwigshafen, Osnabr\u00fcck, Oldemburgo, Leverkusen, Solingen, Potsdam, Neuss, Heidelberg, Paderborn, Darmstadt, Ratisbona, Wurzburgo, Ingolstadt, Heilbronn, Ulm, Wolfsburgo, Gotinga, Offenbach, Pforzheim, Recklinghausen, Bottrop, F\u00fcrth, Bremerhaven, Reutlingen, Remscheid, Coblenza, Bergisch Gladbach, Erlangen, Moers, Tr\u00e9veris, Jena, Siegen, Hildesheim, Salzgitter, Cottbus, Gera, Witten.<\/p>\n<p>Cualquier d\u00eda de la semana en cualquier lugar de Espa\u00f1a tenemos un veh\u00edculo para hacer transporte urgente desde Espa\u00f1a a Alemania.<\/p>\n<p>Para solicitar informaci\u00f3n o transporte express desde Espa\u00f1a a Alemania pueden <a href=\"http:\/\/posta-logistics.com\/es\/contacto\">contactar con Posta Logistics, S.L.<\/a><\/p>\n<\/div>\n","protected":false},"excerpt":{"rendered":"<p>Transporte urgente (entregas express) desde Espa\u00f1a a Alemania Siempre tenemos veh\u00edculos disponibles en cualquier punto de Espa\u00f1a. Podemos entregar la mercanc\u00eda en menos de 24- 36 horas en Alemania. Pueden contactar con nosotros directamente. Tenemos servicio excelente de transporte urgente desde Espa\u00f1a a Alemania para los clientes que tienen necesidad de hacer entrega urgente de &#8230;<\/p>\n","protected":false},"author":3,"featured_media":0,"parent":0,"menu_order":0,"comment_status":"closed","ping_status":"closed","template":"","meta":{"_monsterinsights_skip_tracking":false,"_monsterinsights_sitenote_active":false,"_monsterinsights_sitenote_note":"","_monsterinsights_sitenote_category":0,"footnotes":""},"class_list":["post-1144","page","type-page","status-publish"],"aioseo_notices":[],"_links":{"self":[{"href":"https:\/\/posta-logistics.com\/es\/wp-json\/wp\/v2\/pages\/1144","targetHints":{"allow":["GET"]}}],"collection":[{"href":"https:\/\/posta-logistics.com\/es\/wp-json\/wp\/v2\/pages"}],"about":[{"href":"https:\/\/posta-logistics.com\/es\/wp-json\/wp\/v2\/types\/page"}],"author":[{"embeddable":true,"href":"https:\/\/posta-logistics.com\/es\/wp-json\/wp\/v2\/users\/3"}],"replies":[{"embeddable":true,"href":"https:\/\/posta-logistics.com\/es\/wp-json\/wp\/v2\/comments?post=1144"}],"version-history":[{"count":4,"href":"https:\/\/posta-logistics.com\/es\/wp-json\/wp\/v2\/pages\/1144\/revisions"}],"predecessor-version":[{"id":1158,"href":"https:\/\/posta-logistics.com\/es\/wp-json\/wp\/v2\/pages\/1144\/revisions\/1158"}],"wp:attachment":[{"href":"https:\/\/posta-logistics.com\/es\/wp-json\/wp\/v2\/media?parent=1144"}],"curies":[{"name":"wp","href":"https:\/\/api.w.org\/{rel}","templated":true}]}}