{"id":1177,"date":"2018-06-11T13:38:29","date_gmt":"2018-06-11T11:38:29","guid":{"rendered":"http:\/\/posta-logistics.com\/es\/?page_id=1177"},"modified":"2018-06-11T13:40:31","modified_gmt":"2018-06-11T11:40:31","slug":"transporte-urgente-entregas-express-desde-espana-a-polonia","status":"publish","type":"page","link":"https:\/\/posta-logistics.com\/es\/transporte-urgente-entregas-express-desde-espana-a-polonia","title":{"rendered":"Transporte urgente (entregas express) desde Espa\u00f1a a Polonia"},"content":{"rendered":"<div class=\"entry\">\n<p><strong>Transporte urgente (entregas express) desde Espa\u00f1a a Polonia<\/strong><\/p>\n<p>Siempre tenemos un veh\u00edculo que puede cargar en cualquier punto de Espa\u00f1a y entregar la mercanc\u00eda en 36 &#8211; 46 horas aproximadamente en Polonia. Pueden <a href=\"http:\/\/posta-logistics.com\/es\/contacto\">contactar directamente<\/a> para solicitar la entrega urgente de mercanc\u00eda en Polonia.<\/p>\n<p>Tenemos servicio excelente de <strong>transporte urgente desde Espa\u00f1a a Polonia<\/strong> para los clientes que tienen necesidad de hacer entrega urgente de mercanc\u00eda. En casos necesarios cargando y\/o descargando la mercanc\u00eda fuera de los horarios habituales.<\/p>\n<p>Para las <strong>entregas urgentes en Polonia<\/strong> contamos con amplia flota de veh\u00edculos:<br \/>\n\u2013 camiones minitir lona hasta 1,2 toneladas con permisos ADR (8 europalets);<br \/>\n\u2013 camiones minitir frigor\u00edfico hasta 1,2 toneladas con permisos ADR (8 europalets);<br \/>\n\u2013 camiones minitir lona hasta 3,5 toneladas con permisos ADR;<br \/>\n\u2013 camiones minitir caja cerrada hasta 3,5 toneladas con permisos ADR;<br \/>\n\u2013 camiones minitir frigor\u00edfico hasta 3,5 toneladas con permisos ADR;<br \/>\n\u2013 camiones lona hasta 6 toneladas con permisos ADR;<br \/>\n\u2013 camiones caja cerrada hasta 6 toneladas con permisos ADR;<br \/>\n\u2013 camiones lona hasta 24 toneladas con permisos ADR y dos choferes;<br \/>\n\u2013 camiones frigor\u00edficos hasta 24 toneladas con permisos ADR y dos choferes.<\/p>\n<p>Entre amplia gama de cargas entregadas urgente en Polonia se puede destacar:<br \/>\nTransporte terrestre urgente (entrega express) desde Espa\u00f1a a Polonia de material de automoci\u00f3n;<br \/>\nTransporte terrestre urgente (entrega express) desde Espa\u00f1a a Polonia de productos farmac\u00e9uticos con temperatura controlada;<br \/>\nTransporte terrestre urgente (entrega express) desde Espa\u00f1a a Polonia de material para las ferias y exposiciones;<br \/>\nTransporte urgente (entrega express) desde Espa\u00f1a a Polonia de material para eventos;<br \/>\n<a href=\"http:\/\/posta-logistics.com\/es\/transporte-urgente-express-delivery\">Transporte urgente<\/a> (entrega express) desde Espa\u00f1a a Polonia de productos congelados;<br \/>\nTransporte urgente (entrega express) desde Espa\u00f1a a Polonia de productos materiales para los ensayos m\u00e9dicos e biologicos;<br \/>\nTransporte urgente (entrega express) desde Espa\u00f1a a Polonia de cualquier otro tipo de material, producto, mercanc\u00eda.<\/p>\n<p>Posta Logistics, S.L. siempre puede ofrecer al cliente una soluci\u00f3n \u00f3ptima y adecuada para necesidad de transporte urgente terrestre desde Espa\u00f1a a Polonia. Nuestros servicios de <a href=\"http:\/\/posta-logistics.com\/es\">entregas urgentes en Polonia<\/a> seguros, garantizados, siempre a tiempo.<\/p>\n<p>A solicitud de nuestro cliente para el transporte terrestre urgente (<strong>entrega express<\/strong>) desde Espa\u00f1a a <strong>Polonia<\/strong> posicionamos veh\u00edculo al lugar de carga muchas veces en un tiempo de menos de una hora en cualquier punto de Espa\u00f1a (\u00c1lava (Araba), Albacete, Alicante, Almer\u00eda, Asturias, \u00c1vila, Badajoz, Barcelona, Burgos, C\u00e1ceres, C\u00e1diz, Cantabria, Castell\u00f3n, Ciudad Real, C\u00f3rdoba, Cuenca, Gerona (Girona), Granada, Guadalajara, Guip\u00fazcoa (Gipuzkoa), Huelva, Huesca, Islas Baleares, Ja\u00e9n, La Coru\u00f1a (A Coru\u00f1a), La Rioja, Las Palmas, Le\u00f3n, L\u00e9rida (Lleida), Lugo, Madrid, M\u00e1laga, Murcia, Navarra, Orense, Palencia, Pontevedra, Salamanca, Segovia, Sevilla, Soria, Tarragona, Tenerife, Teruel, Toledo, Valencia, Valladolid, Vizcaya, Zamora, Zaragoza) para entregar la carga en cualquier punto de Polonia incluyendo ciudades principales: Varsovia (Warszawa), Cracovia (Krak\u00f3w), \u0141\u00f3d\u017a, Breslavia (Wroc\u0142aw), Pozna\u0144, Gda\u0144sk, Szczecin, Bydgoszcz, Lublin, Katowice, Bia\u0142ystok, Gdynia, Cz\u0119stochowa, Radom, Sosnowiec, Toru\u0144, Kielce, Gliwice, Zabrze, Bytom, Olsztyn, Bielsko-Bia\u0142a, Rzesz\u00f3w, Ruda \u015al\u0105ska, Rybnik, Tychy, D\u0105browa G\u00f3rnicza, P\u0142ock, Opole, Elbl\u0105g, Gorz\u00f3w Wielkopolski, Wa\u0142brzych, W\u0142oc\u0142awek, Zielona G\u00f3ra, Tarn\u00f3w, Chorz\u00f3w, Kalisz, Koszalin, Legnica, Grudzi\u0105dz, S\u0142upsk, Jaworzno, Jastrz\u0119bie Zdr\u00f3j, Jelenia G\u00f3ra, Nowy S\u0105cz, Konin, Piotrk\u00f3w Trybunalski, Siedlce, Lubin, Inowroc\u0142aw, Mys\u0142owice, Pi\u0142a, Ostrowiec \u015awi\u0119tokrzyski, Ostr\u00f3w Wielkopolski, Siemianowice \u015al\u0105skie, Stargard Szczeci\u0144ski, Pabianice, Gniezno, Suwa\u0142ki, G\u0142og\u00f3w, Che\u0142m, Przemy\u015bl, Zamo\u015b\u0107, Tomasz\u00f3w Mazowiecki, Stalowa Wola, K\u0119dzierzyn-Ko\u017ale, Leszno, \u0141om\u017ca, \u017bory, Be\u0142chat\u00f3w, Mielec, Tarnowskie G\u00f3ry, Tczew, \u015awidnica, Piekary \u015al\u0105skie, B\u0119dzin, Zgierz, Bia\u0142a Podlaska, Racib\u00f3rz, E\u0142k, Pruszk\u00f3w, \u015awi\u0119toch\u0142owice, Ostro\u0142\u0119ka, Starachowice, Zawiercie, Legionowo, Tarnobrzeg, Pu\u0142awy, Wodzis\u0142aw \u015al\u0105ski, Radomsko.<\/p>\n<p>Para solicitar informaci\u00f3n o transporte express desde Espa\u00f1a a Polonia pueden <a href=\"http:\/\/posta-logistics.com\/es\/contacto\">contactar con Posta Logistics, S.L.<\/a><\/p>\n<\/div>\n","protected":false},"excerpt":{"rendered":"<p>Transporte urgente (entregas express) desde Espa\u00f1a a Polonia Siempre tenemos un veh\u00edculo que puede cargar en cualquier punto de Espa\u00f1a y entregar la mercanc\u00eda en 36 &#8211; 46 horas aproximadamente en Polonia. Pueden contactar directamente para solicitar la entrega urgente de mercanc\u00eda en Polonia. Tenemos servicio excelente de transporte urgente desde Espa\u00f1a a Polonia para &#8230;<\/p>\n","protected":false},"author":3,"featured_media":0,"parent":0,"menu_order":0,"comment_status":"closed","ping_status":"closed","template":"","meta":{"_monsterinsights_skip_tracking":false,"_monsterinsights_sitenote_active":false,"_monsterinsights_sitenote_note":"","_monsterinsights_sitenote_category":0,"footnotes":""},"class_list":["post-1177","page","type-page","status-publish"],"aioseo_notices":[],"_links":{"self":[{"href":"https:\/\/posta-logistics.com\/es\/wp-json\/wp\/v2\/pages\/1177","targetHints":{"allow":["GET"]}}],"collection":[{"href":"https:\/\/posta-logistics.com\/es\/wp-json\/wp\/v2\/pages"}],"about":[{"href":"https:\/\/posta-logistics.com\/es\/wp-json\/wp\/v2\/types\/page"}],"author":[{"embeddable":true,"href":"https:\/\/posta-logistics.com\/es\/wp-json\/wp\/v2\/users\/3"}],"replies":[{"embeddable":true,"href":"https:\/\/posta-logistics.com\/es\/wp-json\/wp\/v2\/comments?post=1177"}],"version-history":[{"count":1,"href":"https:\/\/posta-logistics.com\/es\/wp-json\/wp\/v2\/pages\/1177\/revisions"}],"predecessor-version":[{"id":1178,"href":"https:\/\/posta-logistics.com\/es\/wp-json\/wp\/v2\/pages\/1177\/revisions\/1178"}],"wp:attachment":[{"href":"https:\/\/posta-logistics.com\/es\/wp-json\/wp\/v2\/media?parent=1177"}],"curies":[{"name":"wp","href":"https:\/\/api.w.org\/{rel}","templated":true}]}}