{"id":1188,"date":"2018-06-13T10:43:23","date_gmt":"2018-06-13T08:43:23","guid":{"rendered":"http:\/\/posta-logistics.com\/es\/?page_id=1188"},"modified":"2018-06-13T10:46:12","modified_gmt":"2018-06-13T08:46:12","slug":"transporte-urgente-entregas-express-desde-espana-a-italia","status":"publish","type":"page","link":"https:\/\/posta-logistics.com\/es\/transporte-urgente-entregas-express-desde-espana-a-italia","title":{"rendered":"Transporte urgente (entregas express) desde Espa\u00f1a a Italia"},"content":{"rendered":"<div class=\"entry\">\n<p><strong>Transporte urgente (entregas express) desde Espa\u00f1a a Italia<\/strong><\/p>\n<p>Siempre tenemos un veh\u00edculo que puede cargar en cualquier punto de Espa\u00f1a y entregar la mercanc\u00eda en 24- 36 horas aproximadamente en Italia. Pueden <a href=\"http:\/\/posta-logistics.com\/es\/contacto\">contactar directamente<\/a> para solicitar la <strong>entrega urgente de mercanc\u00eda en Italia<\/strong>.<\/p>\n<p>Tenemos servicio excelente de <strong>transporte urgente desde Espa\u00f1a a Italia<\/strong> para los clientes que tienen necesidad de hacer entrega urgente de mercanc\u00eda. En casos necesarios cargando y\/o descargando la mercanc\u00eda fuera de los horarios habituales.<\/p>\n<p>Para las entregas urgentes en Italia contamos con amplia flota de veh\u00edculos:<br \/>\n\u2013 camiones minitir lona hasta 1,2 toneladas con permisos ADR (8 europalets);<br \/>\n\u2013 camiones minitir frigor\u00edfico hasta 1,2 toneladas con permisos ADR (8 europalets);<br \/>\n\u2013 camiones minitir lona hasta 3,5 toneladas con permisos ADR;<br \/>\n\u2013 camiones minitir caja cerrada hasta 3,5 toneladas con permisos ADR;<br \/>\n\u2013 camiones minitir frigor\u00edfico hasta 3,5 toneladas con permisos ADR;<br \/>\n\u2013 camiones lona hasta 6 toneladas con permisos ADR;<br \/>\n\u2013 camiones caja cerrada hasta 6 toneladas con permisos ADR;<br \/>\n\u2013 camiones lona hasta 24 toneladas con permisos ADR y dos choferes;<br \/>\n\u2013 camiones frigor\u00edficos hasta 24 toneladas con permisos ADR y dos choferes.<\/p>\n<p>Entre amplia gama de cargas entregadas urgente en Italia se puede destacar:<br \/>\nTransporte terrestre urgente (entrega express) desde Espa\u00f1a a Italia de material de automoci\u00f3n;<br \/>\nTransporte terrestre urgente (entrega express) desde Espa\u00f1a a Italia de productos farmac\u00e9uticos con temperatura controlada;<br \/>\n<a href=\"http:\/\/posta-logistics.com\/es\/transporte-urgente-express-delivery\">Transporte terrestre urgente<\/a> (entrega express) desde Espa\u00f1a a Italia de material para las ferias y exposiciones;<br \/>\nTransporte urgente (entrega express) desde Espa\u00f1a a Italia de material para eventos;<br \/>\nTransporte urgente (entrega express) desde Espa\u00f1a a Italia de productos congelados;<br \/>\nTransporte urgente (entrega express) desde Espa\u00f1a a Italia de productos materiales para los ensayos m\u00e9dicos e biologicos;<br \/>\nTransporte urgente (entrega express) desde Espa\u00f1a a Italia de cualquier otro tipo de material, producto, mercanc\u00eda.<\/p>\n<p><a href=\"http:\/\/posta-logistics.com\/es\">Posta Logistics, S.L.<\/a> siempre puede ofrecer al cliente una soluci\u00f3n \u00f3ptima y adecuada para necesidad de transporte urgente terrestre desde Espa\u00f1a a Italia. Nuestros servicios de entregas urgentes en Italia seguros, garantizados, siempre a tiempo.<\/p>\n<p>A solicitud de nuestro cliente para el transporte terrestre urgente (entrega express) desde Espa\u00f1a a Italia posicionamos veh\u00edculo al lugar de carga muchas veces en un tiempo de menos de una hora en cualquier punto de Espa\u00f1a (\u00c1lava (Araba), Albacete, Alicante, Almer\u00eda, Asturias, \u00c1vila, Badajoz, Barcelona, Burgos, C\u00e1ceres, C\u00e1diz, Cantabria, Castell\u00f3n, Ciudad Real, C\u00f3rdoba, Cuenca, Gerona (Girona), Granada, Guadalajara, Guip\u00fazcoa (Gipuzkoa), Huelva, Huesca, Islas Baleares, Ja\u00e9n, La Coru\u00f1a (A Coru\u00f1a), La Rioja, Las Palmas, Le\u00f3n, L\u00e9rida (Lleida), Lugo, Madrid, M\u00e1laga, Murcia, Navarra, Orense, Palencia, Pontevedra, Salamanca, Segovia, Sevilla, Soria, Tarragona, Tenerife, Teruel, Toledo, Valencia, Valladolid, Vizcaya, Zamora, Zaragoza) para entregar la carga en cualquier punto de <a href=\"http:\/\/posta-logistics.com\/es\/transporte-terrestre-a-italia\">Italia<\/a> incluyendo ciudades principales: Roma, Mil\u00e1n, N\u00e1poles, Tur\u00edn, Palermo, Milazzo, G\u00e9nova, Bolonia, Florencia, Bari, Catania, Venecia, Verona, Mesina, Padua, Trieste, Tarento, Brescia, Prato, Regio de Calabria, M\u00f3dena, Parma, Perusa, Reggio Emilia, Livorno, R\u00e1vena, Cagliari, Foggia, R\u00edmini, Salerno, Ferrara, S\u00e1cer, Siracusa, Pescara, Monza, Latina, B\u00e9rgamo, Forl\u00ec, Giugliano de Campania, Trento, Vicenza, Terni, Novara, Bolzano, Plasencia, Ancona, Arezzo, Andria, \u00dadine, Cesena, Lecce, La Spezia, P\u00e9saro, Alessandria, Barletta, Catanzaro, Pistoia, Br\u00edndisi, Pisa, Torre del Greco, Como, Lucca, Guidonia Montecelio, Pozzuoli, Treviso, Marsala, Grosseto, Busto Arsizio, Varese, Sesto San Giovanni, Casoria, Caserta, Gela, Asti, Cinisello Balsamo, Ragusa, L\u2019Aquila, Cremona, Quartu Sant\u2019Elena, Lamezia, Pavia, Fiumicino, Massa, Trapani, Aprilia, Cosenza, Altamura, Imola, Carpi, Potenza, Carrara, Castellammare di Stabia, Viareggio, Fano, Afragola, Vigevano, Viterbo, Vittoria, Savona, Crotone, Benevento, Pomezia, Matera, Caltanissetta, Molfetta, Marano di Napoli, Agrigento, Legnano, Cerignola, Moncalieri, Foligno, Faenza, Manfredonia, San Remo, T\u00edvoli, Bitonto, Avellino, Bagheria, Acerra, Olbia, Cuneo, Anzio, San Severo, Modica, Teramo, Bisceglie, Ercolano, Siena, Chieti, Portici, Trani, Velletri, Cava de\u2019 Tirreni, Acireale, Rovigo, Civitavecchia, Gallarate, Pordenone, Aversa, Montesilvano, Mazara del Vallo, Ascoli Piceno, Battipaglia, Campobasso, Scafati, Casalnuovo di Napoli, Rho, Chioggia, Scandicci, Collegno.<\/p>\n<p>Para solicitar informaci\u00f3n o transporte express desde Espa\u00f1a a Italia pueden <a href=\"http:\/\/posta-logistics.com\/es\/contacto\">contactar con Posta Logistics, S.L.<\/a><\/p>\n<\/div>\n","protected":false},"excerpt":{"rendered":"<p>Transporte urgente (entregas express) desde Espa\u00f1a a Italia Siempre tenemos un veh\u00edculo que puede cargar en cualquier punto de Espa\u00f1a y entregar la mercanc\u00eda en 24- 36 horas aproximadamente en Italia. Pueden contactar directamente para solicitar la entrega urgente de mercanc\u00eda en Italia. Tenemos servicio excelente de transporte urgente desde Espa\u00f1a a Italia para los &#8230;<\/p>\n","protected":false},"author":3,"featured_media":0,"parent":0,"menu_order":0,"comment_status":"closed","ping_status":"closed","template":"","meta":{"_monsterinsights_skip_tracking":false,"_monsterinsights_sitenote_active":false,"_monsterinsights_sitenote_note":"","_monsterinsights_sitenote_category":0,"footnotes":""},"class_list":["post-1188","page","type-page","status-publish"],"aioseo_notices":[],"_links":{"self":[{"href":"https:\/\/posta-logistics.com\/es\/wp-json\/wp\/v2\/pages\/1188","targetHints":{"allow":["GET"]}}],"collection":[{"href":"https:\/\/posta-logistics.com\/es\/wp-json\/wp\/v2\/pages"}],"about":[{"href":"https:\/\/posta-logistics.com\/es\/wp-json\/wp\/v2\/types\/page"}],"author":[{"embeddable":true,"href":"https:\/\/posta-logistics.com\/es\/wp-json\/wp\/v2\/users\/3"}],"replies":[{"embeddable":true,"href":"https:\/\/posta-logistics.com\/es\/wp-json\/wp\/v2\/comments?post=1188"}],"version-history":[{"count":3,"href":"https:\/\/posta-logistics.com\/es\/wp-json\/wp\/v2\/pages\/1188\/revisions"}],"predecessor-version":[{"id":1191,"href":"https:\/\/posta-logistics.com\/es\/wp-json\/wp\/v2\/pages\/1188\/revisions\/1191"}],"wp:attachment":[{"href":"https:\/\/posta-logistics.com\/es\/wp-json\/wp\/v2\/media?parent=1188"}],"curies":[{"name":"wp","href":"https:\/\/api.w.org\/{rel}","templated":true}]}}