{"id":1195,"date":"2018-06-18T13:29:14","date_gmt":"2018-06-18T11:29:14","guid":{"rendered":"http:\/\/posta-logistics.com\/es\/?page_id=1195"},"modified":"2018-06-18T16:13:55","modified_gmt":"2018-06-18T14:13:55","slug":"transporte-urgente-entregas-express-desde-espana-a-dinamarca","status":"publish","type":"page","link":"https:\/\/posta-logistics.com\/es\/transporte-urgente-entregas-express-desde-espana-a-dinamarca","title":{"rendered":"Transporte urgente (entregas express) desde Espa\u00f1a a Dinamarca"},"content":{"rendered":"<div class=\"entry\">\n<p><strong>Transporte urgente (entregas express) desde Espa\u00f1a a Dinamarca<\/strong><\/p>\n<p>Siempre tenemos un veh\u00edculo que puede cargar en cualquier punto de Espa\u00f1a y entregar la mercanc\u00eda en menos de 36 horas en Dinamarca. Pueden <a href=\"http:\/\/posta-logistics.com\/es\/contacto\">contactar directamente<\/a> para solicitar entrega urgente de mercanc\u00eda en Dinamarca.<\/p>\n<p>Tenemos servicio excelente de <strong>transporte urgente desde Espa\u00f1a a Dinamarca<\/strong> para los clientes que tienen necesidad de hacer entrega urgente de mercanc\u00eda. En casos necesarios cargando y\/o descargando la mercanc\u00eda fuera de los horarios habituales.<\/p>\n<p>Para las <strong>entregas urgentes en Dinamarca<\/strong> contamos con amplia flota de veh\u00edculos:<br \/>\n\u2013 camiones minitir lona hasta 1,2 toneladas con permisos ADR (8 europalets);<br \/>\n\u2013 camiones minitir frigor\u00edfico hasta 1,2 toneladas con permisos ADR (8 europalets);<br \/>\n\u2013 camiones minitir lona hasta 3,5 toneladas con permisos ADR;<br \/>\n\u2013 camiones minitir caja cerrada hasta 3,5 toneladas con permisos ADR;<br \/>\n\u2013 camiones minitir frigor\u00edfico hasta 3,5 toneladas con permisos ADR;<br \/>\n\u2013 camiones lona hasta 6 toneladas con permisos ADR;<br \/>\n\u2013 camiones caja cerrada hasta 6 toneladas con permisos ADR;<br \/>\n\u2013 camiones lona hasta 24 toneladas con permisos ADR y dos choferes;<br \/>\n\u2013 camiones frigor\u00edficos hasta 24 toneladas con permisos ADR y dos choferes.<\/p>\n<p><em>Entre amplia gama de cargas entregadas urgente en Dinamarca se puede destacar:<\/em><br \/>\n<em>Transporte terrestre urgente (entrega express) desde Espa\u00f1a a Dinamarca de material de automoci\u00f3n;<\/em><br \/>\n<em><strong>Transporte terrestre urgente<\/strong> (<strong>entrega express<\/strong>) <strong>desde Espa\u00f1a a Dinamarca<\/strong> de productos farmac\u00e9uticos con temperatura controlada;<\/em><br \/>\n<em>Transporte terrestre urgente (entrega express) desde Espa\u00f1a a Dinamarca de material para las ferias y exposiciones;<\/em><br \/>\n<em>Transporte urgente (entrega express) desde Espa\u00f1a a Dinamarca de material para eventos;<\/em><br \/>\n<em>Transporte urgente (entrega express) desde Espa\u00f1a a Dinamarca de productos congelados;<\/em><br \/>\n<em>Transporte urgente (entrega express) desde Espa\u00f1a a Dinamarca de productos materiales para los ensayos m\u00e9dicos e biologicos;<\/em><br \/>\n<em>Transporte urgente (entrega express) desde Espa\u00f1a a Dinamarca de cualquier otro tipo de material, producto, mercanc\u00eda.<\/em><\/p>\n<p>Posta Logistics, S.L. siempre puede ofrecer al cliente una soluci\u00f3n \u00f3ptima y adecuada para necesidad de transporte urgente terrestre desde Espa\u00f1a a Dinamarca. Nuestros servicios de entregas urgentes en Dinamarca seguros, garantizados, siempre a tiempo.<\/p>\n<p>A solicitud de nuestro cliente para el <a href=\"http:\/\/posta-logistics.com\/es\/transporte-urgente-express-delivery\">transporte terrestre urgente<\/a> (entrega express) desde Espa\u00f1a a Dinamarca posicionamos veh\u00edculo al lugar de carga muchas veces en un tiempo de menos de una hora en cualquier punto de Espa\u00f1a (\u00c1lava (Araba), Albacete, Alicante, Almer\u00eda, Asturias, \u00c1vila, Badajoz, Barcelona, Burgos, C\u00e1ceres, C\u00e1diz, Cantabria, Castell\u00f3n, Ciudad Real, C\u00f3rdoba, Cuenca, Gerona (Girona), Granada, Guadalajara, Guip\u00fazcoa (Gipuzkoa), Huelva, Huesca, Islas Baleares, Ja\u00e9n, La Coru\u00f1a (A Coru\u00f1a), La Rioja, Las Palmas, Le\u00f3n, L\u00e9rida (Lleida), Lugo, Madrid, M\u00e1laga, Murcia, Navarra, Orense, Palencia, Pontevedra, Salamanca, Segovia, Sevilla, Soria, Tarragona, Tenerife, Teruel, Toledo, Valencia, Valladolid, Vizcaya, Zamora, Zaragoza) para entregar la carga en cualquier punto de Dinamarca incluyendo ciudades principales: Copenhague (K\u00f8benhavn), Aarhus (\u00c5rhus), Odense, Aalborg (\u00c5lborg), Frederiksberg, Esbjerg, Randers, Kolding, Horsens, Vejle, Roskilde, Elsinor (Helsing\u00f8r), Herning, H\u00f8rsholm, Silkeborg, N\u00e6stved, Fredericia, Viborg, K\u00f8ge, Holstebro, Taastrup, Slagelse, Hiller\u00f8d, S\u00f8nderborg, Holb\u00e6k, Svendborg, Hj\u00f8rring, Frederikshavn, Haderslev, N\u00f8rresundby, Ringsted, \u00d8lstykke-Stenl\u00f8se, Skive, Birker\u00f8d.<\/p>\n<p>Para solicitar informaci\u00f3n o <strong>transporte express desde Espa\u00f1a a Dinamarca<\/strong> pueden <a href=\"http:\/\/posta-logistics.com\/es\/contacto\">contactar con Posta Logistics, S.L<\/a>.<\/p>\n<\/div>\n","protected":false},"excerpt":{"rendered":"<p>Transporte urgente (entregas express) desde Espa\u00f1a a Dinamarca Siempre tenemos un veh\u00edculo que puede cargar en cualquier punto de Espa\u00f1a y entregar la mercanc\u00eda en menos de 36 horas en Dinamarca. Pueden contactar directamente para solicitar entrega urgente de mercanc\u00eda en Dinamarca. Tenemos servicio excelente de transporte urgente desde Espa\u00f1a a Dinamarca para los clientes &#8230;<\/p>\n","protected":false},"author":3,"featured_media":0,"parent":0,"menu_order":0,"comment_status":"closed","ping_status":"closed","template":"","meta":{"_monsterinsights_skip_tracking":false,"_monsterinsights_sitenote_active":false,"_monsterinsights_sitenote_note":"","_monsterinsights_sitenote_category":0,"footnotes":""},"class_list":["post-1195","page","type-page","status-publish"],"aioseo_notices":[],"_links":{"self":[{"href":"https:\/\/posta-logistics.com\/es\/wp-json\/wp\/v2\/pages\/1195","targetHints":{"allow":["GET"]}}],"collection":[{"href":"https:\/\/posta-logistics.com\/es\/wp-json\/wp\/v2\/pages"}],"about":[{"href":"https:\/\/posta-logistics.com\/es\/wp-json\/wp\/v2\/types\/page"}],"author":[{"embeddable":true,"href":"https:\/\/posta-logistics.com\/es\/wp-json\/wp\/v2\/users\/3"}],"replies":[{"embeddable":true,"href":"https:\/\/posta-logistics.com\/es\/wp-json\/wp\/v2\/comments?post=1195"}],"version-history":[{"count":2,"href":"https:\/\/posta-logistics.com\/es\/wp-json\/wp\/v2\/pages\/1195\/revisions"}],"predecessor-version":[{"id":1204,"href":"https:\/\/posta-logistics.com\/es\/wp-json\/wp\/v2\/pages\/1195\/revisions\/1204"}],"wp:attachment":[{"href":"https:\/\/posta-logistics.com\/es\/wp-json\/wp\/v2\/media?parent=1195"}],"curies":[{"name":"wp","href":"https:\/\/api.w.org\/{rel}","templated":true}]}}