{"id":1205,"date":"2018-06-18T16:18:10","date_gmt":"2018-06-18T14:18:10","guid":{"rendered":"http:\/\/posta-logistics.com\/es\/?page_id=1205"},"modified":"2018-06-18T16:20:57","modified_gmt":"2018-06-18T14:20:57","slug":"transporte-urgente-entregas-express-desde-espana-a-eslovenia","status":"publish","type":"page","link":"https:\/\/posta-logistics.com\/es\/transporte-urgente-entregas-express-desde-espana-a-eslovenia","title":{"rendered":"Transporte urgente (entregas express) desde Espa\u00f1a a Eslovenia"},"content":{"rendered":"<div class=\"entry\">\n<p><strong>Transporte urgente (entregas express) desde Espa\u00f1a a Eslovenia<\/strong><\/p>\n<p>Siempre tenemos un veh\u00edculo que puede cargar en cualquier punto de Espa\u00f1a y entregar la mercanc\u00eda en menos de 24 horas en Eslovenia. Pueden <a href=\"http:\/\/posta-logistics.com\/es\/contacto\">contactar directamente<\/a> para solicitar <strong>entrega urgente de mercanc\u00eda en Eslovenia<\/strong>.<\/p>\n<p>Tenemos servicio excelente de <strong>transporte urgente desde Espa\u00f1a a Eslovenia<\/strong> para los clientes que tienen necesidad de hacer entrega urgente de mercanc\u00eda. En casos necesarios cargando y\/o descargando la mercanc\u00eda fuera de los horarios habituales.<\/p>\n<p>Para las <strong>entregas urgentes en Eslovenia<\/strong> contamos con amplia flota de veh\u00edculos:<br \/>\n\u2013 camiones minitir lona hasta 1,2 toneladas con permisos ADR (8 europalets);<br \/>\n\u2013 camiones minitir frigor\u00edfico hasta 1,2 toneladas con permisos ADR (8 europalets);<br \/>\n\u2013 camiones minitir lona hasta 3,5 toneladas con permisos ADR;<br \/>\n\u2013 camiones minitir caja cerrada hasta 3,5 toneladas con permisos ADR;<br \/>\n\u2013 camiones minitir frigor\u00edfico hasta 3,5 toneladas con permisos ADR;<br \/>\n\u2013 camiones lona hasta 6 toneladas con permisos ADR;<br \/>\n\u2013 camiones caja cerrada hasta 6 toneladas con permisos ADR;<br \/>\n\u2013 camiones lona hasta 24 toneladas con permisos ADR y dos choferes;<br \/>\n\u2013 camiones frigor\u00edficos hasta 24 toneladas con permisos ADR y dos choferes.<\/p>\n<p><em>Entre amplia gama de cargas entregadas urgentes en Eslovenia se puede destacar:<\/em><br \/>\n<em>Transporte terrestre urgente (entrega express) desde Espa\u00f1a a Eslovenia de material de automoci\u00f3n;<\/em><br \/>\n<em>Transporte terrestre urgente (entrega express) desde Espa\u00f1a a Eslovenia de productos farmac\u00e9uticos con temperatura controlada;<\/em><br \/>\n<em>Transporte terrestre urgente (entrega express) desde Espa\u00f1a a Eslovenia de material para las ferias y exposiciones;<\/em><br \/>\n<em>Transporte urgente (entrega express) <a href=\"http:\/\/posta-logistics.com\/es\/transporte-urgente-express-delivery\">desde Espa\u00f1a a Eslovenia<\/a> de material para eventos;<\/em><br \/>\n<em>Transporte urgente (entrega express) desde Espa\u00f1a a Eslovenia de productos congelados;<\/em><br \/>\n<em>Transporte urgente (entrega express) desde Espa\u00f1a a Eslovenia de productos materiales para los ensayos m\u00e9dicos e biologicos;<\/em><br \/>\n<em>Transporte urgente (entrega express) desde Espa\u00f1a a Eslovenia de cualquier otro tipo de material, producto, mercanc\u00eda.<\/em><\/p>\n<p>Posta Logistics, S.L. siempre puede ofrecer al cliente una soluci\u00f3n \u00f3ptima y adecuada para necesidad de transporte urgente terrestre desde Espa\u00f1a a Eslovenia. Nuestros servicios de entregas <strong>urgentes en Eslovenia<\/strong> seguros, garantizados, siempre a tiempo.<\/p>\n<p>A solicitud de nuestro cliente para el transporte terrestre urgente (entrega express) desde Espa\u00f1a a Eslovenia posicionamos veh\u00edculo al lugar de carga muchas veces en un tiempo de menos de una hora en cualquier punto de Espa\u00f1a (\u00c1lava (Araba), Albacete, Alicante, Almer\u00eda, Asturias, \u00c1vila, Badajoz, Barcelona, Burgos, C\u00e1ceres, C\u00e1diz, Cantabria, Castell\u00f3n, Ciudad Real, C\u00f3rdoba, Cuenca, Gerona (Girona), Granada, Guadalajara, Guip\u00fazcoa (Gipuzkoa), Huelva, Huesca, Islas Baleares, Ja\u00e9n, La Coru\u00f1a (A Coru\u00f1a), La Rioja, Las Palmas, Le\u00f3n, L\u00e9rida (Lleida), Lugo, Madrid, M\u00e1laga, Murcia, Navarra, Orense, Palencia, Pontevedra, Salamanca, Segovia, Sevilla, Soria, Tarragona, Tenerife, Teruel, Toledo, Valencia, Valladolid, Vizcaya, Zamora, Zaragoza) para entregar la carga en cualquier punto de Eslovenia incluyendo ciudades principales: Ljubljana; Bled; Maribor; Murska-sobota; Piran; Ptuj; Trbovlje; Sevnica; Zalec.<\/p>\n<p>Para solicitar informaci\u00f3n o transporte express desde Espa\u00f1a a Eslovenia pueden <a href=\"http:\/\/posta-logistics.com\/es\/contacto\">contactar con Posta Logistics, S.L<\/a>.<\/p>\n<\/div>\n","protected":false},"excerpt":{"rendered":"<p>Transporte urgente (entregas express) desde Espa\u00f1a a Eslovenia Siempre tenemos un veh\u00edculo que puede cargar en cualquier punto de Espa\u00f1a y entregar la mercanc\u00eda en menos de 24 horas en Eslovenia. Pueden contactar directamente para solicitar entrega urgente de mercanc\u00eda en Eslovenia. Tenemos servicio excelente de transporte urgente desde Espa\u00f1a a Eslovenia para los clientes &#8230;<\/p>\n","protected":false},"author":3,"featured_media":0,"parent":0,"menu_order":0,"comment_status":"closed","ping_status":"closed","template":"","meta":{"_monsterinsights_skip_tracking":false,"_monsterinsights_sitenote_active":false,"_monsterinsights_sitenote_note":"","_monsterinsights_sitenote_category":0,"footnotes":""},"class_list":["post-1205","page","type-page","status-publish"],"aioseo_notices":[],"_links":{"self":[{"href":"https:\/\/posta-logistics.com\/es\/wp-json\/wp\/v2\/pages\/1205","targetHints":{"allow":["GET"]}}],"collection":[{"href":"https:\/\/posta-logistics.com\/es\/wp-json\/wp\/v2\/pages"}],"about":[{"href":"https:\/\/posta-logistics.com\/es\/wp-json\/wp\/v2\/types\/page"}],"author":[{"embeddable":true,"href":"https:\/\/posta-logistics.com\/es\/wp-json\/wp\/v2\/users\/3"}],"replies":[{"embeddable":true,"href":"https:\/\/posta-logistics.com\/es\/wp-json\/wp\/v2\/comments?post=1205"}],"version-history":[{"count":1,"href":"https:\/\/posta-logistics.com\/es\/wp-json\/wp\/v2\/pages\/1205\/revisions"}],"predecessor-version":[{"id":1206,"href":"https:\/\/posta-logistics.com\/es\/wp-json\/wp\/v2\/pages\/1205\/revisions\/1206"}],"wp:attachment":[{"href":"https:\/\/posta-logistics.com\/es\/wp-json\/wp\/v2\/media?parent=1205"}],"curies":[{"name":"wp","href":"https:\/\/api.w.org\/{rel}","templated":true}]}}