{"id":1208,"date":"2018-06-18T17:04:02","date_gmt":"2018-06-18T15:04:02","guid":{"rendered":"http:\/\/posta-logistics.com\/es\/?page_id=1208"},"modified":"2018-06-22T10:25:12","modified_gmt":"2018-06-22T08:25:12","slug":"transporte-urgente-entregas-express-desde-espana-a-irlanda","status":"publish","type":"page","link":"https:\/\/posta-logistics.com\/es\/transporte-urgente-entregas-express-desde-espana-a-irlanda","title":{"rendered":"Transporte urgente (entregas express) desde Espa\u00f1a a Irlanda"},"content":{"rendered":"<div class=\"entry\">\n<p><strong>Transporte urgente (entregas express) desde Espa\u00f1a a Irlanda<\/strong><\/p>\n<p>Siempre tenemos un veh\u00edculo que puede cargar en cualquier punto de Espa\u00f1a y entregar la mercanc\u00eda en menos de 48 horas en Irlanda. Pueden <a href=\"http:\/\/posta-logistics.com\/es\/contacto\">contactar directamente<\/a> para solicitar <strong>entrega urgente de mercanc\u00eda en Irlanda<\/strong>.<\/p>\n<p>Tenemos servicio excelente de <strong>transporte urgente desde Espa\u00f1a a Irlanda<\/strong> para los clientes que tienen necesidad de hacer entrega urgente de mercanc\u00eda. En casos necesarios cargando y\/o descargando la mercanc\u00eda fuera de los horarios habituales.<\/p>\n<p>Para las entregas urgentes en Irlanda contamos con amplia flota de veh\u00edculos:<br \/>\n\u2013 camiones minitir lona hasta 1,2 toneladas con permisos ADR (8 europalets);<br \/>\n\u2013 camiones minitir frigor\u00edfico hasta 1,2 toneladas con permisos ADR (8 europalets);<br \/>\n\u2013 camiones minitir lona hasta 3,5 toneladas con permisos ADR;<br \/>\n\u2013 camiones minitir caja cerrada hasta 3,5 toneladas con permisos ADR;<br \/>\n\u2013 camiones minitir frigor\u00edfico hasta 3,5 toneladas con permisos ADR;<br \/>\n\u2013 camiones lona hasta 6 toneladas con permisos ADR;<br \/>\n\u2013 camiones caja cerrada hasta 6 toneladas con permisos ADR;<br \/>\n\u2013 camiones lona hasta 24 toneladas con permisos ADR y dos choferes;<br \/>\n\u2013 camiones frigor\u00edficos hasta 24 toneladas con permisos ADR y dos choferes.<\/p>\n<p>Entre amplia gama de cargas entregadas urgentes en Irlanda se puede destacar:<br \/>\nTransporte terrestre urgente (entrega express) desde Espa\u00f1a a Irlanda de material de automoci\u00f3n;<br \/>\nTransporte terrestre urgente (entrega express) desde Espa\u00f1a a Irlanda de productos farmac\u00e9uticos con temperatura controlada;<br \/>\nTransporte terrestre urgente (entrega express) desde Espa\u00f1a a Irlanda de material para las ferias y exposiciones;<br \/>\nTransporte urgente (entrega express) desde Espa\u00f1a a Irlanda de material para eventos;<br \/>\nTransporte urgente (entrega express) desde Espa\u00f1a a Irlanda de productos congelados;<br \/>\nTransporte urgente (entrega express) desde Espa\u00f1a a Irlanda de productos materiales para los ensayos m\u00e9dicos e biologicos;<br \/>\nTransporte urgente (entrega express) desde Espa\u00f1a a Irlanda de cualquier otro tipo de material, producto, mercanc\u00eda.<\/p>\n<p>Posta Logistics, S.L. siempre puede ofrecer al cliente una soluci\u00f3n \u00f3ptima y adecuada para necesidad de <a href=\"http:\/\/posta-logistics.com\/es\/transporte-urgente-express-delivery\">transporte urgente terrestre desde Espa\u00f1a a Irlanda<\/a>. Nuestros servicios de entregas urgentes en Irlanda seguros, garantizados, siempre a tiempo.<\/p>\n<p>A solicitud de nuestro cliente para el transporte terrestre urgente (entrega express) desde Espa\u00f1a a Irlanda posicionamos veh\u00edculo al lugar de carga muchas veces en un tiempo de menos de una hora en cualquier punto de Espa\u00f1a (\u00c1lava (Araba), Albacete, Alicante, Almer\u00eda, Asturias, \u00c1vila, Badajoz, Barcelona, Burgos, C\u00e1ceres, C\u00e1diz, Cantabria, Castell\u00f3n, Ciudad Real, C\u00f3rdoba, Cuenca, Gerona (Girona), Granada, Guadalajara, Guip\u00fazcoa (Gipuzkoa), Huelva, Huesca, Islas Baleares, Ja\u00e9n, La Coru\u00f1a (A Coru\u00f1a), La Rioja, Las Palmas, Le\u00f3n, L\u00e9rida (Lleida), Lugo, Madrid, M\u00e1laga, Murcia, Navarra, Orense, Palencia, Pontevedra, Salamanca, Segovia, Sevilla, Soria, Tarragona, Tenerife, Teruel, Toledo, Valencia, Valladolid, Vizcaya, Zamora, Zaragoza) para entregar la carga en cualquier punto de Irlanda incluyendo ciudades principales: Dublin, Cork, Limerick, Galway, Waterford, Drogheda, Kilkenny, Wexford, Sligo, Clonmel, Dundalk, Bray, Navan (An Uaimh), Ennis, Tralee, Carlow, Naas, Athlone, Letterkenny, Tullamore, Killarney, Arklow, Cobh, Castlebar, Midleton, Mallow, Ballina, Enniscorthy, Wicklow, Cavan, Athy, Longford, Dungarvan, Nenagh, Trim, New Ross, Thurles, Youghal, Monaghan, Buncrana, Ballinasloe, Fermoy, Westport, Carrick-on-Suir, Kells (Ceannanus M\u00f3r), Birr, Tipperary, Carrickmacross, Kinsale, Listowel, Clonakilty, Cashel, Macroom, Castleblayney (Castleblaney), Kilrush, Skibbereen, Bundoran, Templemore, Clones, Newbridge (Droichead Nua), Port Laoise (Portlaoise), Mullingar, Balbriggan, Greystones, Leixlip, Tramore, Shannon, Gorey, Tuam, Edenderry, Bandon, Passage, Loughrea, Ardee, Mountmellick, Bantry, Muine Bheag (Muinebeag, Bagenalstown), Boyle, Ballyshannon, Cootehill, Ballybay, Belturbet; Lismore, Kilkee, Granard.<\/p>\n<p>Para solicitar informaci\u00f3n o transporte express desde Espa\u00f1a a Irlanda pueden <a href=\"http:\/\/posta-logistics.com\/es\/contacto\">contactar con Posta Logistics, S.L<\/a>.<\/p>\n<\/div>\n","protected":false},"excerpt":{"rendered":"<p>Transporte urgente (entregas express) desde Espa\u00f1a a Irlanda Siempre tenemos un veh\u00edculo que puede cargar en cualquier punto de Espa\u00f1a y entregar la mercanc\u00eda en menos de 48 horas en Irlanda. Pueden contactar directamente para solicitar entrega urgente de mercanc\u00eda en Irlanda. Tenemos servicio excelente de transporte urgente desde Espa\u00f1a a Irlanda para los clientes &#8230;<\/p>\n","protected":false},"author":3,"featured_media":0,"parent":0,"menu_order":0,"comment_status":"closed","ping_status":"closed","template":"","meta":{"_monsterinsights_skip_tracking":false,"_monsterinsights_sitenote_active":false,"_monsterinsights_sitenote_note":"","_monsterinsights_sitenote_category":0,"footnotes":""},"class_list":["post-1208","page","type-page","status-publish"],"aioseo_notices":[],"_links":{"self":[{"href":"https:\/\/posta-logistics.com\/es\/wp-json\/wp\/v2\/pages\/1208","targetHints":{"allow":["GET"]}}],"collection":[{"href":"https:\/\/posta-logistics.com\/es\/wp-json\/wp\/v2\/pages"}],"about":[{"href":"https:\/\/posta-logistics.com\/es\/wp-json\/wp\/v2\/types\/page"}],"author":[{"embeddable":true,"href":"https:\/\/posta-logistics.com\/es\/wp-json\/wp\/v2\/users\/3"}],"replies":[{"embeddable":true,"href":"https:\/\/posta-logistics.com\/es\/wp-json\/wp\/v2\/comments?post=1208"}],"version-history":[{"count":1,"href":"https:\/\/posta-logistics.com\/es\/wp-json\/wp\/v2\/pages\/1208\/revisions"}],"predecessor-version":[{"id":1209,"href":"https:\/\/posta-logistics.com\/es\/wp-json\/wp\/v2\/pages\/1208\/revisions\/1209"}],"wp:attachment":[{"href":"https:\/\/posta-logistics.com\/es\/wp-json\/wp\/v2\/media?parent=1208"}],"curies":[{"name":"wp","href":"https:\/\/api.w.org\/{rel}","templated":true}]}}