{"id":1215,"date":"2018-06-19T11:57:27","date_gmt":"2018-06-19T09:57:27","guid":{"rendered":"http:\/\/posta-logistics.com\/es\/?page_id=1215"},"modified":"2018-06-19T11:59:40","modified_gmt":"2018-06-19T09:59:40","slug":"transporte-urgente-entregas-express-desde-espana-a-rumania","status":"publish","type":"page","link":"https:\/\/posta-logistics.com\/es\/transporte-urgente-entregas-express-desde-espana-a-rumania","title":{"rendered":"Transporte urgente (entregas express) desde Espa\u00f1a a Ruman\u00eda"},"content":{"rendered":"<div class=\"entry\">\n<p><strong>Transporte urgente (entregas express) desde Espa\u00f1a a Ruman\u00eda<\/strong><\/p>\n<p>Siempre tenemos un veh\u00edculo que puede cargar en cualquier punto de Espa\u00f1a y entregar la mercanc\u00eda en menos de 48 horas en Ruman\u00eda. Pueden <a href=\"http:\/\/posta-logistics.com\/es\/contacto\">contactar directamente<\/a> para solicitar entrega urgente de mercanc\u00eda en Ruman\u00eda.<\/p>\n<p>Tenemos servicio excelente de <strong>transporte urgente desde Espa\u00f1a a Ruman\u00eda<\/strong> para los clientes que tienen necesidad de hacer entrega urgente de mercanc\u00eda. En casos necesarios cargando y\/o descargando la mercanc\u00eda fuera de los horarios habituales.<\/p>\n<p><em>Para las entregas urgentes en Ruman\u00eda contamos con amplia flota de veh\u00edculos:<\/em><br \/>\n<em>\u2013 camiones minitir lona hasta 1,2 toneladas con permisos ADR (8 europalets);<\/em><br \/>\n<em>\u2013 camiones minitir frigor\u00edfico hasta 1,2 toneladas con permisos ADR (8 europalets);<\/em><br \/>\n<em>\u2013 camiones minitir lona hasta 3,5 toneladas con permisos ADR;<\/em><br \/>\n<em>\u2013 camiones minitir caja cerrada hasta 3,5 toneladas con permisos ADR;<\/em><br \/>\n<em>\u2013 camiones minitir frigor\u00edfico hasta 3,5 toneladas con permisos ADR;<\/em><br \/>\n<em>\u2013 camiones lona hasta 6 toneladas con permisos ADR;<\/em><br \/>\n<em>\u2013 camiones caja cerrada hasta 6 toneladas con permisos ADR;<\/em><br \/>\n<em>\u2013 camiones lona hasta 24 toneladas con permisos ADR y dos choferes;<\/em><br \/>\n<em>\u2013 camiones frigor\u00edficos hasta 24 toneladas con permisos ADR y dos choferes.<\/em><\/p>\n<p>Entre amplia gama de cargas entregadas urgentes en Ruman\u00eda se puede destacar:<br \/>\nTransporte terrestre urgente (entrega express) desde Espa\u00f1a a Ruman\u00eda de material de automoci\u00f3n;<br \/>\nTransporte terrestre urgente (entrega express) desde Espa\u00f1a a Ruman\u00eda de productos farmac\u00e9uticos con temperatura controlada;<br \/>\nTransporte terrestre urgente (entrega express) desde Espa\u00f1a a Ruman\u00eda de material para las ferias y exposiciones;<br \/>\nTransporte urgente (entrega express) desde Espa\u00f1a a Ruman\u00eda de material para eventos;<br \/>\nTransporte urgente (entrega express) desde Espa\u00f1a a Ruman\u00eda de productos congelados;<br \/>\nTransporte urgente (entrega express) desde Espa\u00f1a a Ruman\u00eda de productos materiales para los ensayos m\u00e9dicos e biologicos;<br \/>\nTransporte urgente (entrega express) desde Espa\u00f1a a Ruman\u00eda de cualquier otro tipo de material, producto, mercanc\u00eda.<\/p>\n<p>Posta Logistics, S.L. siempre puede ofrecer al cliente una soluci\u00f3n \u00f3ptima y adecuada para necesidad de<strong> transporte urgente terrestre desde Espa\u00f1a a Ruman\u00eda<\/strong>. Nuestros servicios de <a href=\"http:\/\/posta-logistics.com\/es\/transporte-urgente-express-delivery\">entregas urgentes en Ruman\u00eda<\/a> seguros, garantizados, siempre a tiempo.<\/p>\n<p>A solicitud de nuestro cliente para el transporte terrestre urgente (entrega express) desde Espa\u00f1a a Ruman\u00eda posicionamos veh\u00edculo al lugar de carga muchas veces en un tiempo de menos de una hora en cualquier punto de Espa\u00f1a (\u00c1lava (Araba), Albacete, Alicante, Almer\u00eda, Asturias, \u00c1vila, Badajoz, Barcelona, Burgos, C\u00e1ceres, C\u00e1diz, Cantabria, Castell\u00f3n, Ciudad Real, C\u00f3rdoba, Cuenca, Gerona (Girona), Granada, Guadalajara, Guip\u00fazcoa (Gipuzkoa), Huelva, Huesca, Islas Baleares, Ja\u00e9n, La Coru\u00f1a (A Coru\u00f1a), La Rioja, Las Palmas, Le\u00f3n, L\u00e9rida (Lleida), Lugo, Madrid, M\u00e1laga, Murcia, Navarra, Orense, Palencia, Pontevedra, Salamanca, Segovia, Sevilla, Soria, Tarragona, Tenerife, Teruel, Toledo, Valencia, Valladolid, Vizcaya, Zamora, Zaragoza) para entregar la carga en cualquier punto de Ruman\u00eda incluyendo ciudades principales: Bucharest, Cluj-Napoca, Timi\u0219oara, Ia\u0219i, Constan\u021ba, Craiova, Bra\u0219ov, Gala\u021bi, Ploie\u0219ti, Oradea, Br\u0103ila, Arad, Pite\u0219ti, Sibiu, Bac\u0103u, T\u00e2rgu Mure\u0219, Baia Mare, Buz\u0103u, Boto\u0219ani, Satu Mare, R\u00e2mnicu V\u00e2lcea, Drobeta-Turnu Severin, Suceava, Piatra Neam\u021b, T\u00e2rgu Jiu, T\u00e2rgovi\u0219te, Foc\u0219ani, Bistri\u021ba, Tulcea, Re\u0219i\u021ba, Slatina, C\u0103l\u0103ra\u0219i, Alba Iulia, Giurgiu, Deva, Hunedoara, Zal\u0103u, Sf\u00e2ntu Gheorghe, B\u00e2rlad, Vaslui, Roman, Turda, Media\u0219, Slobozia, Alexandria, Voluntari, Lugoj, Medgidia, One\u0219ti, Miercurea Ciuc, Sighetu Marma\u021biei, Petro\u0219ani, Mangalia, Tecuci, Odorheiu Secuiesc, R\u00e2mnicu S\u0103rat, Pa\u0219cani, Dej, Reghin, N\u0103vodari, C\u00e2mpina, Mioveni, C\u00e2mpulung, Caracal, S\u0103cele, F\u0103g\u0103ra\u0219, Fete\u0219ti, Sighi\u0219oara, Bor\u0219a, Ro\u0219iorii de Vede, Curtea de Arge\u0219, Sebe\u0219, Hu\u0219i, F\u0103lticeni, Pantelimon, Olteni\u021ba, Turnu M\u0103gurele, Caransebe\u0219, Dorohoi, Vulcan, R\u0103d\u0103u\u021bi, Z\u0103rne\u0219ti, Lupeni, Aiud, Petrila, C\u00e2mpia Turzii, Buftea, T\u00e2rn\u0103veni, Pope\u0219ti-Leordeni, Moine\u0219ti, Codlea, Cugir, Carei, Gherla, Blaj, Com\u0103ne\u0219ti, Motru, T\u00e2rgu Neam\u021b, Moreni, T\u00e2rgu Secuiesc, Gheorgheni, Or\u0103\u0219tie, Bal\u0219.<\/p>\n<p>Para solicitar informaci\u00f3n o <strong>transporte express desde Espa\u00f1a a Ruman\u00eda<\/strong> pueden <a href=\"http:\/\/posta-logistics.com\/es\/contacto\">contactar con Posta Logistics, S.L<\/a>.<\/p>\n<\/div>\n","protected":false},"excerpt":{"rendered":"<p>Transporte urgente (entregas express) desde Espa\u00f1a a Ruman\u00eda Siempre tenemos un veh\u00edculo que puede cargar en cualquier punto de Espa\u00f1a y entregar la mercanc\u00eda en menos de 48 horas en Ruman\u00eda. Pueden contactar directamente para solicitar entrega urgente de mercanc\u00eda en Ruman\u00eda. Tenemos servicio excelente de transporte urgente desde Espa\u00f1a a Ruman\u00eda para los clientes &#8230;<\/p>\n","protected":false},"author":3,"featured_media":0,"parent":0,"menu_order":0,"comment_status":"closed","ping_status":"closed","template":"","meta":{"_monsterinsights_skip_tracking":false,"_monsterinsights_sitenote_active":false,"_monsterinsights_sitenote_note":"","_monsterinsights_sitenote_category":0,"footnotes":""},"class_list":["post-1215","page","type-page","status-publish"],"aioseo_notices":[],"_links":{"self":[{"href":"https:\/\/posta-logistics.com\/es\/wp-json\/wp\/v2\/pages\/1215","targetHints":{"allow":["GET"]}}],"collection":[{"href":"https:\/\/posta-logistics.com\/es\/wp-json\/wp\/v2\/pages"}],"about":[{"href":"https:\/\/posta-logistics.com\/es\/wp-json\/wp\/v2\/types\/page"}],"author":[{"embeddable":true,"href":"https:\/\/posta-logistics.com\/es\/wp-json\/wp\/v2\/users\/3"}],"replies":[{"embeddable":true,"href":"https:\/\/posta-logistics.com\/es\/wp-json\/wp\/v2\/comments?post=1215"}],"version-history":[{"count":1,"href":"https:\/\/posta-logistics.com\/es\/wp-json\/wp\/v2\/pages\/1215\/revisions"}],"predecessor-version":[{"id":1216,"href":"https:\/\/posta-logistics.com\/es\/wp-json\/wp\/v2\/pages\/1215\/revisions\/1216"}],"wp:attachment":[{"href":"https:\/\/posta-logistics.com\/es\/wp-json\/wp\/v2\/media?parent=1215"}],"curies":[{"name":"wp","href":"https:\/\/api.w.org\/{rel}","templated":true}]}}