{"id":1242,"date":"2018-06-20T17:34:20","date_gmt":"2018-06-20T15:34:20","guid":{"rendered":"http:\/\/posta-logistics.com\/es\/?page_id=1242"},"modified":"2018-06-20T17:36:08","modified_gmt":"2018-06-20T15:36:08","slug":"transporte-urgente-entregas-express-desde-espana-a-austria","status":"publish","type":"page","link":"https:\/\/posta-logistics.com\/es\/transporte-urgente-entregas-express-desde-espana-a-austria","title":{"rendered":"Transporte urgente (entregas express) desde Espa\u00f1a a Austria"},"content":{"rendered":"<div class=\"entry\">\n<p><strong>Transporte urgente (entregas express) desde Espa\u00f1a a Austria<\/strong><\/p>\n<p>Siempre tenemos un veh\u00edculo que puede cargar en cualquier punto de Austria y entregar la mercanc\u00eda en un plazo de tiempo muy limitado en Austria. Pueden <a href=\"http:\/\/posta-logistics.com\/es\/contacto\">contactar directamente<\/a> para solicitar entrega urgente de mercanc\u00eda en Austria.<\/p>\n<p>Tenemos servicio excelente de <strong>transporte urgente desde Espa\u00f1a a Austria<\/strong> para los clientes que tienen necesidad de hacer entrega urgente de mercanc\u00eda. En casos necesarios cargando y\/o descargando la mercanc\u00eda fuera de los horarios habituales.<\/p>\n<p>Para las entregas urgentes en Austria contamos con amplia flota de veh\u00edculos:<br \/>\n<em>\u2013 camiones minitir lona hasta 1,2 toneladas con permisos ADR (8 europalets);<\/em><br \/>\n<em> \u2013 camiones minitir frigor\u00edfico hasta 1,2 toneladas con permisos ADR (8 europalets);<\/em><br \/>\n<em> \u2013 camiones minitir lona hasta 3,5 toneladas con permisos ADR;<\/em><br \/>\n<em> \u2013 camiones minitir caja cerrada hasta 3,5 toneladas con permisos ADR;<\/em><br \/>\n<em> \u2013 camiones minitir frigor\u00edfico hasta 3,5 toneladas con permisos ADR;<\/em><br \/>\n<em> \u2013 camiones lona hasta 6 toneladas con permisos ADR;<\/em><br \/>\n<em> \u2013 camiones caja cerrada hasta 6 toneladas con permisos ADR;<\/em><br \/>\n<em> \u2013 camiones lona hasta 24 toneladas con permisos ADR y dos choferes;<\/em><br \/>\n<em> \u2013 camiones frigor\u00edficos hasta 24 toneladas con permisos ADR y dos choferes.<\/em><\/p>\n<p>Entre amplia gama de cargas urgentes entregadas en Austria se puede destacar:<br \/>\nTransporte terrestre urgente (entrega express) desde Espa\u00f1a a Austria de material de automoci\u00f3n;<br \/>\nTransporte terrestre urgente (entrega express) desde Espa\u00f1a a Austria de productos farmac\u00e9uticos con temperatura controlada;<br \/>\n<a href=\"http:\/\/posta-logistics.com\/es\/transporte-urgente-express-delivery\">Transporte terrestre urgente<\/a> (entrega express) desde Espa\u00f1a a Austria de material para las ferias y exposiciones;<br \/>\nTransporte urgente (entrega express) desde Espa\u00f1a a Austria de material para eventos;<br \/>\nTransporte urgente (entrega express) desde Espa\u00f1a a Austria de productos congelados;<br \/>\nTransporte urgente (entrega express) desde Espa\u00f1a a Austria de productos materiales para los ensayos m\u00e9dicos e biologicos;<br \/>\nTransporte urgente (entrega express) desde Espa\u00f1a a Austria de cualquier otro tipo de material, producto, mercanc\u00eda.<\/p>\n<p>Posta Logistics, S.L. siempre puede ofrecer al cliente una soluci\u00f3n \u00f3ptima y adecuada para necesidad de <strong>transporte urgente terrestre desde Espa\u00f1a a Austria<\/strong>. Nuestros servicios de entregas urgentes en Austria seguros, garantizados, siempre a tiempo.<\/p>\n<p>A solicitud de nuestro cliente para el transporte terrestre urgente (entrega express) desde Espa\u00f1a a Austria posicionamos veh\u00edculo al lugar de carga muchas veces en un tiempo de menos de una hora en cualquier punto de Espa\u00f1a (\u00c1lava (Araba), Albacete, Alicante, Almer\u00eda, Asturias, \u00c1vila, Badajoz, Barcelona, Burgos, C\u00e1ceres, C\u00e1diz, Cantabria, Castell\u00f3n, Ciudad Real, C\u00f3rdoba, Cuenca, Gerona (Girona), Granada, Guadalajara, Guip\u00fazcoa (Gipuzkoa), Huelva, Huesca, Islas Baleares, Ja\u00e9n, La Coru\u00f1a (A Coru\u00f1a), La Rioja, Las Palmas, Le\u00f3n, L\u00e9rida (Lleida), Lugo, Madrid, M\u00e1laga, Murcia, Navarra, Orense, Palencia, Pontevedra, Salamanca, Segovia, Sevilla, Soria, Tarragona, Tenerife, Teruel, Toledo, Valencia, Valladolid, Vizcaya, Zamora, Zaragoza) para entregar la carga en cualquier punto de Austria incluyendo ciudades principales: Bratislava, Ko\u0161ice, Pre\u0161ov, \u017dilina, Nitra, Bansk\u00e1 Bystrica, Trnava, Tren\u010d\u00edn, Martin, Poprad, Prievidza, Zvolen, Pova\u017esk\u00e1 Bystrica, Nov\u00e9 Z\u00e1mky, Michalovce, Spi\u0161sk\u00e1 Nov\u00e1 Ves, Kom\u00e1rno, Levice, Humenn\u00e9, Bardejov, Liptovsk\u00fd Mikul\u00e1\u0161, Ru\u017eomberok, Pie\u0161\u0165any, Topo\u013e\u010dany, Lu\u010denec, \u010cadca, Dubnica nad V\u00e1hom, Rimavsk\u00e1 Sobota, Partiz\u00e1nske, \u0160a\u013ea, Dunajsk\u00e1 Streda, Trebi\u0161ov, Vranov nad Top\u013eou, Hlohovec, Brezno, Snina, Pezinok, Senica, Nov\u00e9 Mesto nad V\u00e1hom, B\u00e1novce nad Bebravou, Doln\u00fd Kub\u00edn, \u017diar nad Hronom, Ro\u017e\u0148ava, P\u00fachov, Malacky, Handlov\u00e1, Sere\u010f, Ke\u017emarok, Kysuck\u00e9 Nov\u00e9 Mesto, Star\u00e1 \u013dubov\u0148a, Galanta, Senec, Detva, Skalica, Levo\u010da, Ve\u013ek\u00fd Krt\u00ed\u0161, Zlat\u00e9 Moravce, Rev\u00faca, Myjava, \u0160amor\u00edn, Sabinov, Svidn\u00edk, Nov\u00e1 Dubnica, Byt\u010da, Hol\u00ed\u010d, \u0160t\u00farovo, Stropkov, Bansk\u00e1 \u0160tiavnica, Kol\u00e1rovo, \u0160urany, Fi\u013eakovo, Star\u00e1 Tur\u00e1, Moldava nad Bodvou, Ve\u013ek\u00e9 Kapu\u0161any, Vr\u00e1ble, Tvrdo\u0161\u00edn, Ve\u013ek\u00fd Meder, Krompachy, Modra, Stupava, N\u00e1mestovo, Hurbanovo, Hri\u0148ov\u00e1, Torna\u013ea, \u0160ahy, Kr\u00e1\u013eovsk\u00fd Chlmec, Se\u010dovce, Krupina, Liptovsk\u00fd Hr\u00e1dok, Turzovka, Trsten\u00e1, Svit, \u017deliezovce, Hn\u00fa\u0161\u0165a, Nov\u00e1 Ba\u0148a, Vr\u00fatky, Kr\u00e1sno nad Kysucou, Tur\u010dianske Teplice, Medzilaborce, \u017darnovica, Lipany, Vrbov\u00e9, Sobrance, Spi\u0161sk\u00e1 Bel\u00e1, Nem\u0161ov\u00e1, Gelnica, Rajec, Polt\u00e1r, Sl\u00e1dkovi\u010dovo, Kremnica, Brezov\u00e1 pod Bradlom, Ilava, Gbely, Dob\u0161in\u00e1, \u0160a\u0161t\u00edn-Str\u00e1\u017ee, Bojnice, Sv\u00e4t\u00fd Jur, Slia\u010d, Vysok\u00e9 Tatry, Str\u00e1\u017eske, Ve\u013ek\u00fd \u0160ari\u0161, Nov\u00e1ky, Tren\u010dianske Teplice, \u010cierna nad Tisou, Giraltovce, Tlma\u010de, Leopoldov, Tisovec, Spi\u0161sk\u00e9 Podhradie, Medzev, Hanu\u0161ovce nad Top\u013eou, Spi\u0161sk\u00e9 Vlachy, Podol\u00ednec, Jel\u0161ava, Rajeck\u00e9 Teplice, Spi\u0161sk\u00e1 Star\u00e1 Ves, Dudince, Modr\u00fd Kame\u0148.<\/p>\n<p>Para solicitar informaci\u00f3n o transporte express desde Espa\u00f1a a Austria pueden <a href=\"http:\/\/posta-logistics.com\/es\/contacto\">contactar con Posta Logistics, S.L<\/a>.<\/p>\n<\/div>\n","protected":false},"excerpt":{"rendered":"<p>Transporte urgente (entregas express) desde Espa\u00f1a a Austria Siempre tenemos un veh\u00edculo que puede cargar en cualquier punto de Austria y entregar la mercanc\u00eda en un plazo de tiempo muy limitado en Austria. Pueden contactar directamente para solicitar entrega urgente de mercanc\u00eda en Austria. Tenemos servicio excelente de transporte urgente desde Espa\u00f1a a Austria para &#8230;<\/p>\n","protected":false},"author":3,"featured_media":0,"parent":0,"menu_order":0,"comment_status":"closed","ping_status":"closed","template":"","meta":{"_monsterinsights_skip_tracking":false,"_monsterinsights_sitenote_active":false,"_monsterinsights_sitenote_note":"","_monsterinsights_sitenote_category":0,"footnotes":""},"class_list":["post-1242","page","type-page","status-publish"],"aioseo_notices":[],"_links":{"self":[{"href":"https:\/\/posta-logistics.com\/es\/wp-json\/wp\/v2\/pages\/1242","targetHints":{"allow":["GET"]}}],"collection":[{"href":"https:\/\/posta-logistics.com\/es\/wp-json\/wp\/v2\/pages"}],"about":[{"href":"https:\/\/posta-logistics.com\/es\/wp-json\/wp\/v2\/types\/page"}],"author":[{"embeddable":true,"href":"https:\/\/posta-logistics.com\/es\/wp-json\/wp\/v2\/users\/3"}],"replies":[{"embeddable":true,"href":"https:\/\/posta-logistics.com\/es\/wp-json\/wp\/v2\/comments?post=1242"}],"version-history":[{"count":3,"href":"https:\/\/posta-logistics.com\/es\/wp-json\/wp\/v2\/pages\/1242\/revisions"}],"predecessor-version":[{"id":1245,"href":"https:\/\/posta-logistics.com\/es\/wp-json\/wp\/v2\/pages\/1242\/revisions\/1245"}],"wp:attachment":[{"href":"https:\/\/posta-logistics.com\/es\/wp-json\/wp\/v2\/media?parent=1242"}],"curies":[{"name":"wp","href":"https:\/\/api.w.org\/{rel}","templated":true}]}}