{"id":1248,"date":"2018-06-21T18:58:10","date_gmt":"2018-06-21T16:58:10","guid":{"rendered":"http:\/\/posta-logistics.com\/es\/?page_id=1248"},"modified":"2018-06-21T18:58:26","modified_gmt":"2018-06-21T16:58:26","slug":"transporte-urgente-entregas-express-desde-espana-a-paises-bajos-holanda","status":"publish","type":"page","link":"https:\/\/posta-logistics.com\/es\/transporte-urgente-entregas-express-desde-espana-a-paises-bajos-holanda","title":{"rendered":"Transporte urgente (entregas express) desde Espa\u00f1a a Pa\u00edses Bajos (Holanda)"},"content":{"rendered":"<div class=\"entry\">\n<p><strong>Transporte urgente (entregas express) desde Espa\u00f1a a Pa\u00edses Bajos (Holanda)<\/strong><\/p>\n<p>Siempre tenemos un veh\u00edculo que puede cargar en cualquier punto de Espa\u00f1a y entregar la mercanc\u00eda en un plazo de tiempo muy limitado en Pa\u00edses Bajos (Holanda). Pueden <a href=\"http:\/\/posta-logistics.com\/es\/contacto\">contactar directamente<\/a> para solicitar <strong>entrega urgente de mercanc\u00eda en Pa\u00edses Bajos (Holanda)<\/strong>.<\/p>\n<p>Tenemos servicio excelente de transporte urgente desde Espa\u00f1a a Pa\u00edses Bajos (Holanda) para los clientes que tienen necesidad de hacer entrega urgente de mercanc\u00eda. En casos necesarios cargando y\/o descargando la mercanc\u00eda fuera de los horarios habituales.<\/p>\n<p>Para las entregas urgentes en Pa\u00edses Bajos (Holanda) contamos con amplia flota de veh\u00edculos:<br \/>\n<em>\u2013 camiones minitir lona hasta 1,2 toneladas con permisos ADR (8 europalets);<\/em><br \/>\n<em>\u2013 camiones minitir frigor\u00edfico hasta 1,2 toneladas con permisos ADR (8 europalets);<\/em><br \/>\n<em>\u2013 camiones minitir lona hasta 3,5 toneladas con permisos ADR;<\/em><br \/>\n<em>\u2013 camiones minitir caja cerrada hasta 3,5 toneladas con permisos ADR;<\/em><br \/>\n<em>\u2013 camiones minitir frigor\u00edfico hasta 3,5 toneladas con permisos ADR;<\/em><br \/>\n<em>\u2013 camiones lona hasta 6 toneladas con permisos ADR;<\/em><br \/>\n<em>\u2013 camiones caja cerrada hasta 6 toneladas con permisos ADR;<\/em><br \/>\n<em>\u2013 camiones lona hasta 24 toneladas con permisos ADR y dos choferes;<\/em><br \/>\n<em>\u2013 camiones frigor\u00edficos hasta 24 toneladas con permisos ADR y dos choferes.<\/em><\/p>\n<p>Entre amplia gama de cargas urgentes entregadas en Pa\u00edses Bajos (Holanda) se puede destacar:<br \/>\nTransporte terrestre urgente (entrega express) desde Espa\u00f1a a Pa\u00edses Bajos (Holanda) de material de automoci\u00f3n;<br \/>\nTransporte terrestre urgente (entrega express) desde Espa\u00f1a a Pa\u00edses Bajos (Holanda) de productos farmac\u00e9uticos con temperatura controlada;<br \/>\nTransporte terrestre urgente (entrega express) desde Espa\u00f1a a Pa\u00edses Bajos (Holanda) de material para las ferias y exposiciones;<br \/>\nTransporte urgente (entrega express) desde Espa\u00f1a a Pa\u00edses Bajos (Holanda) de material para eventos;<br \/>\nTransporte urgente (entrega express) desde Espa\u00f1a a Pa\u00edses Bajos (Holanda) de productos congelados;<br \/>\nTransporte urgente (entrega express) desde Espa\u00f1a a Pa\u00edses Bajos (Holanda) de productos materiales para los ensayos m\u00e9dicos e biologicos;<br \/>\nTransporte urgente (entrega express) desde Espa\u00f1a a Pa\u00edses Bajos (Holanda) de cualquier otro tipo de material, producto, mercanc\u00eda.<\/p>\n<p>Posta Logistics, S.L. siempre puede ofrecer al cliente una soluci\u00f3n \u00f3ptima y adecuada para necesidad de <strong>transporte urgente terrestre desde Espa\u00f1a a Pa\u00edses Bajos (Holanda)<\/strong>. Nuestros servicios de entregas urgentes en Pa\u00edses Bajos (Holanda) seguros, garantizados, siempre a tiempo.<\/p>\n<p>A solicitud de nuestro cliente para el <a href=\"http:\/\/posta-logistics.com\/es\/transporte-urgente-express-delivery\">transporte terrestre urgente<\/a> (entrega express) desde Espa\u00f1a a Pa\u00edses Bajos (Holanda) posicionamos veh\u00edculo al lugar de carga muchas veces en un tiempo de menos de una hora en cualquier punto de Espa\u00f1a (\u00c1lava (Araba), Albacete, Alicante, Almer\u00eda, Asturias, \u00c1vila, Badajoz, Barcelona, Burgos, C\u00e1ceres, C\u00e1diz, Cantabria, Castell\u00f3n, Ciudad Real, C\u00f3rdoba, Cuenca, Gerona (Girona), Granada, Guadalajara, Guip\u00fazcoa (Gipuzkoa), Huelva, Huesca, Islas Baleares, Ja\u00e9n, La Coru\u00f1a (A Coru\u00f1a), La Rioja, Las Palmas, Le\u00f3n, L\u00e9rida (Lleida), Lugo, Madrid, M\u00e1laga, Murcia, Navarra, Orense, Palencia, Pontevedra, Salamanca, Segovia, Sevilla, Soria, Tarragona, Tenerife, Teruel, Toledo, Valencia, Valladolid, Vizcaya, Zamora, Zaragoza) para entregar la carga en cualquier punto de Pa\u00edses Bajos (Holanda) incluyendo ciudades principales: Amsterdam, Rotterdam, La Haya (Den Haag), Utrecht, Eindhoven, Tilburg, Groningen, Almere, Breda, Nijmegen, Apeldoorn, Haarlem, Enschede, Arnhem, Amersfoort, Zaanstad, Bolduque, Haarlemmermeer, Zwolle, Zoetermeer, Leiden, Maastricht, Dordrecht, Ede, Alphen aan den Rijn, Leeuwarden, Alkmaar, Emmen, Westland, Delft, Venlo, Deventer, Sittard-Geleen, Helmond, Oss, Amstelveen, Hilversum, Heerlen, Nissewaard, Hengelo, Purmerend, Schiedam, Roosendaal, Spijkenisse, Lelystad, Leidschendam-Voorburg, Almelo, Hoorn, Vlaardingen, Gouda, Velsen, Assen, Capelle aan den IJssel, Bergen op Zoom, Katwijk, Veenendaal, Zeist, Nieuwegein, Hardenberg, Lansingerland, Roermond, Doetinchem, Gooise Meren, Den Helder, Barneveld, Smallingerland, Hoogeveen, Krimpenerwaard, Terneuzen, Oosterhout, Heerhugowaard, Pijnacker-Nootdorp, Kampen, De Fryske Marren, Heerenveen, Rijswijk.<\/p>\n<p>Para solicitar informaci\u00f3n o transporte express desde Espa\u00f1a a Pa\u00edses Bajos (Holanda) pueden <a href=\"http:\/\/posta-logistics.com\/es\/contacto\">contactar con Posta Logistics, S.L<\/a>.<\/p>\n<\/div>\n","protected":false},"excerpt":{"rendered":"<p>Transporte urgente (entregas express) desde Espa\u00f1a a Pa\u00edses Bajos (Holanda) Siempre tenemos un veh\u00edculo que puede cargar en cualquier punto de Espa\u00f1a y entregar la mercanc\u00eda en un plazo de tiempo muy limitado en Pa\u00edses Bajos (Holanda). Pueden contactar directamente para solicitar entrega urgente de mercanc\u00eda en Pa\u00edses Bajos (Holanda). Tenemos servicio excelente de transporte &#8230;<\/p>\n","protected":false},"author":3,"featured_media":0,"parent":0,"menu_order":0,"comment_status":"closed","ping_status":"closed","template":"","meta":{"_monsterinsights_skip_tracking":false,"_monsterinsights_sitenote_active":false,"_monsterinsights_sitenote_note":"","_monsterinsights_sitenote_category":0,"footnotes":""},"class_list":["post-1248","page","type-page","status-publish"],"aioseo_notices":[],"_links":{"self":[{"href":"https:\/\/posta-logistics.com\/es\/wp-json\/wp\/v2\/pages\/1248","targetHints":{"allow":["GET"]}}],"collection":[{"href":"https:\/\/posta-logistics.com\/es\/wp-json\/wp\/v2\/pages"}],"about":[{"href":"https:\/\/posta-logistics.com\/es\/wp-json\/wp\/v2\/types\/page"}],"author":[{"embeddable":true,"href":"https:\/\/posta-logistics.com\/es\/wp-json\/wp\/v2\/users\/3"}],"replies":[{"embeddable":true,"href":"https:\/\/posta-logistics.com\/es\/wp-json\/wp\/v2\/comments?post=1248"}],"version-history":[{"count":1,"href":"https:\/\/posta-logistics.com\/es\/wp-json\/wp\/v2\/pages\/1248\/revisions"}],"predecessor-version":[{"id":1249,"href":"https:\/\/posta-logistics.com\/es\/wp-json\/wp\/v2\/pages\/1248\/revisions\/1249"}],"wp:attachment":[{"href":"https:\/\/posta-logistics.com\/es\/wp-json\/wp\/v2\/media?parent=1248"}],"curies":[{"name":"wp","href":"https:\/\/api.w.org\/{rel}","templated":true}]}}