{"id":1252,"date":"2018-06-22T10:56:48","date_gmt":"2018-06-22T08:56:48","guid":{"rendered":"http:\/\/posta-logistics.com\/es\/?page_id=1252"},"modified":"2018-06-22T10:56:48","modified_gmt":"2018-06-22T08:56:48","slug":"transporte-urgente-entregas-express-desde-espana-a-letonia","status":"publish","type":"page","link":"https:\/\/posta-logistics.com\/es\/transporte-urgente-entregas-express-desde-espana-a-letonia","title":{"rendered":"Transporte urgente (entregas express) desde Espa\u00f1a a Letonia"},"content":{"rendered":"<div class=\"entry\">\n<p><strong>Transporte urgente (entregas express) desde Espa\u00f1a a Letonia<\/strong><\/p>\n<p>Siempre tenemos un veh\u00edculo que puede cargar en cualquier punto de Espa\u00f1a y entregar la mercanc\u00eda en un plazo de tiempo muy limitado en Letonia. Pueden <a href=\"http:\/\/posta-logistics.com\/es\/contacto\">contactar directamente<\/a> para solicitar <strong>entrega urgente de mercanc\u00eda en Letonia<\/strong>.<\/p>\n<p>Tenemos servicio excelente de <strong>transporte urgente desde Espa\u00f1a a Letonia<\/strong> para los clientes que tienen necesidad de hacer entrega urgente de mercanc\u00eda. En casos necesarios cargando y\/o descargando la mercanc\u00eda fuera de los horarios habituales.<\/p>\n<p>Para las entregas urgentes en Letonia contamos con amplia flota de veh\u00edculos:<br \/>\n<em>\u2013 camiones minitir lona hasta 1,2 toneladas con permisos ADR (8 europalets);<\/em><br \/>\n<em>\u2013 camiones minitir frigor\u00edfico hasta 1,2 toneladas con permisos ADR (8 europalets);<\/em><br \/>\n<em>\u2013 camiones minitir lona hasta 3,5 toneladas con permisos ADR;<\/em><br \/>\n<em>\u2013 camiones minitir caja cerrada hasta 3,5 toneladas con permisos ADR;<\/em><br \/>\n<em>\u2013 camiones minitir frigor\u00edfico hasta 3,5 toneladas con permisos ADR;<\/em><br \/>\n<em>\u2013 camiones lona hasta 6 toneladas con permisos ADR;<\/em><br \/>\n<em>\u2013 camiones caja cerrada hasta 6 toneladas con permisos ADR;<\/em><br \/>\n<em>\u2013 camiones lona hasta 24 toneladas con permisos ADR y dos choferes;<\/em><br \/>\n<em>\u2013 camiones frigor\u00edficos hasta 24 toneladas con permisos ADR y dos choferes.<\/em><\/p>\n<p>Entre amplia gama de cargas urgentes entregadas en Letonia se puede destacar:<br \/>\nTransporte terrestre urgente (entrega express) desde Espa\u00f1a a Letonia de material de automoci\u00f3n;<br \/>\nTransporte terrestre urgente (entrega express) desde Espa\u00f1a a Letonia de productos farmac\u00e9uticos con temperatura controlada;<br \/>\nTransporte terrestre urgente (entrega express) desde Espa\u00f1a a Letonia de material para las ferias y exposiciones;<br \/>\nTransporte urgente (entrega express) desde Espa\u00f1a a Letonia de material para eventos;<br \/>\nTransporte urgente (entrega express) desde Espa\u00f1a a Letonia de productos congelados;<br \/>\nTransporte urgente (entrega express) desde Espa\u00f1a a Letonia de productos materiales para los ensayos m\u00e9dicos e biologicos;<br \/>\nTransporte urgente (entrega express) desde Espa\u00f1a a Letonia de cualquier otro tipo de material, producto, mercanc\u00eda.<\/p>\n<p><a href=\"http:\/\/posta-logistics.com\/es\/transporte-urgente-express-delivery\">Posta Logistics, S.L.<\/a> siempre puede ofrecer al cliente una soluci\u00f3n \u00f3ptima y adecuada para necesidad de transporte urgente terrestre desde Espa\u00f1a a Letonia. Nuestros servicios de entregas urgentes en Letonia seguros, garantizados, siempre a tiempo.<\/p>\n<p>A solicitud de nuestro cliente para el <strong>transporte terrestre urgente (entrega express) desde Espa\u00f1a a Letonia<\/strong> posicionamos veh\u00edculo al lugar de carga muchas veces en un tiempo de menos de una hora en cualquier punto de Espa\u00f1a (\u00c1lava (Araba), Albacete, Alicante, Almer\u00eda, Asturias, \u00c1vila, Badajoz, Barcelona, Burgos, C\u00e1ceres, C\u00e1diz, Cantabria, Castell\u00f3n, Ciudad Real, C\u00f3rdoba, Cuenca, Gerona (Girona), Granada, Guadalajara, Guip\u00fazcoa (Gipuzkoa), Huelva, Huesca, Islas Baleares, Ja\u00e9n, La Coru\u00f1a (A Coru\u00f1a), La Rioja, Las Palmas, Le\u00f3n, L\u00e9rida (Lleida), Lugo, Madrid, M\u00e1laga, Murcia, Navarra, Orense, Palencia, Pontevedra, Salamanca, Segovia, Sevilla, Soria, Tarragona, Tenerife, Teruel, Toledo, Valencia, Valladolid, Vizcaya, Zamora, Zaragoza) para entregar la carga en cualquier punto de Letonia incluyendo ciudades principales: Riga, Daugavpils, J\u0113kabpils, Jelgava, J\u016brmala, Liep\u0101ja, R\u0113zekne, Valmiera, Ventspils, Aina\u017ei, Aizkraukle, Aizpute, Akn\u012bste, Aloja, Al\u016bksne, Ape, Auce, Baldone, Balo\u017ei, Balvi, Bauska, Broc\u0113ni, C\u0113sis, Cesvaine, Dagda, Dobele, Durbe, Grobi\u0146a, Gulbene, Ik\u0161\u0137ile, Jaunjelgava, Kandava, K\u0101rsava, Kuld\u012bga, \u0136egums, L\u012bgatne, Limba\u017ei, L\u012bv\u0101ni, Lub\u0101na, Ludza, Madona, Mazsalaca, Ogre, Olaine, P\u0101vilosta, Piltene, P\u013cavi\u0146as, Prei\u013ci, Priekule, R\u016bjiena, Sabile, Salacgr\u012bva, Salaspils, Saldus, Saulkrasti, Seda, Sigulda, Skrunda, Smiltene, Staicele, Stende, Stren\u010di, Subate, Talsi, Tukums, Valdem\u0101rpils, Valka, Vanga\u017ei, Varak\u013c\u0101ni, Vies\u012bte, Vi\u013caka, Vi\u013c\u0101ni, Zilupe.<\/p>\n<p>Para solicitar informaci\u00f3n o transporte express desde Espa\u00f1a a Letonia pueden <a href=\"http:\/\/posta-logistics.com\/es\/contacto\">contactar con Posta Logistics, S.L<\/a>.<\/p>\n<\/div>\n","protected":false},"excerpt":{"rendered":"<p>Transporte urgente (entregas express) desde Espa\u00f1a a Letonia Siempre tenemos un veh\u00edculo que puede cargar en cualquier punto de Espa\u00f1a y entregar la mercanc\u00eda en un plazo de tiempo muy limitado en Letonia. Pueden contactar directamente para solicitar entrega urgente de mercanc\u00eda en Letonia. Tenemos servicio excelente de transporte urgente desde Espa\u00f1a a Letonia para &#8230;<\/p>\n","protected":false},"author":3,"featured_media":0,"parent":0,"menu_order":0,"comment_status":"closed","ping_status":"closed","template":"","meta":{"_monsterinsights_skip_tracking":false,"_monsterinsights_sitenote_active":false,"_monsterinsights_sitenote_note":"","_monsterinsights_sitenote_category":0,"footnotes":""},"class_list":["post-1252","page","type-page","status-publish"],"aioseo_notices":[],"_links":{"self":[{"href":"https:\/\/posta-logistics.com\/es\/wp-json\/wp\/v2\/pages\/1252","targetHints":{"allow":["GET"]}}],"collection":[{"href":"https:\/\/posta-logistics.com\/es\/wp-json\/wp\/v2\/pages"}],"about":[{"href":"https:\/\/posta-logistics.com\/es\/wp-json\/wp\/v2\/types\/page"}],"author":[{"embeddable":true,"href":"https:\/\/posta-logistics.com\/es\/wp-json\/wp\/v2\/users\/3"}],"replies":[{"embeddable":true,"href":"https:\/\/posta-logistics.com\/es\/wp-json\/wp\/v2\/comments?post=1252"}],"version-history":[{"count":1,"href":"https:\/\/posta-logistics.com\/es\/wp-json\/wp\/v2\/pages\/1252\/revisions"}],"predecessor-version":[{"id":1253,"href":"https:\/\/posta-logistics.com\/es\/wp-json\/wp\/v2\/pages\/1252\/revisions\/1253"}],"wp:attachment":[{"href":"https:\/\/posta-logistics.com\/es\/wp-json\/wp\/v2\/media?parent=1252"}],"curies":[{"name":"wp","href":"https:\/\/api.w.org\/{rel}","templated":true}]}}