{"id":1255,"date":"2018-06-22T11:24:30","date_gmt":"2018-06-22T09:24:30","guid":{"rendered":"http:\/\/posta-logistics.com\/es\/?page_id=1255"},"modified":"2020-04-23T19:44:28","modified_gmt":"2020-04-23T17:44:28","slug":"transporte-urgente-entregas-express-desde-espana-a-belgica","status":"publish","type":"page","link":"https:\/\/posta-logistics.com\/es\/transporte-urgente-entregas-express-desde-espana-a-belgica","title":{"rendered":"Transporte urgente (entregas express) desde Espa\u00f1a a B\u00e9lgica"},"content":{"rendered":"<div class=\"entry\">\n<p><strong>Transporte urgente (entregas express) desde Espa\u00f1a a B\u00e9lgica<\/strong><\/p>\n<p>Siempre tenemos un veh\u00edculo que puede cargar en cualquier punto de Espa\u00f1a y entregar la mercanc\u00eda en un plazo de tiempo muy limitado en B\u00e9lgica. Pueden <a href=\"http:\/\/posta-logistics.com\/es\/contacto\">contactar directamente<\/a> para solicitar entrega urgente de mercanc\u00eda en B\u00e9lgica.<\/p>\n<p>Tenemos servicio excelente de <strong>transporte urgente desde Espa\u00f1a a B\u00e9lgica<\/strong> para los clientes que tienen necesidad de hacer entrega urgente de mercanc\u00eda. En casos necesarios cargando y\/o descargando la mercanc\u00eda fuera de los horarios habituales.<\/p>\n<p>Para las <strong>entregas urgentes en B\u00e9lgica<\/strong> contamos con amplia flota de veh\u00edculos:<br \/>\n<em>\u2013 camiones minitir lona hasta 1,2 toneladas con permisos ADR (8 europalets);<\/em><br \/>\n<em>\u2013 camiones minitir frigor\u00edfico hasta 1,2 toneladas con permisos ADR (8 europalets);<\/em><br \/>\n<em>\u2013 camiones minitir lona hasta 3,5 toneladas con permisos ADR;<\/em><br \/>\n<em>\u2013 camiones minitir caja cerrada hasta 3,5 toneladas con permisos ADR;<\/em><br \/>\n<em>\u2013 camiones minitir frigor\u00edfico hasta 3,5 toneladas con permisos ADR;<\/em><br \/>\n<em>\u2013 camiones lona hasta 6 toneladas con permisos ADR;<\/em><br \/>\n<em>\u2013 camiones caja cerrada hasta 6 toneladas con permisos ADR;<\/em><br \/>\n<em>\u2013 camiones lona hasta 24 toneladas con permisos ADR y dos choferes;<\/em><br \/>\n<em>\u2013 camiones frigor\u00edficos hasta 24 toneladas con permisos ADR y dos choferes.<\/em><\/p>\n<p>Entre amplia gama de cargas urgentes entregadas en B\u00e9lgica se puede destacar:<br \/>\n&#8211; Transporte terrestre urgente (entrega express) desde Espa\u00f1a a B\u00e9lgica de material de automoci\u00f3n;<br \/>\n&#8211; <a href=\"http:\/\/posta-logistics.com\/es\/transporte-terrestre-de-productos-farmaceuticos-a-belgica\">Transporte urgente (entrega express) de productos farmac\u00e9uticos desde Espa\u00f1a a B\u00e9lgica<\/a> con temperatura controlada;<br \/>\n&#8211; Transporte terrestre urgente (entrega express) desde Espa\u00f1a a B\u00e9lgica de material para las ferias y exposiciones;<br \/>\n&#8211; Transporte urgente (entrega express) desde Espa\u00f1a a B\u00e9lgica de material para eventos;<br \/>\n&#8211; Transporte urgente (entrega express) desde Espa\u00f1a a B\u00e9lgica de productos congelados;<br \/>\n&#8211; Transporte urgente (entrega express) desde Espa\u00f1a a B\u00e9lgica de productos materiales para los ensayos m\u00e9dicos e biologicos;<br \/>\n&#8211; Transporte urgente (entrega express) desde Espa\u00f1a a B\u00e9lgica de cualquier otro tipo de material, producto, mercanc\u00eda.<\/p>\n<p>Posta Logistics, S.L. siempre puede ofrecer al cliente <a href=\"http:\/\/posta-logistics.com\/es\/transporte-urgente-express-delivery\">una soluci\u00f3n \u00f3ptima y adecuada<\/a> para necesidad de transporte urgente terrestre desde Espa\u00f1a a B\u00e9lgica. Nuestros servicios de entregas urgentes en B\u00e9lgica seguros, garantizados, siempre a tiempo.<\/p>\n<p>A solicitud de nuestro cliente para el transporte terrestre urgente (entrega express) desde Espa\u00f1a a B\u00e9lgica posicionamos veh\u00edculo al lugar de carga muchas veces en un tiempo de menos de una hora en cualquier punto de Espa\u00f1a (\u00c1lava (Araba), Albacete, Alicante, Almer\u00eda, Asturias, \u00c1vila, Badajoz, Barcelona, Burgos, C\u00e1ceres, C\u00e1diz, Cantabria, Castell\u00f3n, Ciudad Real, C\u00f3rdoba, Cuenca, Gerona (Girona), Granada, Guadalajara, Guip\u00fazcoa (Gipuzkoa), Huelva, Huesca, Islas Baleares, Ja\u00e9n, La Coru\u00f1a (A Coru\u00f1a), La Rioja, Las Palmas, Le\u00f3n, L\u00e9rida (Lleida), Lugo, Madrid, M\u00e1laga, Murcia, Navarra, Orense, Palencia, Pontevedra, Salamanca, Segovia, Sevilla, Soria, Tarragona, Tenerife, Teruel, Toledo, Valencia, Valladolid, Vizcaya, Zamora, Zaragoza) para entregar la carga en cualquier punto de B\u00e9lgica incluyendo ciudades principales: Bruselas, Amberes, Gante, Charleroi, Lieja, Schaerbeek, Brujas, Anderlecht, Namur, Lovaina, Molenbeek-Saint-Jean, Mons, Ixelles, Malinas, Aalst, Uccle, La Louvi\u00e8re, Hasselt, Cortrique, San Nicol\u00e1s de Flandes, Ostende, Tournai, Genk, Seraing, Roeselare, Mouscron, Verviers, Forest, Woluwe-Saint-Lambert, Jette, Saint-Gilles, Beveren, Etterbeek, Dendermonde, Beringen, Turnhout, Vilvoorde, Heist-op-den-Berg, Dilbeek, Woluwe-Saint-Pierre, Lokeren, Sint-Truiden, Braine-l\u2019Alleud, Herstal, Geel, Evere, Halle, Ninove, Maasmechelen, Brasschaat, Waregem, Grimbergen, Ch\u00e2telet, Mol, Ypres, Lier, Evergem, Schoten, Tienen, Lommel, Wavre, Knokke-Heist, Binche, Sint-Pieters-Leeuw, Geraardsbergen, Menen, Auderghem, Heusden-Zolder, Zaventem, Asse, Bilzen, Wevelgem, Ottignies-Louvain-la-Neuve, Courcelles, Oudenaarde, Tongeren, Houthalen-Helchteren, Deinze, Waterloo, Aarschot, Temse, Arlon, Ath, Ans, Brecht, Sambreville, Nivelles, Herentals, Harelbeke, Izegem, Saint-Josse-ten-Noode, Soignies, Kapellen, Andenne, Fl\u00e9malle, Zottegem, Ronse, Lanaken, Willebroek, Mortsel, Gembloux, Tubize, Maaseik, Overijse, Wetteren, Zele.<\/p>\n<p>Para solicitar informaci\u00f3n o <strong>transporte express desde Espa\u00f1a a B\u00e9lgica<\/strong> pueden <a href=\"http:\/\/posta-logistics.com\/es\/contacto\">contactar con Posta Logistics, S.L<\/a>.<\/p>\n<\/div>\n","protected":false},"excerpt":{"rendered":"<p>Transporte urgente (entregas express) desde Espa\u00f1a a B\u00e9lgica Siempre tenemos un veh\u00edculo que puede cargar en cualquier punto de Espa\u00f1a y entregar la mercanc\u00eda en un plazo de tiempo muy limitado en B\u00e9lgica. Pueden contactar directamente para solicitar entrega urgente de mercanc\u00eda en B\u00e9lgica. Tenemos servicio excelente de transporte urgente desde Espa\u00f1a a B\u00e9lgica para &#8230;<\/p>\n","protected":false},"author":3,"featured_media":0,"parent":0,"menu_order":0,"comment_status":"closed","ping_status":"closed","template":"","meta":{"_monsterinsights_skip_tracking":false,"_monsterinsights_sitenote_active":false,"_monsterinsights_sitenote_note":"","_monsterinsights_sitenote_category":0,"footnotes":""},"class_list":["post-1255","page","type-page","status-publish"],"aioseo_notices":[],"_links":{"self":[{"href":"https:\/\/posta-logistics.com\/es\/wp-json\/wp\/v2\/pages\/1255","targetHints":{"allow":["GET"]}}],"collection":[{"href":"https:\/\/posta-logistics.com\/es\/wp-json\/wp\/v2\/pages"}],"about":[{"href":"https:\/\/posta-logistics.com\/es\/wp-json\/wp\/v2\/types\/page"}],"author":[{"embeddable":true,"href":"https:\/\/posta-logistics.com\/es\/wp-json\/wp\/v2\/users\/3"}],"replies":[{"embeddable":true,"href":"https:\/\/posta-logistics.com\/es\/wp-json\/wp\/v2\/comments?post=1255"}],"version-history":[{"count":2,"href":"https:\/\/posta-logistics.com\/es\/wp-json\/wp\/v2\/pages\/1255\/revisions"}],"predecessor-version":[{"id":1646,"href":"https:\/\/posta-logistics.com\/es\/wp-json\/wp\/v2\/pages\/1255\/revisions\/1646"}],"wp:attachment":[{"href":"https:\/\/posta-logistics.com\/es\/wp-json\/wp\/v2\/media?parent=1255"}],"curies":[{"name":"wp","href":"https:\/\/api.w.org\/{rel}","templated":true}]}}