{"id":1281,"date":"2018-07-23T13:48:32","date_gmt":"2018-07-23T11:48:32","guid":{"rendered":"http:\/\/posta-logistics.com\/es\/?page_id=1281"},"modified":"2018-07-23T18:27:51","modified_gmt":"2018-07-23T16:27:51","slug":"transporte-urgente-entregas-express-desde-espana-a-turquia","status":"publish","type":"page","link":"https:\/\/posta-logistics.com\/es\/transporte-urgente-entregas-express-desde-espana-a-turquia","title":{"rendered":"Transporte urgente (entregas express) desde Espa\u00f1a a Turqu\u00eda"},"content":{"rendered":"<div class=\"entry\">\n<p><strong>Transporte urgente (entregas express) desde Espa\u00f1a a Turqu\u00eda<\/strong><\/p>\n<p>Siempre tenemos un veh\u00edculo que puede cargar en cualquier punto de Espa\u00f1a y entregar la mercanc\u00eda en un plazo de tiempo muy limitado en Turqu\u00eda. Pueden <a href=\"http:\/\/posta-logistics.com\/es\/contacto\">contactar directamente<\/a> para solicitar <strong>entrega urgente de mercanc\u00eda en Turqu\u00eda<\/strong>.<\/p>\n<p>Tenemos servicio excelente de <strong>transporte urgente desde Espa\u00f1a a Turqu\u00eda<\/strong> para los clientes que tienen necesidad de hacer entrega urgente de mercanc\u00eda. En casos necesarios cargando y\/o descargando la mercanc\u00eda fuera de los horarios habituales.<\/p>\n<p>Para las <strong>entregas urgentes en Turqu\u00eda<\/strong> contamos con amplia flota de veh\u00edculos:<br \/>\n\u2013 camiones minitir lona hasta 1,2 toneladas con permisos ADR (8 europalets);<br \/>\n\u2013 camiones minitir frigor\u00edfico hasta 1,2 toneladas con permisos ADR (8 europalets);<br \/>\n\u2013 camiones minitir lona hasta 3,5 toneladas con permisos ADR;<br \/>\n\u2013 camiones minitir caja cerrada hasta 3,5 toneladas con permisos ADR;<br \/>\n\u2013 camiones minitir frigor\u00edfico hasta 3,5 toneladas con permisos ADR;<br \/>\n\u2013 camiones lona hasta 6 toneladas con permisos ADR;<br \/>\n\u2013 camiones caja cerrada hasta 6 toneladas con permisos ADR;<br \/>\n\u2013 camiones lona hasta 24 toneladas con permisos ADR y dos choferes;<br \/>\n\u2013 camiones frigor\u00edficos hasta 24 toneladas con permisos ADR y dos choferes.<\/p>\n<p>Entre amplia gama de cargas entregadas urgentes en Turqu\u00eda se puede destacar:<br \/>\nTransporte terrestre urgente (entrega express) desde Espa\u00f1a a Turqu\u00eda de material de automoci\u00f3n;<br \/>\nTransporte terrestre urgente (entrega express) desde Espa\u00f1a a Turqu\u00eda de productos farmac\u00e9uticos con temperatura controlada;<br \/>\nTransporte terrestre urgente (entrega express) desde Espa\u00f1a a Turqu\u00eda de material para las ferias y exposiciones;<br \/>\nTransporte urgente \/ entrega express desde Espa\u00f1a a Turqu\u00eda de material para eventos;<br \/>\nTransporte urgente (entrega express) desde Espa\u00f1a a Turqu\u00eda de productos congelados;<br \/>\nTransporte urgente (entrega express) desde Espa\u00f1a a Turqu\u00eda de productos materiales para los ensayos m\u00e9dicos e biologicos;<br \/>\nTransporte urgente (entrega express) desde Espa\u00f1a a Turqu\u00eda de cualquier otro tipo de material, producto, mercanc\u00eda.<\/p>\n<p>Posta Logistics, S.L. siempre puede ofrecer al cliente una soluci\u00f3n \u00f3ptima y adecuada para necesidad de transporte urgente terrestre desde Espa\u00f1a a Turqu\u00eda. Nuestros <a href=\"http:\/\/posta-logistics.com\/es\/transporte-urgente-express-delivery\">servicios de entregas urgentes en Turqu\u00eda<\/a> seguros, garantizados, siempre a tiempo.<\/p>\n<p>A solicitud de nuestro cliente para el <strong>transporte terrestre urgente (entrega express) desde Espa\u00f1a a Turqu\u00eda<\/strong> posicionamos veh\u00edculo al lugar de carga muchas veces en un tiempo de menos de una hora en cualquier punto de Espa\u00f1a (\u00c1lava (Araba), Albacete, Alicante, Almer\u00eda, Asturias, \u00c1vila, Badajoz, Barcelona, Burgos, C\u00e1ceres, C\u00e1diz, Cantabria, Castell\u00f3n, Ciudad Real, C\u00f3rdoba, Cuenca, Gerona (Girona), Granada, Guadalajara, Guip\u00fazcoa (Gipuzkoa), Huelva, Huesca, Islas Baleares, Ja\u00e9n, La Coru\u00f1a (A Coru\u00f1a), La Rioja, Las Palmas, Le\u00f3n, L\u00e9rida (Lleida), Lugo, Madrid, M\u00e1laga, Murcia, Navarra, Orense, Palencia, Pontevedra, Salamanca, Segovia, Sevilla, Soria, Tarragona, Tenerife, Teruel, Toledo, Valencia, Valladolid, Vizcaya, Zamora, Zaragoza) para entregar la carga en cualquier punto de Turqu\u00eda incluyendo ciudades principales: Istanbul, Adana, Afyonkarahisar, Amasya, Ankara, Antalya, Ayd\u0131n, Bal\u0131kesir, Bolu, Burdur, Bursa, Denizli, Diyarbak\u0131r, Edirne, Elaz\u0131\u011f, Erzincan, Erzurum, Eski\u015fehir, Gaziantep, Hatay, Isparta, Kars, Kayseri, Kocaeli, Konya, K\u0131r\u0131kkale, K\u0131r\u015fehir, Malatya, Manisa, Mersin, Mu\u011fla, Mu\u015f, Nev\u015fehir, Sakarya, Samsun, Siirt, Sinop, Sivas, Tekirda\u011f, Trabzon, U\u015fak, Van, Zonguldak, Canakkale, Corum, Izmir.<\/p>\n<p>Para solicitar informaci\u00f3n o transporte express desde Espa\u00f1a a Turqu\u00eda pueden <a href=\"http:\/\/posta-logistics.com\/es\/contacto\">contactar con Posta Logistics, S.L.<\/a><\/p>\n<\/div>\n","protected":false},"excerpt":{"rendered":"<p>Transporte urgente (entregas express) desde Espa\u00f1a a Turqu\u00eda Siempre tenemos un veh\u00edculo que puede cargar en cualquier punto de Espa\u00f1a y entregar la mercanc\u00eda en un plazo de tiempo muy limitado en Turqu\u00eda. Pueden contactar directamente para solicitar entrega urgente de mercanc\u00eda en Turqu\u00eda. Tenemos servicio excelente de transporte urgente desde Espa\u00f1a a Turqu\u00eda para &#8230;<\/p>\n","protected":false},"author":3,"featured_media":0,"parent":0,"menu_order":0,"comment_status":"closed","ping_status":"closed","template":"","meta":{"_monsterinsights_skip_tracking":false,"_monsterinsights_sitenote_active":false,"_monsterinsights_sitenote_note":"","_monsterinsights_sitenote_category":0,"footnotes":""},"class_list":["post-1281","page","type-page","status-publish"],"aioseo_notices":[],"_links":{"self":[{"href":"https:\/\/posta-logistics.com\/es\/wp-json\/wp\/v2\/pages\/1281","targetHints":{"allow":["GET"]}}],"collection":[{"href":"https:\/\/posta-logistics.com\/es\/wp-json\/wp\/v2\/pages"}],"about":[{"href":"https:\/\/posta-logistics.com\/es\/wp-json\/wp\/v2\/types\/page"}],"author":[{"embeddable":true,"href":"https:\/\/posta-logistics.com\/es\/wp-json\/wp\/v2\/users\/3"}],"replies":[{"embeddable":true,"href":"https:\/\/posta-logistics.com\/es\/wp-json\/wp\/v2\/comments?post=1281"}],"version-history":[{"count":3,"href":"https:\/\/posta-logistics.com\/es\/wp-json\/wp\/v2\/pages\/1281\/revisions"}],"predecessor-version":[{"id":1284,"href":"https:\/\/posta-logistics.com\/es\/wp-json\/wp\/v2\/pages\/1281\/revisions\/1284"}],"wp:attachment":[{"href":"https:\/\/posta-logistics.com\/es\/wp-json\/wp\/v2\/media?parent=1281"}],"curies":[{"name":"wp","href":"https:\/\/api.w.org\/{rel}","templated":true}]}}