{"id":1288,"date":"2018-07-23T18:37:42","date_gmt":"2018-07-23T16:37:42","guid":{"rendered":"http:\/\/posta-logistics.com\/es\/?page_id=1288"},"modified":"2018-07-23T18:37:42","modified_gmt":"2018-07-23T16:37:42","slug":"transporte-urgente-entregas-express-desde-espana-a-chipre","status":"publish","type":"page","link":"https:\/\/posta-logistics.com\/es\/transporte-urgente-entregas-express-desde-espana-a-chipre","title":{"rendered":"Transporte urgente (entregas express) desde Espa\u00f1a a Chipre"},"content":{"rendered":"<div class=\"entry\">\n<p><strong>Transporte urgente (entregas express) desde Espa\u00f1a a Chipre<\/strong><\/p>\n<p>Siempre tenemos un veh\u00edculo que puede cargar en cualquier punto de Espa\u00f1a y entregar la mercanc\u00eda en un plazo de tiempo muy limitado en Chipre. Pueden <a href=\"http:\/\/posta-logistics.com\/es\/contacto\">contactar directamente<\/a> para solicitar entrega urgente de mercanc\u00eda en Chipre.<\/p>\n<p>Tenemos servicio excelente de<strong> transporte urgente desde Espa\u00f1a a Chipre<\/strong> para los clientes que tienen necesidad de hacer entrega urgente de mercanc\u00eda. En casos necesarios cargando y\/o descargando la mercanc\u00eda fuera de los horarios habituales.<\/p>\n<p>Para las entregas urgentes en Chipre contamos con amplia flota de veh\u00edculos:<br \/>\n\u2013 camiones minitir lona hasta 1,2 toneladas con permisos ADR (8 europalets);<br \/>\n\u2013 camiones minitir frigor\u00edfico hasta 1,2 toneladas con permisos ADR (8 europalets);<br \/>\n\u2013 camiones minitir lona hasta 3,5 toneladas con permisos ADR;<br \/>\n\u2013 camiones minitir caja cerrada hasta 3,5 toneladas con permisos ADR;<br \/>\n\u2013 camiones minitir frigor\u00edfico hasta 3,5 toneladas con permisos ADR;<br \/>\n\u2013 camiones lona hasta 6 toneladas con permisos ADR;<br \/>\n\u2013 camiones caja cerrada hasta 6 toneladas con permisos ADR;<br \/>\n\u2013 camiones lona hasta 24 toneladas con permisos ADR y dos choferes;<br \/>\n\u2013 camiones frigor\u00edficos hasta 24 toneladas con permisos ADR y dos choferes.<\/p>\n<p>Entre amplia gama de cargas <strong>entregadas urgentes en Chipre<\/strong> se puede destacar:<br \/>\nTransporte terrestre urgente (entrega express) desde Espa\u00f1a a Chipre de material de automoci\u00f3n;<br \/>\nTransporte terrestre urgente (entrega express) desde Espa\u00f1a a Chipre de productos farmac\u00e9uticos con temperatura controlada;<br \/>\nTransporte terrestre urgente (entrega express) desde Espa\u00f1a a Chipre de material para las ferias y exposiciones;<br \/>\nT<strong>ransporte urgente \/ entrega express desde Espa\u00f1a a Chipre<\/strong> de material para eventos;<br \/>\nTransporte urgente (entrega express) desde Espa\u00f1a a Chipre de productos congelados;<br \/>\nTransporte urgente (entrega express) desde Espa\u00f1a a Chipre de productos materiales para los ensayos m\u00e9dicos e biologicos;<br \/>\nTransporte urgente (entrega express) desde Espa\u00f1a a Chipre de cualquier otro tipo de material, producto, mercanc\u00eda.<\/p>\n<p>Posta Logistics, S.L. siempre puede ofrecer al cliente una soluci\u00f3n \u00f3ptima y adecuada para necesidad de transporte urgente terrestre desde Espa\u00f1a a Chipre. Nuestros servicios de <a href=\"http:\/\/posta-logistics.com\/es\/transporte-urgente-express-delivery\">entregas urgentes en Chipre<\/a> seguros, garantizados, siempre a tiempo.<\/p>\n<p>A solicitud de nuestro cliente para el transporte terrestre urgente (entrega express) desde Espa\u00f1a a Chipre posicionamos veh\u00edculo al lugar de carga muchas veces en un tiempo de menos de una hora en cualquier punto de Espa\u00f1a (\u00c1lava (Araba), Albacete, Alicante, Almer\u00eda, Asturias, \u00c1vila, Badajoz, Barcelona, Burgos, C\u00e1ceres, C\u00e1diz, Cantabria, Castell\u00f3n, Ciudad Real, C\u00f3rdoba, Cuenca, Gerona (Girona), Granada, Guadalajara, Guip\u00fazcoa (Gipuzkoa), Huelva, Huesca, Islas Baleares, Ja\u00e9n, La Coru\u00f1a (A Coru\u00f1a), La Rioja, Las Palmas, Le\u00f3n, L\u00e9rida (Lleida), Lugo, Madrid, M\u00e1laga, Murcia, Navarra, Orense, Palencia, Pontevedra, Salamanca, Segovia, Sevilla, Soria, Tarragona, Tenerife, Teruel, Toledo, Valencia, Valladolid, Vizcaya, Zamora, Zaragoza) para entregar la carga en cualquier punto de Chipre incluyendo ciudades principales: Famagusta; Kyrenia; Limassol; Larnaca; Nicosia; Paphos; Achna; Aglandjia; Agros; Akaki; Akanthou; Amargeti; Akrotiri; Amathous; Anarita; Apostolos Andreas; Argaki; Arminou; Athienou; Assia; Asinou; Askas; Astromeritis; Ayia Marina; Ayia Marinouda; Ayia Napa; Ayia Varvara; Ayia Trias; Ayioi Trimithias; Ayios Dometios; Ayios Sozomenos; Bellapais; Buffavento; Kalo Chorio; Chirokitia; Chloraka; Dali; Dasaki tis Achnas; Deryneia; Drousia; Dheftera; Dhekelia; Episkopi; Ergates; Evrychou; Galata; Gerakies; Geri; Gerolakkos; Geroskipou; Gialousa; Giolou; Idalium; Inia; Kaimakli; Kakopetria; Kalavasos; Kalopanagiotis; Kampia; Kambos; Kantou; Kapedes; Kato Lefkara; Kelia; Kelokedara; Kilani; Kissonerga; Kiti; Kophinou; Kokkina; Kormakitis; Kornos; Kornokipos; Kouklia; Kythrea; Kyperounta; Lagoudera; Lambousa; Lapithos; Latsia; Lefka; Lefkoniko; Leonarisso; Louroujina; Limnitis; Lythrangomi; Lythrodontas; Malounta; Mammari; Mandria; Maroni; Mathiatis; Meniko; Melini; Mia Milia; Milia; Milikouri; Miliou; Morphou; Moutoullas; Nata; Oikos; Omorphita; Ormidia; Oroklini; Orounta; Pachna; Palaichori; Panagia; Pano Lefkara; Paralimni; Pedoulas; Pegeia; Pera Orinis; Pera Pedi; Pera Chorio; Peristerona; Phyti; Pissouri; Platanistasa; Platres; Polis; Politiko; Polystipos; Pomos; Potamos tou Kambou; Protaras; Psimolofou; Pyla; Pyrgos; Rizokarpaso; Silikou; Sotira; Strovolos; Templos; Trikomo; Troulloi; Tsakistra; Tseri; Tymvou; Xeros; Xylofagou; Xylotymbou; Vasilikos; Varosha; Vavla; Vouni; Vretsia; Vrysoules; Zodia; Zygi.<\/p>\n<p>Para solicitar informaci\u00f3n o transporte express desde Espa\u00f1a a Chipre pueden <a href=\"http:\/\/posta-logistics.com\/es\/contacto\">contactar con Posta Logistics, S.L.<\/a><\/p>\n<\/div>\n","protected":false},"excerpt":{"rendered":"<p>Transporte urgente (entregas express) desde Espa\u00f1a a Chipre Siempre tenemos un veh\u00edculo que puede cargar en cualquier punto de Espa\u00f1a y entregar la mercanc\u00eda en un plazo de tiempo muy limitado en Chipre. Pueden contactar directamente para solicitar entrega urgente de mercanc\u00eda en Chipre. Tenemos servicio excelente de transporte urgente desde Espa\u00f1a a Chipre para &#8230;<\/p>\n","protected":false},"author":3,"featured_media":0,"parent":0,"menu_order":0,"comment_status":"closed","ping_status":"closed","template":"","meta":{"_monsterinsights_skip_tracking":false,"_monsterinsights_sitenote_active":false,"_monsterinsights_sitenote_note":"","_monsterinsights_sitenote_category":0,"footnotes":""},"class_list":["post-1288","page","type-page","status-publish"],"aioseo_notices":[],"_links":{"self":[{"href":"https:\/\/posta-logistics.com\/es\/wp-json\/wp\/v2\/pages\/1288","targetHints":{"allow":["GET"]}}],"collection":[{"href":"https:\/\/posta-logistics.com\/es\/wp-json\/wp\/v2\/pages"}],"about":[{"href":"https:\/\/posta-logistics.com\/es\/wp-json\/wp\/v2\/types\/page"}],"author":[{"embeddable":true,"href":"https:\/\/posta-logistics.com\/es\/wp-json\/wp\/v2\/users\/3"}],"replies":[{"embeddable":true,"href":"https:\/\/posta-logistics.com\/es\/wp-json\/wp\/v2\/comments?post=1288"}],"version-history":[{"count":1,"href":"https:\/\/posta-logistics.com\/es\/wp-json\/wp\/v2\/pages\/1288\/revisions"}],"predecessor-version":[{"id":1289,"href":"https:\/\/posta-logistics.com\/es\/wp-json\/wp\/v2\/pages\/1288\/revisions\/1289"}],"wp:attachment":[{"href":"https:\/\/posta-logistics.com\/es\/wp-json\/wp\/v2\/media?parent=1288"}],"curies":[{"name":"wp","href":"https:\/\/api.w.org\/{rel}","templated":true}]}}