{"id":1292,"date":"2018-08-08T10:14:07","date_gmt":"2018-08-08T08:14:07","guid":{"rendered":"http:\/\/posta-logistics.com\/es\/?page_id=1292"},"modified":"2018-08-08T10:20:17","modified_gmt":"2018-08-08T08:20:17","slug":"transporte-urgente-entregas-express-desde-espana-a-republica-checa","status":"publish","type":"page","link":"https:\/\/posta-logistics.com\/es\/transporte-urgente-entregas-express-desde-espana-a-republica-checa","title":{"rendered":"Transporte urgente (entregas express) desde Espa\u00f1a a Rep\u00fablica Checa"},"content":{"rendered":"<div class=\"entry\">\n<p><strong>Transporte urgente (entregas express) desde Espa\u00f1a a Rep\u00fablica Checa<\/strong><\/p>\n<p>Siempre tenemos un veh\u00edculo que puede cargar en cualquier punto de Espa\u00f1a y entregar la mercanc\u00eda en un plazo de tiempo muy limitado en Rep\u00fablica Checa. Pueden <a href=\"http:\/\/posta-logistics.com\/es\/contacto\">contactar directamente<\/a> para solicitar entrega urgente de mercanc\u00eda en Rep\u00fablica Checa.<\/p>\n<p>Tenemos servicio excelente de <a href=\"http:\/\/posta-logistics.com\/es\/transporte-urgente-express-delivery\">transporte urgente desde Espa\u00f1a a Rep\u00fablica Checa<\/a> para los clientes que tienen necesidad de hacer entrega urgente de mercanc\u00eda. En casos necesarios cargando y\/o descargando la mercanc\u00eda fuera de los horarios habituales.<\/p>\n<p>Para las entregas urgentes en Rep\u00fablica Checa contamos con amplia flota de veh\u00edculos:<br \/>\n\u2013 camiones minitir lona hasta 1,2 toneladas con permisos ADR (8 europalets);<br \/>\n\u2013 camiones minitir frigor\u00edfico hasta 1,2 toneladas con permisos ADR (8 europalets);<br \/>\n\u2013 camiones minitir lona hasta 3,5 toneladas con permisos ADR;<br \/>\n\u2013 camiones minitir caja cerrada hasta 3,5 toneladas con permisos ADR;<br \/>\n\u2013 camiones minitir frigor\u00edfico hasta 3,5 toneladas con permisos ADR;<br \/>\n\u2013 camiones lona hasta 6 toneladas con permisos ADR;<br \/>\n\u2013 camiones caja cerrada hasta 6 toneladas con permisos ADR;<br \/>\n\u2013 camiones lona hasta 24 toneladas con permisos ADR y dos choferes;<br \/>\n\u2013 camiones frigor\u00edficos hasta 24 toneladas con permisos ADR y dos choferes.<\/p>\n<p>Entre amplia gama de cargas urgentes entregadas en Rep\u00fablica Checa se puede destacar:<br \/>\nTransporte terrestre urgente (entrega express) desde Espa\u00f1a a Rep\u00fablica Checa de material de automoci\u00f3n;<br \/>\nTransporte terrestre urgente (entrega express) desde Espa\u00f1a a Rep\u00fablica Checa de productos farmac\u00e9uticos con temperatura controlada;<br \/>\nTransporte terrestre urgente (entrega express) desde Espa\u00f1a a Rep\u00fablica Checa de material para las ferias y exposiciones;<br \/>\nTransporte urgente \/ entrega express desde Espa\u00f1a a Rep\u00fablica Checa de material para eventos;<br \/>\nTransporte urgente (entrega express) desde Espa\u00f1a a Rep\u00fablica Checa de productos congelados;<br \/>\nTransporte urgente (entrega express) desde Espa\u00f1a a Rep\u00fablica Checa de productos materiales para los ensayos m\u00e9dicos e biologicos;<br \/>\nTransporte urgente (entrega express) desde Espa\u00f1a a Rep\u00fablica Checa de cualquier otro tipo de material, producto, mercanc\u00eda.<\/p>\n<p>Posta Logistics, S.L. siempre puede ofrecer al cliente una soluci\u00f3n \u00f3ptima y adecuada para necesidad de <strong>transporte urgente terrestre desde Espa\u00f1a a Rep\u00fablica Checa<\/strong>. Nuestros servicios de entregas urgentes en Rep\u00fablica Checa seguros, garantizados, siempre a tiempo.<\/p>\n<p>A solicitud de nuestro cliente para el <strong>transporte terrestre urgente<\/strong> (<strong>entrega express<\/strong>) desde Espa\u00f1a a Rep\u00fablica Checa posicionamos veh\u00edculo al lugar de carga muchas veces en un tiempo de menos de una hora en cualquier punto de Espa\u00f1a (\u00c1lava (Araba), Albacete, Alicante, Almer\u00eda, Asturias, \u00c1vila, Badajoz, Barcelona, Burgos, C\u00e1ceres, C\u00e1diz, Cantabria, Castell\u00f3n, Ciudad Real, C\u00f3rdoba, Cuenca, Gerona (Girona), Granada, Guadalajara, Guip\u00fazcoa (Gipuzkoa), Huelva, Huesca, Islas Baleares, Ja\u00e9n, La Coru\u00f1a (A Coru\u00f1a), La Rioja, Las Palmas, Le\u00f3n, L\u00e9rida (Lleida), Lugo, Madrid, M\u00e1laga, Murcia, Navarra, Orense, Palencia, Pontevedra, Salamanca, Segovia, Sevilla, Soria, Tarragona, Tenerife, Teruel, Toledo, Valencia, Valladolid, Vizcaya, Zamora, Zaragoza) para entregar la carga en cualquier punto de Rep\u00fablica Checa incluyendo ciudades principales: Praga, Brno, Ostrava, Pilsen, Liberec, Olomouc, \u00dast\u00ed nad Labem, \u010cesk\u00e9 Bud\u011bjovice, Hradec Kr\u00e1lov\u00e9, Pardubice, Hav\u00ed\u0159ov, Zl\u00edn, Kladno, Most, Karvin\u00e1, Opava, Fr\u00fddek-M\u00edstek, Jihlava, Karlovy Vary, Teplice, D\u011b\u010d\u00edn, Chomutov, Jablonec nad Nisou, Prost\u011bjov, Mlad\u00e1 Boleslav, P\u0159erov, T\u0159eb\u00ed\u010d, \u010cesk\u00e1 L\u00edpa, Moravian-Silesian, T\u00e1bor, Znojmo, P\u0159\u00edbram, Cheb, Orlov\u00e1, Trutnov, Kol\u00edn, P\u00edsek, Krom\u011b\u0159\u00ed\u017e, Vset\u00edn, \u0160umperk, Vala\u0161sk\u00e9 Mezi\u0159\u00ed\u010d\u00ed, Litv\u00ednov, Nov\u00fd Ji\u010d\u00edn, Hodonin, Uhersk\u00e9 Hradi\u0161t\u011b, \u010cesk\u00fd T\u011b\u0161\u00edn, Krnov, Sokolov, B\u0159eclav, Havl\u00ed\u010dk\u016fv Brod, \u017d\u010f\u00e1r nad S\u00e1zavou, Chrudim, Strakonice, Kop\u0159ivnice, Litom\u011b\u0159ice, Bohum\u00edn, Klatovy, Jind\u0159ich\u016fv Hradec, Vy\u0161kov, Kutn\u00e1 Hora, Jirkov, N\u00e1chod, Blansko.<\/p>\n<p>Para solicitar informaci\u00f3n o <strong>transporte express desde Espa\u00f1a a Rep\u00fablica Checa<\/strong> pueden <a href=\"http:\/\/posta-logistics.com\/es\/contacto\">contactar con Posta Logistics, S.L<\/a>.<\/p>\n<\/div>\n","protected":false},"excerpt":{"rendered":"<p>Transporte urgente (entregas express) desde Espa\u00f1a a Rep\u00fablica Checa Siempre tenemos un veh\u00edculo que puede cargar en cualquier punto de Espa\u00f1a y entregar la mercanc\u00eda en un plazo de tiempo muy limitado en Rep\u00fablica Checa. Pueden contactar directamente para solicitar entrega urgente de mercanc\u00eda en Rep\u00fablica Checa. Tenemos servicio excelente de transporte urgente desde Espa\u00f1a &#8230;<\/p>\n","protected":false},"author":3,"featured_media":0,"parent":0,"menu_order":0,"comment_status":"closed","ping_status":"closed","template":"","meta":{"_monsterinsights_skip_tracking":false,"_monsterinsights_sitenote_active":false,"_monsterinsights_sitenote_note":"","_monsterinsights_sitenote_category":0,"footnotes":""},"class_list":["post-1292","page","type-page","status-publish"],"aioseo_notices":[],"_links":{"self":[{"href":"https:\/\/posta-logistics.com\/es\/wp-json\/wp\/v2\/pages\/1292","targetHints":{"allow":["GET"]}}],"collection":[{"href":"https:\/\/posta-logistics.com\/es\/wp-json\/wp\/v2\/pages"}],"about":[{"href":"https:\/\/posta-logistics.com\/es\/wp-json\/wp\/v2\/types\/page"}],"author":[{"embeddable":true,"href":"https:\/\/posta-logistics.com\/es\/wp-json\/wp\/v2\/users\/3"}],"replies":[{"embeddable":true,"href":"https:\/\/posta-logistics.com\/es\/wp-json\/wp\/v2\/comments?post=1292"}],"version-history":[{"count":1,"href":"https:\/\/posta-logistics.com\/es\/wp-json\/wp\/v2\/pages\/1292\/revisions"}],"predecessor-version":[{"id":1293,"href":"https:\/\/posta-logistics.com\/es\/wp-json\/wp\/v2\/pages\/1292\/revisions\/1293"}],"wp:attachment":[{"href":"https:\/\/posta-logistics.com\/es\/wp-json\/wp\/v2\/media?parent=1292"}],"curies":[{"name":"wp","href":"https:\/\/api.w.org\/{rel}","templated":true}]}}