{"id":1317,"date":"2018-08-09T13:08:45","date_gmt":"2018-08-09T11:08:45","guid":{"rendered":"http:\/\/posta-logistics.com\/es\/?page_id=1317"},"modified":"2018-08-09T13:08:45","modified_gmt":"2018-08-09T11:08:45","slug":"transporte-urgente-entregas-express-desde-espana-a-tayikistan","status":"publish","type":"page","link":"https:\/\/posta-logistics.com\/es\/transporte-urgente-entregas-express-desde-espana-a-tayikistan","title":{"rendered":"Transporte urgente (entregas express) desde Espa\u00f1a a Tayikist\u00e1n"},"content":{"rendered":"<div class=\"entry\">\n<p><strong>Transporte urgente (entregas express) desde Espa\u00f1a a Tayikist\u00e1n<\/strong><\/p>\n<p>Siempre tenemos un veh\u00edculo que puede cargar en cualquier punto de Espa\u00f1a y entregar la mercanc\u00eda en un plazo de tiempo muy limitado en Tayikist\u00e1n. Pueden <a href=\"http:\/\/posta-logistics.com\/es\/contacto\">contactar directamente <\/a>para solicitar <strong>entrega urgente de mercanc\u00eda en Tayikist\u00e1n<\/strong>.<\/p>\n<p>Tenemos servicio excelente de <strong>transporte urgente desde Espa\u00f1a a Tayikist\u00e1n<\/strong> para los clientes que tienen necesidad de hacer entrega urgente de mercanc\u00eda. En casos necesarios cargando y\/o descargando la mercanc\u00eda fuera de los horarios habituales.<\/p>\n<p>Para las entregas urgentes en Tayikist\u00e1n contamos con amplia flota de veh\u00edculos:<br \/>\n\u2013 camiones minitir lona hasta 1,2 toneladas con permisos ADR (8 europalets);<br \/>\n\u2013 camiones minitir frigor\u00edfico hasta 1,2 toneladas con permisos ADR (8 europalets);<br \/>\n\u2013 camiones minitir lona hasta 3,5 toneladas con permisos ADR;<br \/>\n\u2013 camiones minitir caja cerrada hasta 3,5 toneladas con permisos ADR;<br \/>\n\u2013 camiones minitir frigor\u00edfico hasta 3,5 toneladas con permisos ADR;<br \/>\n\u2013 camiones lona hasta 6 toneladas con permisos ADR;<br \/>\n\u2013 camiones caja cerrada hasta 6 toneladas con permisos ADR;<br \/>\n\u2013 camiones lona hasta 24 toneladas con permisos ADR y dos choferes;<br \/>\n\u2013 camiones frigor\u00edficos hasta 24 toneladas con permisos ADR y dos choferes.<\/p>\n<p>Entre amplia gama de cargas urgentes entregadas en Tayikist\u00e1n se puede destacar:<br \/>\nTransporte terrestre urgente (entrega express) desde Espa\u00f1a a Tayikist\u00e1n de material de automoci\u00f3n;<br \/>\nTransporte terrestre urgente (entrega express) desde Espa\u00f1a a Tayikist\u00e1n de productos farmac\u00e9uticos con temperatura controlada;<br \/>\nTransporte terrestre urgente (entrega express) desde Espa\u00f1a a Tayikist\u00e1n de material para las ferias y exposiciones;<br \/>\n<strong>Transporte urgente \/ entrega express desde Espa\u00f1a a Tayikist\u00e1n<\/strong> de material para eventos;<br \/>\nTransporte urgente (entrega express) desde Espa\u00f1a a Tayikist\u00e1n de productos congelados;<br \/>\nTransporte urgente (entrega express) desde Espa\u00f1a a Tayikist\u00e1n de productos materiales para los ensayos m\u00e9dicos e biologicos;<br \/>\nTransporte urgente (entrega express) desde Espa\u00f1a a Tayikist\u00e1n de cualquier otro tipo de material, producto, mercanc\u00eda.<\/p>\n<p>Posta Logistics, S.L. siempre puede ofrecer al cliente una soluci\u00f3n \u00f3ptima y adecuada para necesidad de transporte urgente terrestre desde Espa\u00f1a a Tayikist\u00e1n. Nuestros servicios de entregas urgentes en Tayikist\u00e1n seguros, garantizados, siempre a tiempo.<\/p>\n<p>A solicitud de nuestro cliente para el <a href=\"http:\/\/posta-logistics.com\/es\/transporte-urgente-express-delivery\">transporte terrestre urgente<\/a> (entrega express) desde Espa\u00f1a a Tayikist\u00e1n posicionamos veh\u00edculo al lugar de carga muchas veces en un tiempo de menos de una hora en cualquier punto de Espa\u00f1a (\u00c1lava (Araba), Albacete, Alicante, Almer\u00eda, Asturias, \u00c1vila, Badajoz, Barcelona, Burgos, C\u00e1ceres, C\u00e1diz, Cantabria, Castell\u00f3n, Ciudad Real, C\u00f3rdoba, Cuenca, Gerona (Girona), Granada, Guadalajara, Guip\u00fazcoa (Gipuzkoa), Huelva, Huesca, Islas Baleares, Ja\u00e9n, La Coru\u00f1a (A Coru\u00f1a), La Rioja, Las Palmas, Le\u00f3n, L\u00e9rida (Lleida), Lugo, Madrid, M\u00e1laga, Murcia, Navarra, Orense, Palencia, Pontevedra, Salamanca, Segovia, Sevilla, Soria, Tarragona, Tenerife, Teruel, Toledo, Valencia, Valladolid, Vizcaya, Zamora, Zaragoza) para entregar la carga en cualquier punto de Tayikist\u00e1n incluyendo ciudades principales: Dushanbe; Adrasmon; Boshkengash; Chkalovsk; Chubek; Danghara; Farkhor; Garavuti; Hisor; Isfara; Ishkashim; Istaravshan; Khodjent; Khorugh; Kofarnihon; Kolkhozobod; Konibodom; Kulob; Muminabad; Murghob; Norak; Nov; Panjakent; Proletarsk; Shahrtuz; Tursunzoda; Vakhsh; Vose; Yovan.<\/p>\n<p>Para solicitar informaci\u00f3n o transporte express desde Espa\u00f1a a Tayikist\u00e1n pueden <a href=\"http:\/\/posta-logistics.com\/es\/contacto\">contactar con Posta Logistics, S.L<\/a>.<\/p>\n<\/div>\n","protected":false},"excerpt":{"rendered":"<p>Transporte urgente (entregas express) desde Espa\u00f1a a Tayikist\u00e1n Siempre tenemos un veh\u00edculo que puede cargar en cualquier punto de Espa\u00f1a y entregar la mercanc\u00eda en un plazo de tiempo muy limitado en Tayikist\u00e1n. Pueden contactar directamente para solicitar entrega urgente de mercanc\u00eda en Tayikist\u00e1n. Tenemos servicio excelente de transporte urgente desde Espa\u00f1a a Tayikist\u00e1n para &#8230;<\/p>\n","protected":false},"author":3,"featured_media":0,"parent":0,"menu_order":0,"comment_status":"closed","ping_status":"closed","template":"","meta":{"_monsterinsights_skip_tracking":false,"_monsterinsights_sitenote_active":false,"_monsterinsights_sitenote_note":"","_monsterinsights_sitenote_category":0,"footnotes":""},"class_list":["post-1317","page","type-page","status-publish"],"aioseo_notices":[],"_links":{"self":[{"href":"https:\/\/posta-logistics.com\/es\/wp-json\/wp\/v2\/pages\/1317","targetHints":{"allow":["GET"]}}],"collection":[{"href":"https:\/\/posta-logistics.com\/es\/wp-json\/wp\/v2\/pages"}],"about":[{"href":"https:\/\/posta-logistics.com\/es\/wp-json\/wp\/v2\/types\/page"}],"author":[{"embeddable":true,"href":"https:\/\/posta-logistics.com\/es\/wp-json\/wp\/v2\/users\/3"}],"replies":[{"embeddable":true,"href":"https:\/\/posta-logistics.com\/es\/wp-json\/wp\/v2\/comments?post=1317"}],"version-history":[{"count":1,"href":"https:\/\/posta-logistics.com\/es\/wp-json\/wp\/v2\/pages\/1317\/revisions"}],"predecessor-version":[{"id":1318,"href":"https:\/\/posta-logistics.com\/es\/wp-json\/wp\/v2\/pages\/1317\/revisions\/1318"}],"wp:attachment":[{"href":"https:\/\/posta-logistics.com\/es\/wp-json\/wp\/v2\/media?parent=1317"}],"curies":[{"name":"wp","href":"https:\/\/api.w.org\/{rel}","templated":true}]}}