{"id":1334,"date":"2018-09-05T17:28:15","date_gmt":"2018-09-05T15:28:15","guid":{"rendered":"http:\/\/posta-logistics.com\/es\/?page_id=1334"},"modified":"2020-04-22T19:39:57","modified_gmt":"2020-04-22T17:39:57","slug":"gdp-good-distribution-practice-transporte-de-productos-farmaceuticos","status":"publish","type":"page","link":"https:\/\/posta-logistics.com\/es\/gdp-good-distribution-practice-transporte-de-productos-farmaceuticos","title":{"rendered":"GDP (Good Distribution Practice) &#8211; transporte de productos farmac\u00e9uticos"},"content":{"rendered":"<div class=\"entry\">\n<p><strong>GDP (Good Distribution Practice) &#8211; transporte de productos farmac\u00e9uticos<\/strong><\/p>\n<p>Certificaci\u00f3n <strong>GDP<\/strong> (<a href=\"http:\/\/posta-logistics.com\/en\/gdp-good-distribution-practice-transport-of-pharmaceutical-products\">Good Distribution Practice<\/a>) es una certificaci\u00f3n de buenas pr\u00e1cticas de distribuci\u00f3n para la industria farmac\u00e9utica.<br \/>\nDurante su distribuci\u00f3n en la industria farmac\u00e9utica el mantenimiento de la seguridad, integridad y calidad del producto tiene una m\u00e1xima importancia.<\/p>\n<p>Las <strong>buenas pr\u00e1cticas de distribuci\u00f3n<\/strong> (<strong>GDP<\/strong>) son un sistema de calidad para almacenes, centros de distribuci\u00f3n y empresas de transporte dedicados a los medicamentos. Los reglamentos de BPD farmac\u00e9uticas aceptados internacionalmente establecen que los distribuidores de productos farmac\u00e9uticos deben acomodar sus operaciones a los est\u00e1ndares. El programa asegura la aplicaci\u00f3n de sistemas de gesti\u00f3n de la calidad uniformes en toda su cadena de suministro, desde el suministro temprano de materias primas a las plantas de fabricaci\u00f3n hasta el env\u00edo final de medicamentos terminados al usuario final. Una evaluaci\u00f3n independiente de la conformidad con los requisitos de <strong>GDP<\/strong> internacionales es la manera m\u00e1s eficaz de establecer que su sistema de gesti\u00f3n de la calidad cumple las directrices de <strong>GDP<\/strong>.<\/p>\n<p>El sistema de gesti\u00f3n de Posta Logistics, S.L. esta certificado en cuanto al cumplimiento de los requisitos de <strong>ISO 9001:2015<\/strong> para TRANSPORTE DE MERCANC\u00cdA POR CARRETERA A NIVEL NACIONAL E INTERNACIONAL.<\/p>\n<p>El sistema de gesti\u00f3n de Posta Logistics, S.L. tambi\u00e9n est\u00e1 certificado en cuanto al cumplimiento de los requisitos de <strong>DIRECTRICES 2013\/C 343\/01<\/strong> (Directrices de 5 de noviembre de 2013 sobre pr\u00e1cticas correctas de distribuci\u00f3n de medicamentos para uso humano) para TRANSPORTE DE MEDICAMENTOS DE USO HUMANO POR CARRETERA A TEMPERATURA CONTROLADA. Este certificado es conocido como certificado <strong>BPD<\/strong> (<a href=\"http:\/\/posta-logistics.com\/es\/bpd-buenas-practicas-distibucion-transporte-de-productos-farmaceuticos\">Buenas Pr\u00e1cticas de Distribuci\u00f3n<\/a>) \/ <strong>GDP<\/strong> (<strong>Good Distribution Practice<\/strong>).<\/p>\n<p>Posta Logistics, S.L. ofrece servicios de <strong>transporte terrestre y a\u00e9reo de productos farmac\u00e9uticos<\/strong> desde Espa\u00f1a y para Espa\u00f1a incluyendo <strong>transporte expr\u00e9s de productos farmac\u00e9uticos<\/strong>.<\/p>\n<p>Destinos de <strong>exportaci\u00f3n de productos farmac\u00e9uticos<\/strong><br \/>\n<a href=\"http:\/\/posta-logistics.com\/es\/transporte-terrestre-de-productos-farmaceuticos-a-albania\">Transporte de productos farmac\u00e9uticos a Albania<\/a><br \/>\n<a href=\"http:\/\/posta-logistics.com\/es\/transporte-terrestre-de-productos-farmaceuticos-a-alemania\">Transporte de productos farmac\u00e9uticos a Alemania<\/a><br \/>\n<a href=\"http:\/\/posta-logistics.com\/es\/transporte-terrestre-de-productos-farmaceuticos-a-armenia\">Transporte de productos farmac\u00e9uticos a Armenia<\/a><br \/>\n<a href=\"http:\/\/posta-logistics.com\/es\/transporte-terrestre-de-productos-farmaceuticos-a-austria\">Transporte de productos farmac\u00e9uticos a Austria<\/a><br \/>\n<a href=\"http:\/\/posta-logistics.com\/es\/transporte-terrestre-de-productos-farmaceuticos-a-azerbaiyan\">Transporte de productos farmac\u00e9uticos a Azerbaiy\u00e1n<\/a><br \/>\n<a href=\"http:\/\/posta-logistics.com\/es\/transporte-terrestre-de-productos-farmaceuticos-a-belgica\">Transporte de productos farmac\u00e9uticos a B\u00e9lgica<\/a><br \/>\n<a href=\"http:\/\/posta-logistics.com\/es\/transporte-terrestre-de-productos-farmaceuticos-a-bielorrusia\">Transporte de productos farmac\u00e9uticos a Bielorrusia<\/a><br \/>\n<a href=\"http:\/\/posta-logistics.com\/es\/transporte-terrestre-de-productos-farmaceuticos-a-bosnia-y-herzegovina\">Transporte de productos farmac\u00e9uticos a Bosnia y Herzegovina<\/a><br \/>\n<a href=\"http:\/\/posta-logistics.com\/es\/transporte-terrestre-de-productos-farmaceuticos-a-bulgaria\">Transporte de productos farmac\u00e9uticos a Bulgaria<\/a><br \/>\n<a href=\"http:\/\/posta-logistics.com\/es\/transporte-terrestre-de-productos-farmaceuticos-a-chipre\">Transporte de productos farmac\u00e9uticos a Chipre<\/a><br \/>\n<a href=\"http:\/\/posta-logistics.com\/es\/transporte-terrestre-de-productos-farmaceuticos-a-croacia\">Transporte de productos farmac\u00e9uticos a Croacia<\/a><br \/>\n<a href=\"http:\/\/posta-logistics.com\/es\/transporte-terrestre-de-productos-farmaceuticos-a-dinamarca\">Transporte de productos farmac\u00e9uticos a Dinamarca<\/a><br \/>\n<a href=\"http:\/\/posta-logistics.com\/es\/transporte-terrestre-de-productos-farmaceuticos-a-eslovaquia\">Transporte de productos farmac\u00e9uticos a Eslovaquia<\/a><br \/>\n<a href=\"http:\/\/posta-logistics.com\/es\/transporte-terrestre-de-productos-farmaceuticos-a-eslovenia\">Transporte de productos farmac\u00e9uticos a Eslovenia<\/a><br \/>\n<a href=\"http:\/\/posta-logistics.com\/es\/transporte-terrestre-de-productos-farmaceuticos-a-estonia\">Transporte de productos farmac\u00e9uticos a Estonia<\/a><br \/>\n<a href=\"http:\/\/posta-logistics.com\/es\/transporte-terrestre-de-productos-farmaceuticos-a-finlandia\">Transporte de productos farmac\u00e9uticos a Finlandia<\/a><br \/>\n<a href=\"http:\/\/posta-logistics.com\/es\/transporte-terrestre-de-productos-farmaceuticos-a-francia\">Transporte de productos farmac\u00e9uticos a Francia<\/a><br \/>\n<a href=\"http:\/\/posta-logistics.com\/es\/transporte-terrestre-de-productos-farmaceuticos-a-georgia\">Transporte de productos farmac\u00e9uticos a Georgia<\/a><br \/>\n<a href=\"http:\/\/posta-logistics.com\/es\/transporte-terrestre-de-productos-farmaceuticos-a-grecia\">Transporte de productos farmac\u00e9uticos a Grecia<\/a><br \/>\n<a href=\"http:\/\/posta-logistics.com\/es\/transporte-terrestre-de-productos-farmaceuticos-a-hungria\">Transporte de productos farmac\u00e9uticos a Hungr\u00eda<\/a><br \/>\n<a href=\"http:\/\/posta-logistics.com\/es\/transporte-terrestre-de-productos-farmaceuticos-a-irlanda\">Transporte de productos farmac\u00e9uticos a Irlanda<\/a><br \/>\n<a href=\"http:\/\/posta-logistics.com\/es\/transporte-terrestre-de-productos-farmaceuticos-a-italia\">Transporte de productos farmac\u00e9uticos a Italia<\/a><br \/>\n<a href=\"http:\/\/posta-logistics.com\/es\/transporte-terrestre-de-productos-farmaceuticos-a-kazajistan\">Transporte de productos farmac\u00e9uticos a Kazajist\u00e1n<\/a><br \/>\n<a href=\"http:\/\/posta-logistics.com\/es\/transporte-terrestre-de-productos-farmaceuticos-a-kirguistan\">Transporte de productos farmac\u00e9uticos a Kirguist\u00e1n<\/a><br \/>\n<a href=\"http:\/\/posta-logistics.com\/es\/transporte-terrestre-de-productos-farmaceuticos-a-kosovo\">Transporte de productos farmac\u00e9uticos a Kosovo<\/a><br \/>\n<a href=\"http:\/\/posta-logistics.com\/es\/transporte-terrestre-de-productos-farmaceuticos-a-letonia\">Transporte de productos farmac\u00e9uticos a Letonia<\/a><br \/>\n<a href=\"http:\/\/posta-logistics.com\/es\/transporte-terrestre-de-productos-farmaceuticos-a-lituania\">Transporte de productos farmac\u00e9uticos a Lituania<\/a><br \/>\n<a href=\"http:\/\/posta-logistics.com\/es\/transporte-terrestre-de-productos-farmaceuticos-a-luxemburgo\">Transporte de productos farmac\u00e9uticos a Luxemburgo<\/a><br \/>\n<a href=\"http:\/\/posta-logistics.com\/es\/transporte-terrestre-de-productos-farmaceuticos-a-macedonia\">Transporte de productos farmac\u00e9uticos a Macedonia<\/a><br \/>\n<a href=\"http:\/\/posta-logistics.com\/es\/transporte-terrestre-de-productos-farmaceuticos-a-malta\">Transporte de productos farmac\u00e9uticos a Malta<\/a><br \/>\n<a href=\"http:\/\/posta-logistics.com\/es\/transporte-terrestre-de-productos-farmaceuticos-a-moldova\">Transporte de productos farmac\u00e9uticos a Moldova<\/a><br \/>\n<a href=\"http:\/\/posta-logistics.com\/es\/transporte-terrestre-de-productos-farmaceuticos-a-montenegro\">Transporte de productos farmac\u00e9uticos a Montenegro<\/a><br \/>\n<a href=\"http:\/\/posta-logistics.com\/es\/transporte-terrestre-de-productos-farmaceuticos-a-noruega\">Transporte de productos farmac\u00e9uticos a Noruega<\/a><br \/>\n<a href=\"http:\/\/posta-logistics.com\/es\/transporte-terrestre-de-productos-farmaceuticos-a-paises-bajos\">Transporte de productos farmac\u00e9uticos a Pa\u00edses Bajos<\/a><br \/>\n<a href=\"http:\/\/posta-logistics.com\/es\/transporte-terrestre-de-productos-farmaceuticos-a-polonia\">Transporte de productos farmac\u00e9uticos a Polonia<\/a><br \/>\n<a href=\"http:\/\/posta-logistics.com\/es\/transporte-terrestre-de-productos-farmaceuticos-a-portugal\">Transporte de productos farmac\u00e9uticos a Portugal<\/a><br \/>\n<a href=\"http:\/\/posta-logistics.com\/es\/transporte-terrestre-de-productos-farmaceuticos-a-republica-checa\">Transporte de productos farmac\u00e9uticos a Rep\u00fablica Checa<\/a><br \/>\n<a href=\"http:\/\/posta-logistics.com\/es\/transporte-terrestre-de-productos-farmaceuticos-a-rumania\">Transporte de productos farmac\u00e9uticos a Ruman\u00eda<\/a><br \/>\n<a href=\"http:\/\/posta-logistics.com\/es\/transporte-terrestre-de-productos-farmaceuticos-a-rusia\">Transporte de productos farmac\u00e9uticos a Rusia<\/a><br \/>\n<a href=\"http:\/\/posta-logistics.com\/es\/transporte-terrestre-de-productos-farmaceuticos-a-serbia\">Transporte de productos farmac\u00e9uticos a Serbia<\/a><br \/>\n<a href=\"http:\/\/posta-logistics.com\/es\/transporte-terrestre-de-productos-farmaceuticos-a-suecia\">Transporte de productos farmac\u00e9uticos a Suecia<\/a><br \/>\n<a href=\"http:\/\/posta-logistics.com\/es\/transporte-terrestre-de-productos-farmaceuticos-a-suiza\">Transporte de productos farmac\u00e9uticos a Suiza<\/a><br \/>\n<a href=\"http:\/\/posta-logistics.com\/es\/transporte-terrestre-de-productos-farmaceuticos-a-tayikistan\">Transporte de productos farmac\u00e9uticos a Tayikist\u00e1n<\/a><br \/>\n<a href=\"http:\/\/posta-logistics.com\/es\/transporte-terrestre-de-productos-farmaceuticos-a-turkmenistan\">Transporte de productos farmac\u00e9uticos a Turkmenist\u00e1n<\/a><br \/>\n<a href=\"http:\/\/posta-logistics.com\/es\/transporte-terrestre-de-productos-farmaceuticos-a-turquia\">Transporte de productos farmac\u00e9uticos a Turqu\u00eda<\/a><br \/>\n<a href=\"http:\/\/posta-logistics.com\/es\/transporte-terrestre-de-productos-farmaceuticos-a-ucrania\">Transporte de productos farmac\u00e9uticos a Ucrania<\/a><br \/>\n<a href=\"http:\/\/posta-logistics.com\/es\/transporte-terrestre-de-productos-farmaceuticos-a-uzbekistan\">Transporte de productos farmac\u00e9uticos a Uzbekist\u00e1n<\/a><br \/>\n<a href=\"http:\/\/posta-logistics.com\/es\/transporte-terrestre-de-productos-farmaceuticos-a-reino-unido\">Transporte de productos farmac\u00e9uticos al Reino Unido<\/a><\/p>\n<p>Or\u00edgenes de <strong>importaci\u00f3n de productos farmac\u00e9uticos<\/strong><br \/>\nTransporte de productos farmac\u00e9uticos desde Albania<br \/>\nTransporte de productos farmac\u00e9uticos desde Alemania<br \/>\nTransporte de productos farmac\u00e9uticos desde Armenia<br \/>\nTransporte de productos farmac\u00e9uticos desde Austria<br \/>\nTransporte de productos farmac\u00e9uticos desde Azerbaiy\u00e1n<br \/>\nTransporte de productos farmac\u00e9uticos desde B\u00e9lgica<br \/>\nTransporte de productos farmac\u00e9uticos desde Bielorrusia<br \/>\nTransporte de productos farmac\u00e9uticos desde Bosnia y Herzegovina<br \/>\nTransporte de productos farmac\u00e9uticos desde Bulgaria<br \/>\nTransporte de productos farmac\u00e9uticos desde Chipre<br \/>\nTransporte de productos farmac\u00e9uticos desde Croacia<br \/>\nTransporte de productos farmac\u00e9uticos desde Dinamarca<br \/>\nTransporte de productos farmac\u00e9uticos desde Eslovaquia<br \/>\nTransporte de productos farmac\u00e9uticos desde Eslovenia<br \/>\nTransporte de productos farmac\u00e9uticos desde Estonia<br \/>\nTransporte de productos farmac\u00e9uticos desde Finlandia<br \/>\nTransporte de productos farmac\u00e9uticos desde Francia<br \/>\nTransporte de productos farmac\u00e9uticos desde Georgia<br \/>\nTransporte de productos farmac\u00e9uticos desde Grecia<br \/>\nTransporte de productos farmac\u00e9uticos desde Hungr\u00eda<br \/>\nTransporte de productos farmac\u00e9uticos desde Irlanda<br \/>\nTransporte de productos farmac\u00e9uticos desde Italia<br \/>\nTransporte de productos farmac\u00e9uticos desde Kazajist\u00e1n<br \/>\nTransporte de productos farmac\u00e9uticos desde Kirguist\u00e1n<br \/>\nTransporte de productos farmac\u00e9uticos desde Kosovo<br \/>\nTransporte de productos farmac\u00e9uticos desde Letonia<br \/>\nTransporte de productos farmac\u00e9uticos desde Lituania<br \/>\nTransporte de productos farmac\u00e9uticos desde Luxemburgo<br \/>\nTransporte de productos farmac\u00e9uticos desde Macedonia<br \/>\nTransporte de productos farmac\u00e9uticos desde Malta<br \/>\nTransporte de productos farmac\u00e9uticos desde Moldova<br \/>\nTransporte de productos farmac\u00e9uticos desde Montenegro<br \/>\nTransporte de productos farmac\u00e9uticos desde Noruega<br \/>\nTransporte de productos farmac\u00e9uticos desde Pa\u00edses Bajos<br \/>\nTransporte de productos farmac\u00e9uticos desde Polonia<br \/>\nTransporte de productos farmac\u00e9uticos desde Portugal<br \/>\nTransporte de productos farmac\u00e9uticos desde Rep\u00fablica Checa<br \/>\nTransporte de productos farmac\u00e9uticos desde Ruman\u00eda<br \/>\nTransporte de productos farmac\u00e9uticos desde Rusia<br \/>\nTransporte de productos farmac\u00e9uticos desde Serbia<br \/>\nTransporte de productos farmac\u00e9uticos desde Suecia<br \/>\nTransporte de productos farmac\u00e9uticos desde Suiza<br \/>\nTransporte de productos farmac\u00e9uticos desde Tayikist\u00e1n<br \/>\nTransporte de productos farmac\u00e9uticos desde Turkmenist\u00e1n<br \/>\nTransporte de productos farmac\u00e9uticos desde Turqu\u00eda<br \/>\nTransporte de productos farmac\u00e9uticos desde Ucrania<br \/>\nTransporte de productos farmac\u00e9uticos desde Uzbekist\u00e1n<br \/>\nTransporte de productos farmac\u00e9uticos desde el Reino Unido<\/p>\n<p>Para consultar d\u00edas de salida, tiempo de tr\u00e1nsito y precio de transporte de productos farmac\u00e9uticos no duden en <a href=\"http:\/\/posta-logistics.com\/es\/contacto\">contactar con Posta Logistics, S.L<\/a>.<\/p>\n<\/div>\n","protected":false},"excerpt":{"rendered":"<p>GDP (Good Distribution Practice) &#8211; transporte de productos farmac\u00e9uticos Certificaci\u00f3n GDP (Good Distribution Practice) es una certificaci\u00f3n de buenas pr\u00e1cticas de distribuci\u00f3n para la industria farmac\u00e9utica. Durante su distribuci\u00f3n en la industria farmac\u00e9utica el mantenimiento de la seguridad, integridad y calidad del producto tiene una m\u00e1xima importancia. Las buenas pr\u00e1cticas de distribuci\u00f3n (GDP) son un &#8230;<\/p>\n","protected":false},"author":3,"featured_media":0,"parent":0,"menu_order":0,"comment_status":"closed","ping_status":"closed","template":"","meta":{"_monsterinsights_skip_tracking":false,"_monsterinsights_sitenote_active":false,"_monsterinsights_sitenote_note":"","_monsterinsights_sitenote_category":0,"footnotes":""},"class_list":["post-1334","page","type-page","status-publish"],"aioseo_notices":[],"_links":{"self":[{"href":"https:\/\/posta-logistics.com\/es\/wp-json\/wp\/v2\/pages\/1334","targetHints":{"allow":["GET"]}}],"collection":[{"href":"https:\/\/posta-logistics.com\/es\/wp-json\/wp\/v2\/pages"}],"about":[{"href":"https:\/\/posta-logistics.com\/es\/wp-json\/wp\/v2\/types\/page"}],"author":[{"embeddable":true,"href":"https:\/\/posta-logistics.com\/es\/wp-json\/wp\/v2\/users\/3"}],"replies":[{"embeddable":true,"href":"https:\/\/posta-logistics.com\/es\/wp-json\/wp\/v2\/comments?post=1334"}],"version-history":[{"count":17,"href":"https:\/\/posta-logistics.com\/es\/wp-json\/wp\/v2\/pages\/1334\/revisions"}],"predecessor-version":[{"id":1542,"href":"https:\/\/posta-logistics.com\/es\/wp-json\/wp\/v2\/pages\/1334\/revisions\/1542"}],"wp:attachment":[{"href":"https:\/\/posta-logistics.com\/es\/wp-json\/wp\/v2\/media?parent=1334"}],"curies":[{"name":"wp","href":"https:\/\/api.w.org\/{rel}","templated":true}]}}