{"id":1402,"date":"2020-04-16T16:43:56","date_gmt":"2020-04-16T14:43:56","guid":{"rendered":"http:\/\/posta-logistics.com\/es\/?page_id=1402"},"modified":"2020-04-17T10:15:10","modified_gmt":"2020-04-17T08:15:10","slug":"nuestra-empresa","status":"publish","type":"page","link":"https:\/\/posta-logistics.com\/es\/sobre-nosotros","title":{"rendered":"Sobre nosotros"},"content":{"rendered":"<div class=\"entry\">\n<p>Posta Logistics, S.L. fue fundada como continuaci\u00f3n de las actividades anteriores de los socios en el sector de <a href=\"http:\/\/posta-logistics.com\/es\/transporte-internacional\">transporte terrestre internacional<\/a>.<\/p>\n<p>Conocimiento profundo del mercado de transporte terrestre internacional europeo por un lado y amplia experiencia en los mercados de Pa\u00edses del Este, Asia Central, Pa\u00edses B\u00e1lticos, Balcanes nos han hecho crear la empresa que mejor se adapta a las necesidades de clientes.<\/p>\n<p>Apostamos por el trabajo con camiones propios y los corresponsales cuidadosamente seleccionados. Respuesta r\u00e1pida tanto a la hora de responder a su petici\u00f3n como durante el proceso de transporte.<\/p>\n<p>El sistema de gesti\u00f3n de Posta Logistics, S.L. esta certificado en cuanto al cumplimiento de los requisitos de <strong>ISO 9001:2015<\/strong> para <strong>TRANSPORTE DE MERCANC\u00cdA POR CARRETERA A NIVEL NACIONAL E INTERNACIONAL<\/strong>.<\/p>\n<p>El sistema de gesti\u00f3n de Posta Logistics, S.L. est\u00e1 certificado en cuanto al cumplimiento de los requisitos de <strong>DIRECTRICES 2013\/C 343\/01<\/strong> (Directrices de 5 de noviembre de 2013 sobre pr\u00e1cticas correctas de distribuci\u00f3n de medicamentos para uso humano) para <strong>TRANSPORTE DE MEDICAMENTOS DE USO HUMANO POR CARRETERA A TEMPERATURA CONTROLADA<\/strong>. Este certificado es conocido como certificado BPD (<a href=\"http:\/\/posta-logistics.com\/es\/bpd-buenas-practicas-distibucion-transporte-de-productos-farmaceuticos\">Buenas Pr\u00e1cticas de Distribuci\u00f3n<\/a>) \/ <strong>GDP<\/strong> (<a href=\"http:\/\/posta-logistics.com\/es\/gdp-good-distribution-practice-transporte-de-productos-farmaceuticos\">Good Distribution Practice<\/a>).<\/p>\n<p>Personal profesional y dedicado.<br \/>\nSoluciones integrales que engloban momentos desde la b\u00fasqueda de un producto determinado pasando por formalizaci\u00f3n documentaria, despacho de aduanas, transporte y hasta la entrega al cliente.<br \/>\nNos centramos no solo en el transporte terrestre de cargas completas FTL y grupajes LTL en Europa sino en los mercados como Pa\u00edses del Este, Asia Central, Pa\u00edses B\u00e1lticos, Pa\u00edses Balc\u00e1nicos, Turqu\u00eda, Iran, etc.<\/p>\n<p>Nuestra oficina se encuentra en punto neur\u00e1lgico de la log\u00edstica espa\u00f1ola &#8211; ZAL II en el Prat de Llobregat que nos proporciona siguientes ventajas:<\/p>\n<p>&#8211; El puerto de Barcelona es actualmente uno de los m\u00e1s importantes en el tr\u00e1fico de contenedores del Mediterr\u00e1neo.<br \/>\n&#8211; El aeropuerto internacional de El Prat, a 5 km de distancia, cuenta con un Centro de Carga A\u00e9rea en crecimiento y dispone de empresas log\u00edsticas especializadas.<br \/>\n&#8211; La red viaria que une Barcelona con las principales ciudades europeas y con una excelente conexi\u00f3n a la red metropolitana.<br \/>\n&#8211; La red de ferrocarril proyecta una estaci\u00f3n propia multimodal, que complementar\u00e1 a las 3 de mercanc\u00edas ya existentes en sus alrededores.<br \/>\n&#8211; La aduana de carretera de Barcelona est\u00e1 a 2 kil\u00f3metros y Punto Inspecci\u00f3n Fronteriza pr\u00e1cticamente al lado.<\/p>\n<p>Dado que parte de nuestros clientes se encuentra fuera de la Comunidad Europea y para ellos consolidamos las mercanc\u00edas de diferentes pa\u00edses europeos, contamos con los almacenes en Alemania (Frankfurt am Main), Portugal (Oporto), Italia (Milano), Polonia (Varsovia), Vilnius (Lituania), Mosc\u00fa (Rusia), Minsk (Bielorrusia).<\/p>\n<p>Nuestro personal tiene a\u00f1os de experiencia en la organizaci\u00f3n de transporte internacional y entrega de mercanc\u00edas desde Espa\u00f1a y otros pa\u00edses de la Comunidad Europea a Rusia, Bielorrusia, Ucrania, Kazajist\u00e1n, Kirguist\u00e1n, Uzbekist\u00e1n, Turkmenist\u00e1n, Georgia, Armenia, Azerbaiy\u00e1n, Moldavia. Nuestras rutas habituales incluyen los pa\u00edses Europa del Este, Lituania, Letonia, Estonia, Escandinavia, as\u00ed como entregas a Marruecos, Grecia, Turqu\u00eda, Ir\u00e1n y otros pa\u00edses.<\/p>\n<p>Podemos agrupar los servicios que nuestra empresa ofrece en varios tipos:<\/p>\n<table>\n<tbody>\n<tr>\n<td width=\"15%\"><a class=\"imagelink\" href=\"#\"><img decoding=\"async\" src=\"http:\/\/posta-logistics.com\/images\/icons\/truck_22.png\" alt=\"\u041f\u0435\u0440\u0435\u0432\u043e\u0437\u043a\u0430 \u0433\u0440\u0443\u0437\u043e\u0432\" \/><\/a><\/td>\n<td>\u2014 transporte, incluyendo cargas completas y grupaje, transporte con temperatura controlada, cargas peligrosas ADR, entregas urgentes, camiones lona, cargas especiales y sobredimensionadas<\/td>\n<\/tr>\n<tr>\n<td><img decoding=\"async\" src=\"http:\/\/posta-logistics.com\/images\/icons\/whouse_22.png\" alt=\"\u0421\u043a\u043b\u0430\u0434\u0441\u043a\u0438\u0435 \u0443\u0441\u043b\u0443\u0433\u0438\" \/><\/td>\n<td>\u2014 almacenaje, consolidaci\u00f3n y guarda de cargos en almacenes en el territorio de Espa\u00f1a, Portugal y otros pa\u00edses de la Comunidad Europea<\/td>\n<\/tr>\n<tr>\n<td><img decoding=\"async\" src=\"http:\/\/posta-logistics.com\/images\/icons\/customs_22.png\" alt=\"\u0422\u0430\u043c\u043e\u0436\u0435\u043d\u043d\u043e\u0435 \u043e\u0444\u043e\u0440\u043c\u043b\u0435\u043d\u0438\u0435\" \/><\/td>\n<td>\u2014 despacho y gesti\u00f3n de aduanas<\/td>\n<\/tr>\n<tr>\n<td><img decoding=\"async\" src=\"http:\/\/posta-logistics.com\/images\/icons\/insure_22.png\" alt=\"\u0421\u0442\u0440\u0430\u0445\u043e\u0432\u0430\u043d\u0438\u0435\" \/><\/td>\n<td>\u2014 seguros de mercancias transportadas<\/td>\n<\/tr>\n<\/tbody>\n<\/table>\n<p>Ya en el proceso de contacto previo con el cliente, vemos claramente la imagen completa y ofrecemos las mejores soluciones para cada situaci\u00f3n. Nuestra experiencia nos permite resolver r\u00e1pidamente cualquier situaci\u00f3n inusual que pueda surgir en la cadena log\u00edstica, tanto en la expedici\u00f3n de los documentos, como en el mismo transporte, carga y descarga, traspaso de las fronteras y despacho de aduanas.<br \/>\n\u200b<br \/>\nPara obtener m\u00e1s detalles sobre cada una de estas \u00e1reas de servicios, puedes consultar <a href=\"http:\/\/posta-logistics.com\/es\/servicios\/\">Nuestros servicios<\/a> o contactar directamente desde la p\u00e1gina de <a href=\"http:\/\/posta-logistics.com\/es\/contacto\/\">Contacto<\/a>.<\/p>\n<\/div>\n","protected":false},"excerpt":{"rendered":"<p>Posta Logistics, S.L. fue fundada como continuaci\u00f3n de las actividades anteriores de los socios en el sector de transporte terrestre internacional. Conocimiento profundo del mercado de transporte terrestre internacional europeo por un lado y amplia experiencia en los mercados de Pa\u00edses del Este, Asia Central, Pa\u00edses B\u00e1lticos, Balcanes nos han hecho crear la empresa que &#8230;<\/p>\n","protected":false},"author":3,"featured_media":0,"parent":0,"menu_order":0,"comment_status":"closed","ping_status":"closed","template":"","meta":{"_monsterinsights_skip_tracking":false,"_monsterinsights_sitenote_active":false,"_monsterinsights_sitenote_note":"","_monsterinsights_sitenote_category":0,"footnotes":""},"class_list":["post-1402","page","type-page","status-publish"],"aioseo_notices":[],"_links":{"self":[{"href":"https:\/\/posta-logistics.com\/es\/wp-json\/wp\/v2\/pages\/1402","targetHints":{"allow":["GET"]}}],"collection":[{"href":"https:\/\/posta-logistics.com\/es\/wp-json\/wp\/v2\/pages"}],"about":[{"href":"https:\/\/posta-logistics.com\/es\/wp-json\/wp\/v2\/types\/page"}],"author":[{"embeddable":true,"href":"https:\/\/posta-logistics.com\/es\/wp-json\/wp\/v2\/users\/3"}],"replies":[{"embeddable":true,"href":"https:\/\/posta-logistics.com\/es\/wp-json\/wp\/v2\/comments?post=1402"}],"version-history":[{"count":6,"href":"https:\/\/posta-logistics.com\/es\/wp-json\/wp\/v2\/pages\/1402\/revisions"}],"predecessor-version":[{"id":1420,"href":"https:\/\/posta-logistics.com\/es\/wp-json\/wp\/v2\/pages\/1402\/revisions\/1420"}],"wp:attachment":[{"href":"https:\/\/posta-logistics.com\/es\/wp-json\/wp\/v2\/media?parent=1402"}],"curies":[{"name":"wp","href":"https:\/\/api.w.org\/{rel}","templated":true}]}}