{"id":1436,"date":"2020-04-17T14:31:51","date_gmt":"2020-04-17T12:31:51","guid":{"rendered":"http:\/\/posta-logistics.com\/es\/?page_id=1436"},"modified":"2020-04-17T17:02:41","modified_gmt":"2020-04-17T15:02:41","slug":"transporte-de-productos-farmaceuticos-a-austria","status":"publish","type":"page","link":"https:\/\/posta-logistics.com\/es\/transporte-terrestre-de-productos-farmaceuticos-a-austria","title":{"rendered":"Transporte de productos farmac\u00e9uticos a Austria"},"content":{"rendered":"<div class=\"entry\">\n<p><strong>Transporte de productos farmac\u00e9uticos a Austria<\/strong><\/p>\n<p>Posta Logistics, S.L. ofrece a nuestros clientes transporte personalizado y soluciones log\u00edsticas integradas para la industria farmac\u00e9utica. Seguimos en todo momento los m\u00e1s altos est\u00e1ndares de calidad y servicio que requiere la gesti\u00f3n de la cadena de suministro de productos farmac\u00e9uticos.<\/p>\n<p>El sistema de gesti\u00f3n de Posta Logistics, S.L. esta certificado en cuanto al cumplimiento de los requisitos de ISO 9001:2015 para TRANSPORTE DE MERCANC\u00cdA POR CARRETERA A NIVEL NACIONAL E INTERNACIONAL.<\/p>\n<p>Tambi\u00e9n el sistema de gesti\u00f3n de nuestra empresa est\u00e1 certificado en cuanto al cumplimiento de los requisitos de DIRECTRICES 2013\/C 343\/01 (Directrices de 5 de noviembre de 2013 sobre pr\u00e1cticas correctas de distribuci\u00f3n de medicamentos para uso humano) para TRANSPORTE DE MEDICAMENTOS DE USO HUMANO POR CARRETERA A TEMPERATURA CONTROLADA. Este certificado es conocido como certificado <a href=\"http:\/\/posta-logistics.com\/es\/bpd-buenas-practicas-distibucion-transporte-de-productos-farmaceuticos\">BPD<\/a> (Buenas Pr\u00e1cticas de Distribuci\u00f3n) o <a href=\"http:\/\/posta-logistics.com\/es\/gdp-good-distribution-practice-transporte-de-productos-farmaceuticos\">GDP<\/a> (Good Distribution Practice).<\/p>\n<p>Desde que iniciamos nuestro negocio, Posta Logistics, S.L. ha estado proporcionando soluciones log\u00edsticas para compa\u00f1\u00edas farmac\u00e9uticas. Nuestra experiencia nos permite optimizar los esquemas de suministro y proporcionar soluciones log\u00edsticas individuales de acuerdo con las necesidades de los clientes y las caracter\u00edsticas de su carga.<\/p>\n<p>Posta Logistics, S.L. presta gran atenci\u00f3n a la seguridad de la carga durante el transporte y cumple totalmente con los est\u00e1ndares del PIB, las buenas pr\u00e1cticas de distribuci\u00f3n, las normas legales internacionales y las leyes nacionales relevantes al enviar componentes m\u00e9dicos.<\/p>\n<p>Ofrecemos transporte de productos farmac\u00e9uticos a Austria desde Espa\u00f1a, Portugal, Francia, Italia, Alemania, B\u00e9lgica, Luxemburgo, Pa\u00edses Bajos, Dinamarca, Reino Unido, Irlanda, Rep\u00fablica Checa, Polonia, Eslovaquia, Hungr\u00eda, Eslovenia, Ruman\u00eda, Bulgaria , Croacia, Grecia, Chipre, Malta, Noruega, Suecia, Finlandia, Estonia, Letonia, Lituania.<br \/>\n&#8211; <strong>Transporte de productos farmac\u00e9uticos, medicamentos a Austria<\/strong> en remolque est\u00e1ndar de 13,6 frigo con control de temperatura;<br \/>\n&#8211; <a href=\"http:\/\/posta-logistics.com\/es\/transporte-urgente-entregas-express-desde-espana-a-austria\">Entrega urgente a Austria<\/a> de productos farmac\u00e9uticos, medicamentos en veh\u00edculos de 8\/9 paletas \/ 1000 kgs;<br \/>\n&#8211; <a href=\"http:\/\/posta-logistics.com\/es\/transporte-terrestre-a-austria\">Transporte a Austria<\/a> de productos farmac\u00e9uticos, medicamentos por transporte a\u00e9reo.<\/p>\n<p>Posta Logistics, S.L. ofrece a sus clientes transporte de medicamentos y productos farmac\u00e9uticos en Europa, Pa\u00edses B\u00e1lticos, Pa\u00edses Balc\u00e1nicos, Pa\u00edses del Este, Asia Central, C\u00e1ucaso, Turqu\u00eda e Ir\u00e1n.<\/p>\n<p>Si necesita el transporte de productos farmac\u00e9uticos por una empresa certificada (ISO 9001:2015, BPD-GDP), no dude en <a href=\"http:\/\/posta-logistics.com\/es\/contacto\">contactar con Posta Logistics, S.L<\/a>.<\/p>\n<\/div>\n","protected":false},"excerpt":{"rendered":"<p>Transporte de productos farmac\u00e9uticos a Austria Posta Logistics, S.L. ofrece a nuestros clientes transporte personalizado y soluciones log\u00edsticas integradas para la industria farmac\u00e9utica. Seguimos en todo momento los m\u00e1s altos est\u00e1ndares de calidad y servicio que requiere la gesti\u00f3n de la cadena de suministro de productos farmac\u00e9uticos. El sistema de gesti\u00f3n de Posta Logistics, S.L. &#8230;<\/p>\n","protected":false},"author":3,"featured_media":0,"parent":0,"menu_order":0,"comment_status":"closed","ping_status":"closed","template":"","meta":{"_monsterinsights_skip_tracking":false,"_monsterinsights_sitenote_active":false,"_monsterinsights_sitenote_note":"","_monsterinsights_sitenote_category":0,"footnotes":""},"class_list":["post-1436","page","type-page","status-publish"],"aioseo_notices":[],"_links":{"self":[{"href":"https:\/\/posta-logistics.com\/es\/wp-json\/wp\/v2\/pages\/1436","targetHints":{"allow":["GET"]}}],"collection":[{"href":"https:\/\/posta-logistics.com\/es\/wp-json\/wp\/v2\/pages"}],"about":[{"href":"https:\/\/posta-logistics.com\/es\/wp-json\/wp\/v2\/types\/page"}],"author":[{"embeddable":true,"href":"https:\/\/posta-logistics.com\/es\/wp-json\/wp\/v2\/users\/3"}],"replies":[{"embeddable":true,"href":"https:\/\/posta-logistics.com\/es\/wp-json\/wp\/v2\/comments?post=1436"}],"version-history":[{"count":1,"href":"https:\/\/posta-logistics.com\/es\/wp-json\/wp\/v2\/pages\/1436\/revisions"}],"predecessor-version":[{"id":1437,"href":"https:\/\/posta-logistics.com\/es\/wp-json\/wp\/v2\/pages\/1436\/revisions\/1437"}],"wp:attachment":[{"href":"https:\/\/posta-logistics.com\/es\/wp-json\/wp\/v2\/media?parent=1436"}],"curies":[{"name":"wp","href":"https:\/\/api.w.org\/{rel}","templated":true}]}}