{"id":1681,"date":"2021-02-16T11:35:00","date_gmt":"2021-02-16T09:35:00","guid":{"rendered":"http:\/\/posta-logistics.com\/es\/?page_id=1681"},"modified":"2026-01-05T17:27:33","modified_gmt":"2026-01-05T15:27:33","slug":"1681-2","status":"publish","type":"page","link":"https:\/\/posta-logistics.com\/es\/compromiso_de_calidad","title":{"rendered":"Compromiso de Calidad de Posta Logistics, S.L."},"content":{"rendered":"<div class=\"entry\">\n\n\n<p><strong>Compromiso de Calidad de Posta Logistics, S.L.<\/strong><\/p>\n\n\n\n<p>Ed.01<\/p>\n\n\n\n<p>La Direcci\u00f3n de POSTA LOGISTICS, consciente de la relevancia que hoy en d\u00eda tiene para la empresa<br>satisfacer las necesidades y expectativas de sus clientes, aporta los recursos necesarios para conseguir<br>que los servicios prestados de \u201c Transporte de mercanc\u00edas a nivel nacional e internacional incluyendo<br>medicamentos a temperatura controlada\u201d obtengan un reconocimiento p\u00fablico definitivo mediante el<br>establecimiento de un Sistema de Gesti\u00f3n basado en los requisitos que establecen las Directrices, de 5<br>de noviembre de 2013, sobre pr\u00e1cticas correctas de distribuci\u00f3n de medicamentos para uso humano y<br>del Real Decreto 782\/2013, de 11 de octubre, sobre distribuci\u00f3n de medicamentos de uso humano, as\u00ed<br>como la norma UNE EN ISO 9001\/15<\/p>\n\n\n\n<p>Nuestro Sistema de Gesti\u00f3n est\u00e1 basado en los siguientes principios:<\/p>\n\n\n\n<ul class=\"wp-block-list\">\n<li>La gesti\u00f3n de la calidad es un elemento estrat\u00e9gico para el funcionamiento de la empresa.<\/li>\n<\/ul>\n\n\n\n<ul class=\"wp-block-list\">\n<li>Nos comprometemos a comprender las necesidades actuales y futuras de nuestros clientes, y partes interesadas, satisfacer sus requisitos propios, as\u00ed como todos aquellos legales y reglamentarios aplicables y cualquier otro requisito que se imponga, y realizar un esfuerzo por exceder sus expectativas para que sigan confiando en nosotros como principal proveedor de transporte. Incluyendo el compromiso ambiental: con la b\u00fasqueda continua de veh\u00edculos \u201cmas eficientes\u201d se han considerado los aspectos del Cambio Clim\u00e1tico definidos en los requisitos 4.1 y 4.2 de la norma de sistema de gesti\u00f3n.<\/li>\n<\/ul>\n\n\n\n<ul class=\"wp-block-list\">\n<li>Asimismo nos comprometemos a controlar nuestras actividades de tal forma que se garantice la mejora continua de nuestra prestaci\u00f3n del servicio, de la eficacia del Sistema de Gesti\u00f3n y de las relaciones con nuestros clientes, y controlando los riesgos para la calidad del servicio.<\/li>\n<\/ul>\n\n\n\n<ul class=\"wp-block-list\">\n<li>Creamos el ambiente de trabajo apropiado para que el personal se involucre en la planificaci\u00f3n y consecuci\u00f3n de los objetivos de la organizaci\u00f3n para mejorar el sistema de gesti\u00f3n de calidad, los cuales ser\u00e1n revisados peri\u00f3dicamente para asegurar su consecuci\u00f3n y eficacia.<\/li>\n<\/ul>\n\n\n\n<p>Se han establecido los mecanismos necesarios para que en toda la organizaci\u00f3n conozca, comprenda y lleve a la pr\u00e1ctica la Pol\u00edtica descrita.<\/p>\n\n\n\n<p class=\"has-text-align-left\">El Prat de Llobregat , 25 febrero de 2025<\/p>\n\n\n\n<p class=\"has-text-align-right\"><\/p>\n\n\n\n<p><\/p>\n\n\n<\/div>","protected":false},"excerpt":{"rendered":"<p>Compromiso de Calidad de Posta Logistics, S.L. Ed.01 La Direcci\u00f3n de POSTA LOGISTICS, consciente de la relevancia que hoy en d\u00eda tiene para la empresasatisfacer las necesidades y expectativas de sus clientes, aporta los recursos necesarios para conseguirque los servicios prestados de \u201c Transporte de mercanc\u00edas a nivel nacional e internacional incluyendomedicamentos a temperatura controlada\u201d &#8230;<\/p>\n","protected":false},"author":3,"featured_media":0,"parent":0,"menu_order":0,"comment_status":"closed","ping_status":"closed","template":"","meta":{"_monsterinsights_skip_tracking":false,"_monsterinsights_sitenote_active":false,"_monsterinsights_sitenote_note":"","_monsterinsights_sitenote_category":0,"footnotes":""},"class_list":["post-1681","page","type-page","status-publish"],"aioseo_notices":[],"_links":{"self":[{"href":"https:\/\/posta-logistics.com\/es\/wp-json\/wp\/v2\/pages\/1681","targetHints":{"allow":["GET"]}}],"collection":[{"href":"https:\/\/posta-logistics.com\/es\/wp-json\/wp\/v2\/pages"}],"about":[{"href":"https:\/\/posta-logistics.com\/es\/wp-json\/wp\/v2\/types\/page"}],"author":[{"embeddable":true,"href":"https:\/\/posta-logistics.com\/es\/wp-json\/wp\/v2\/users\/3"}],"replies":[{"embeddable":true,"href":"https:\/\/posta-logistics.com\/es\/wp-json\/wp\/v2\/comments?post=1681"}],"version-history":[{"count":11,"href":"https:\/\/posta-logistics.com\/es\/wp-json\/wp\/v2\/pages\/1681\/revisions"}],"predecessor-version":[{"id":2121,"href":"https:\/\/posta-logistics.com\/es\/wp-json\/wp\/v2\/pages\/1681\/revisions\/2121"}],"wp:attachment":[{"href":"https:\/\/posta-logistics.com\/es\/wp-json\/wp\/v2\/media?parent=1681"}],"curies":[{"name":"wp","href":"https:\/\/api.w.org\/{rel}","templated":true}]}}