{"id":34,"date":"2017-03-30T14:33:10","date_gmt":"2017-03-30T12:33:10","guid":{"rendered":"http:\/\/posta-logistics.com\/wordpress\/?page_id=7"},"modified":"2020-05-15T14:10:40","modified_gmt":"2020-05-15T12:10:40","slug":"home","status":"publish","type":"page","link":"https:\/\/posta-logistics.com\/es\/","title":{"rendered":"Inicio"},"content":{"rendered":"<div class=\"entry\">\n<div id=\"wpgmza_map\" class=\"wpgmza_map\" data-settings='{\"id\":\"1\",\"map_title\":\"My first map\",\"map_width\":\"100\",\"map_height\":\"400\",\"map_start_lat\":\"47.025134\",\"map_start_lng\":\"15.714281\",\"map_start_location\":\"47.025134,15.714281000000028\",\"map_start_zoom\":\"4\",\"default_marker\":\"0\",\"type\":\"1\",\"alignment\":\"1\",\"directions_enabled\":\"1\",\"styling_enabled\":\"0\",\"styling_json\":\"\",\"active\":\"0\",\"kml\":\"\",\"bicycle\":\"0\",\"traffic\":\"0\",\"dbox\":\"1\",\"dbox_width\":\"100\",\"listmarkers\":\"0\",\"listmarkers_advanced\":\"0\",\"filterbycat\":\"0\",\"ugm_enabled\":\"0\",\"ugm_category_enabled\":\"0\",\"fusion\":\"\",\"map_width_type\":\"\\\\%\",\"map_height_type\":\"px\",\"mass_marker_support\":\"1\",\"ugm_access\":\"0\",\"order_markers_by\":\"1\",\"order_markers_choice\":\"2\",\"show_user_location\":\"0\",\"default_to\":\"\",\"other_settings\":{\"store_locator_enabled\":2,\"store_locator_distance\":2,\"store_locator_default_radius\":\"10\",\"store_locator_not_found_message\":\"No results found in this location. Please try again.\",\"store_locator_bounce\":1,\"store_locator_query_string\":\"ZIP \\\/ C\\u00f3digo Postal \\\/ Direcci\\u00f3n\",\"store_locator_default_address\":\"\",\"wpgmza_store_locator_restrict\":\"\",\"store_locator_style\":\"legacy\",\"wpgmza_store_locator_radius_style\":\"legacy\",\"map_max_zoom\":\"1\",\"transport_layer\":0,\"wpgmza_theme_data\":\"[{\\\\\\\"featureType\\\\\\\":\\\\\\\"landscape\\\\\\\",\\\\\\\"stylers\\\\\\\":[{\\\\\\\"saturation\\\\\\\":-100},{\\\\\\\"lightness\\\\\\\":65},{\\\\\\\"visibility\\\\\\\":\\\\\\\"on\\\\\\\"}]},{\\\\\\\"featureType\\\\\\\":\\\\\\\"poi\\\\\\\",\\\\\\\"stylers\\\\\\\":[{\\\\\\\"saturation\\\\\\\":-100},{\\\\\\\"lightness\\\\\\\":51},{\\\\\\\"visibility\\\\\\\":\\\\\\\"simplified\\\\\\\"}]},{\\\\\\\"featureType\\\\\\\":\\\\\\\"road.highway\\\\\\\",\\\\\\\"stylers\\\\\\\":[{\\\\\\\"saturation\\\\\\\":-100},{\\\\\\\"visibility\\\\\\\":\\\\\\\"simplified\\\\\\\"}]},{\\\\\\\"featureType\\\\\\\":\\\\\\\"road.arterial\\\\\\\",\\\\\\\"stylers\\\\\\\":[{\\\\\\\"saturation\\\\\\\":-100},{\\\\\\\"lightness\\\\\\\":30},{\\\\\\\"visibility\\\\\\\":\\\\\\\"on\\\\\\\"}]},{\\\\\\\"featureType\\\\\\\":\\\\\\\"road.local\\\\\\\",\\\\\\\"stylers\\\\\\\":[{\\\\\\\"saturation\\\\\\\":-100},{\\\\\\\"lightness\\\\\\\":40},{\\\\\\\"visibility\\\\\\\":\\\\\\\"on\\\\\\\"}]},{\\\\\\\"featureType\\\\\\\":\\\\\\\"transit\\\\\\\",\\\\\\\"stylers\\\\\\\":[{\\\\\\\"saturation\\\\\\\":-100},{\\\\\\\"visibility\\\\\\\":\\\\\\\"simplified\\\\\\\"}]},{\\\\\\\"featureType\\\\\\\":\\\\\\\"administrative.province\\\\\\\",\\\\\\\"stylers\\\\\\\":[{\\\\\\\"visibility\\\\\\\":\\\\\\\"off\\\\\\\"}]},{\\\\\\\"featureType\\\\\\\":\\\\\\\"water\\\\\\\",\\\\\\\"elementType\\\\\\\":\\\\\\\"labels\\\\\\\",\\\\\\\"stylers\\\\\\\":[{\\\\\\\"visibility\\\\\\\":\\\\\\\"on\\\\\\\"},{\\\\\\\"lightness\\\\\\\":-25},{\\\\\\\"saturation\\\\\\\":-100}]},{\\\\\\\"featureType\\\\\\\":\\\\\\\"water\\\\\\\",\\\\\\\"elementType\\\\\\\":\\\\\\\"geometry\\\\\\\",\\\\\\\"stylers\\\\\\\":[{\\\\\\\"hue\\\\\\\":\\\\\\\"#ffff00\\\\\\\"},{\\\\\\\"lightness\\\\\\\":-25},{\\\\\\\"saturation\\\\\\\":-97}]}]\",\"wpgmza_theme_selection\":3,\"wpgmza_show_points_of_interest\":0}}' data-map-id='1' Data-maps-engine='google-maps' data-shortcode-attributes='{\"id\":\"1\"}' style=\"display:block; overflow:auto; width:100%; height:400px; float:left;\"><\/div>\n<table id=\"table1\">\n<tbody>\n<tr>\n<td><img loading=\"lazy\" decoding=\"async\" class=\"\" src=\"http:\/\/posta-logistics.com\/images\/icons\/camion1.png\" alt=\"\u0413\u0440\u0443\u0437\u043e\u043f\u0435\u0440\u0435\u0432\u043e\u0437\u043a\u0438\" width=\"124\" height=\"138\" \/><\/td>\n<td><img loading=\"lazy\" decoding=\"async\" class=\"\" src=\"http:\/\/posta-logistics.com\/images\/icons\/cisterna1.png\" alt=\"\u041f\u0435\u0440\u0435\u0432\u043e\u0437\u043a\u0430 \u0436\u0438\u0434\u043a\u0438\u0445 \u0438 \u0413\u0421\u041c\" width=\"153\" height=\"139\" \/><\/td>\n<td><img loading=\"lazy\" decoding=\"async\" class=\"\" src=\"http:\/\/posta-logistics.com\/images\/icons\/almacen1.png\" alt=\"\u0421\u043a\u043b\u0430\u0434\u0441\u043a\u0438\u0435 \u0443\u0441\u043b\u0443\u0433\u0438\" width=\"136\" height=\"122\" \/><\/td>\n<td><img loading=\"lazy\" decoding=\"async\" class=\"\" src=\"http:\/\/posta-logistics.com\/images\/icons\/aduana1.png\" alt=\"\u0422\u0430\u043c\u043e\u0436\u0435\u043d\u043d\u043e\u0435 \u043e\u0444\u043e\u0440\u043c\u043b\u0435\u043d\u0438\u0435 \u0438 \u0441\u0442\u0440\u0430\u0445\u043e\u0432\u0430\u043d\u0438\u0435\" width=\"138\" height=\"150\" \/><\/td>\n<\/tr>\n<tr>\n<td>Transporte<\/td>\n<td>Cisternas<\/td>\n<td>Almacenaje<\/td>\n<td>Aduanas y seguros<\/td>\n<\/tr>\n<tr>\n<td><button class=\"button\"><a href=\"http:\/\/posta-logistics.com\/es\/servicios\/transporte\/\">Ver m\u00e1s&#8230;<\/a><\/button><\/td>\n<td><button class=\"button\"><a href=\"http:\/\/posta-logistics.com\/es\/cisternas\/\">Ver m\u00e1s&#8230;<\/a><\/button><\/td>\n<td><button class=\"button\"><a href=\"http:\/\/posta-logistics.com\/es\/servicios\/almacenaje\/\">Ver m\u00e1s&#8230;<\/a><\/button><\/td>\n<td><button class=\"button\"><a href=\"http:\/\/posta-logistics.com\/es\/servicios\/aduanas-seguros\/\">Ver m\u00e1s&#8230;<\/a><\/button><\/td>\n<\/tr>\n<\/tbody>\n<\/table>\n<\/div>\n","protected":false},"excerpt":{"rendered":"<p>Transporte Cisternas Almacenaje Aduanas y seguros Ver m\u00e1s&#8230; Ver m\u00e1s&#8230; Ver m\u00e1s&#8230; Ver m\u00e1s&#8230;<\/p>\n","protected":false},"author":1,"featured_media":0,"parent":0,"menu_order":0,"comment_status":"closed","ping_status":"closed","template":"","meta":{"_monsterinsights_skip_tracking":false,"_monsterinsights_sitenote_active":false,"_monsterinsights_sitenote_note":"","_monsterinsights_sitenote_category":0,"footnotes":""},"class_list":["post-34","page","type-page","status-publish"],"aioseo_notices":[],"_links":{"self":[{"href":"https:\/\/posta-logistics.com\/es\/wp-json\/wp\/v2\/pages\/34","targetHints":{"allow":["GET"]}}],"collection":[{"href":"https:\/\/posta-logistics.com\/es\/wp-json\/wp\/v2\/pages"}],"about":[{"href":"https:\/\/posta-logistics.com\/es\/wp-json\/wp\/v2\/types\/page"}],"author":[{"embeddable":true,"href":"https:\/\/posta-logistics.com\/es\/wp-json\/wp\/v2\/users\/1"}],"replies":[{"embeddable":true,"href":"https:\/\/posta-logistics.com\/es\/wp-json\/wp\/v2\/comments?post=34"}],"version-history":[{"count":15,"href":"https:\/\/posta-logistics.com\/es\/wp-json\/wp\/v2\/pages\/34\/revisions"}],"predecessor-version":[{"id":1900,"href":"https:\/\/posta-logistics.com\/es\/wp-json\/wp\/v2\/pages\/34\/revisions\/1900"}],"wp:attachment":[{"href":"https:\/\/posta-logistics.com\/es\/wp-json\/wp\/v2\/media?parent=34"}],"curies":[{"name":"wp","href":"https:\/\/api.w.org\/{rel}","templated":true}]}}