{"id":556,"date":"2017-04-25T16:45:43","date_gmt":"2017-04-25T14:45:43","guid":{"rendered":"http:\/\/posta-logistics.com\/ru\/?page_id=556"},"modified":"2017-08-18T14:22:11","modified_gmt":"2017-08-18T12:22:11","slug":"que-ofrecemos","status":"publish","type":"page","link":"https:\/\/posta-logistics.com\/es\/que-ofrecemos","title":{"rendered":"Qu\u00e9 ofrecemos"},"content":{"rendered":"<div class=\"entry\">\n<ul>\n<li>soluciones integrales en <a href=\"http:\/\/posta-logistics.com\/es\/transporte-internacional\">sector de transporte internacional<\/a><b><br \/>\n<\/b><\/li>\n<li><b>conocimiento profundo de los mercados objetivos. <\/b>Trabajamos en el contacto estrecho con exportadores e importadores haciendo de elemento integrador que une todas las piezas. Conocemos las\u00a0necesidades y\u00a0requerimientos, procuramos cumplir con todas las expectativas de nuestros clientes y exigencias de autoridades ofreciendo el mejor servicio posible.<\/li>\n<li><b>15 a\u00f1os de experiencia en gesti\u00f3n de tr\u00e1ficos similares<\/b><\/li>\n<li><b>contamos con red de corresponsales probados por el tiempo<\/b><\/li>\n<li><b>red de almacenes en Europa<\/b><\/li>\n<li><b>control electr\u00f3nico de documentos<\/b><\/li>\n<li><b>interlocutor \u00fanico: contacto continuo y personal.\u00a0<\/b>Para ello, contamos con un equipo humano entregado y comprometido que trabaja d\u00eda a d\u00eda para conseguir su satisfacci\u00f3n.<\/li>\n<li><b>apreciamos su tiempo: reaccionamos con la agilidad y eficiencia, proponemos un plan de su expedici\u00f3n y el presupuesto con la mayor brevedad posible<\/b><\/li>\n<\/ul>\n<\/div>\n","protected":false},"excerpt":{"rendered":"<p>soluciones integrales en sector de transporte internacional conocimiento profundo de los mercados objetivos. Trabajamos en el contacto estrecho con exportadores e importadores haciendo de elemento integrador que une todas las piezas. Conocemos las\u00a0necesidades y\u00a0requerimientos, procuramos cumplir con todas las expectativas de nuestros clientes y exigencias de autoridades ofreciendo el mejor servicio posible. 15 a\u00f1os de &#8230;<\/p>\n","protected":false},"author":2,"featured_media":0,"parent":0,"menu_order":0,"comment_status":"closed","ping_status":"closed","template":"","meta":{"_monsterinsights_skip_tracking":false,"_monsterinsights_sitenote_active":false,"_monsterinsights_sitenote_note":"","_monsterinsights_sitenote_category":0,"footnotes":""},"class_list":["post-556","page","type-page","status-publish"],"aioseo_notices":[],"_links":{"self":[{"href":"https:\/\/posta-logistics.com\/es\/wp-json\/wp\/v2\/pages\/556","targetHints":{"allow":["GET"]}}],"collection":[{"href":"https:\/\/posta-logistics.com\/es\/wp-json\/wp\/v2\/pages"}],"about":[{"href":"https:\/\/posta-logistics.com\/es\/wp-json\/wp\/v2\/types\/page"}],"author":[{"embeddable":true,"href":"https:\/\/posta-logistics.com\/es\/wp-json\/wp\/v2\/users\/2"}],"replies":[{"embeddable":true,"href":"https:\/\/posta-logistics.com\/es\/wp-json\/wp\/v2\/comments?post=556"}],"version-history":[{"count":8,"href":"https:\/\/posta-logistics.com\/es\/wp-json\/wp\/v2\/pages\/556\/revisions"}],"predecessor-version":[{"id":870,"href":"https:\/\/posta-logistics.com\/es\/wp-json\/wp\/v2\/pages\/556\/revisions\/870"}],"wp:attachment":[{"href":"https:\/\/posta-logistics.com\/es\/wp-json\/wp\/v2\/media?parent=556"}],"curies":[{"name":"wp","href":"https:\/\/api.w.org\/{rel}","templated":true}]}}