{"id":664,"date":"2017-06-12T08:59:42","date_gmt":"2017-06-12T06:59:42","guid":{"rendered":"http:\/\/posta-logistics.com\/es\/?page_id=664"},"modified":"2017-06-27T21:16:45","modified_gmt":"2017-06-27T19:16:45","slug":"cisternas","status":"publish","type":"page","link":"https:\/\/posta-logistics.com\/es\/cisternas\/","title":{"rendered":"Transporte con cisternas"},"content":{"rendered":"<div class=\"entry\">\n<p><img loading=\"lazy\" decoding=\"async\" class=\" wp-image-897 alignleft\" src=\"http:\/\/posta-logistics.com\/wordpress\/wp-content\/uploads\/2017\/05\/\u0421\u043d\u0438\u043c\u043e\u043a-\u044d\u043a\u0440\u0430\u043d\u0430-2017-05-25-\u0432-16.51.12-300x264.png\" alt=\"\" width=\"228\" height=\"201\" \/>Una de las \u00e1reas especializadas de nuestra empresa es el transporte de cargas a granel en camiones cisterna: qu\u00edmica y de alimentos.<\/p>\n<p>Posta Logistics dispone de una flota de veh\u00edculos modernos, por medio de la cual puede realizar el transporte de productos qu\u00edmicos de diversos niveles de complejidad.<br \/>\nTransportamos combustibles y lubricantes l\u00edquidos y aceites comestibles.<\/p>\n<p><strong>Los combustibles l\u00edquidos y lubricantes o aceites industriales<\/strong><br \/>\nPara el transporte de gasolinas liquidas normalmente se utilizan los tanques multi-secci\u00f3n, lo que permite en el mismo viaje entregar a un cliente diferentes tipos de combustible o realizar m\u00faltiples entregas a varios clientes y con esto reducir el coste de transporte. A menudo se utilizan ligeros recipientes de aluminio y de diferentes configuraciones, de secci\u00f3n transversal ovalada o circular. Posta Logistics puede proporcionar tanques de diferentes tama\u00f1os y capacidad para siguientes servicios:<br \/>\n&#8211; transporte de gasolina<br \/>\n&#8211; transporte de queroseno<br \/>\n&#8211; transporte de di\u00e9sel<\/p>\n<p><strong>Aceites comestibles<\/strong><br \/>\nTransporte de alimentos l\u00edquidos a granel debe cumplir con las normas europeas medioambientales y de sanidad. Desinfecci\u00f3n de los recipientes y el pasaporte sanitario son obligatorios para este tipo de cargas. El transporte de ciertos alimentos l\u00edquidos debe realizarse con control de temperatura durante todo el trayecto, para esto se utilizan los remolques isot\u00e9rmicos.<\/p>\n<p><strong>Nuestra flota de veh\u00edculos para el transporte de l\u00edquidos a granel<\/strong><br \/>\nPara la organizaci\u00f3n de transporte de cargas a granel que utilizan los camiones modernos y las cisternas producidas en Europa. Toda nuestra flota de tanques-cisternas tiene una edad m\u00e1xima de 4 a\u00f1os. Con el fin de proporcionar servicios de alta calidad a nuestros clientes, estamos constantemente actualizando nuestra flora de camiones.<br \/>\nNuestros tanques tienen las siguientes caracter\u00edsticas:<br \/>\n&#8211; cisterna y sus elementos est\u00e1n hechos de acero inoxidable<br \/>\n&#8211; posibilidad de calefacci\u00f3n a vapor o mediante l\u00edquido desde una fuente externa durante la descarga<br \/>\n&#8211; v\u00e1lvulas de vac\u00edo<br \/>\n&#8211; equipos para carga \/ descarga bajo presi\u00f3n<br \/>\n&#8211; compresores<br \/>\n&#8211; bombas de aceite<br \/>\n&#8211; conectores de sujeci\u00f3n y cierre para la unificaci\u00f3n de carga\/descarga<br \/>\n&#8211; un sistema cerrado de carga \/ descarga (inferior y variantes superiores)<br \/>\n&#8211; tanques con Stack-pipe<br \/>\n&#8211; presi\u00f3n de funcionamiento de 1,5 a 3 atm\u00f3sferas<br \/>\n&#8211; tablas de calibraci\u00f3n y reglas para cada secci\u00f3n<br \/>\n&#8211; sistema de eliminaci\u00f3n de electricidad est\u00e1tica<\/p>\n<\/div>\n","protected":false},"excerpt":{"rendered":"<p>Una de las \u00e1reas especializadas de nuestra empresa es el transporte de cargas a granel en camiones cisterna: qu\u00edmica y de alimentos. Posta Logistics dispone de una flota de veh\u00edculos modernos, por medio de la cual puede realizar el transporte de productos qu\u00edmicos de diversos niveles de complejidad. Transportamos combustibles y lubricantes l\u00edquidos y aceites &#8230;<\/p>\n","protected":false},"author":1,"featured_media":0,"parent":0,"menu_order":0,"comment_status":"closed","ping_status":"closed","template":"","meta":{"_monsterinsights_skip_tracking":false,"_monsterinsights_sitenote_active":false,"_monsterinsights_sitenote_note":"","_monsterinsights_sitenote_category":0,"footnotes":""},"class_list":["post-664","page","type-page","status-publish"],"aioseo_notices":[],"_links":{"self":[{"href":"https:\/\/posta-logistics.com\/es\/wp-json\/wp\/v2\/pages\/664","targetHints":{"allow":["GET"]}}],"collection":[{"href":"https:\/\/posta-logistics.com\/es\/wp-json\/wp\/v2\/pages"}],"about":[{"href":"https:\/\/posta-logistics.com\/es\/wp-json\/wp\/v2\/types\/page"}],"author":[{"embeddable":true,"href":"https:\/\/posta-logistics.com\/es\/wp-json\/wp\/v2\/users\/1"}],"replies":[{"embeddable":true,"href":"https:\/\/posta-logistics.com\/es\/wp-json\/wp\/v2\/comments?post=664"}],"version-history":[{"count":4,"href":"https:\/\/posta-logistics.com\/es\/wp-json\/wp\/v2\/pages\/664\/revisions"}],"predecessor-version":[{"id":714,"href":"https:\/\/posta-logistics.com\/es\/wp-json\/wp\/v2\/pages\/664\/revisions\/714"}],"wp:attachment":[{"href":"https:\/\/posta-logistics.com\/es\/wp-json\/wp\/v2\/media?parent=664"}],"curies":[{"name":"wp","href":"https:\/\/api.w.org\/{rel}","templated":true}]}}