{"id":773,"date":"2017-08-03T20:22:06","date_gmt":"2017-08-03T18:22:06","guid":{"rendered":"http:\/\/posta-logistics.com\/es\/?page_id=773"},"modified":"2020-04-23T14:14:05","modified_gmt":"2020-04-23T12:14:05","slug":"transport-international","status":"publish","type":"page","link":"https:\/\/posta-logistics.com\/es\/transporte-internacional","title":{"rendered":"Transporte internacional"},"content":{"rendered":"<div class=\"entry\">\n<p>Posta Logistics, S.L. est\u00e1 especializada en transporte terrestre e intermodal a Pa\u00edses del Este, Pa\u00edses Balticos, Balc\u00e1nicos, As\u00eda Central, Caucaso, Turquia e Iran.<\/p>\n<p>El sistema de gesti\u00f3n de Posta Logistics, S.L. esta certificado en cuanto al cumplimiento de los requisitos de <strong>ISO 9001:2015<\/strong> para <strong>TRANSPORTE DE MERCANC\u00cdA POR CARRETERA A NIVEL NACIONAL E INTERNACIONAL<\/strong>.<\/p>\n<p>El sistema de gesti\u00f3n de Posta Logistics, S.L. est\u00e1 certificado en cuanto al cumplimiento de los requisitos de <strong>DIRECTRICES 2013\/C 343\/01<\/strong> (Directrices de 5 de noviembre de 2013 sobre pr\u00e1cticas correctas de distribuci\u00f3n de medicamentos para uso humano) para <strong>TRANSPORTE DE MEDICAMENTOS DE USO HUMANO POR CARRETERA A TEMPERATURA CONTROLADA<\/strong>. Este certificado es conocido como certificado BPD (<a href=\"http:\/\/posta-logistics.com\/es\/bpd-buenas-practicas-distibucion-transporte-de-productos-farmaceuticos\">Buenas Pr\u00e1cticas de Distribuci\u00f3n<\/a>) \/ <strong>GDP<\/strong> (<a href=\"http:\/\/posta-logistics.com\/es\/gdp-good-distribution-practice-transporte-de-productos-farmaceuticos\">Good Distribution Practice<\/a>).<\/p>\n<p>Transporte a Pa\u00edses del Este. Transporte terrestre de cargas completas y grupajes a Rusia, Bielorrusia, Ucrania, Moldova. Ofrecemos servicios de cargas compleras, grupajes, ADR, transporte con temperatura controlada, transporte urgente (express delivery), transporte especiales y excepcionales.<\/p>\n<p>Transporte a Pa\u00edses Balticos. Transporte terrestre de cargas completas y grupajes a Lituania, Letonia, Estonia. Ofrecemos servicios de cargas compleras, grupajes, ADR, transporte con temperatura controlada, transporte urgente (express delivery), transporte especiales y excepcionales.<\/p>\n<p>Transporte a Balc\u00e1nicos. Transporte terrestre de cargas completas y grupajes a Albania, Bosnia y Herzegovina, Croacia, Eslovenia, Kosovo, Macedonia, Montenegro, Serbia, Bulgaria, Rumania, Grecia, Turqu\u00eda. Ofrecemos servicios de cargas compleras, grupajes, ADR, transporte con temperatura controlada, transporte urgente (express delivery), transporte especiales y excepcionales.<\/p>\n<p>Transporte a As\u00eda Central. Transporte terrestre de cargas completas y grupajes a Kazajist\u00e1n, Uzbekist\u00e1n, Turkmenist\u00e1n, Tayikist\u00e1n, Kirguizst\u00e1n. Ofrecemos servicios de cargas compleras, grupajes, ADR, transporte con temperatura controlada, transporte urgente (express delivery), transporte especiales y excepcionales.<\/p>\n<p>Transporte a C\u00e1ucaso. Transporte terrestre de cargas completas y grupajes a Armenia, Azerbaiy\u00e1n, Georgia. Ofrecemos servicios de cargas compleras, grupajes, ADR, transporte con temperatura controlada, transporte urgente (express delivery), transporte especiales y excepcionales.<\/p>\n<p>Nuestro personal tiene a\u00f1os de experiencia en transporte internacional terrestre. Conocemos puntos especificos y particularidades de gestiones tanto de importaci\u00f3n como exportaci\u00f3n.<\/p>\n<\/div>\n","protected":false},"excerpt":{"rendered":"<p>Posta Logistics, S.L. est\u00e1 especializada en transporte terrestre e intermodal a Pa\u00edses del Este, Pa\u00edses Balticos, Balc\u00e1nicos, As\u00eda Central, Caucaso, Turquia e Iran. El sistema de gesti\u00f3n de Posta Logistics, S.L. esta certificado en cuanto al cumplimiento de los requisitos de ISO 9001:2015 para TRANSPORTE DE MERCANC\u00cdA POR CARRETERA A NIVEL NACIONAL E INTERNACIONAL. El &#8230;<\/p>\n","protected":false},"author":3,"featured_media":0,"parent":0,"menu_order":0,"comment_status":"closed","ping_status":"closed","template":"page-countries-link.php","meta":{"_monsterinsights_skip_tracking":false,"_monsterinsights_sitenote_active":false,"_monsterinsights_sitenote_note":"","_monsterinsights_sitenote_category":0,"footnotes":""},"class_list":["post-773","page","type-page","status-publish"],"aioseo_notices":[],"_links":{"self":[{"href":"https:\/\/posta-logistics.com\/es\/wp-json\/wp\/v2\/pages\/773","targetHints":{"allow":["GET"]}}],"collection":[{"href":"https:\/\/posta-logistics.com\/es\/wp-json\/wp\/v2\/pages"}],"about":[{"href":"https:\/\/posta-logistics.com\/es\/wp-json\/wp\/v2\/types\/page"}],"author":[{"embeddable":true,"href":"https:\/\/posta-logistics.com\/es\/wp-json\/wp\/v2\/users\/3"}],"replies":[{"embeddable":true,"href":"https:\/\/posta-logistics.com\/es\/wp-json\/wp\/v2\/comments?post=773"}],"version-history":[{"count":14,"href":"https:\/\/posta-logistics.com\/es\/wp-json\/wp\/v2\/pages\/773\/revisions"}],"predecessor-version":[{"id":1605,"href":"https:\/\/posta-logistics.com\/es\/wp-json\/wp\/v2\/pages\/773\/revisions\/1605"}],"wp:attachment":[{"href":"https:\/\/posta-logistics.com\/es\/wp-json\/wp\/v2\/media?parent=773"}],"curies":[{"name":"wp","href":"https:\/\/api.w.org\/{rel}","templated":true}]}}