{"id":796,"date":"2017-08-14T17:42:20","date_gmt":"2017-08-14T15:42:20","guid":{"rendered":"http:\/\/posta-logistics.com\/es\/?page_id=796"},"modified":"2020-04-23T17:45:44","modified_gmt":"2020-04-23T15:45:44","slug":"transporte-terrestre-a-rusia","status":"publish","type":"page","link":"https:\/\/posta-logistics.com\/es\/transporte-terrestre-a-rusia","title":{"rendered":"Transporte terrestre a Rusia"},"content":{"rendered":"<div class=\"entry\">\n<p>En Posta Logistics, S.L. somos especialistas en el transporte terrestre a Rusia.<\/p>\n<p>Rusia no forma parte de la Uni\u00f3n Europea por eso tanto transporte terrestre a Rusia como transporte desde Rusia tienen sus requis\u00edtos especificos y particularidades.<\/p>\n<p>En transporte internacional terrestre a Rusia ofrecemos:<br \/>\n&#8211; <a href=\"http:\/\/posta-logistics.com\/es\/transporte-terrestre-de-productos-farmaceuticos-a-rusia\">transporte de productos farmac\u00e9uticos a Rusia (BPD)<\/a>;<br \/>\n&#8211; transporte a Rusia de cargas completas (FTL) en camiones lonas o camiones frigorificos con temperatura controlada;<br \/>\n&#8211; transporte a Rusia de grupaje (LTL);<br \/>\n&#8211; <a href=\"http:\/\/posta-logistics.com\/es\/transporte-urgente-entregas-express-desde-espana-a-rusia\">transporte urgente a Rusia (express delivery)<\/a>;<br \/>\n&#8211; transporte urgente a Rusia (express delivery) con temperatura controlada;<br \/>\n&#8211; transporte a Rusia de mercanc\u00eda peligrosa (ADR) tanto de cargas completas como grupajes;<br \/>\n&#8211; <a href=\"http:\/\/posta-logistics.com\/es\/transportes-especiales-y-excepcionales\">transportes especiales y excepcionales a Rusia<\/a>;<br \/>\n&#8211; transporte de varios camiones a la vez con destino a Rusia (cuando la mercanc\u00eda cargada en varios camiones viaja con la misma documentaci\u00f3n &#8211; lineas de producci\u00f3n, traslado de fabricas, imprentas, etc);<br \/>\n&#8211; despacho de aduana para la mercanc\u00eda destinada para la exportaci\u00f3n a Rusia;<br \/>\n&#8211; seguro de mercanc\u00edas destinadas para la exportaci\u00f3n a Rusia.<\/p>\n<p>En <a href=\"http:\/\/posta-logistics.com\/es\/transporte-internacional\">transporte internacional terrestre a Rusia<\/a> ofrecemos tanto para cargas completas (FTL) como para grupajes (LTL) entregas en la terminal o en cualquier lugar de Rusia incluyendo principales ciudades: Mosc\u00fa, Sant Petersburg, Cheliabinsk, Novosibirsk, Ekaterinburg, Nizhniy Novgorod, Kazan, Omsk, Togliatti, Samara, Rostov-on-Don, Ufa, Krasnoyarsk, Perm, Voronezh, Volgograd, Krasnodar, Saratov, Tumen, Izhevsk, Barnaul, Irkutsk, Ulianovsk, Khabarovsk, Yaroslavl, Vladivostok, Makhachkala, Sochi, Tomsk, Orenburg, Kemerovo, Novokuznetsk, Ryazan, Astrakhan, Naberezhnie Chelny, Penza, Lipetsk, Kaliningrad, Briansk.<\/p>\n<p>La ruta natural de <strong>transporte de cargas completas (FTL) desde Espa\u00f1a a Rusia<\/strong> es: Espa\u00f1a- Francia- Alemania- Polonia- Bielorrusia- Rusia.<br \/>\nLa ruta de <strong>transporte de grupajes (LTL) y carga paletizada desde Espa\u00f1a a Rusia<\/strong> es: Espa\u00f1a- Francia- Alemania- Polonia- Bielorrusia- Rusia. En algunas ocaciones entregas de grupajes a Rusia podemos efectuar desde nuestro centro en Vilnius, Lituania. En este caso la ruta es: Espa\u00f1a- Francia- Alemania- Polonia- Lituania- Bielorrusia- Rusia.<\/p>\n<p>Nuestros servicios de transporte internacional terrestre desde Rusia (importaci\u00f3n) son:<br \/>\n&#8211; transporte desde Rusia de cargas completas (FTL) en camiones lonas o camiones frigorificos con temperatura controlada;<br \/>\n&#8211; transporte desde Rusia de grupaje (LTL);<br \/>\n&#8211; transporte urgente desde Rusia (express delivery);<br \/>\n&#8211; transporte urgente desde Rusia (express delivery) con temperatura controlada;<br \/>\n&#8211; transporte desde Rusia de mercanc\u00eda peligrosa (ADR) tanto de cargas completas como grupajes;<br \/>\n&#8211; transportes especiales y excepcionales desde Rusia;<br \/>\n&#8211; seguro de mercanc\u00edas importadas desde Rusia.<\/p>\n<p>En Posta Logistics, S.L. le ofrecemos salidas frequentes con destino a Rusia.<\/p>\n<p>Para consultar d\u00edas de salida, tiempo de transito a Rusia y precio de un env\u00edo no duden en <a href=\"http:\/\/posta-logistics.com\/es\/contacto\">contactar con nosotros<\/a>.<\/p>\n<\/div>\n","protected":false},"excerpt":{"rendered":"<p>En Posta Logistics, S.L. somos especialistas en el transporte terrestre a Rusia. Rusia no forma parte de la Uni\u00f3n Europea por eso tanto transporte terrestre a Rusia como transporte desde Rusia tienen sus requis\u00edtos especificos y particularidades. En transporte internacional terrestre a Rusia ofrecemos: &#8211; transporte de productos farmac\u00e9uticos a Rusia (BPD); &#8211; transporte a &#8230;<\/p>\n","protected":false},"author":3,"featured_media":0,"parent":0,"menu_order":0,"comment_status":"closed","ping_status":"closed","template":"page-country.php","meta":{"_monsterinsights_skip_tracking":false,"_monsterinsights_sitenote_active":false,"_monsterinsights_sitenote_note":"","_monsterinsights_sitenote_category":0,"footnotes":""},"class_list":["post-796","page","type-page","status-publish"],"aioseo_notices":[],"_links":{"self":[{"href":"https:\/\/posta-logistics.com\/es\/wp-json\/wp\/v2\/pages\/796","targetHints":{"allow":["GET"]}}],"collection":[{"href":"https:\/\/posta-logistics.com\/es\/wp-json\/wp\/v2\/pages"}],"about":[{"href":"https:\/\/posta-logistics.com\/es\/wp-json\/wp\/v2\/types\/page"}],"author":[{"embeddable":true,"href":"https:\/\/posta-logistics.com\/es\/wp-json\/wp\/v2\/users\/3"}],"replies":[{"embeddable":true,"href":"https:\/\/posta-logistics.com\/es\/wp-json\/wp\/v2\/comments?post=796"}],"version-history":[{"count":12,"href":"https:\/\/posta-logistics.com\/es\/wp-json\/wp\/v2\/pages\/796\/revisions"}],"predecessor-version":[{"id":1633,"href":"https:\/\/posta-logistics.com\/es\/wp-json\/wp\/v2\/pages\/796\/revisions\/1633"}],"wp:attachment":[{"href":"https:\/\/posta-logistics.com\/es\/wp-json\/wp\/v2\/media?parent=796"}],"curies":[{"name":"wp","href":"https:\/\/api.w.org\/{rel}","templated":true}]}}