{"id":818,"date":"2017-08-16T14:57:28","date_gmt":"2017-08-16T12:57:28","guid":{"rendered":"http:\/\/posta-logistics.com\/es\/?page_id=818"},"modified":"2020-04-23T17:40:47","modified_gmt":"2020-04-23T15:40:47","slug":"transporte-terrestre-a-moldova","status":"publish","type":"page","link":"https:\/\/posta-logistics.com\/es\/transporte-terrestre-a-moldova","title":{"rendered":"Transporte terrestre a Moldova"},"content":{"rendered":"<div class=\"entry\">\n<p>En Posta Logistics, S.L. somos especialistas en el <strong>transporte terrestre a Moldova<\/strong>.<\/p>\n<p>Moldova no forma parte de la Uni\u00f3n Europea por eso tanto transporte terrestre a Moldova como transporte desde Moldova tienen sus requis\u00edtos especificos y particularidades.<\/p>\n<p>En transporte internacional terrestre a Moldova ofrecemos:<br \/>\n&#8211; <a href=\"http:\/\/posta-logistics.com\/es\/transporte-terrestre-de-productos-farmaceuticos-a-moldova\">transporte de productos farmac\u00e9uticos a Moldova (BPD)<\/a>;<br \/>\n&#8211; transporte a Moldova de cargas completas (FTL) en camiones lonas o camiones frigorificos con temperatura controlada;<br \/>\n&#8211; transporte a Moldova de grupaje (LTL);<br \/>\n&#8211; <a href=\"http:\/\/posta-logistics.com\/es\/transporte-urgente-entregas-express-desde-espana-a-moldova\">transporte urgente a Moldova<\/a> (express delivery);<br \/>\n&#8211; transporte urgente a Moldova (express delivery) con temperatura controlada;<br \/>\n&#8211; <a href=\"http:\/\/posta-logistics.com\/es\/transporte-internacional\">transporte a Moldova de mercanc\u00eda peligrosa<\/a> (ADR) tanto de cargas completas como grupajes;<br \/>\n&#8211; transportes especiales y excepcionales a Moldova;<br \/>\n&#8211; transporte de convoy de camiones a la vez con destino a Moldova (cuando la mercanc\u00eda cargada en varios camiones viaja con la misma documentaci\u00f3n &#8211; lineas de producci\u00f3n, traslado de fabricas, imprentas, etc);<br \/>\n&#8211; despacho de aduana para la mercanc\u00eda destinada para la exportaci\u00f3n a Moldova;<br \/>\n&#8211; seguro de mercanc\u00edas destinadas para la exportaci\u00f3n a Moldova.<\/p>\n<p>En <strong>transporte internacional terrestre a Moldova<\/strong> ofrecemos tanto para cargas completas (FTL) como para grupajes (LTL) entregas en la terminal o en cualquier lugar de Moldova incluyendo principales ciudades: Anenii Noi; Basarabeasca; Balti, Biruinta; Briceni, Bucovat; Cahul; Camenca; Cantemir; Cainari; Calarasi; Causeni; Ceadir-Lunga; Chisinau; Cimislia; Codru; Comrat; Cornesti; Costesti; Crasnoe; Cricova; Criuleni; Cupcini; Dnestrovsc; Donduseni; Drochia; Dubasari; Durlesti; Edinet; Falesti; Floresti; Frunza; Ghindesti; Glodeni; Grigoriopol; Hincesti; Ialoveni; Iargara; Leova; Lipcani; Maiac; Marculesti; Nisporeni; Ocnita; Orhei; Otaci; Rezina; Ribnita; Riscani; Singera; Singerei; Slobozia; Soroca; Straseni; Soldanesti; Stefan Voda; Taraclia; Telenesti; Tighina (Bender); Tiraspol; Tiraspolul Nou; Tvardita; Ungheni; Vadul lui Voda; Vatra; Vulcanesti.<\/p>\n<p>Las rutas de <strong>transporte de cargas completas (FTL) desde Espa\u00f1a a Moldova<\/strong> son v\u00eda Ucrania (Espa\u00f1a- Francia- Alemania- Polonia- Ucrania- Moldova) o v\u00eda Rumania (Espa\u00f1a- Francia- Italia- Slovenia- Hungr\u00eda- Rumania- Moldova).<br \/>\nLas rutas de <strong>transporte de grupajes (LTL) y carga paletizada desde Espa\u00f1a a Moldova<\/strong> tambi\u00e9n son v\u00eda Ucrania o v\u00eda Rumania.<\/p>\n<p>Nuestros servicios de transporte internacional terrestre desde Moldova (importaci\u00f3n) son:<br \/>\n&#8211; transporte desde Moldova de cargas completas (FTL) en camiones lonas o camiones frigorificos con temperatura controlada;<br \/>\n&#8211; transporte desde Moldova de grupaje (LTL);<br \/>\n&#8211; transporte urgente desde Moldova (express delivery);<br \/>\n&#8211; transporte urgente desde Moldova (express delivery) con temperatura controlada;<br \/>\n&#8211; transporte desde Moldova de mercanc\u00eda peligrosa (ADR) tanto de cargas completas como grupajes;<br \/>\n&#8211; transportes especiales y excepcionales desde Moldova;<br \/>\n&#8211; seguro de mercanc\u00edas importadas desde Moldova.<\/p>\n<p>En <a href=\"http:\/\/posta-logistics.com\/es\">Posta Logistics, S.L.<\/a> le ofrecemos salidas frequentes con destino a Moldova.<\/p>\n<p>Para consultar d\u00edas de salida, tiempo de transito a Moldova y precio de un env\u00edo no duden en <a href=\"http:\/\/posta-logistics.com\/es\/contacto\">contactar con nosotros<\/a>.<\/p>\n<\/div>\n","protected":false},"excerpt":{"rendered":"<p>En Posta Logistics, S.L. somos especialistas en el transporte terrestre a Moldova. Moldova no forma parte de la Uni\u00f3n Europea por eso tanto transporte terrestre a Moldova como transporte desde Moldova tienen sus requis\u00edtos especificos y particularidades. En transporte internacional terrestre a Moldova ofrecemos: &#8211; transporte de productos farmac\u00e9uticos a Moldova (BPD); &#8211; transporte a &#8230;<\/p>\n","protected":false},"author":3,"featured_media":0,"parent":0,"menu_order":0,"comment_status":"closed","ping_status":"closed","template":"page-country.php","meta":{"_monsterinsights_skip_tracking":false,"_monsterinsights_sitenote_active":false,"_monsterinsights_sitenote_note":"","_monsterinsights_sitenote_category":0,"footnotes":""},"class_list":["post-818","page","type-page","status-publish"],"aioseo_notices":[],"_links":{"self":[{"href":"https:\/\/posta-logistics.com\/es\/wp-json\/wp\/v2\/pages\/818","targetHints":{"allow":["GET"]}}],"collection":[{"href":"https:\/\/posta-logistics.com\/es\/wp-json\/wp\/v2\/pages"}],"about":[{"href":"https:\/\/posta-logistics.com\/es\/wp-json\/wp\/v2\/types\/page"}],"author":[{"embeddable":true,"href":"https:\/\/posta-logistics.com\/es\/wp-json\/wp\/v2\/users\/3"}],"replies":[{"embeddable":true,"href":"https:\/\/posta-logistics.com\/es\/wp-json\/wp\/v2\/comments?post=818"}],"version-history":[{"count":10,"href":"https:\/\/posta-logistics.com\/es\/wp-json\/wp\/v2\/pages\/818\/revisions"}],"predecessor-version":[{"id":1625,"href":"https:\/\/posta-logistics.com\/es\/wp-json\/wp\/v2\/pages\/818\/revisions\/1625"}],"wp:attachment":[{"href":"https:\/\/posta-logistics.com\/es\/wp-json\/wp\/v2\/media?parent=818"}],"curies":[{"name":"wp","href":"https:\/\/api.w.org\/{rel}","templated":true}]}}