{"id":853,"date":"2017-08-17T13:28:21","date_gmt":"2017-08-17T11:28:21","guid":{"rendered":"http:\/\/posta-logistics.com\/es\/?page_id=853"},"modified":"2020-04-23T17:55:36","modified_gmt":"2020-04-23T15:55:36","slug":"transporte-terrestre-a-tayikistan","status":"publish","type":"page","link":"https:\/\/posta-logistics.com\/es\/transporte-terrestre-a-tayikistan","title":{"rendered":"Transporte terrestre a Tayikist\u00e1n"},"content":{"rendered":"<div class=\"entry\">\n<p>Una de las especialidades de Posta Logistics, S.L. es transporte terrestre a Tayikist\u00e1n.<\/p>\n<p>Tayikist\u00e1n no forma parte de la Uni\u00f3n Europea por eso tanto transporte terrestre a Tayikist\u00e1n como transporte desde Tayikist\u00e1n tienen sus requis\u00edtos especificos y particularidades.<\/p>\n<p>En transporte internacional terrestre a Tayikist\u00e1n ofrecemos:<br \/>\n&#8211; <a href=\"http:\/\/posta-logistics.com\/es\/transporte-terrestre-de-productos-farmaceuticos-a-tayikistan\">transporte de productos farmac\u00e9uticos a Tayikist\u00e1n (BPD)<\/a>;<br \/>\n&#8211; transporte a Tayikist\u00e1n en camiones lonas o camiones frigorificos con temperatura controlada de cargas completas (FTL);<br \/>\n&#8211; transporte a Tayikist\u00e1n de grupaje (LTL) y carga paletizada;<br \/>\n&#8211; <a href=\"http:\/\/posta-logistics.com\/es\/transporte-urgente-entregas-express-desde-espana-a-tayikistan\">transporte urgente a Tayikist\u00e1n (express delivery)<\/a>;<br \/>\n&#8211; transporte urgente a Tayikist\u00e1n (express delivery) con temperatura controlada;<br \/>\n&#8211; transporte a Tayikist\u00e1n de mercanc\u00eda peligrosa (ADR) tanto de cargas completas (FTL) como grupajes (LTL);<br \/>\n&#8211; transportes especiales y excepcionales a Tayikist\u00e1n;<br \/>\n&#8211; transporte de convoy de camiones con destino a Tayikist\u00e1n (la mercanc\u00eda cargada en varios camiones viaja con la misma documentaci\u00f3n &#8211; lineas de producci\u00f3n, traslado de fabricas, imprentas, etc);<br \/>\n&#8211; despacho de aduana para la mercanc\u00eda destinada para la exportaci\u00f3n a Tayikist\u00e1n;<br \/>\n&#8211; seguro de mercanc\u00edas destinadas para la exportaci\u00f3n a Tayikist\u00e1n.<\/p>\n<p>En transporte internacional terrestre a Tayikist\u00e1n ofrecemos tanto para cargas completas (FTL) como para grupajes (LTL) entregas en la terminal aduanera o en cualquier lugar de Tayikist\u00e1n incluyendo principales ciudades: Dushanbe; Adrasmon; Boshkengash; Chkalovsk; Chubek; Danghara; Farkhor; Garavuti; Hisor; Isfara; Ishkashim; Istaravshan; Khodjent; Khorugh; Kofarnihon; Kolkhozobod; Konibodom; Kulob; Muminabad; Murghob; Norak; Nov; Panjakent; Proletarsk; Shahrtuz; Tursunzoda; Vakhsh; Vose; Yovan.<\/p>\n<p>Las rutas de <strong>transporte de cargas completas (FTL) desde Espa\u00f1a a Tayikist\u00e1n<\/strong> son v\u00eda Rusia (Espa\u00f1a- Francia- Alemania- Polonia- Bielorrusia- Rusia- Kazajist\u00e1n- Uzbekist\u00e1n- Tayikist\u00e1n) o v\u00eda Turqu\u00eda (Espa\u00f1a- Francia- Grecia- Turqu\u00eda- Ir\u00e1n- Turkmenist\u00e1n- Uzbekist\u00e1n- Tayikist\u00e1n).<br \/>\nLa ruta de <strong>transporte de grupajes (LTL) y carga paletizada desde Espa\u00f1a a Tayikist\u00e1n<\/strong> es: Espa\u00f1a- Francia- Alemania- Polonia- Bielorrusia- Rusia- Kazajist\u00e1n- Uzbekist\u00e1n- Tayikist\u00e1n. Entregas de grupajes a Tayikist\u00e1n podemos efectuar desde nuestro centro en Vilnius, Lituania. En este caso la ruta es: Espa\u00f1a- Francia- Alemania- Polonia- Lituania- Bielorrusia- Rusia- Kazajist\u00e1n- Uzbekist\u00e1n- Tayikist\u00e1n.<\/p>\n<p>Nuestros servicios de <a href=\"http:\/\/posta-logistics.com\/es\/transporte-internacional\">transporte internacional terrestre desde Tayikist\u00e1n<\/a> (importaci\u00f3n) son:<br \/>\n&#8211; transporte desde Tayikist\u00e1n de cargas completas (FTL) en camiones lonas o camiones frigorificos con temperatura controlada;<br \/>\n&#8211; transporte desde Tayikist\u00e1n de grupaje (LTL);<br \/>\n&#8211; transporte urgente desde Tayikist\u00e1n (express delivery);<br \/>\n&#8211; transporte urgente desde Tayikist\u00e1n (express delivery) con temperatura controlada;<br \/>\n&#8211; transporte desde Tayikist\u00e1n de mercanc\u00eda peligrosa (ADR) tanto de cargas completas como grupajes;<br \/>\n&#8211; transportes especiales y excepcionales desde Tayikist\u00e1n;<br \/>\n&#8211; seguro de mercanc\u00edas importadas desde Tayikist\u00e1n.<\/p>\n<p>En Posta Logistics, S.L. le ofrecemos salidas regulares con destino a Tayikist\u00e1n.<\/p>\n<p>Para consultar d\u00edas de salida, tiempo de transito a Tayikist\u00e1n y precio de un env\u00edo no duden en <a href=\"http:\/\/posta-logistics.com\/es\/contacto\">contactar con nosotros<\/a>.<\/p>\n<\/div>\n","protected":false},"excerpt":{"rendered":"<p>Una de las especialidades de Posta Logistics, S.L. es transporte terrestre a Tayikist\u00e1n. Tayikist\u00e1n no forma parte de la Uni\u00f3n Europea por eso tanto transporte terrestre a Tayikist\u00e1n como transporte desde Tayikist\u00e1n tienen sus requis\u00edtos especificos y particularidades. En transporte internacional terrestre a Tayikist\u00e1n ofrecemos: &#8211; transporte de productos farmac\u00e9uticos a Tayikist\u00e1n (BPD); &#8211; transporte &#8230;<\/p>\n","protected":false},"author":3,"featured_media":0,"parent":0,"menu_order":0,"comment_status":"closed","ping_status":"closed","template":"page-country.php","meta":{"_monsterinsights_skip_tracking":false,"_monsterinsights_sitenote_active":false,"_monsterinsights_sitenote_note":"","_monsterinsights_sitenote_category":0,"footnotes":""},"class_list":["post-853","page","type-page","status-publish"],"aioseo_notices":[],"_links":{"self":[{"href":"https:\/\/posta-logistics.com\/es\/wp-json\/wp\/v2\/pages\/853","targetHints":{"allow":["GET"]}}],"collection":[{"href":"https:\/\/posta-logistics.com\/es\/wp-json\/wp\/v2\/pages"}],"about":[{"href":"https:\/\/posta-logistics.com\/es\/wp-json\/wp\/v2\/types\/page"}],"author":[{"embeddable":true,"href":"https:\/\/posta-logistics.com\/es\/wp-json\/wp\/v2\/users\/3"}],"replies":[{"embeddable":true,"href":"https:\/\/posta-logistics.com\/es\/wp-json\/wp\/v2\/comments?post=853"}],"version-history":[{"count":5,"href":"https:\/\/posta-logistics.com\/es\/wp-json\/wp\/v2\/pages\/853\/revisions"}],"predecessor-version":[{"id":1643,"href":"https:\/\/posta-logistics.com\/es\/wp-json\/wp\/v2\/pages\/853\/revisions\/1643"}],"wp:attachment":[{"href":"https:\/\/posta-logistics.com\/es\/wp-json\/wp\/v2\/media?parent=853"}],"curies":[{"name":"wp","href":"https:\/\/api.w.org\/{rel}","templated":true}]}}