{"id":859,"date":"2017-08-18T14:00:41","date_gmt":"2017-08-18T12:00:41","guid":{"rendered":"http:\/\/posta-logistics.com\/es\/?page_id=859"},"modified":"2020-04-23T14:24:44","modified_gmt":"2020-04-23T12:24:44","slug":"transporte-terrestre-a-lituania","status":"publish","type":"page","link":"https:\/\/posta-logistics.com\/es\/transporte-terrestre-a-lituania","title":{"rendered":"Transporte terrestre a Lituania"},"content":{"rendered":"<div class=\"entry\">\n<p>En Posta Logistics, S.L. somos especialistas en el <a href=\"http:\/\/posta-logistics.com\/es\/transporte-internacional\">transporte terrestre a Lituania<\/a>.<\/p>\n<p>Lituania forma parte de la Uni\u00f3n Europea. Lituania es uno de los paises B\u00e1lticos. Conocemos perfectamente requis\u00edtos especificos y particularidades tanto de <strong>transporte terrestre a Lituania<\/strong> como <strong>transporte desde Lituania<\/strong>.<\/p>\n<p>En transporte internacional terrestre a Lituania ofrecemos:<br \/>\n&#8211; <a href=\"http:\/\/posta-logistics.com\/es\/transporte-terrestre-de-productos-farmaceuticos-a-lituania\">transporte de productos farmac\u00e9uticos a Lituania (BPD)<\/a>;<br \/>\n\u2013 transporte a Lituania de cargas completas (FTL) en camiones lonas o camiones frigorificos con temperatura controlada;<br \/>\n\u2013 transporte a Lituania de grupaje (LTL);<br \/>\n\u2013 <a href=\"http:\/\/posta-logistics.com\/es\/transporte-urgente-entregas-express-desde-espana-a-lituania\">transporte urgente a Lituania<\/a> (express delivery);<br \/>\n\u2013 transporte urgente a Lituania (express delivery) con temperatura controlada;<br \/>\n\u2013 transporte a Lituania de mercanc\u00eda peligrosa (ADR) tanto de cargas completas como grupajes;<br \/>\n\u2013 transportes especiales y excepcionales a Lituania;<br \/>\n\u2013 transporte de convoy de camiones con destino a Lituania (cuando la mercanc\u00eda cargada en varios camiones viaja con la misma documentaci\u00f3n \u2013 lineas de producci\u00f3n, traslado de fabricas, imprentas, etc);<br \/>\n\u2013 seguro de mercanc\u00edas destinadas para la exportaci\u00f3n a Lituania.<\/p>\n<p>En transporte internacional terrestre a Lituania ofrecemos tanto para cargas completas (FTL) como para grupajes (LTL) entregas en la terminal aduanera o en cualquier lugar de Lituania incluyendo ciudades principales: Vilnius, Kaunas, Klaip\u0117da, \u0160iauliai, Panev\u0117\u017eys, Alytus, Marijampol\u0117, Ma\u017eeikiai, Jonava, Utena, K\u0117dainiai, Tel\u0161iai, Visaginas, Taurag\u0117, Ukmerg\u0117, Plung\u0117, \u0160ilut\u0117, Kretinga, Radvili\u0161kis, Druskininkai, Palanga, Roki\u0161kis, Bir\u017eai, Garg\u017edai, Kur\u0161\u0117nai, Elektr\u0117nai, Jurbarkas, Garliava, Vilkavi\u0161kis, Raseiniai, Naujoji Akmen\u0117, Anyk\u0161\u010diai, Lentvaris, Grigi\u0161k\u0117s, Prienai, Joni\u0161kis, Kelm\u0117, Var\u0117na, Kai\u0161iadorys, Pasvalys, Kupi\u0161kis, Zarasai, Skuodas, Kazl\u0173 R\u016bda, \u0160irvintos, Mol\u0117tai, \u0160ven\u010dion\u0117liai, \u0160akiai, \u0160al\u010dininkai, Ignalina, Kybartai, Pabrad\u0117, \u0160ilal\u0117, Pakruojis, Nemen\u010din\u0117, Trakai, \u0160ven\u010dionys, Vievis, Lazdijai, Kalvarija, Rietavas, \u017die\u017emariai, Ei\u0161i\u0161k\u0117s, Ariogala, Venta, \u0160eduva, Bir\u0161tonas, Akmen\u0117, Tytuv\u0117nai, R\u016bdi\u0161k\u0117s, Pag\u0117giai, Neringa, Vilkija, \u017dagar\u0117, Viek\u0161niai, Skaudvil\u0117, E\u017eer\u0117lis, Gelgaudi\u0161kis, Kudirkos Naumiestis, Simnas, Salantai, Linkuva, Veisiejai, Ramygala, Priekul\u0117, Joni\u0161k\u0117lis, Jieznas, Daugai, Obeliai, Varniai, Virbalis, Vabalninkas, Seda, Suba\u010dius, Baltoji Vok\u0117, D\u016bk\u0161tas, Pand\u0117lys, Dusetos, U\u017eventis, Kavarskas, Smalininkai, Tro\u0161k\u016bnai, Panemun\u0117.<\/p>\n<p>La ruta de transporte de cargas completas (FTL) desde Espa\u00f1a a Lituania es: Espa\u00f1a- Francia- Alemania- Polonia- Lituania.<br \/>\nLa ruta de transporte de grupajes (LTL) y carga paletizada desde Espa\u00f1a a Lituania es: Espa\u00f1a- Francia- Alemania- Polonia- Lituania.<\/p>\n<p>Nuestros servicios de transporte internacional terrestre desde Lituania (importaci\u00f3n) son:<br \/>\n\u2013 transporte desde Lituania de cargas completas (FTL) en camiones lonas o camiones frigorificos con temperatura controlada;<br \/>\n\u2013 para traer mercanc\u00eda desde Lituania ofrecemos transporte desde Lituania de grupaje (LTL);<br \/>\n\u2013 transporte urgente desde Lituania (express delivery);<br \/>\n\u2013 transporte urgente desde Lituania (express delivery) con temperatura controlada;<br \/>\n\u2013 transporte desde Lituania de mercanc\u00eda peligrosa (ADR) tanto de cargas completas como grupajes;<br \/>\n\u2013 transportes especiales y excepcionales desde Lituania;<br \/>\n\u2013 seguro de mercanc\u00edas importadas desde Lituania.<\/p>\n<p>En Posta Logistics, S.L. le ofrecemos salidas regulares con destino a Lituania.<\/p>\n<p>Para consultar d\u00edas de salida, tiempo de transito a Lituania y precio de un env\u00edo no duden en <a href=\"http:\/\/posta-logistics.com\/es\/contacto\">contactar con nosotros<\/a>.<\/p>\n<\/div>\n","protected":false},"excerpt":{"rendered":"<p>En Posta Logistics, S.L. somos especialistas en el transporte terrestre a Lituania. Lituania forma parte de la Uni\u00f3n Europea. Lituania es uno de los paises B\u00e1lticos. Conocemos perfectamente requis\u00edtos especificos y particularidades tanto de transporte terrestre a Lituania como transporte desde Lituania. En transporte internacional terrestre a Lituania ofrecemos: &#8211; transporte de productos farmac\u00e9uticos a &#8230;<\/p>\n","protected":false},"author":3,"featured_media":0,"parent":0,"menu_order":0,"comment_status":"closed","ping_status":"closed","template":"page-country.php","meta":{"_monsterinsights_skip_tracking":false,"_monsterinsights_sitenote_active":false,"_monsterinsights_sitenote_note":"","_monsterinsights_sitenote_category":0,"footnotes":""},"class_list":["post-859","page","type-page","status-publish"],"aioseo_notices":[],"_links":{"self":[{"href":"https:\/\/posta-logistics.com\/es\/wp-json\/wp\/v2\/pages\/859","targetHints":{"allow":["GET"]}}],"collection":[{"href":"https:\/\/posta-logistics.com\/es\/wp-json\/wp\/v2\/pages"}],"about":[{"href":"https:\/\/posta-logistics.com\/es\/wp-json\/wp\/v2\/types\/page"}],"author":[{"embeddable":true,"href":"https:\/\/posta-logistics.com\/es\/wp-json\/wp\/v2\/users\/3"}],"replies":[{"embeddable":true,"href":"https:\/\/posta-logistics.com\/es\/wp-json\/wp\/v2\/comments?post=859"}],"version-history":[{"count":7,"href":"https:\/\/posta-logistics.com\/es\/wp-json\/wp\/v2\/pages\/859\/revisions"}],"predecessor-version":[{"id":1622,"href":"https:\/\/posta-logistics.com\/es\/wp-json\/wp\/v2\/pages\/859\/revisions\/1622"}],"wp:attachment":[{"href":"https:\/\/posta-logistics.com\/es\/wp-json\/wp\/v2\/media?parent=859"}],"curies":[{"name":"wp","href":"https:\/\/api.w.org\/{rel}","templated":true}]}}