{"id":861,"date":"2017-08-18T14:01:28","date_gmt":"2017-08-18T12:01:28","guid":{"rendered":"http:\/\/posta-logistics.com\/es\/?page_id=861"},"modified":"2020-04-23T14:06:43","modified_gmt":"2020-04-23T12:06:43","slug":"transporte-terrestre-a-azerbaiyan","status":"publish","type":"page","link":"https:\/\/posta-logistics.com\/es\/transporte-terrestre-a-azerbaiyan","title":{"rendered":"Transporte terrestre a Azerbaiy\u00e1n"},"content":{"rendered":"<div class=\"entry\">\n<p>En Posta Logistics, S.L. somos especialistas en el <a href=\"http:\/\/posta-logistics.com\/es\/transporte-internacional\">transporte terrestre a Azerbaiy\u00e1n<\/a>.<\/p>\n<p>Azerbaiy\u00e1n es uno de los paises de C\u00e1ucaso. Azerbaiy\u00e1n no est\u00e1 en la Uni\u00f3n Europea por eso tanto <strong>transporte terrestre a Azerbaiy\u00e1n<\/strong> como <strong>transporte desde Azerbaiy\u00e1n<\/strong> tienen sus requis\u00edtos especificos y particularidades.<\/p>\n<p>En transporte internacional terrestre a Azerbaiy\u00e1n ofrecemos:<br \/>\n\u2013 <a href=\"http:\/\/posta-logistics.com\/es\/transporte-terrestre-de-productos-farmaceuticos-a-azerbaiyan\">transporte de productos farmac\u00e9uticos a Azerbaiy\u00e1n (BPD)<\/a>;<br \/>\n\u2013 transporte a Azerbaiy\u00e1n de cargas completas (FTL) en camiones lonas o camiones frigorificos con temperatura controlada;<br \/>\n\u2013 transporte a Azerbaiy\u00e1n de grupaje (LTL);<br \/>\n\u2013 transporte urgente a Azerbaiy\u00e1n (express delivery);<br \/>\n\u2013 <a href=\"http:\/\/posta-logistics.com\/es\/transporte-urgente-entregas-express-desde-espana-a-azerbaiyan\">transporte urgente a Azerbaiy\u00e1n<\/a> (express delivery) con temperatura controlada;<br \/>\n\u2013 transporte a Azerbaiy\u00e1n de mercanc\u00eda peligrosa (ADR) tanto de cargas completas como grupajes;<br \/>\n\u2013 transportes especiales y excepcionales a Azerbaiy\u00e1n;<br \/>\n\u2013 transporte de convoy de camiones con destino a Azerbaiy\u00e1n (cuando la mercanc\u00eda cargada en varios camiones viaja con la misma documentaci\u00f3n \u2013 lineas de producci\u00f3n, traslado de fabricas, imprentas, etc);<br \/>\n\u2013 despacho de aduana para la mercanc\u00eda destinada para la exportaci\u00f3n a Azerbaiy\u00e1n;<br \/>\n\u2013 seguro de mercanc\u00edas destinadas para la exportaci\u00f3n a Azerbaiy\u00e1n.<\/p>\n<p>En transporte internacional terrestre a Azerbaiy\u00e1n ofrecemos tanto para cargas completas (FTL) como para grupajes (LTL) entregas en la terminal aduanera o en cualquier lugar de Azerbaiy\u00e1n incluyendo ciudades principales: Bak\u00fa, Agcabadi, Agdam, Agdas, Ali Bayramli, Barda, Calilabad, Gandja, G\u00f6y\u00e7ay, Imisli, Mingacevir, Naxcivan, Neft\u00e7ala, Qara\u00e7uxur, Qazax, Qazimammad, Quba, Sabirabad, Saki, Salyan, Samaxi, Samkir, Sumqayit, Susa, Tartar, Ucar, Xanlar, Xa\u00e7maz, Yevlax, Zaqatala.<\/p>\n<p>La ruta de transporte de cargas completas (FTL) desde Espa\u00f1a a Azerbaiy\u00e1n es: Espa\u00f1a- Francia- Alemania- Polonia- Bielorrusia- Rusia- Azerbaiy\u00e1n.<br \/>\nLa ruta de transporte de grupajes (LTL) y carga paletizada desde Espa\u00f1a a Azerbaiy\u00e1n es: Espa\u00f1a- Francia- Alemania- Polonia- Bielorrusia- Rusia- Azerbaiy\u00e1n. Entregas de grupajes a Azerbaiy\u00e1n podemos efectuar desde nuestro centro en Vilnius, Lituania. En este caso la ruta es: Espa\u00f1a- Francia- Alemania- Polonia- Lituania- Bielorrusia- Rusia- Azerbaiy\u00e1n.<\/p>\n<p>Nuestros servicios de transporte internacional terrestre desde Azerbaiy\u00e1n (importaci\u00f3n) son:<br \/>\n\u2013 transporte desde Azerbaiy\u00e1n de cargas completas (FTL) en camiones lonas o camiones frigorificos con temperatura controlada;<br \/>\n\u2013 para traer mercanc\u00eda desde Azerbaiy\u00e1n ofrecemos transporte desde Azerbaiy\u00e1n de grupaje (LTL);<br \/>\n\u2013 transporte urgente desde Azerbaiy\u00e1n (express delivery);<br \/>\n\u2013 transporte urgente desde Azerbaiy\u00e1n (express delivery) con temperatura controlada;<br \/>\n\u2013 transporte desde Azerbaiy\u00e1n de mercanc\u00eda peligrosa (ADR) tanto de cargas completas como grupajes;<br \/>\n\u2013 transportes especiales y excepcionales desde Azerbaiy\u00e1n;<br \/>\n\u2013 seguro de mercanc\u00edas importadas desde Azerbaiy\u00e1n.<\/p>\n<p>En Posta Logistics, S.L. le ofrecemos salidas regulares con destino a Azerbaiy\u00e1n.<\/p>\n<p>Para consultar d\u00edas de salida, tiempo de transito a Azerbaiy\u00e1n y precio de un env\u00edo no duden en <a href=\"http:\/\/posta-logistics.com\/es\/contacto\">contactar con nosotros<\/a>.<\/p>\n<\/div>\n","protected":false},"excerpt":{"rendered":"<p>En Posta Logistics, S.L. somos especialistas en el transporte terrestre a Azerbaiy\u00e1n. Azerbaiy\u00e1n es uno de los paises de C\u00e1ucaso. Azerbaiy\u00e1n no est\u00e1 en la Uni\u00f3n Europea por eso tanto transporte terrestre a Azerbaiy\u00e1n como transporte desde Azerbaiy\u00e1n tienen sus requis\u00edtos especificos y particularidades. En transporte internacional terrestre a Azerbaiy\u00e1n ofrecemos: \u2013 transporte de productos &#8230;<\/p>\n","protected":false},"author":3,"featured_media":0,"parent":0,"menu_order":0,"comment_status":"closed","ping_status":"closed","template":"page-country.php","meta":{"_monsterinsights_skip_tracking":false,"_monsterinsights_sitenote_active":false,"_monsterinsights_sitenote_note":"","_monsterinsights_sitenote_category":0,"footnotes":""},"class_list":["post-861","page","type-page","status-publish"],"aioseo_notices":[],"_links":{"self":[{"href":"https:\/\/posta-logistics.com\/es\/wp-json\/wp\/v2\/pages\/861","targetHints":{"allow":["GET"]}}],"collection":[{"href":"https:\/\/posta-logistics.com\/es\/wp-json\/wp\/v2\/pages"}],"about":[{"href":"https:\/\/posta-logistics.com\/es\/wp-json\/wp\/v2\/types\/page"}],"author":[{"embeddable":true,"href":"https:\/\/posta-logistics.com\/es\/wp-json\/wp\/v2\/users\/3"}],"replies":[{"embeddable":true,"href":"https:\/\/posta-logistics.com\/es\/wp-json\/wp\/v2\/comments?post=861"}],"version-history":[{"count":6,"href":"https:\/\/posta-logistics.com\/es\/wp-json\/wp\/v2\/pages\/861\/revisions"}],"predecessor-version":[{"id":1598,"href":"https:\/\/posta-logistics.com\/es\/wp-json\/wp\/v2\/pages\/861\/revisions\/1598"}],"wp:attachment":[{"href":"https:\/\/posta-logistics.com\/es\/wp-json\/wp\/v2\/media?parent=861"}],"curies":[{"name":"wp","href":"https:\/\/api.w.org\/{rel}","templated":true}]}}