{"id":863,"date":"2017-08-18T14:01:53","date_gmt":"2017-08-18T12:01:53","guid":{"rendered":"http:\/\/posta-logistics.com\/es\/?page_id=863"},"modified":"2020-04-23T14:24:23","modified_gmt":"2020-04-23T12:24:23","slug":"transporte-terrestre-a-letonia","status":"publish","type":"page","link":"https:\/\/posta-logistics.com\/es\/transporte-terrestre-a-letonia","title":{"rendered":"Transporte terrestre a Letonia"},"content":{"rendered":"<div class=\"entry\">\n<p>En Posta Logistics, S.L. somos especialistas en el <strong>transporte terrestre a Letonia<\/strong>.<\/p>\n<p>Letonia forma parte de la Uni\u00f3n Europea. Letonia es uno de los paises B\u00e1lticos. Conocemos perfectamente requis\u00edtos especificos y particularidades tanto de transporte terrestre a Letonia como <strong>transporte desde Letonia<\/strong>.<\/p>\n<p>En transporte internacional terrestre a Letonia ofrecemos:<br \/>\n&#8211; <a href=\"http:\/\/posta-logistics.com\/es\/transporte-terrestre-de-productos-farmaceuticos-a-letonia\">transporte de productos farmac\u00e9uticos a Letonia (BPD)<\/a>;<br \/>\n\u2013 transporte a Letonia de cargas completas (FTL) en camiones lonas o camiones frigorificos con temperatura controlada;<br \/>\n\u2013 transporte a Letonia de grupaje (LTL);<br \/>\n\u2013 <a href=\"http:\/\/posta-logistics.com\/es\/transporte-urgente-entregas-express-desde-espana-a-letonia\">transporte urgente a Letonia (express delivery)<\/a>;<br \/>\n\u2013 transporte urgente a Letonia (express delivery) con temperatura controlada;<br \/>\n\u2013 transporte a Letonia de mercanc\u00eda peligrosa (ADR) tanto de cargas completas como grupajes;<br \/>\n\u2013 transportes especiales y excepcionales a Letonia;<br \/>\n\u2013 transporte de convoy de camiones con destino a Letonia (cuando la mercanc\u00eda cargada en varios camiones viaja con la misma documentaci\u00f3n \u2013 lineas de producci\u00f3n, traslado de fabricas, imprentas, etc);<br \/>\n\u2013 seguro de mercanc\u00edas destinadas para la exportaci\u00f3n a Letonia.<\/p>\n<p>En transporte internacional terrestre a Letonia ofrecemos tanto para cargas completas (FTL) como para grupajes (LTL) entregas en cualquier lugar de Letonia incluyendo ciudades principales: Riga, Daugavpils, J\u0113kabpils, Jelgava, J\u016brmala, Liep\u0101ja, R\u0113zekne, Valmiera, Ventspils, Aina\u017ei, Aizkraukle, Aizpute, Akn\u012bste, Aloja, Al\u016bksne, Ape, Auce, Baldone, Balo\u017ei, Balvi, Bauska, Broc\u0113ni, C\u0113sis, Cesvaine, Dagda, Dobele, Durbe, Grobi\u0146a, Gulbene, Ik\u0161\u0137ile, Jaunjelgava, Kandava, K\u0101rsava, Kuld\u012bga, \u0136egums, L\u012bgatne, Limba\u017ei, L\u012bv\u0101ni, Lub\u0101na, Ludza, Madona, Mazsalaca, Ogre, Olaine, P\u0101vilosta, Piltene, P\u013cavi\u0146as, Prei\u013ci, Priekule, R\u016bjiena, Sabile, Salacgr\u012bva, Salaspils, Saldus, Saulkrasti, Seda, Sigulda, Skrunda, Smiltene, Staicele, Stende, Stren\u010di, Subate, Talsi, Tukums, Valdem\u0101rpils, Valka, Vanga\u017ei, Varak\u013c\u0101ni, Vies\u012bte, Vi\u013caka, Vi\u013c\u0101ni, Zilupe.<\/p>\n<p>La ruta de transporte de cargas completas (FTL) desde Espa\u00f1a a Letonia es: Espa\u00f1a- Francia- Alemania- Polonia- Lituania- Letonia.<br \/>\nLa ruta de transporte de grupajes (LTL) y carga paletizada desde Espa\u00f1a a Letonia es: Espa\u00f1a- Francia- Alemania- Polonia- Lituania- Letonia.<\/p>\n<p>Nuestros servicios de transporte internacional terrestre desde Letonia (importaci\u00f3n) son:<br \/>\n\u2013 transporte desde Letonia de cargas completas (FTL) en camiones lonas o camiones frigorificos con temperatura controlada;<br \/>\n\u2013 para traer mercanc\u00eda desde Letonia ofrecemos transporte desde Letonia de grupaje (LTL);<br \/>\n\u2013 transporte urgente desde Letonia (express delivery);<br \/>\n\u2013 transporte urgente desde Letonia (express delivery) con temperatura controlada;<br \/>\n\u2013 transporte desde Letonia de mercanc\u00eda peligrosa (ADR) tanto de cargas completas como grupajes;<br \/>\n\u2013 transportes especiales y excepcionales desde Letonia;<br \/>\n\u2013 seguro de mercanc\u00edas importadas desde Letonia.<\/p>\n<p>En Posta Logistics, S.L. le ofrecemos salidas regulares con destino a Letonia.<\/p>\n<p>Para consultar d\u00edas de salida, tiempo de transito a Letonia y precio de un env\u00edo no duden en <a href=\"http:\/\/posta-logistics.com\/es\/contacto\">contactar con nosotros<\/a>.<\/p>\n<\/div>\n","protected":false},"excerpt":{"rendered":"<p>En Posta Logistics, S.L. somos especialistas en el transporte terrestre a Letonia. Letonia forma parte de la Uni\u00f3n Europea. Letonia es uno de los paises B\u00e1lticos. Conocemos perfectamente requis\u00edtos especificos y particularidades tanto de transporte terrestre a Letonia como transporte desde Letonia. En transporte internacional terrestre a Letonia ofrecemos: &#8211; transporte de productos farmac\u00e9uticos a &#8230;<\/p>\n","protected":false},"author":3,"featured_media":0,"parent":0,"menu_order":0,"comment_status":"closed","ping_status":"closed","template":"page-country.php","meta":{"_monsterinsights_skip_tracking":false,"_monsterinsights_sitenote_active":false,"_monsterinsights_sitenote_note":"","_monsterinsights_sitenote_category":0,"footnotes":""},"class_list":["post-863","page","type-page","status-publish"],"aioseo_notices":[],"_links":{"self":[{"href":"https:\/\/posta-logistics.com\/es\/wp-json\/wp\/v2\/pages\/863","targetHints":{"allow":["GET"]}}],"collection":[{"href":"https:\/\/posta-logistics.com\/es\/wp-json\/wp\/v2\/pages"}],"about":[{"href":"https:\/\/posta-logistics.com\/es\/wp-json\/wp\/v2\/types\/page"}],"author":[{"embeddable":true,"href":"https:\/\/posta-logistics.com\/es\/wp-json\/wp\/v2\/users\/3"}],"replies":[{"embeddable":true,"href":"https:\/\/posta-logistics.com\/es\/wp-json\/wp\/v2\/comments?post=863"}],"version-history":[{"count":6,"href":"https:\/\/posta-logistics.com\/es\/wp-json\/wp\/v2\/pages\/863\/revisions"}],"predecessor-version":[{"id":1621,"href":"https:\/\/posta-logistics.com\/es\/wp-json\/wp\/v2\/pages\/863\/revisions\/1621"}],"wp:attachment":[{"href":"https:\/\/posta-logistics.com\/es\/wp-json\/wp\/v2\/media?parent=863"}],"curies":[{"name":"wp","href":"https:\/\/api.w.org\/{rel}","templated":true}]}}