{"id":874,"date":"2017-08-22T14:27:29","date_gmt":"2017-08-22T12:27:29","guid":{"rendered":"http:\/\/posta-logistics.com\/es\/?page_id=874"},"modified":"2020-04-23T14:10:32","modified_gmt":"2020-04-23T12:10:32","slug":"transporte-terrestre-a-bosnia-y-herzegovina","status":"publish","type":"page","link":"https:\/\/posta-logistics.com\/es\/transporte-terrestre-a-bosnia-y-herzegovina","title":{"rendered":"Transporte terrestre a Bosnia y Herzegovina"},"content":{"rendered":"<div class=\"entry\">\n<p>En Posta Logistics, S.L. somos especialistas en el <strong>transporte terrestre a Bosnia y Herzegovina<\/strong>.<\/p>\n<p>Bosnia y Herzegovina no forma parte de la Uni\u00f3n Europea por eso tanto transporte terrestre a Bosnia y Herzegovina como transporte desde Bosnia y Herzegovina tienen sus requis\u00edtos especificos y particularidades.<\/p>\n<p>En transporte internacional terrestre a Bosnia y Herzegovina ofrecemos:<br \/>\n\u2013 <a href=\"http:\/\/posta-logistics.com\/es\/transporte-terrestre-de-productos-farmaceuticos-a-bosnia-y-herzegovina\">transporte de productos farmac\u00e9uticos a Bosnia y Herzegovina (BPD)<\/a>;<br \/>\n\u2013 transporte a Bosnia y Herzegovina de cargas completas (FTL) en camiones lonas o camiones frigorificos con temperatura controlada;<br \/>\n\u2013 transporte a Bosnia y Herzegovina de grupaje (LTL);<br \/>\n\u2013 <a href=\"http:\/\/posta-logistics.com\/es\/transporte-urgente-entregas-express-desde-espana-a-bosnia-y-herzegovina\">transporte urgente a Bosnia y Herzegovina<\/a> (express delivery);<br \/>\n\u2013 transporte urgente a Bosnia y Herzegovina (express delivery) con temperatura controlada;<br \/>\n\u2013 transporte a Bosnia y Herzegovina de mercanc\u00eda peligrosa (ADR) tanto de cargas completas como grupajes;<br \/>\n\u2013 transportes especiales y excepcionales a Bosnia y Herzegovina;<br \/>\n\u2013 transporte de convoy de camiones con destino a Bosnia y Herzegovina (cuando la mercanc\u00eda cargada en varios camiones viaja con la misma documentaci\u00f3n \u2013 lineas de producci\u00f3n, traslado de fabricas, imprentas, etc);<br \/>\n\u2013 despacho de aduana para la mercanc\u00eda destinada para la exportaci\u00f3n a Bosnia y Herzegovina;<br \/>\n\u2013 seguro de mercanc\u00edas destinadas para la exportaci\u00f3n a Bosnia y Herzegovina.<\/p>\n<p>En <a href=\"http:\/\/posta-logistics.com\/es\/transporte-internacional\">transporte internacional terrestre a Bosnia y Herzegovina<\/a> ofrecemos tanto para cargas completas (FTL) como para grupajes (LTL) entregas en la terminal aduanera o en cualquier lugar de Bosnia y Herzegovina incluyendo principales ciudades: Sarajevo, Banja Luka, Tuzla, Zenica, Bijeljina, Mostar, Prijedor, Br\u010dko, Cazin, Doboj, Zvornik, \u017divinice, Biha\u0107, Travnik, Gradi\u0161ka, Gra\u010danica, Sanski Most, Lukavac, Te\u0161anj, Velika Kladu\u0161a, Srebrenik, Tesli\u0107, Grada\u010dac, Visoko, Zavidovi\u0107i, Kakanj, Prnjavor, Livno, Lakta\u0161i, Kalesija, Bugojno, Tomislavgrad, \u017dep\u010de, Trebinje, Jajce, Derventa, \u0160iroki Brijeg, Bosanska Krupa, Novi Grad, Vogo\u0161\u0107a, Modri\u010da, Konjic, Novi Travnik, Kozarska Dubica, Pale, Gora\u017ede, Fo\u010da.<\/p>\n<p>La ruta de <strong>transporte de cargas completas (FTL) desde Espa\u00f1a a Bosnia y Herzegovina<\/strong> es: Espa\u00f1a- Francia- Italia- Eslovenia- Croacia- Bosnia y Herzegovina.<br \/>\nLa ruta de <strong>transporte de grupajes (LTL) y carga paletizada desde Espa\u00f1a a Bosnia y Herzegovina<\/strong> es: Espa\u00f1a- Francia- Italia- Eslovenia- Croacia- Bosnia y Herzegovina.<\/p>\n<p>Nuestros servicios de transporte internacional terrestre desde Bosnia y Herzegovina (importaci\u00f3n) son:<br \/>\n\u2013 transporte desde Bosnia y Herzegovina de cargas completas (FTL) en camiones lonas o camiones frigorificos con temperatura controlada;<br \/>\n\u2013 para traer mercanc\u00eda desde Bosnia y Herzegovina ofrecemos transporte desde Bosnia y Herzegovina de grupaje (LTL);<br \/>\n\u2013 transporte urgente desde Bosnia y Herzegovina (express delivery);<br \/>\n\u2013 transporte urgente desde Bosnia y Herzegovina (express delivery) con temperatura controlada;<br \/>\n\u2013 transporte desde Bosnia y Herzegovina de mercanc\u00eda peligrosa (ADR) tanto de cargas completas como grupajes;<br \/>\n\u2013 transportes especiales y excepcionales desde Bosnia y Herzegovina;<br \/>\n\u2013 seguro de mercanc\u00edas importadas desde Bosnia y Herzegovina.<\/p>\n<p>En <a href=\"http:\/\/posta-logistics.com\/es\">Posta Logistics, S.L.<\/a> le ofrecemos salidas regulares con destino a Bosnia y Herzegovina.<\/p>\n<p>Para consultar d\u00edas de salida, tiempo de transito a Bosnia y Herzegovina y precio de un env\u00edo no duden en <a href=\"http:\/\/posta-logistics.com\/es\/contacto\">contactar con nosotros<\/a>.<\/p>\n<\/div>\n","protected":false},"excerpt":{"rendered":"<p>En Posta Logistics, S.L. somos especialistas en el transporte terrestre a Bosnia y Herzegovina. Bosnia y Herzegovina no forma parte de la Uni\u00f3n Europea por eso tanto transporte terrestre a Bosnia y Herzegovina como transporte desde Bosnia y Herzegovina tienen sus requis\u00edtos especificos y particularidades. En transporte internacional terrestre a Bosnia y Herzegovina ofrecemos: \u2013 &#8230;<\/p>\n","protected":false},"author":3,"featured_media":0,"parent":0,"menu_order":0,"comment_status":"closed","ping_status":"closed","template":"page-country.php","meta":{"_monsterinsights_skip_tracking":false,"_monsterinsights_sitenote_active":false,"_monsterinsights_sitenote_note":"","_monsterinsights_sitenote_category":0,"footnotes":""},"class_list":["post-874","page","type-page","status-publish"],"aioseo_notices":[],"_links":{"self":[{"href":"https:\/\/posta-logistics.com\/es\/wp-json\/wp\/v2\/pages\/874","targetHints":{"allow":["GET"]}}],"collection":[{"href":"https:\/\/posta-logistics.com\/es\/wp-json\/wp\/v2\/pages"}],"about":[{"href":"https:\/\/posta-logistics.com\/es\/wp-json\/wp\/v2\/types\/page"}],"author":[{"embeddable":true,"href":"https:\/\/posta-logistics.com\/es\/wp-json\/wp\/v2\/users\/3"}],"replies":[{"embeddable":true,"href":"https:\/\/posta-logistics.com\/es\/wp-json\/wp\/v2\/comments?post=874"}],"version-history":[{"count":10,"href":"https:\/\/posta-logistics.com\/es\/wp-json\/wp\/v2\/pages\/874\/revisions"}],"predecessor-version":[{"id":1603,"href":"https:\/\/posta-logistics.com\/es\/wp-json\/wp\/v2\/pages\/874\/revisions\/1603"}],"wp:attachment":[{"href":"https:\/\/posta-logistics.com\/es\/wp-json\/wp\/v2\/media?parent=874"}],"curies":[{"name":"wp","href":"https:\/\/api.w.org\/{rel}","templated":true}]}}