{"id":878,"date":"2017-08-22T14:31:53","date_gmt":"2017-08-22T12:31:53","guid":{"rendered":"http:\/\/posta-logistics.com\/es\/?page_id=878"},"modified":"2020-04-23T14:19:55","modified_gmt":"2020-04-23T12:19:55","slug":"transporte-terrestre-a-eslovenia","status":"publish","type":"page","link":"https:\/\/posta-logistics.com\/es\/transporte-terrestre-a-eslovenia","title":{"rendered":"Transporte terrestre a Eslovenia"},"content":{"rendered":"<div class=\"entry\">\n<p>En Posta Logistics, S.L. somos especialistas en <strong>transporte terrestre a Eslovenia<\/strong>.<\/p>\n<p>Eslovenia, oficialmente Rep\u00fablica de Eslovenia, es un pa\u00eds soberano de Europa Central, miembro de la Uni\u00f3n Europea. Limita con <a href=\"http:\/\/posta-logistics.com\/es\/transporte-terrestre-a-italia\">Italia<\/a> al oeste; con el mar Adri\u00e1tico, al suroeste; con <a href=\"http:\/\/posta-logistics.com\/es\/transporte-terrestre-a-croacia\">Croacia<\/a> al sur y al este; con <a href=\"http:\/\/posta-logistics.com\/es\/transporte-terrestre-a-hungria\">Hungr\u00eda<\/a>, al noreste; y con <a href=\"http:\/\/posta-logistics.com\/es\/transporte-terrestre-a-austria\">Austria<\/a>, al norte. Tiene una poblaci\u00f3n de 2 047 000 habitantes. La capital y ciudad m\u00e1s poblada es Liubliana.<\/p>\n<p>En transporte internacional terrestre a Eslovenia ofrecemos:<br \/>\n&#8211; <a href=\"http:\/\/posta-logistics.com\/es\/transporte-terrestre-de-productos-farmaceuticos-a-eslovenia\">transporte de productos farmac\u00e9uticos a Eslovenia (BPD)<\/a>;<br \/>\n\u2013 <strong>transporte a Eslovenia de cargas completas<\/strong> (FTL) en camiones lonas o camiones frigorificos con temperatura controlada;<br \/>\n\u2013 transporte a Eslovenia de grupaje (LTL);<br \/>\n\u2013 transporte urgente a Eslovenia (express delivery);<br \/>\n\u2013 <a href=\"http:\/\/posta-logistics.com\/es\/transporte-urgente-entregas-express-desde-espana-a-eslovenia\">transporte urgente a Eslovenia (express delivery) con temperatura controlada<\/a>;<br \/>\n\u2013 transporte a Eslovenia de mercanc\u00eda peligrosa (ADR) tanto de cargas completas como grupajes;<br \/>\n\u2013 transportes especiales y excepcionales a Eslovenia;<br \/>\n\u2013 transporte de convoy de camiones con destino a Eslovenia (cuando la mercanc\u00eda cargada en varios camiones viaja con la misma documentaci\u00f3n \u2013 lineas de producci\u00f3n, traslado de fabricas, imprentas, etc);<br \/>\n\u2013 seguro de mercanc\u00edas destinadas para la exportaci\u00f3n a Eslovenia.<\/p>\n<p>En transporte internacional terrestre a Eslovenia ofrecemos tanto para cargas completas (FTL) como para grupajes (LTL) entregas en cualquier lugar de Eslovenia incluyendo ciudades principales: Ljubljana; Bled; Maribor; Murska-sobota; Piran; Ptuj; Trbovlje; Sevnica; Zalec.<\/p>\n<p>La ruta de transporte de cargas completas (FTL) desde Espa\u00f1a a Eslovenia es: Espa\u00f1a- Francia- Italia- Eslovenia.<br \/>\nLa ruta de transporte de grupajes (LTL) y carga paletizada desde Espa\u00f1a a Eslovenia es: Espa\u00f1a- Francia- Italia- Eslovenia.<\/p>\n<p>Nuestros servicios de <strong>transporte internacional terrestre desde Eslovenia<\/strong> (importaci\u00f3n) son:<br \/>\n\u2013 transporte desde Eslovenia de cargas completas (FTL) en camiones lonas o camiones frigorificos con temperatura controlada;<br \/>\n\u2013 para traer mercanc\u00eda desde Eslovenia ofrecemos transporte desde Eslovenia de grupaje (LTL);<br \/>\n\u2013 transporte urgente desde Eslovenia (express delivery);<br \/>\n\u2013 transporte urgente desde Eslovenia (express delivery) con temperatura controlada;<br \/>\n\u2013 transporte desde Eslovenia de mercanc\u00eda peligrosa (ADR) tanto de cargas completas como grupajes;<br \/>\n\u2013 transportes especiales y excepcionales desde Eslovenia;<br \/>\n\u2013 seguro de mercanc\u00edas importadas desde Eslovenia.<\/p>\n<p>En Posta Logistics, S.L. le ofrecemos salidas regulares con destino a Eslovenia.<\/p>\n<p>Para consultar d\u00edas de salida, tiempo de transito a Eslovenia y precio de un env\u00edo no duden en <a href=\"http:\/\/posta-logistics.com\/es\/contacto\">contactar con nosotros<\/a>.<\/p>\n<\/div>\n","protected":false},"excerpt":{"rendered":"<p>En Posta Logistics, S.L. somos especialistas en transporte terrestre a Eslovenia. Eslovenia, oficialmente Rep\u00fablica de Eslovenia, es un pa\u00eds soberano de Europa Central, miembro de la Uni\u00f3n Europea. Limita con Italia al oeste; con el mar Adri\u00e1tico, al suroeste; con Croacia al sur y al este; con Hungr\u00eda, al noreste; y con Austria, al norte. &#8230;<\/p>\n","protected":false},"author":3,"featured_media":0,"parent":0,"menu_order":0,"comment_status":"closed","ping_status":"closed","template":"page-country.php","meta":{"_monsterinsights_skip_tracking":false,"_monsterinsights_sitenote_active":false,"_monsterinsights_sitenote_note":"","_monsterinsights_sitenote_category":0,"footnotes":""},"class_list":["post-878","page","type-page","status-publish"],"aioseo_notices":[],"_links":{"self":[{"href":"https:\/\/posta-logistics.com\/es\/wp-json\/wp\/v2\/pages\/878","targetHints":{"allow":["GET"]}}],"collection":[{"href":"https:\/\/posta-logistics.com\/es\/wp-json\/wp\/v2\/pages"}],"about":[{"href":"https:\/\/posta-logistics.com\/es\/wp-json\/wp\/v2\/types\/page"}],"author":[{"embeddable":true,"href":"https:\/\/posta-logistics.com\/es\/wp-json\/wp\/v2\/users\/3"}],"replies":[{"embeddable":true,"href":"https:\/\/posta-logistics.com\/es\/wp-json\/wp\/v2\/comments?post=878"}],"version-history":[{"count":6,"href":"https:\/\/posta-logistics.com\/es\/wp-json\/wp\/v2\/pages\/878\/revisions"}],"predecessor-version":[{"id":1609,"href":"https:\/\/posta-logistics.com\/es\/wp-json\/wp\/v2\/pages\/878\/revisions\/1609"}],"wp:attachment":[{"href":"https:\/\/posta-logistics.com\/es\/wp-json\/wp\/v2\/media?parent=878"}],"curies":[{"name":"wp","href":"https:\/\/api.w.org\/{rel}","templated":true}]}}