{"id":888,"date":"2017-08-22T14:36:17","date_gmt":"2017-08-22T12:36:17","guid":{"rendered":"http:\/\/posta-logistics.com\/es\/?page_id=888"},"modified":"2020-04-23T14:11:00","modified_gmt":"2020-04-23T12:11:00","slug":"transporte-terrestre-a-bulgaria","status":"publish","type":"page","link":"https:\/\/posta-logistics.com\/es\/transporte-terrestre-a-bulgaria","title":{"rendered":"Transporte terrestre a Bulgaria"},"content":{"rendered":"<div class=\"entry\">\n<p>En Posta Logistics, S.L. somos especialistas en el <strong>transporte terrestre a Bulgaria<\/strong>.<\/p>\n<p>Bulgaria, oficialmente Rep\u00fablica de Bulgaria, es un pa\u00eds soberano miembro de la Uni\u00f3n Europea situado al sureste del continente europeo. Limita con Rumania al norte (separados en gran parte por el Danubio), Serbia y la Rep\u00fablica de Macedonia al oeste, y con Grecia y Turqu\u00eda al sur. El mar Negro se encuentra ubicado al este del pa\u00eds. Conocemos perfectamente requis\u00edtos especificos y particularidades tanto de transporte terrestre a Bulgaria como transporte desde Bulgaria.<\/p>\n<p>En transporte internacional terrestre a Bulgaria ofrecemos:<br \/>\n\u2013 <a href=\"http:\/\/posta-logistics.com\/es\/transporte-terrestre-de-productos-farmaceuticos-a-bulgaria\">transporte de productos farmac\u00e9uticos a Bulgaria (BPD)<\/a>;<br \/>\n\u2013 <strong>transporte a Bulgaria de cargas completas<\/strong> (<strong>FTL<\/strong>) en camiones lonas o camiones frigorificos con temperatura controlada;<br \/>\n\u2013 transporte a Bulgaria de grupaje (LTL);<br \/>\n\u2013 <a href=\"http:\/\/posta-logistics.com\/es\/transporte-urgente-entregas-express-desde-espana-a-bulgaria\">transporte urgente a Bulgaria (express delivery)<\/a>;<br \/>\n\u2013 transporte urgente a Bulgaria (express delivery) con temperatura controlada;<br \/>\n\u2013 transporte a Bulgaria de mercanc\u00eda peligrosa (ADR) tanto de cargas completas como grupajes;<br \/>\n\u2013 transportes especiales y excepcionales a Bulgaria;<br \/>\n\u2013 transporte de convoy de camiones con destino a Bulgaria (cuando la mercanc\u00eda cargada en varios camiones viaja con la misma documentaci\u00f3n \u2013 lineas de producci\u00f3n, traslado de fabricas, imprentas, etc);<br \/>\n\u2013 seguro de mercanc\u00edas destinadas para la exportaci\u00f3n a Bulgaria.<\/p>\n<p>En <strong>transporte internacional terrestre a Bulgaria<\/strong> ofrecemos tanto para <strong>cargas completas (FTL) como para grupajes (LTL)<\/strong> entregas en cualquier lugar de Bulgaria incluyendo ciudades principales: Sof\u00eda, Ruse, Plovdiv, Varna, Burgas, Stara Zagora, Pleven, Sliven, Dobrich, Shumen, Pernik, Yambol, Haskovo, Pazardzhik, Blagoevgrad, Vratsa, Gabrovo, Veliko Tarnovo, Vidin, Asenovgrad.<\/p>\n<p>La ruta de transporte de cargas completas (FTL) desde Espa\u00f1a a Bulgaria es: Espa\u00f1a- Francia- Italia- Austria\/ Eslovenia- Hungr\u00eda- Roman\u00eda- Bulgaria.<br \/>\nLa ruta de transporte de grupajes (LTL) y carga paletizada desde Espa\u00f1a a Bulgaria es: Espa\u00f1a- Francia-Italia- Austria\/ Eslovenia- Hungr\u00eda- Roman\u00eda- Bulgaria.<\/p>\n<p>Nuestros servicios de transporte internacional terrestre desde Bulgaria (importaci\u00f3n) son:<br \/>\n\u2013 transporte desde Bulgaria de cargas completas (FTL) en camiones lonas o camiones frigorificos con temperatura controlada;<br \/>\n\u2013 para traer mercanc\u00eda desde Bulgaria ofrecemos transporte desde Bulgaria de grupaje (LTL);<br \/>\n\u2013 transporte urgente desde Bulgaria (express delivery);<br \/>\n\u2013 transporte urgente desde Bulgaria (express delivery) con temperatura controlada;<br \/>\n\u2013 <a href=\"http:\/\/posta-logistics.com\/es\/transporte-internacional\">transporte desde Bulgaria de mercanc\u00eda peligrosa<\/a> (ADR) tanto de cargas completas como grupajes;<br \/>\n\u2013 transportes especiales y excepcionales desde Bulgaria;<br \/>\n\u2013 seguro de mercanc\u00edas importadas desde Bulgaria.<\/p>\n<p>En Posta Logistics, S.L. le ofrecemos <a href=\"http:\/\/posta-logistics.com\/es\">salidas regulares con destino a Bulgaria<\/a>.<\/p>\n<p>Para consultar d\u00edas de salida, tiempo de transito a Bulgaria y precio de un env\u00edo no duden en <a href=\"http:\/\/posta-logistics.com\/es\/contacto\">contactar con nosotros<\/a>.<\/p>\n<\/div>\n","protected":false},"excerpt":{"rendered":"<p>En Posta Logistics, S.L. somos especialistas en el transporte terrestre a Bulgaria. Bulgaria, oficialmente Rep\u00fablica de Bulgaria, es un pa\u00eds soberano miembro de la Uni\u00f3n Europea situado al sureste del continente europeo. Limita con Rumania al norte (separados en gran parte por el Danubio), Serbia y la Rep\u00fablica de Macedonia al oeste, y con Grecia &#8230;<\/p>\n","protected":false},"author":3,"featured_media":0,"parent":0,"menu_order":0,"comment_status":"closed","ping_status":"closed","template":"page-country.php","meta":{"_monsterinsights_skip_tracking":false,"_monsterinsights_sitenote_active":false,"_monsterinsights_sitenote_note":"","_monsterinsights_sitenote_category":0,"footnotes":""},"class_list":["post-888","page","type-page","status-publish"],"aioseo_notices":[],"_links":{"self":[{"href":"https:\/\/posta-logistics.com\/es\/wp-json\/wp\/v2\/pages\/888","targetHints":{"allow":["GET"]}}],"collection":[{"href":"https:\/\/posta-logistics.com\/es\/wp-json\/wp\/v2\/pages"}],"about":[{"href":"https:\/\/posta-logistics.com\/es\/wp-json\/wp\/v2\/types\/page"}],"author":[{"embeddable":true,"href":"https:\/\/posta-logistics.com\/es\/wp-json\/wp\/v2\/users\/3"}],"replies":[{"embeddable":true,"href":"https:\/\/posta-logistics.com\/es\/wp-json\/wp\/v2\/comments?post=888"}],"version-history":[{"count":9,"href":"https:\/\/posta-logistics.com\/es\/wp-json\/wp\/v2\/pages\/888\/revisions"}],"predecessor-version":[{"id":1604,"href":"https:\/\/posta-logistics.com\/es\/wp-json\/wp\/v2\/pages\/888\/revisions\/1604"}],"wp:attachment":[{"href":"https:\/\/posta-logistics.com\/es\/wp-json\/wp\/v2\/media?parent=888"}],"curies":[{"name":"wp","href":"https:\/\/api.w.org\/{rel}","templated":true}]}}