{"id":890,"date":"2017-08-22T14:36:46","date_gmt":"2017-08-22T12:36:46","guid":{"rendered":"http:\/\/posta-logistics.com\/es\/?page_id=890"},"modified":"2020-04-23T17:45:20","modified_gmt":"2020-04-23T15:45:20","slug":"transporte-terrestre-a-rumania","status":"publish","type":"page","link":"https:\/\/posta-logistics.com\/es\/transporte-terrestre-a-rumania","title":{"rendered":"Transporte terrestre a Ruman\u00eda"},"content":{"rendered":"<div class=\"entry\">\n<p>En Posta Logistics, S.L. somos especialistas en el <strong>transporte terrestre a Ruman\u00eda<\/strong>.<\/p>\n<p>Ruman\u00eda forma parte de la Uni\u00f3n Europea. Ruman\u00eda\u200b es un pa\u00eds ubicado en la intersecci\u00f3n de Europa Central y del Sureste, en la frontera con el mar Negro. Rumania limita con Hungr\u00eda y Serbia al oeste, Ucrania y Moldavia al noreste y al este, y Bulgaria al sur.<br \/>\nConocemos perfectamente requis\u00edtos especificos y particularidades tanto de transporte terrestre a Ruman\u00eda como transporte desde Ruman\u00eda.<\/p>\n<p>En transporte internacional terrestre a Ruman\u00eda ofrecemos:<br \/>\n&#8211; <a href=\"http:\/\/posta-logistics.com\/es\/transporte-terrestre-de-productos-farmaceuticos-a-rumania\">transporte de productos farmac\u00e9uticos a Ruman\u00eda (BPD)<\/a>;<br \/>\n\u2013 transporte a Ruman\u00eda de cargas completas (FTL) en camiones lonas o camiones frigorificos con temperatura controlada;<br \/>\n\u2013 transporte a Ruman\u00eda de grupaje (LTL);<br \/>\n\u2013 <a href=\"http:\/\/posta-logistics.com\/es\/transporte-urgente-entregas-express-desde-espana-a-rumania\">transporte urgente a Ruman\u00eda (express delivery)<\/a>;<br \/>\n\u2013 transporte urgente a Ruman\u00eda (express delivery) con temperatura controlada;<br \/>\n\u2013 transporte a Ruman\u00eda de mercanc\u00eda peligrosa (ADR) tanto de cargas completas como grupajes;<br \/>\n\u2013 transportes especiales y excepcionales a Ruman\u00eda;<br \/>\n\u2013 transporte de convoy de <a href=\"http:\/\/posta-logistics.com\/es\">camiones con destino a Ruman\u00eda<\/a> (cuando la mercanc\u00eda cargada en varios camiones viaja con la misma documentaci\u00f3n \u2013 lineas de producci\u00f3n, traslado de fabricas, imprentas, etc);<br \/>\n\u2013 seguro de mercanc\u00edas destinadas para la exportaci\u00f3n a Ruman\u00eda.<\/p>\n<p>En <strong>transporte internacional terrestre a Ruman\u00eda<\/strong> tanto para cargas completas (FTL) como para grupajes (LTL) efectuamos entregas en cualquier lugar de Ruman\u00eda incluyendo ciudades principales: Bucharest, Cluj-Napoca, Timi\u0219oara, Ia\u0219i, Constan\u021ba, Craiova, Bra\u0219ov, Gala\u021bi, Ploie\u0219ti, Oradea, Br\u0103ila, Arad, Pite\u0219ti, Sibiu, Bac\u0103u, T\u00e2rgu Mure\u0219, Baia Mare, Buz\u0103u, Boto\u0219ani, Satu Mare, R\u00e2mnicu V\u00e2lcea, Drobeta-Turnu Severin, Suceava, Piatra Neam\u021b, T\u00e2rgu Jiu, T\u00e2rgovi\u0219te, Foc\u0219ani, Bistri\u021ba, Tulcea, Re\u0219i\u021ba, Slatina, C\u0103l\u0103ra\u0219i, Alba Iulia, Giurgiu, Deva, Hunedoara, Zal\u0103u, Sf\u00e2ntu Gheorghe, B\u00e2rlad, Vaslui, Roman, Turda, Media\u0219, Slobozia, Alexandria, Voluntari, Lugoj, Medgidia, One\u0219ti, Miercurea Ciuc, Sighetu Marma\u021biei, Petro\u0219ani, Mangalia, Tecuci, Odorheiu Secuiesc, R\u00e2mnicu S\u0103rat, Pa\u0219cani, Dej, Reghin, N\u0103vodari, C\u00e2mpina, Mioveni, C\u00e2mpulung, Caracal, S\u0103cele, F\u0103g\u0103ra\u0219, Fete\u0219ti, Sighi\u0219oara, Bor\u0219a, Ro\u0219iorii de Vede, Curtea de Arge\u0219, Sebe\u0219, Hu\u0219i, F\u0103lticeni, Pantelimon, Olteni\u021ba, Turnu M\u0103gurele, Caransebe\u0219, Dorohoi, Vulcan, R\u0103d\u0103u\u021bi, Z\u0103rne\u0219ti, Lupeni, Aiud, Petrila, C\u00e2mpia Turzii, Buftea, T\u00e2rn\u0103veni, Pope\u0219ti-Leordeni, Moine\u0219ti, Codlea, Cugir, Carei, Gherla, Blaj, Com\u0103ne\u0219ti, Motru, T\u00e2rgu Neam\u021b, Moreni, T\u00e2rgu Secuiesc, Gheorgheni, Or\u0103\u0219tie, Bal\u0219.<\/p>\n<p>La ruta de transporte de cargas completas (FTL) desde Espa\u00f1a a Ruman\u00eda es: Espa\u00f1a- Francia- Italia- Austria- Hungr\u00eda- Ruman\u00eda.<br \/>\nLa ruta de transporte de grupajes (LTL) y carga paletizada desde Espa\u00f1a a Ruman\u00eda es: Espa\u00f1a- Francia- Italia- Austria- Hungr\u00eda- Ruman\u00eda.<\/p>\n<p>Nuestros servicios de <a href=\"http:\/\/posta-logistics.com\/es\/transporte-internacional\">transporte internacional terrestre desde Ruman\u00eda<\/a> (importaci\u00f3n) son:<br \/>\n\u2013 transporte desde Ruman\u00eda de cargas completas (FTL) en camiones lonas o camiones frigorificos con temperatura controlada;<br \/>\n\u2013 para traer mercanc\u00eda desde Ruman\u00eda ofrecemos transporte desde Ruman\u00eda de grupaje (LTL);<br \/>\n\u2013 transporte urgente desde Ruman\u00eda (express delivery);<br \/>\n\u2013 transporte urgente desde Ruman\u00eda (express delivery) con temperatura controlada;<br \/>\n\u2013 transporte desde Ruman\u00eda de mercanc\u00eda peligrosa (ADR) tanto de cargas completas como grupajes;<br \/>\n\u2013 transportes especiales y excepcionales desde Ruman\u00eda;<br \/>\n\u2013 seguro de mercanc\u00edas importadas desde Ruman\u00eda.<\/p>\n<p>En Posta Logistics, S.L. le ofrecemos salidas regulares con destino a Ruman\u00eda.<\/p>\n<p>Para consultar d\u00edas de salida, tiempo de transito a Ruman\u00eda y precio de un env\u00edo no duden en <a href=\"http:\/\/posta-logistics.com\/es\/contacto\">contactar con nosotros<\/a>.<\/p>\n<\/div>\n","protected":false},"excerpt":{"rendered":"<p>En Posta Logistics, S.L. somos especialistas en el transporte terrestre a Ruman\u00eda. Ruman\u00eda forma parte de la Uni\u00f3n Europea. Ruman\u00eda\u200b es un pa\u00eds ubicado en la intersecci\u00f3n de Europa Central y del Sureste, en la frontera con el mar Negro. Rumania limita con Hungr\u00eda y Serbia al oeste, Ucrania y Moldavia al noreste y al &#8230;<\/p>\n","protected":false},"author":3,"featured_media":0,"parent":0,"menu_order":0,"comment_status":"closed","ping_status":"closed","template":"page-country.php","meta":{"_monsterinsights_skip_tracking":false,"_monsterinsights_sitenote_active":false,"_monsterinsights_sitenote_note":"","_monsterinsights_sitenote_category":0,"footnotes":""},"class_list":["post-890","page","type-page","status-publish"],"aioseo_notices":[],"_links":{"self":[{"href":"https:\/\/posta-logistics.com\/es\/wp-json\/wp\/v2\/pages\/890","targetHints":{"allow":["GET"]}}],"collection":[{"href":"https:\/\/posta-logistics.com\/es\/wp-json\/wp\/v2\/pages"}],"about":[{"href":"https:\/\/posta-logistics.com\/es\/wp-json\/wp\/v2\/types\/page"}],"author":[{"embeddable":true,"href":"https:\/\/posta-logistics.com\/es\/wp-json\/wp\/v2\/users\/3"}],"replies":[{"embeddable":true,"href":"https:\/\/posta-logistics.com\/es\/wp-json\/wp\/v2\/comments?post=890"}],"version-history":[{"count":7,"href":"https:\/\/posta-logistics.com\/es\/wp-json\/wp\/v2\/pages\/890\/revisions"}],"predecessor-version":[{"id":1632,"href":"https:\/\/posta-logistics.com\/es\/wp-json\/wp\/v2\/pages\/890\/revisions\/1632"}],"wp:attachment":[{"href":"https:\/\/posta-logistics.com\/es\/wp-json\/wp\/v2\/media?parent=890"}],"curies":[{"name":"wp","href":"https:\/\/api.w.org\/{rel}","templated":true}]}}