{"id":892,"date":"2017-08-22T14:37:11","date_gmt":"2017-08-22T12:37:11","guid":{"rendered":"http:\/\/posta-logistics.com\/es\/?page_id=892"},"modified":"2020-04-23T14:21:49","modified_gmt":"2020-04-23T12:21:49","slug":"transporte-terrestre-a-grecia","status":"publish","type":"page","link":"https:\/\/posta-logistics.com\/es\/transporte-terrestre-a-grecia","title":{"rendered":"Transporte terrestre a Grecia"},"content":{"rendered":"<div class=\"entry\">\n<p>En Posta Logistics, S.L. somos especialistas en <strong>transporte terrestre a Grecia<\/strong>.<\/p>\n<p>Grecia, oficialmente Rep\u00fablica Hel\u00e9nica, es un pa\u00eds soberano, miembro de la Uni\u00f3n Europea. En el pa\u00eds viven alrededor de once millones de habitantes que conforman una sociedad muy homog\u00e9nea, donde mayormente se habla el idioma griego. Atenas, la capital, es la ciudad m\u00e1s poblada del pa\u00eds. Otras ciudades como Sal\u00f3nica, El Pireo, Patras, Heracli\u00f3n y L\u00e1risa, son centros pol\u00edticos, econ\u00f3micos y culturales a nivel regional. Grecia est\u00e1 estrat\u00e9gicamente ubicada entre Europa, Asia y \u00c1frica, y comparte fronteras terrestres al noroeste con Albania, al norte con la Rep\u00fablica de Macedonia y Bulgaria, y al noreste con Turqu\u00eda. Conocemos perfectamente requis\u00edtos especificos y particularidades tanto de t<strong>ransporte terrestre a Grecia<\/strong> como <strong>transporte desde Grecia de grupajes y cargas completas<\/strong>.<\/p>\n<p>En <a href=\"http:\/\/posta-logistics.com\/es\/transporte-internacional\">transporte internacional terrestre a Grecia<\/a> ofrecemos:<br \/>\n&#8211; <a href=\"http:\/\/posta-logistics.com\/es\/transporte-terrestre-de-productos-farmaceuticos-a-grecia\">transporte de productos farmac\u00e9uticos a Grecia (BPD)<\/a>;<br \/>\n\u2013 transporte a Grecia de cargas completas (FTL) en camiones lonas o camiones frigorificos con temperatura controlada;<br \/>\n\u2013 transporte a Grecia de grupaje (LTL);<br \/>\n\u2013 <a href=\"http:\/\/www.posta-logistics.com\/es\/transporte-urgente-entregas-express-desde-espana-a-grecia\">transporte urgente a Grecia (express delivery)<\/a>;<br \/>\n\u2013 transporte urgente a Grecia (express delivery) con temperatura controlada;<br \/>\n\u2013 <strong>transporte a Grecia de mercanc\u00eda peligrosa<\/strong> (<strong>ADR<\/strong>) tanto de cargas completas como grupajes;<br \/>\n\u2013 transportes especiales y excepcionales a Grecia;<br \/>\n\u2013 transporte de convoy de camiones con destino a Grecia (cuando la mercanc\u00eda cargada en varios camiones viaja con la misma documentaci\u00f3n \u2013 lineas de producci\u00f3n, traslado de fabricas, imprentas, etc);<br \/>\n\u2013 seguro de mercanc\u00edas destinadas para la exportaci\u00f3n a Grecia.<\/p>\n<p>En transporte internacional terrestre a Grecia ofrecemos tanto para cargas completas (FTL) como para grupajes (LTL) entregas en cualquier lugar de Grecia incluyendo ciudades principales: Atenas, Tesal\u00f3nica, Patras, El Pireo, Larissa, Heraklion, Peristeri, Kallithea, Acarnas, Kalamaria, N\u00edkea, Glifada, Volos, \u00cdlion, Heli\u00f3polis, Keratsini, \u00c9vosmo, Calandria, Nea Smyrni, Marousi, Agios Dimitrios, Zografou, Egaleo, Nea Ionia, Io\u00e1nina, Paleo F\u00e1liro, Korydallos, Trikala, Vyronas, Agia Paraskevi, Galatsi, Calcidia, Petr\u00f3polis, Serres, Alejandr\u00f3polis, Xanthi, Katerini, Kalamata, Kavala, La Canea, Lam\u00eda, Komotini, Irakleio, Rodas, Kifissia, Agrinio, Stavroupoli, Chaidari, Drama, Veria, Alimos, Kozani, Polichni, Karditsa, Sykies, Ampelokipoi, Pylaia, Agioi Anargyroi, Argyroupoli, Ano Liosia, Nea Ionia, R\u00e9tino, Ptolemaida, Tr\u00edpoli, Cholargos, Vrilissia, Aspropyrgos, Corinto, Gerakas, Metamorfosi, Giannitsa, Voula, Kamatero, Mitilene, Ne\u00e1polis, Eleftherio-Kordelio, Qu\u00edos, Agia Varvara, Kaisariani, Nea Filadelfeia, Moschato, Perama, Salamina, Eleusina, Corfu, Pirgos, Megara, Kilk\u00eds, Dafni, Tebas, Melissia, Argos, Arta, Artemis, Lebadea, Pefki, Oraiokastro, Aigio, Cos, Koropi, Preveza, Nausa, Orestiada, Peraia, \u00c9dessa, Fl\u00f3rina, Panorama, Nea Erythraia, Ellinikon, Amaliada, Pallini, Esparta, Agios Ioannis Rentis, Thermi, Vari, Nea Makri, Tavros, Alexandria, Menemeni, Paiania, Kalyvia Thorikou, Nauplia, Drapetsona, Efkarpia, Papagou, Nafpaktos, Kastori\u00e1, Greven\u00e1, Pefka, Nea Alikarnassos, Missolonghi, Gazi, Ierapetra, Pothia, Rafina, Loutraki, \u00c1gios Nikolaos, Ermoupoli, Ialysos, Mandra, Tyrnavos, Glyka Nera, Ymittos, Neo Psychiko.<\/p>\n<p>La ruta de <strong>transporte de cargas completas (FTL) a Grecia desde Espa\u00f1a<\/strong> es: Espa\u00f1a- Francia- Italia- Grecia.<br \/>\nLa ruta de <strong>transporte de grupajes (LTL) y carga paletizada a Grecia desde Espa\u00f1a<\/strong> es: Espa\u00f1a- Francia- Italia- Grecia.<\/p>\n<p>Nuestros servicios de transporte internacional terrestre desde Grecia (importaci\u00f3n) son:<br \/>\n\u2013 transporte desde Grecia de cargas completas (FTL) en camiones lonas o camiones frigorificos con temperatura controlada;<br \/>\n\u2013 para traer mercanc\u00eda desde Grecia ofrecemos transporte desde Grecia de grupaje (LTL);<br \/>\n\u2013 transporte urgente desde Grecia (express delivery);<br \/>\n\u2013 transporte urgente desde Grecia (express delivery) con temperatura controlada;<br \/>\n\u2013 <a href=\"http:\/\/posta-logistics.com\/es\/transporte-mercancias-peligrosas\">transporte desde Grecia de mercanc\u00eda peligrosa<\/a> (ADR) tanto de cargas completas como grupajes;<br \/>\n\u2013 transportes especiales y excepcionales desde Grecia;<br \/>\n\u2013 seguro de mercanc\u00edas importadas desde Grecia.<\/p>\n<p>En Posta Logistics, S.L. le ofrecemos salidas regulares con destino a Grecia.<\/p>\n<p>Para consultar d\u00edas de salida, <a href=\"http:\/\/posta-logistics.com\/es\">tiempo de transito a Grecia<\/a> y precio de un env\u00edo no duden en <a href=\"http:\/\/posta-logistics.com\/es\/contacto\">contactar con nosotros<\/a>.<\/p>\n<\/div>\n","protected":false},"excerpt":{"rendered":"<p>En Posta Logistics, S.L. somos especialistas en transporte terrestre a Grecia. Grecia, oficialmente Rep\u00fablica Hel\u00e9nica, es un pa\u00eds soberano, miembro de la Uni\u00f3n Europea. En el pa\u00eds viven alrededor de once millones de habitantes que conforman una sociedad muy homog\u00e9nea, donde mayormente se habla el idioma griego. Atenas, la capital, es la ciudad m\u00e1s poblada &#8230;<\/p>\n","protected":false},"author":3,"featured_media":0,"parent":0,"menu_order":0,"comment_status":"closed","ping_status":"closed","template":"page-country.php","meta":{"_monsterinsights_skip_tracking":false,"_monsterinsights_sitenote_active":false,"_monsterinsights_sitenote_note":"","_monsterinsights_sitenote_category":0,"footnotes":""},"class_list":["post-892","page","type-page","status-publish"],"aioseo_notices":[],"_links":{"self":[{"href":"https:\/\/posta-logistics.com\/es\/wp-json\/wp\/v2\/pages\/892","targetHints":{"allow":["GET"]}}],"collection":[{"href":"https:\/\/posta-logistics.com\/es\/wp-json\/wp\/v2\/pages"}],"about":[{"href":"https:\/\/posta-logistics.com\/es\/wp-json\/wp\/v2\/types\/page"}],"author":[{"embeddable":true,"href":"https:\/\/posta-logistics.com\/es\/wp-json\/wp\/v2\/users\/3"}],"replies":[{"embeddable":true,"href":"https:\/\/posta-logistics.com\/es\/wp-json\/wp\/v2\/comments?post=892"}],"version-history":[{"count":7,"href":"https:\/\/posta-logistics.com\/es\/wp-json\/wp\/v2\/pages\/892\/revisions"}],"predecessor-version":[{"id":1614,"href":"https:\/\/posta-logistics.com\/es\/wp-json\/wp\/v2\/pages\/892\/revisions\/1614"}],"wp:attachment":[{"href":"https:\/\/posta-logistics.com\/es\/wp-json\/wp\/v2\/media?parent=892"}],"curies":[{"name":"wp","href":"https:\/\/api.w.org\/{rel}","templated":true}]}}