{"id":894,"date":"2017-08-22T14:37:43","date_gmt":"2017-08-22T12:37:43","guid":{"rendered":"http:\/\/posta-logistics.com\/es\/?page_id=894"},"modified":"2020-04-23T17:48:23","modified_gmt":"2020-04-23T15:48:23","slug":"transporte-terrestre-a-turquia","status":"publish","type":"page","link":"https:\/\/posta-logistics.com\/es\/transporte-terrestre-a-turquia","title":{"rendered":"Transporte terrestre a Turqu\u00eda"},"content":{"rendered":"<div class=\"entry\">\n<p>En Posta Logistics, S.L. somos especialistas en el <strong>transporte terrestre a Turqu\u00eda<\/strong>.<\/p>\n<p><strong>Turqu\u00eda<\/strong> (de forma oficial la Rep\u00fablica de Turqu\u00eda)\u2014 es un pa\u00eds soberano intercontinental ubicado en Asia y Europa que se extiende por toda la pen\u00ednsula de Anatolia y Tracia en la zona de los Balcanes.<br \/>\nLimita al noreste con Georgia, al este con Armenia, Ir\u00e1n y Azerbaiy\u00e1n, al norte con las aguas territoriales ucranianas en el mar Negro, al noroeste con Bulgaria y Grecia, al oeste con las islas griegas del mar Egeo, al sur con las aguas chipriotas del mar Mediterr\u00e1neo y con Siria, y al sureste con Irak . La separaci\u00f3n entre Anatolia y Tracia est\u00e1 formada por el mar de M\u00e1rmara y los estrechos de Turqu\u00eda (el B\u00f3sforo y los Dardanelos), que sirven para delimitar la frontera entre Asia y Europa, por lo que se considera a Turqu\u00eda como transcontinental.<br \/>\nTurqu\u00eda actualmente no forma parte de la Uni\u00f3n Europea, y por lo tanto tiene sus requis\u00edtos especificos y particularidades tanto en transporte terrestre a Turqu\u00eda como transporte desde Turqu\u00eda.<\/p>\n<p>En transporte internacional terrestre a Turqu\u00eda ofrecemos:<br \/>\n&#8211; <a href=\"http:\/\/posta-logistics.com\/es\/transporte-terrestre-de-productos-farmaceuticos-a-turquia\">transporte de productos farmac\u00e9uticos a Turqu\u00eda (BPD)<\/a>;<br \/>\n\u2013 transporte a Turqu\u00eda de cargas completas (FTL) en camiones lonas o camiones frigorificos con temperatura controlada;<br \/>\n\u2013 transporte a Turqu\u00eda de grupaje (LTL);<br \/>\n\u2013 <a href=\"http:\/\/posta-logistics.com\/es\/transporte-urgente-entregas-express-desde-espana-a-turquia\">transporte urgente a Turqu\u00eda (express delivery)<\/a>;<br \/>\n\u2013 transporte urgente a Turqu\u00eda (express delivery) con temperatura controlada;<br \/>\n\u2013 transporte a Turqu\u00eda de mercanc\u00eda peligrosa (ADR) tanto de cargas completas como grupajes;<br \/>\n\u2013 transportes especiales y excepcionales a Turqu\u00eda;<br \/>\n\u2013 transporte de convoy de camiones con destino a Turqu\u00eda (cuando la mercanc\u00eda cargada en varios camiones viaja con la misma documentaci\u00f3n \u2013 lineas de producci\u00f3n, traslado de fabricas, imprentas, etc);<br \/>\n\u2013 despacho de aduana para la mercanc\u00eda destinada para la exportaci\u00f3n a Turqu\u00eda;<br \/>\n\u2013 seguro de mercanc\u00edas destinadas para la exportaci\u00f3n a Turqu\u00eda.<\/p>\n<p>En <strong>transporte internacional terrestre a Turqu\u00eda<\/strong> tanto para cargas completas (FTL) como para grupajes (LTL) efectuamos entregas en terminales aduaneras en Turqu\u00eda o cualquier lugar de Turqu\u00eda incluyendo ciudades principales: Istanbul, Adana, Afyonkarahisar, Amasya, Ankara, Antalya, Ayd\u0131n, Bal\u0131kesir, Bolu, Burdur, Bursa, Denizli, Diyarbak\u0131r, Edirne, Elaz\u0131\u011f, Erzincan, Erzurum, Eski\u015fehir, Gaziantep, Hatay, Isparta, Kars, Kayseri, Kocaeli, Konya, K\u0131r\u0131kkale, K\u0131r\u015fehir, Malatya, Manisa, Mersin, Mu\u011fla, Mu\u015f, Nev\u015fehir, Sakarya, Samsun, Siirt, Sinop, Sivas, Tekirda\u011f, Trabzon, U\u015fak, Van, Zonguldak, Canakkale, Corum, Izmir.<\/p>\n<p>La ruta de <strong>transporte de cargas completas (FTL) desde Espa\u00f1a a Turqu\u00eda<\/strong> es: Espa\u00f1a- Francia- Italia- Grecia- Turqu\u00eda.<br \/>\nLa ruta de transporte de grupajes (LTL) y carga paletizada desde Espa\u00f1a a Turqu\u00eda es: Espa\u00f1a- Francia- Italia- Grecia- Turqu\u00eda.<\/p>\n<p>Nuestros servicios de transporte internacional terrestre desde Turqu\u00eda (importaci\u00f3n) son:<br \/>\n\u2013 transporte desde Turqu\u00eda de cargas completas (FTL) en camiones lonas o camiones frigorificos con temperatura controlada;<br \/>\n\u2013 para traer mercanc\u00eda desde Turqu\u00eda ofrecemos transporte desde Turqu\u00eda de grupaje (LTL);<br \/>\n\u2013 transporte urgente desde Turqu\u00eda (express delivery);<br \/>\n\u2013 transporte urgente desde Turqu\u00eda (express delivery) con temperatura controlada;<br \/>\n\u2013 <a href=\"http:\/\/posta-logistics.com\/es\">transporte desde Turqu\u00eda de mercanc\u00eda peligrosa<\/a> (ADR) tanto de cargas completas como grupajes;<br \/>\n\u2013 transportes especiales y excepcionales desde Turqu\u00eda;<br \/>\n\u2013 seguro de mercanc\u00edas importadas desde Turqu\u00eda.<\/p>\n<p>En Posta Logistics, S.L. le ofrecemos salidas regulares con destino a Turqu\u00eda.<\/p>\n<p>Para consultar d\u00edas de salida, tiempo de transito a Turqu\u00eda y precio de un env\u00edo no duden en <a href=\"http:\/\/posta-logistics.com\/es\/contacto\">contactar con nosotros<\/a>.<\/p>\n<\/div>\n","protected":false},"excerpt":{"rendered":"<p>En Posta Logistics, S.L. somos especialistas en el transporte terrestre a Turqu\u00eda. Turqu\u00eda (de forma oficial la Rep\u00fablica de Turqu\u00eda)\u2014 es un pa\u00eds soberano intercontinental ubicado en Asia y Europa que se extiende por toda la pen\u00ednsula de Anatolia y Tracia en la zona de los Balcanes. Limita al noreste con Georgia, al este con &#8230;<\/p>\n","protected":false},"author":3,"featured_media":0,"parent":0,"menu_order":0,"comment_status":"closed","ping_status":"closed","template":"page-country.php","meta":{"_monsterinsights_skip_tracking":false,"_monsterinsights_sitenote_active":false,"_monsterinsights_sitenote_note":"","_monsterinsights_sitenote_category":0,"footnotes":""},"class_list":["post-894","page","type-page","status-publish"],"aioseo_notices":[],"_links":{"self":[{"href":"https:\/\/posta-logistics.com\/es\/wp-json\/wp\/v2\/pages\/894","targetHints":{"allow":["GET"]}}],"collection":[{"href":"https:\/\/posta-logistics.com\/es\/wp-json\/wp\/v2\/pages"}],"about":[{"href":"https:\/\/posta-logistics.com\/es\/wp-json\/wp\/v2\/types\/page"}],"author":[{"embeddable":true,"href":"https:\/\/posta-logistics.com\/es\/wp-json\/wp\/v2\/users\/3"}],"replies":[{"embeddable":true,"href":"https:\/\/posta-logistics.com\/es\/wp-json\/wp\/v2\/comments?post=894"}],"version-history":[{"count":7,"href":"https:\/\/posta-logistics.com\/es\/wp-json\/wp\/v2\/pages\/894\/revisions"}],"predecessor-version":[{"id":1639,"href":"https:\/\/posta-logistics.com\/es\/wp-json\/wp\/v2\/pages\/894\/revisions\/1639"}],"wp:attachment":[{"href":"https:\/\/posta-logistics.com\/es\/wp-json\/wp\/v2\/media?parent=894"}],"curies":[{"name":"wp","href":"https:\/\/api.w.org\/{rel}","templated":true}]}}