{"id":896,"date":"2017-08-22T14:38:11","date_gmt":"2017-08-22T12:38:11","guid":{"rendered":"http:\/\/posta-logistics.com\/es\/?page_id=896"},"modified":"2020-04-23T17:43:35","modified_gmt":"2020-04-23T15:43:35","slug":"transporte-terrestre-a-polonia","status":"publish","type":"page","link":"https:\/\/posta-logistics.com\/es\/transporte-terrestre-a-polonia","title":{"rendered":"Transporte terrestre a Polonia"},"content":{"rendered":"<div class=\"entry\">\n<p>En Posta Logistics, S.L. somos especialistas en el <strong>transporte terrestre a Polonia<\/strong>.<\/p>\n<p>Polonia, oficialmente denominada Rep\u00fablica de Polonia, es un pa\u00eds situado en Europa Central y miembro de la Uni\u00f3n Europea (UE). Tiene una extensi\u00f3n territorial de 312 685 km\u00b2. Limita al norte con el mar B\u00e1ltico y el \u00f3blast de Kaliningrado, (que pertenece a Rusia aunque sin conexi\u00f3n con ella), al noreste con Lituania, al este con Bielorrusia, al sureste con Ucrania, al sur con la Rep\u00fablica Checa y Eslovaquia y al oeste con Alemania. Con una poblaci\u00f3n de m\u00e1s de 38,5 millones de personas, Polonia es el 34\u00ba pa\u00eds m\u00e1s poblado del mundo, y el sexto m\u00e1s poblado de la UE. Polonia es un Estado unitario dividido en 16 subdivisiones administrativas. Conocemos perfectamente requis\u00edtos especificos y particularidades tanto de <strong>transporte terrestre a Polonia<\/strong> como <strong>transporte desde Polonia<\/strong>.<\/p>\n<p>En transporte internacional terrestre a Polonia ofrecemos:<br \/>\n&#8211; <a href=\"http:\/\/posta-logistics.com\/es\/transporte-terrestre-de-productos-farmaceuticos-a-polonia\">transporte de productos farmac\u00e9uticos a Polonia (BPD)<\/a>;<br \/>\n\u2013 transporte a Polonia de cargas completas (FTL) en camiones lonas o camiones frigorificos con temperatura controlada;<br \/>\n\u2013 <a href=\"http:\/\/posta-logistics.com\/es\/transporte-internacional\">transporte a Polonia de grupaje<\/a> (LTL);<br \/>\n\u2013 transporte urgente a Polonia (express delivery);<br \/>\n\u2013 transporte urgente a Polonia <a href=\"http:\/\/posta-logistics.com\/es\/transporte-urgente-entregas-express-desde-espana-a-polonia\">(express delivery) con temperatura controlada<\/a>;<br \/>\n\u2013 transporte a Polonia de mercanc\u00eda peligrosa (ADR) tanto de cargas completas como grupajes;<br \/>\n\u2013 transportes especiales y excepcionales a Polonia;<br \/>\n\u2013 transporte de convoy de camiones con destino a Polonia (cuando la mercanc\u00eda cargada en varios camiones viaja con la misma documentaci\u00f3n \u2013 lineas de producci\u00f3n, traslado de fabricas, imprentas, etc);<br \/>\n\u2013 seguro de mercanc\u00edas destinadas para la exportaci\u00f3n a Polonia.<\/p>\n<p>En <strong>transporte internacional terrestre a Polonia<\/strong> ofrecemos tanto para cargas completas (FTL) como para grupajes (LTL) entregas en cualquier lugar de Polonia incluyendo ciudades principales: Varsovia (Warszawa), Cracovia (Krak\u00f3w), \u0141\u00f3d\u017a, Breslavia (Wroc\u0142aw), Pozna\u0144, Gda\u0144sk, Szczecin, Bydgoszcz, Lublin, Katowice, Bia\u0142ystok, Gdynia, Cz\u0119stochowa, Radom, Sosnowiec, Toru\u0144, Kielce, Gliwice, Zabrze, Bytom, Olsztyn, Bielsko-Bia\u0142a, Rzesz\u00f3w, Ruda \u015al\u0105ska, Rybnik, Tychy, D\u0105browa G\u00f3rnicza, P\u0142ock, Opole, Elbl\u0105g, Gorz\u00f3w Wielkopolski, Wa\u0142brzych, W\u0142oc\u0142awek, Zielona G\u00f3ra, Tarn\u00f3w, Chorz\u00f3w, Kalisz, Koszalin, Legnica, Grudzi\u0105dz, S\u0142upsk, Jaworzno, Jastrz\u0119bie Zdr\u00f3j, Jelenia G\u00f3ra, Nowy S\u0105cz, Konin, Piotrk\u00f3w Trybunalski, Siedlce, Lubin, Inowroc\u0142aw, Mys\u0142owice, Pi\u0142a, Ostrowiec \u015awi\u0119tokrzyski, Ostr\u00f3w Wielkopolski, Siemianowice \u015al\u0105skie, Stargard Szczeci\u0144ski, Pabianice, Gniezno, Suwa\u0142ki, G\u0142og\u00f3w, Che\u0142m, Przemy\u015bl, Zamo\u015b\u0107, Tomasz\u00f3w Mazowiecki, Stalowa Wola, K\u0119dzierzyn-Ko\u017ale, Leszno, \u0141om\u017ca, \u017bory, Be\u0142chat\u00f3w, Mielec, Tarnowskie G\u00f3ry, Tczew, \u015awidnica, Piekary \u015al\u0105skie, B\u0119dzin, Zgierz, Bia\u0142a Podlaska, Racib\u00f3rz, E\u0142k, Pruszk\u00f3w, \u015awi\u0119toch\u0142owice, Ostro\u0142\u0119ka, Starachowice, Zawiercie, Legionowo, Tarnobrzeg, Pu\u0142awy, Wodzis\u0142aw \u015al\u0105ski, Radomsko.<\/p>\n<p>La ruta de <strong>transporte de cargas completas (FTL) desde Espa\u00f1a a Polonia<\/strong> es: Espa\u00f1a- Francia- Alemania- Polonia.<br \/>\nLa ruta de transporte de grupajes (LTL) y carga paletizada desde Espa\u00f1a a Polonia es: Espa\u00f1a- Francia- <a href=\"http:\/\/posta-logistics.com\/es\/transporte-terrestre-a-alemania\">Alemania<\/a>&#8211; Polonia.<\/p>\n<p>Nuestros servicios de transporte internacional terrestre desde Polonia (importaci\u00f3n) son:<br \/>\n\u2013 transporte desde Polonia de cargas completas (FTL) en camiones lonas o camiones frigorificos con temperatura controlada;<br \/>\n\u2013 para traer mercanc\u00eda desde Polonia ofrecemos transporte desde Polonia de grupaje (LTL);<br \/>\n\u2013 transporte urgente desde Polonia (express delivery);<br \/>\n\u2013 transporte urgente desde Polonia (express delivery) con temperatura controlada;<br \/>\n\u2013 transporte desde Polonia de mercanc\u00eda peligrosa (ADR) tanto de cargas completas como grupajes;<br \/>\n\u2013 transportes especiales y excepcionales desde Polonia;<br \/>\n\u2013 seguro de mercanc\u00edas importadas desde Polonia.<\/p>\n<p>En <a href=\"http:\/\/posta-logistics.com\/es\">Posta Logistics, S.L.<\/a> le ofrecemos salidas regulares con destino a Polonia.<\/p>\n<p>Para consultar d\u00edas de salida, tiempo de transito a Polonia y precio de un env\u00edo no duden en <a href=\"http:\/\/posta-logistics.com\/es\/contacto\">contactar con nosotros<\/a>.<\/p>\n<\/div>\n","protected":false},"excerpt":{"rendered":"<p>En Posta Logistics, S.L. somos especialistas en el transporte terrestre a Polonia. Polonia, oficialmente denominada Rep\u00fablica de Polonia, es un pa\u00eds situado en Europa Central y miembro de la Uni\u00f3n Europea (UE). Tiene una extensi\u00f3n territorial de 312 685 km\u00b2. Limita al norte con el mar B\u00e1ltico y el \u00f3blast de Kaliningrado, (que pertenece a &#8230;<\/p>\n","protected":false},"author":3,"featured_media":0,"parent":0,"menu_order":0,"comment_status":"closed","ping_status":"closed","template":"page-country.php","meta":{"_monsterinsights_skip_tracking":false,"_monsterinsights_sitenote_active":false,"_monsterinsights_sitenote_note":"","_monsterinsights_sitenote_category":0,"footnotes":""},"class_list":["post-896","page","type-page","status-publish"],"aioseo_notices":[],"_links":{"self":[{"href":"https:\/\/posta-logistics.com\/es\/wp-json\/wp\/v2\/pages\/896","targetHints":{"allow":["GET"]}}],"collection":[{"href":"https:\/\/posta-logistics.com\/es\/wp-json\/wp\/v2\/pages"}],"about":[{"href":"https:\/\/posta-logistics.com\/es\/wp-json\/wp\/v2\/types\/page"}],"author":[{"embeddable":true,"href":"https:\/\/posta-logistics.com\/es\/wp-json\/wp\/v2\/users\/3"}],"replies":[{"embeddable":true,"href":"https:\/\/posta-logistics.com\/es\/wp-json\/wp\/v2\/comments?post=896"}],"version-history":[{"count":7,"href":"https:\/\/posta-logistics.com\/es\/wp-json\/wp\/v2\/pages\/896\/revisions"}],"predecessor-version":[{"id":1629,"href":"https:\/\/posta-logistics.com\/es\/wp-json\/wp\/v2\/pages\/896\/revisions\/1629"}],"wp:attachment":[{"href":"https:\/\/posta-logistics.com\/es\/wp-json\/wp\/v2\/media?parent=896"}],"curies":[{"name":"wp","href":"https:\/\/api.w.org\/{rel}","templated":true}]}}