{"id":90,"date":"2017-04-04T16:34:11","date_gmt":"2017-04-04T14:34:11","guid":{"rendered":"http:\/\/posta-logistics.com\/wordpress\/?page_id=90"},"modified":"2017-08-31T10:30:34","modified_gmt":"2017-08-31T08:30:34","slug":"transporte-con-control-de-temperatura","status":"publish","type":"page","link":"https:\/\/posta-logistics.com\/es\/transporte-con-control-de-temperatura","title":{"rendered":"Transporte con control de temperatura"},"content":{"rendered":"<div class=\"entry\">\n<p><img loading=\"lazy\" decoding=\"async\" class=\"alignleft\" src=\"http:\/\/posta-logistics.com\/\/images\/icons\/temperatura.png\" alt=\"null\" width=\"132\" height=\"129\" \/>Para transporte de determinados tipos de mercanc\u00eda es obligatorio el uso de camiones refrigerados con posibilidad de mantener r\u00e9gimen especial de temperatura controlada durante todo el trayecto. Como pueden ser alimentos fr\u00edos o ultra-congelados u otros art\u00edculos no alimenticios, tipo f\u00e1rmacos, aerosoles, pinturas, cosm\u00e9tica etc.<\/p>\n<p>Nosotros realizamos transporte con camiones refrigerados desde Espa\u00f1a, Portugal, Alemania, Polonia, Lituania y otros pa\u00edses de Uni\u00f3n Europea a Rusia, Bielorrusia, Ucrania, Kazakst\u00e1n, Uzbekist\u00e1n, Turkmenist\u00e1n, Kirguist\u00e1n, Moldavia, Georgia, Armenia, Azerbaiy\u00e1n y otros pa\u00edses de la regi\u00f3n.<\/p>\n<p>Pueden ser cargas completas o partidas peque\u00f1as.<\/p>\n<p>Adem\u00e1s de camiones refrigerados convencionales disponemos de camiones bi-zonales, con 2 niveles de colocaci\u00f3n de mercanc\u00eda que facilita la log\u00edstica. Con este tipo de cami\u00f3n se puede mantener 2 diferentes reg\u00edmenes de temperaturas para cada carga. Nuestra empresa dispone de almacenes especiales refrigerados donde realizar carga\/descarga y el almacenaje, necesarios para mantener la cadena de frio durante todo el proceso.<\/p>\n<p>Para solicitar transporte de mercanc\u00eda con control de temperatura puede contactarnos desde <a href=\"http:\/\/posta-logistics.com\/es\/contacto\/\">aqu\u00ed<\/a>.<\/p>\n<p class=\"back2ourservices\">Volver a <a href=\"http:\/\/posta-logistics.com\/es\/servicios\/\">Nuestros servicios<\/a><\/p>\n<\/div>\n","protected":false},"excerpt":{"rendered":"<p>Para transporte de determinados tipos de mercanc\u00eda es obligatorio el uso de camiones refrigerados con posibilidad de mantener r\u00e9gimen especial de temperatura controlada durante todo el trayecto. Como pueden ser alimentos fr\u00edos o ultra-congelados u otros art\u00edculos no alimenticios, tipo f\u00e1rmacos, aerosoles, pinturas, cosm\u00e9tica etc. Nosotros realizamos transporte con camiones refrigerados desde Espa\u00f1a, Portugal, Alemania, &#8230;<\/p>\n","protected":false},"author":1,"featured_media":0,"parent":304,"menu_order":1,"comment_status":"closed","ping_status":"closed","template":"","meta":{"_monsterinsights_skip_tracking":false,"_monsterinsights_sitenote_active":false,"_monsterinsights_sitenote_note":"","_monsterinsights_sitenote_category":0,"footnotes":""},"class_list":["post-90","page","type-page","status-publish"],"aioseo_notices":[],"_links":{"self":[{"href":"https:\/\/posta-logistics.com\/es\/wp-json\/wp\/v2\/pages\/90","targetHints":{"allow":["GET"]}}],"collection":[{"href":"https:\/\/posta-logistics.com\/es\/wp-json\/wp\/v2\/pages"}],"about":[{"href":"https:\/\/posta-logistics.com\/es\/wp-json\/wp\/v2\/types\/page"}],"author":[{"embeddable":true,"href":"https:\/\/posta-logistics.com\/es\/wp-json\/wp\/v2\/users\/1"}],"replies":[{"embeddable":true,"href":"https:\/\/posta-logistics.com\/es\/wp-json\/wp\/v2\/comments?post=90"}],"version-history":[{"count":4,"href":"https:\/\/posta-logistics.com\/es\/wp-json\/wp\/v2\/pages\/90\/revisions"}],"predecessor-version":[{"id":692,"href":"https:\/\/posta-logistics.com\/es\/wp-json\/wp\/v2\/pages\/90\/revisions\/692"}],"up":[{"embeddable":true,"href":"https:\/\/posta-logistics.com\/es\/wp-json\/wp\/v2\/pages\/304"}],"wp:attachment":[{"href":"https:\/\/posta-logistics.com\/es\/wp-json\/wp\/v2\/media?parent=90"}],"curies":[{"name":"wp","href":"https:\/\/api.w.org\/{rel}","templated":true}]}}