{"id":900,"date":"2017-08-22T14:40:00","date_gmt":"2017-08-22T12:40:00","guid":{"rendered":"http:\/\/posta-logistics.com\/es\/?page_id=900"},"modified":"2020-04-23T17:44:54","modified_gmt":"2020-04-23T15:44:54","slug":"transporte-terrestre-a-republica-checa","status":"publish","type":"page","link":"https:\/\/posta-logistics.com\/es\/transporte-terrestre-a-republica-checa","title":{"rendered":"Transporte terrestre a Rep\u00fablica Checa"},"content":{"rendered":"<div class=\"entry\">\n<p>En Posta Logistics, S.L. somos especialistas en el <strong>transporte terrestre a Rep\u00fablica Checa<\/strong>.<\/p>\n<p>La Rep\u00fablica Checa, tambi\u00e9n denominada abreviadamente Chequia, es un pa\u00eds soberano de Europa Central sin litoral. Limita con <a href=\"http:\/\/posta-logistics.com\/es\/transporte-terrestre-a-alemania\">Alemania<\/a> al oeste, con <a href=\"http:\/\/posta-logistics.com\/es\/transporte-terrestre-a-austria\">Austria<\/a> al sur, con Eslovaquia al este y con Polonia al norte. Su capital y mayor ciudad es Praga. La Rep\u00fablica Checa tiene territorios de lo que anta\u00f1o fueron Moravia y Bohemia y una peque\u00f1a parte de Silesia. Conocemos perfectamente requis\u00edtos especificos y particularidades tanto de transporte terrestre a Rep\u00fablica Checa como transporte desde Rep\u00fablica Checa.<\/p>\n<p>En transporte internacional terrestre a Rep\u00fablica Checa ofrecemos:<br \/>\n&#8211; <a href=\"http:\/\/posta-logistics.com\/es\/transporte-terrestre-de-productos-farmaceuticos-a-republica-checa\">transporte de productos farmac\u00e9uticos a Rep\u00fablica Checa (BPD)<\/a>;<br \/>\n\u2013 transporte a Rep\u00fablica Checa de cargas completas (FTL) en camiones lonas o camiones frigorificos con temperatura controlada;<br \/>\n\u2013 transporte a Rep\u00fablica Checa de grupaje (LTL);<br \/>\n\u2013 transporte urgente a Rep\u00fablica Checa (express delivery);<br \/>\n\u2013 <a href=\"http:\/\/posta-logistics.com\/es\/transporte-urgente-entregas-express-desde-espana-a-republica-checa\">transporte urgente a Rep\u00fablica Checa<\/a> (express delivery) con temperatura controlada;<br \/>\n\u2013 transporte a Rep\u00fablica Checa de mercanc\u00eda peligrosa (ADR) tanto de cargas completas como grupajes;<br \/>\n\u2013 transportes especiales y excepcionales a Rep\u00fablica Checa;<br \/>\n\u2013 transporte de convoy de camiones con destino a Rep\u00fablica Checa (cuando la mercanc\u00eda cargada en varios camiones viaja con la misma documentaci\u00f3n \u2013 lineas de producci\u00f3n, traslado de fabricas, imprentas, etc);<br \/>\n\u2013 seguro de mercanc\u00edas destinadas para la exportaci\u00f3n a Rep\u00fablica Checa.<\/p>\n<p>En transporte internacional terrestre a Rep\u00fablica Checa ofrecemos tanto para cargas completas (FTL) como para grupajes (LTL) entregas en cualquier lugar de Rep\u00fablica Checa incluyendo ciudades principales: Praga, Brno, Ostrava, Pilsen, Liberec, Olomouc, \u00dast\u00ed nad Labem, \u010cesk\u00e9 Bud\u011bjovice, Hradec Kr\u00e1lov\u00e9, Pardubice, Hav\u00ed\u0159ov, Zl\u00edn, Kladno, Most, Karvin\u00e1, Opava, Fr\u00fddek-M\u00edstek, Jihlava, Karlovy Vary, Teplice, D\u011b\u010d\u00edn, Chomutov, Jablonec nad Nisou, Prost\u011bjov, Mlad\u00e1 Boleslav, P\u0159erov, T\u0159eb\u00ed\u010d, \u010cesk\u00e1 L\u00edpa, Moravian-Silesian, T\u00e1bor, Znojmo, P\u0159\u00edbram, Cheb, Orlov\u00e1, Trutnov, Kol\u00edn, P\u00edsek, Krom\u011b\u0159\u00ed\u017e, Vset\u00edn, \u0160umperk, Vala\u0161sk\u00e9 Mezi\u0159\u00ed\u010d\u00ed, Litv\u00ednov, Nov\u00fd Ji\u010d\u00edn, Hodonin, Uhersk\u00e9 Hradi\u0161t\u011b, \u010cesk\u00fd T\u011b\u0161\u00edn, Krnov, Sokolov, B\u0159eclav, Havl\u00ed\u010dk\u016fv Brod, \u017d\u010f\u00e1r nad S\u00e1zavou, Chrudim, Strakonice, Kop\u0159ivnice, Litom\u011b\u0159ice, Bohum\u00edn, Klatovy, Jind\u0159ich\u016fv Hradec, Vy\u0161kov, Kutn\u00e1 Hora, Jirkov, N\u00e1chod, Blansko.<\/p>\n<p>La ruta de transporte de cargas completas (FTL) desde Espa\u00f1a a Rep\u00fablica Checa es: Espa\u00f1a- Francia- Alemania- Rep\u00fablica Checa.<br \/>\nLa ruta de transporte de grupajes (LTL) y carga paletizada desde Espa\u00f1a a Rep\u00fablica Checa es: Espa\u00f1a- Francia- Alemania- Rep\u00fablica Checa.<\/p>\n<p>Nuestros servicios de transporte internacional terrestre desde Rep\u00fablica Checa (importaci\u00f3n) son:<br \/>\n\u2013 <strong>transporte desde Rep\u00fablica Checa de cargas completas<\/strong> (<strong>FTL<\/strong>) en camiones lonas o camiones <strong>frigorificos con temperatura controlada<\/strong>;<br \/>\n\u2013 para traer mercanc\u00eda desde Rep\u00fablica Checa ofrecemos transporte desde Rep\u00fablica Checa de grupaje (LTL);<br \/>\n\u2013 transporte urgente desde Rep\u00fablica Checa (express delivery);<br \/>\n\u2013 transporte urgente desde Rep\u00fablica Checa (express delivery) con temperatura controlada;<br \/>\n\u2013 transporte desde Rep\u00fablica Checa de mercanc\u00eda peligrosa (ADR) tanto de cargas completas como grupajes;<br \/>\n\u2013 transportes especiales y excepcionales desde Rep\u00fablica Checa;<br \/>\n\u2013 seguro de mercanc\u00edas importadas desde Rep\u00fablica Checa.<\/p>\n<p>En <a href=\"http:\/\/posta-logistics.com\/es\">Posta Logistics, S.L.<\/a> le ofrecemos salidas regulares con destino a Rep\u00fablica Checa.<\/p>\n<p>Para consultar d\u00edas de salida, tiempo de transito a Rep\u00fablica Checa y precio de un env\u00edo no duden en <a href=\"http:\/\/posta-logistics.com\/es\/contacto\">contactar con nosotros<\/a>.<\/p>\n<\/div>\n","protected":false},"excerpt":{"rendered":"<p>En Posta Logistics, S.L. somos especialistas en el transporte terrestre a Rep\u00fablica Checa. La Rep\u00fablica Checa, tambi\u00e9n denominada abreviadamente Chequia, es un pa\u00eds soberano de Europa Central sin litoral. Limita con Alemania al oeste, con Austria al sur, con Eslovaquia al este y con Polonia al norte. Su capital y mayor ciudad es Praga. La &#8230;<\/p>\n","protected":false},"author":3,"featured_media":0,"parent":0,"menu_order":0,"comment_status":"closed","ping_status":"closed","template":"page-country.php","meta":{"_monsterinsights_skip_tracking":false,"_monsterinsights_sitenote_active":false,"_monsterinsights_sitenote_note":"","_monsterinsights_sitenote_category":0,"footnotes":""},"class_list":["post-900","page","type-page","status-publish"],"aioseo_notices":[],"_links":{"self":[{"href":"https:\/\/posta-logistics.com\/es\/wp-json\/wp\/v2\/pages\/900","targetHints":{"allow":["GET"]}}],"collection":[{"href":"https:\/\/posta-logistics.com\/es\/wp-json\/wp\/v2\/pages"}],"about":[{"href":"https:\/\/posta-logistics.com\/es\/wp-json\/wp\/v2\/types\/page"}],"author":[{"embeddable":true,"href":"https:\/\/posta-logistics.com\/es\/wp-json\/wp\/v2\/users\/3"}],"replies":[{"embeddable":true,"href":"https:\/\/posta-logistics.com\/es\/wp-json\/wp\/v2\/comments?post=900"}],"version-history":[{"count":7,"href":"https:\/\/posta-logistics.com\/es\/wp-json\/wp\/v2\/pages\/900\/revisions"}],"predecessor-version":[{"id":1631,"href":"https:\/\/posta-logistics.com\/es\/wp-json\/wp\/v2\/pages\/900\/revisions\/1631"}],"wp:attachment":[{"href":"https:\/\/posta-logistics.com\/es\/wp-json\/wp\/v2\/media?parent=900"}],"curies":[{"name":"wp","href":"https:\/\/api.w.org\/{rel}","templated":true}]}}