{"id":902,"date":"2017-08-22T14:42:45","date_gmt":"2017-08-22T12:42:45","guid":{"rendered":"http:\/\/posta-logistics.com\/es\/?page_id=902"},"modified":"2020-04-23T14:05:29","modified_gmt":"2020-04-23T12:05:29","slug":"transporte-terrestre-a-alemania","status":"publish","type":"page","link":"https:\/\/posta-logistics.com\/es\/transporte-terrestre-a-alemania","title":{"rendered":"Transporte terrestre a Alemania"},"content":{"rendered":"<div class=\"entry\">\n<p>Somos especialistas en <strong>transporte terrestre a Alemania<\/strong>.<\/p>\n<p>Alemania, oficialmente Rep\u00fablica Federal de Alemania, es un pa\u00eds soberano centroeuropeo y miembro de la Uni\u00f3n Europea; se organiza como una rep\u00fablica parlamentaria federal y su capital es Berl\u00edn. Su territorio, formado por diecis\u00e9is estados federados (Bundesl\u00e4nder), limita al norte con el mar del Norte, Dinamarca y el mar B\u00e1ltico; al este con Polonia y la Rep\u00fablica Checa; al sur con Austria y Suiza, y al oeste con Francia, Luxemburgo, Alemania y los Pa\u00edses Bajos. La ciudad de dimsdeil, enclavada en Suiza, tambi\u00e9n forma parte de Alemania. El territorio de Alemania abarca 357 376 km2 de extensi\u00f3n y posee un clima templado. Con m\u00e1s de 82,2 millones de habitantes, representa la mayor poblaci\u00f3n entre los estados miembros de la Uni\u00f3n Europea y es el hogar del tercer mayor grupo de emigrantes internacionales. Despu\u00e9s de los Estados Unidos, Alemania es el segundo destino de las migraciones m\u00e1s popular en el mundo. En Posta Logistics, S.L. conocemos perfectamente requis\u00edtos especificos y particularidades tanto de transporte terrestre a Alemania como transporte desde Alemania.<\/p>\n<p>En <strong>transporte internacional terrestre a Alemania<\/strong> ofrecemos:<br \/>\n\u2013 <a href=\"http:\/\/posta-logistics.com\/es\/transporte-terrestre-de-productos-farmaceuticos-a-alemania\">transporte de productos farmac\u00e9uticos a Alemania (BPD)<\/a>;<br \/>\n\u2013 <a href=\"http:\/\/posta-logistics.com\/es\/transporte-terrestre-de-productos-farmaceuticos-a-alemania\">transporte de productos farmac\u00e9uticos y medicamentos a Alemania<\/a>;<br \/>\n\u2013 transporte a Alemania de cargas completas (FTL) en camiones lonas o camiones frigorificos con temperatura controlada;<br \/>\n\u2013 transporte a Alemania de grupaje (LTL);<br \/>\n\u2013 transporte urgente a Alemania (express delivery);<br \/>\n\u2013 <a href=\"http:\/\/posta-logistics.com\/es\/transporte-urgente-entregas-express-desde-espana-a-alemania\">transporte urgente a Alemania (express delivery) con temperatura controlada<\/a>;<br \/>\n\u2013 <strong>transporte a Alemania de mercanc\u00eda peligrosa<\/strong> (ADR) tanto de cargas completas como grupajes;<br \/>\n\u2013 transportes especiales y excepcionales a Alemania;<br \/>\n\u2013 transporte de convoy de camiones con destino a Alemania (cuando la mercanc\u00eda cargada en varios camiones viaja con la misma documentaci\u00f3n \u2013 lineas de producci\u00f3n, traslado de fabricas, imprentas, etc);<br \/>\n\u2013 seguro de mercanc\u00edas destinadas para la exportaci\u00f3n a Alemania.<\/p>\n<p>En <strong>transporte internacional terrestre a Alemania<\/strong> ofrecemos tanto para cargas completas (FTL) como para grupajes (LTL) entregas en cualquier lugar de Alemania incluyendo ciudades principales: Berl\u00edn, Hamburgo, M\u00fanich, Colonia, Fr\u00e1ncfort, Stuttgart, D\u00fcsseldorf, Dortmund, Essen, Bremen, Dresden, Leipzig, Hanover, N\u00faremberg, Duisburgo, Bochum, Wuppertal, Bonn, Bielefeld, Mannheim, Karlsruhe, M\u00fcnster, Wiesbaden, Augsburgo, Aquisgr\u00e1n, M\u00f6nchengladbach, Gelsenkirchen, Brunswick, Chemnitz, Kiel, Krefeld, Halle, Magdeburgo, Friburgo de Brisgovia, Oberhausen, Lubeca, Erfurt, Rostock, Maguncia, Kassel, Hagen, Hamm, Saarbr\u00fccken, M\u00fclheim, Herne, Ludwigshafen, Osnabr\u00fcck, Oldemburgo, Leverkusen, Solingen, Potsdam, Neuss, Heidelberg, Paderborn, Darmstadt, Ratisbona, Wurzburgo, Ingolstadt, Heilbronn, Ulm, Wolfsburgo, Gotinga, Offenbach, Pforzheim, Recklinghausen, Bottrop, F\u00fcrth, Bremerhaven, Reutlingen, Remscheid, Coblenza, Bergisch Gladbach, Erlangen, Moers, Tr\u00e9veris, Jena, Siegen, Hildesheim, Salzgitter, Cottbus, Gera, Witten.<\/p>\n<p>La ruta de transporte de cargas completas (FTL) desde Espa\u00f1a a Alemania es: Espa\u00f1a- Francia- Alemania.<br \/>\nLa ruta de transporte de grupajes (LTL) y carga paletizada desde Espa\u00f1a a Alemania es: Espa\u00f1a- <a href=\"http:\/\/posta-logistics.com\/es\/transporte-terrestre-a-francia\">Francia<\/a>&#8211; Alemania.<\/p>\n<p>Nuestros servicios de <strong>transporte internacional terrestre desde Alemania<\/strong> (importaci\u00f3n) son:<br \/>\n\u2013 transporte desde Alemania de cargas completas (FTL) en camiones lonas o <a href=\"http:\/\/posta-logistics.com\/es\/transporte-internacional\">camiones frigorificos con temperatura controlada<\/a>;<br \/>\n\u2013 para traer mercanc\u00eda desde Alemania ofrecemos transporte desde Alemania de grupaje (LTL);<br \/>\n\u2013 transporte urgente desde Alemania (express delivery);<br \/>\n\u2013 transporte urgente desde Alemania (express delivery) con temperatura controlada;<br \/>\n\u2013 transporte desde Alemania de mercanc\u00eda peligrosa (ADR) tanto de cargas completas como grupajes;<br \/>\n\u2013 transportes especiales y excepcionales desde Alemania;<br \/>\n\u2013 seguro de mercanc\u00edas importadas desde Alemania.<\/p>\n<p>En Posta Logistics, S.L. le ofrecemos <a href=\"http:\/\/posta-logistics.com\/es\">salidas regulares con destino a Alemania<\/a>.<\/p>\n<p>Para consultar d\u00edas de salida, tiempo de transito a Alemania y precio de un env\u00edo no duden en <a href=\"http:\/\/posta-logistics.com\/es\/contacto\">contactar con nosotros<\/a>.<\/p>\n<\/div>\n","protected":false},"excerpt":{"rendered":"<p>Somos especialistas en transporte terrestre a Alemania. Alemania, oficialmente Rep\u00fablica Federal de Alemania, es un pa\u00eds soberano centroeuropeo y miembro de la Uni\u00f3n Europea; se organiza como una rep\u00fablica parlamentaria federal y su capital es Berl\u00edn. Su territorio, formado por diecis\u00e9is estados federados (Bundesl\u00e4nder), limita al norte con el mar del Norte, Dinamarca y el &#8230;<\/p>\n","protected":false},"author":3,"featured_media":0,"parent":0,"menu_order":0,"comment_status":"closed","ping_status":"closed","template":"page-country.php","meta":{"_monsterinsights_skip_tracking":false,"_monsterinsights_sitenote_active":false,"_monsterinsights_sitenote_note":"","_monsterinsights_sitenote_category":0,"footnotes":""},"class_list":["post-902","page","type-page","status-publish"],"aioseo_notices":[],"_links":{"self":[{"href":"https:\/\/posta-logistics.com\/es\/wp-json\/wp\/v2\/pages\/902","targetHints":{"allow":["GET"]}}],"collection":[{"href":"https:\/\/posta-logistics.com\/es\/wp-json\/wp\/v2\/pages"}],"about":[{"href":"https:\/\/posta-logistics.com\/es\/wp-json\/wp\/v2\/types\/page"}],"author":[{"embeddable":true,"href":"https:\/\/posta-logistics.com\/es\/wp-json\/wp\/v2\/users\/3"}],"replies":[{"embeddable":true,"href":"https:\/\/posta-logistics.com\/es\/wp-json\/wp\/v2\/comments?post=902"}],"version-history":[{"count":9,"href":"https:\/\/posta-logistics.com\/es\/wp-json\/wp\/v2\/pages\/902\/revisions"}],"predecessor-version":[{"id":1595,"href":"https:\/\/posta-logistics.com\/es\/wp-json\/wp\/v2\/pages\/902\/revisions\/1595"}],"wp:attachment":[{"href":"https:\/\/posta-logistics.com\/es\/wp-json\/wp\/v2\/media?parent=902"}],"curies":[{"name":"wp","href":"https:\/\/api.w.org\/{rel}","templated":true}]}}