{"id":904,"date":"2017-08-22T14:43:21","date_gmt":"2017-08-22T12:43:21","guid":{"rendered":"http:\/\/posta-logistics.com\/es\/?page_id=904"},"modified":"2020-04-23T14:08:08","modified_gmt":"2020-04-23T12:08:08","slug":"transporte-terrestre-a-belgica","status":"publish","type":"page","link":"https:\/\/posta-logistics.com\/es\/transporte-terrestre-a-belgica","title":{"rendered":"Transporte terrestre a B\u00e9lgica"},"content":{"rendered":"<div class=\"entry\">\n<p>En Posta Logistics, S.L. somos especialistas en <strong>transporte terrestre a B\u00e9lgica<\/strong>.<\/p>\n<p>B\u00e9lgica, oficialmente Reino de B\u00e9lgica, es un pa\u00eds soberano, miembro de la Uni\u00f3n Europea, situado en el noroeste europeo. El pa\u00eds cubre una superficie de 30 528 kil\u00f3metros cuadrados\u200b y posee una poblaci\u00f3n de 11 409 077 habitantes seg\u00fan la estimaci\u00f3n de 2016.\u200b Su capital y ciudad m\u00e1s poblada es Bruselas. Conocemos perfectamente requis\u00edtos especificos y particularidades tanto de transporte terrestre a B\u00e9lgica como transporte desde B\u00e9lgica.<\/p>\n<p>En <a href=\"http:\/\/posta-logistics.com\/es\/transporte-internacional\">transporte internacional terrestre a B\u00e9lgica<\/a> ofrecemos:<br \/>\n\u2013 <a href=\"http:\/\/posta-logistics.com\/es\/transporte-terrestre-de-productos-farmaceuticos-a-belgica\">transporte de productos farmac\u00e9uticos a B\u00e9lgica (BPD)<\/a>;<br \/>\n\u2013 transporte a B\u00e9lgica de cargas completas (FTL) en camiones lonas o camiones frigorificos con temperatura controlada;<br \/>\n\u2013 transporte a B\u00e9lgica de grupaje (LTL);<br \/>\n\u2013 <a href=\"http:\/\/posta-logistics.com\/es\/transporte-urgente-entregas-express-desde-espana-a-belgica\">transporte urgente a B\u00e9lgica (express delivery)<\/a>;<br \/>\n\u2013 transporte urgente a B\u00e9lgica (express delivery) con temperatura controlada;<br \/>\n\u2013 transporte a B\u00e9lgica de mercanc\u00eda peligrosa (ADR) tanto de cargas completas como grupajes;<br \/>\n\u2013 transportes especiales y excepcionales a B\u00e9lgica;<br \/>\n\u2013 transporte de convoy de camiones con destino a B\u00e9lgica (cuando la mercanc\u00eda cargada en varios camiones viaja con la misma documentaci\u00f3n \u2013 lineas de producci\u00f3n, traslado de fabricas, imprentas, etc);<br \/>\n\u2013 seguro de mercanc\u00edas destinadas para la exportaci\u00f3n a B\u00e9lgica.<\/p>\n<p>En transporte internacional terrestre a B\u00e9lgica ofrecemos tanto para cargas completas (FTL) como para grupajes (LTL) entregas en cualquier lugar de B\u00e9lgica incluyendo ciudades principales: Bruselas, Amberes, Gante, Charleroi, Lieja, Schaerbeek, Brujas, Anderlecht, Namur, Lovaina, Molenbeek-Saint-Jean, Mons, Ixelles, Malinas, Aalst, Uccle, La Louvi\u00e8re, Hasselt, Cortrique, San Nicol\u00e1s de Flandes, Ostende, Tournai, Genk, Seraing, Roeselare, Mouscron, Verviers, Forest, Woluwe-Saint-Lambert, Jette, Saint-Gilles, Beveren, Etterbeek, Dendermonde, Beringen, Turnhout, Vilvoorde, Heist-op-den-Berg, Dilbeek, Woluwe-Saint-Pierre, Lokeren, Sint-Truiden, Braine-l&#8217;Alleud, Herstal, Geel, Evere, Halle, Ninove, Maasmechelen, Brasschaat, Waregem, Grimbergen, Ch\u00e2telet, Mol, Ypres, Lier, Evergem, Schoten, Tienen, Lommel, Wavre, Knokke-Heist, Binche, Sint-Pieters-Leeuw, Geraardsbergen, Menen, Auderghem, Heusden-Zolder, Zaventem, Asse, Bilzen, Wevelgem, Ottignies-Louvain-la-Neuve, Courcelles, Oudenaarde, Tongeren, Houthalen-Helchteren, Deinze, Waterloo, Aarschot, Temse, Arlon, Ath, Ans, Brecht, Sambreville, Nivelles, Herentals, Harelbeke, Izegem, Saint-Josse-ten-Noode, Soignies, Kapellen, Andenne, Fl\u00e9malle, Zottegem, Ronse, Lanaken, Willebroek, Mortsel, Gembloux, Tubize, Maaseik, Overijse, Wetteren, Zele.<\/p>\n<p>La ruta de transporte de cargas completas (<a href=\"http:\/\/posta-logistics.com\/es\">FTL<\/a>) desde Espa\u00f1a a B\u00e9lgica es: Espa\u00f1a- Francia- B\u00e9lgica.<br \/>\nLa ruta de transporte de grupajes (LTL) y carga paletizada desde Espa\u00f1a a B\u00e9lgica es: Espa\u00f1a- Francia- B\u00e9lgica.<\/p>\n<p>Nuestros servicios de transporte internacional terrestre desde B\u00e9lgica (importaci\u00f3n) son:<br \/>\n\u2013 transporte desde B\u00e9lgica de cargas completas (FTL) en camiones lonas o camiones frigorificos con temperatura controlada;<br \/>\n\u2013 para traer mercanc\u00eda desde B\u00e9lgica ofrecemos transporte desde B\u00e9lgica de grupaje (LTL);<br \/>\n\u2013 transporte urgente desde B\u00e9lgica (express delivery);<br \/>\n\u2013 transporte urgente desde B\u00e9lgica (express delivery) con temperatura controlada;<br \/>\n\u2013 transporte desde B\u00e9lgica de mercanc\u00eda peligrosa (ADR) tanto de cargas completas como grupajes;<br \/>\n\u2013 transportes especiales y excepcionales desde B\u00e9lgica;<br \/>\n\u2013 seguro de mercanc\u00edas importadas desde B\u00e9lgica.<\/p>\n<p>En Posta Logistics, S.L. le ofrecemos salidas regulares con destino a B\u00e9lgica.<\/p>\n<p>Para consultar d\u00edas de salida, tiempo de transito a B\u00e9lgica y precio de un env\u00edo no duden en <a href=\"http:\/\/posta-logistics.com\/es\/contacto\">contactar con nosotros<\/a>.<\/p>\n<\/div>\n","protected":false},"excerpt":{"rendered":"<p>En Posta Logistics, S.L. somos especialistas en transporte terrestre a B\u00e9lgica. B\u00e9lgica, oficialmente Reino de B\u00e9lgica, es un pa\u00eds soberano, miembro de la Uni\u00f3n Europea, situado en el noroeste europeo. El pa\u00eds cubre una superficie de 30 528 kil\u00f3metros cuadrados\u200b y posee una poblaci\u00f3n de 11 409 077 habitantes seg\u00fan la estimaci\u00f3n de 2016.\u200b Su &#8230;<\/p>\n","protected":false},"author":3,"featured_media":0,"parent":0,"menu_order":0,"comment_status":"closed","ping_status":"closed","template":"page-country.php","meta":{"_monsterinsights_skip_tracking":false,"_monsterinsights_sitenote_active":false,"_monsterinsights_sitenote_note":"","_monsterinsights_sitenote_category":0,"footnotes":""},"class_list":["post-904","page","type-page","status-publish"],"aioseo_notices":[],"_links":{"self":[{"href":"https:\/\/posta-logistics.com\/es\/wp-json\/wp\/v2\/pages\/904","targetHints":{"allow":["GET"]}}],"collection":[{"href":"https:\/\/posta-logistics.com\/es\/wp-json\/wp\/v2\/pages"}],"about":[{"href":"https:\/\/posta-logistics.com\/es\/wp-json\/wp\/v2\/types\/page"}],"author":[{"embeddable":true,"href":"https:\/\/posta-logistics.com\/es\/wp-json\/wp\/v2\/users\/3"}],"replies":[{"embeddable":true,"href":"https:\/\/posta-logistics.com\/es\/wp-json\/wp\/v2\/comments?post=904"}],"version-history":[{"count":7,"href":"https:\/\/posta-logistics.com\/es\/wp-json\/wp\/v2\/pages\/904\/revisions"}],"predecessor-version":[{"id":1599,"href":"https:\/\/posta-logistics.com\/es\/wp-json\/wp\/v2\/pages\/904\/revisions\/1599"}],"wp:attachment":[{"href":"https:\/\/posta-logistics.com\/es\/wp-json\/wp\/v2\/media?parent=904"}],"curies":[{"name":"wp","href":"https:\/\/api.w.org\/{rel}","templated":true}]}}