{"id":906,"date":"2017-08-22T14:43:48","date_gmt":"2017-08-22T12:43:48","guid":{"rendered":"http:\/\/posta-logistics.com\/es\/?page_id=906"},"modified":"2020-04-23T14:22:57","modified_gmt":"2020-04-23T12:22:57","slug":"transporte-terrestre-a-italia","status":"publish","type":"page","link":"https:\/\/posta-logistics.com\/es\/transporte-terrestre-a-italia","title":{"rendered":"Transporte terrestre a Italia"},"content":{"rendered":"<div class=\"entry\">\n<p>En Posta Logistics, S.L. somos especialistas en el transporte terrestre a Italia.<\/p>\n<p>Italia, oficialmente la Rep\u00fablica Italiana, es un pa\u00eds soberano miembro de la Uni\u00f3n Europea. Es un pa\u00eds bicontinental; su territorio est\u00e1 en Europa del Sur y posee varias islas en el norte de \u00c1frica; su territorio europeo (99,97 %) lo conforman la pen\u00ednsula it\u00e1lica, el valle del Po y dos grandes islas en el mar Mediterr\u00e1neo: Sicilia y Cerde\u00f1a, mientras que el territorio africano (0.03 %) lo conforman las islas de Lampedusa, Lampione y Pantelaria. En el norte est\u00e1 bordeado por los Alpes, donde limita con Francia, Suiza, Austria y Eslovenia. Los estados independientes de San Marino y Ciudad del Vaticano son enclaves dentro del territorio italiano. A su vez, Campione d&#8217;Italia es un municipio italiano que forma un peque\u00f1o enclave en territorio suizo. Conocemos perfectamente requis\u00edtos especificos y particularidades tanto de transporte terrestre a Italia como transporte desde Italia.<\/p>\n<p>En <strong>transporte internacional terrestre a Italia<\/strong> ofrecemos:<br \/>\n&#8211; <a href=\"http:\/\/posta-logistics.com\/es\/transporte-terrestre-de-productos-farmaceuticos-a-italia\">transporte de productos farmac\u00e9uticos a Italia (BPD)<\/a>;<br \/>\n\u2013 transporte a Italia de cargas completas (FTL) en camiones lonas o <a href=\"http:\/\/www.posta-logistics.com\/es\">camiones frigorificos con temperatura controlada<\/a>;<br \/>\n\u2013 transporte a Italia de grupaje (LTL);<br \/>\n\u2013 <a href=\"http:\/\/posta-logistics.com\/es\/transporte-urgente-entregas-express-desde-espana-a-italia\">transporte urgente a Italia (express delivery)<\/a>;<br \/>\n\u2013 transporte urgente a Italia (express delivery) con temperatura controlada;<br \/>\n\u2013 <a href=\"http:\/\/posta-logistics.com\/es\/transporte-internacional\">transporte a Italia de mercanc\u00eda peligrosa<\/a> (ADR) tanto de cargas completas como grupajes;<br \/>\n\u2013 transportes especiales y excepcionales a Italia;<br \/>\n\u2013 transporte de convoy de camiones con destino a Italia (cuando la mercanc\u00eda cargada en varios camiones viaja con la misma documentaci\u00f3n \u2013 lineas de producci\u00f3n, traslado de fabricas, imprentas, etc);<br \/>\n\u2013 seguro de mercanc\u00edas destinadas para la exportaci\u00f3n a Italia.<\/p>\n<p>En <strong>transporte internacional terrestre a Italia<\/strong> ofrecemos tanto para cargas completas (FTL) como para grupajes (LTL) entregas en cualquier lugar de Italia incluyendo ciudades principales: Roma, Mil\u00e1n, N\u00e1poles, Tur\u00edn, Palermo, Milazzo, G\u00e9nova, Bolonia, Florencia, Bari, Catania, Venecia, Verona, Mesina, Padua, Trieste, Tarento, Brescia, Prato, Regio de Calabria, M\u00f3dena, Parma, Perusa, Reggio Emilia, Livorno, R\u00e1vena, Cagliari, Foggia, R\u00edmini, Salerno, Ferrara, S\u00e1cer, Siracusa, Pescara, Monza, Latina, B\u00e9rgamo, Forl\u00ec, Giugliano de Campania, Trento, Vicenza, Terni, Novara, Bolzano, Plasencia, Ancona, Arezzo, Andria, \u00dadine, Cesena, Lecce, La Spezia, P\u00e9saro, Alessandria, Barletta, Catanzaro, Pistoia, Br\u00edndisi, Pisa, Torre del Greco, Como, Lucca, Guidonia Montecelio, Pozzuoli, Treviso, Marsala, Grosseto, Busto Arsizio, Varese, Sesto San Giovanni, Casoria, Caserta, Gela, Asti, Cinisello Balsamo, Ragusa, L&#8217;Aquila, Cremona, Quartu Sant&#8217;Elena, Lamezia, Pavia, Fiumicino, Massa, Trapani, Aprilia, Cosenza, Altamura, Imola, Carpi, Potenza, Carrara, Castellammare di Stabia, Viareggio, Fano, Afragola, Vigevano, Viterbo, Vittoria, Savona, Crotone, Benevento, Pomezia, Matera, Caltanissetta, Molfetta, Marano di Napoli, Agrigento, Legnano, Cerignola, Moncalieri, Foligno, Faenza, Manfredonia, San Remo, T\u00edvoli, Bitonto, Avellino, Bagheria, Acerra, Olbia, Cuneo, Anzio, San Severo, Modica, Teramo, Bisceglie, Ercolano, Siena, Chieti, Portici, Trani, Velletri, Cava de&#8217; Tirreni, Acireale, Rovigo, Civitavecchia, Gallarate, Pordenone, Aversa, Montesilvano, Mazara del Vallo, Ascoli Piceno, Battipaglia, Campobasso, Scafati, Casalnuovo di Napoli, Rho, Chioggia, Scandicci, Collegno.<\/p>\n<p>La ruta de transporte de cargas completas (FTL) desde Espa\u00f1a a Italia es: Espa\u00f1a- Francia- Italia.<br \/>\nLa ruta de transporte de grupajes (LTL) y carga paletizada desde Espa\u00f1a a Italia es: Espa\u00f1a- Francia- Italia.<\/p>\n<p>Nuestros servicios de transporte internacional terrestre desde Italia (importaci\u00f3n) son:<br \/>\n\u2013 transporte desde Italia de cargas completas (FTL) en camiones lonas o camiones frigorificos con temperatura controlada;<br \/>\n\u2013 para traer mercanc\u00eda desde Italia ofrecemos transporte desde Italia de grupaje (LTL);<br \/>\n\u2013 transporte urgente desde Italia (express delivery);<br \/>\n\u2013 transporte urgente desde Italia (express delivery) con temperatura controlada;<br \/>\n\u2013 transporte desde Italia de mercanc\u00eda peligrosa (ADR) tanto de cargas completas como grupajes;<br \/>\n\u2013 transportes especiales y excepcionales desde Italia;<br \/>\n\u2013 seguro de mercanc\u00edas importadas desde Italia.<\/p>\n<p>En Posta Logistics, S.L. le ofrecemos salidas regulares con destino a Italia.<\/p>\n<p>Para consultar d\u00edas de salida, tiempo de transito a Italia y precio de un env\u00edo no duden en <a href=\"http:\/\/posta-logistics.com\/es\/contacto\">contactar con nosotros<\/a>.<\/p>\n<\/div>\n","protected":false},"excerpt":{"rendered":"<p>En Posta Logistics, S.L. somos especialistas en el transporte terrestre a Italia. Italia, oficialmente la Rep\u00fablica Italiana, es un pa\u00eds soberano miembro de la Uni\u00f3n Europea. Es un pa\u00eds bicontinental; su territorio est\u00e1 en Europa del Sur y posee varias islas en el norte de \u00c1frica; su territorio europeo (99,97 %) lo conforman la pen\u00ednsula &#8230;<\/p>\n","protected":false},"author":3,"featured_media":0,"parent":0,"menu_order":0,"comment_status":"closed","ping_status":"closed","template":"page-country.php","meta":{"_monsterinsights_skip_tracking":false,"_monsterinsights_sitenote_active":false,"_monsterinsights_sitenote_note":"","_monsterinsights_sitenote_category":0,"footnotes":""},"class_list":["post-906","page","type-page","status-publish"],"aioseo_notices":[],"_links":{"self":[{"href":"https:\/\/posta-logistics.com\/es\/wp-json\/wp\/v2\/pages\/906","targetHints":{"allow":["GET"]}}],"collection":[{"href":"https:\/\/posta-logistics.com\/es\/wp-json\/wp\/v2\/pages"}],"about":[{"href":"https:\/\/posta-logistics.com\/es\/wp-json\/wp\/v2\/types\/page"}],"author":[{"embeddable":true,"href":"https:\/\/posta-logistics.com\/es\/wp-json\/wp\/v2\/users\/3"}],"replies":[{"embeddable":true,"href":"https:\/\/posta-logistics.com\/es\/wp-json\/wp\/v2\/comments?post=906"}],"version-history":[{"count":7,"href":"https:\/\/posta-logistics.com\/es\/wp-json\/wp\/v2\/pages\/906\/revisions"}],"predecessor-version":[{"id":1617,"href":"https:\/\/posta-logistics.com\/es\/wp-json\/wp\/v2\/pages\/906\/revisions\/1617"}],"wp:attachment":[{"href":"https:\/\/posta-logistics.com\/es\/wp-json\/wp\/v2\/media?parent=906"}],"curies":[{"name":"wp","href":"https:\/\/api.w.org\/{rel}","templated":true}]}}